{"id":5326,"date":"2025-05-30T09:57:01","date_gmt":"2025-05-30T13:57:01","guid":{"rendered":"https:\/\/www.connectwithus.ca\/page-be-back-soon\/"},"modified":"2026-02-11T08:38:26","modified_gmt":"2026-02-11T13:38:26","slug":"page-be-back-soon","status":"publish","type":"page","link":"https:\/\/www.connectwithus.ca\/fr\/page-be-back-soon\/","title":{"rendered":"Page \u00ab\u00a0Be Back Soon"},"content":{"rendered":"<div class=\"et_pb_section_0 et_pb_section et_section_regular et_block_section preset--group--divi-section--divi-spacing--default\"><\/div><div class=\"et_pb_section_1 et_pb_section et_section_regular et_block_section preset--group--divi-section--divi-spacing--default\"><div class=\"et_pb_row_0 et_pb_row et_pb_equal_columns et_block_row preset--group--divi-row--divi-spacing--default\"><div class=\"et_pb_column_0 et_pb_column et_pb_column_2_5 et_block_column et_pb_css_mix_blend_mode_passthrough preset--group--divi-column--divi-spacing--default\"><div class=\"et_pb_text_0 et_pb_text et_pb_bg_layout_light et_pb_module et_block_module preset--group--divi-text--divi-spacing--default preset--group--divi-text--divi-font-body--default preset--module--divi-text--default\"><div class=\"et_pb_text_inner\"><h1>Revenez bient\u00f4t<\/h1>\n<\/div><\/div><div class=\"et_pb_divider_0 et_pb_divider et_pb_space et_pb_divider_position_center et_pb_module preset--group--divi-divider--divi-spacing--default\"><div class=\"et_pb_divider_internal\"><\/div><\/div><\/div><div class=\"et_pb_column_1 et_pb_column et_pb_column_3_5 et-last-child et_block_column et_pb_css_mix_blend_mode_passthrough preset--group--divi-column--divi-spacing--default\"><div class=\"et_pb_text_1 et_pb_text et_pb_bg_layout_light et_pb_module et_block_module preset--group--divi-text--divi-spacing--default preset--group--divi-text--divi-font-body--default preset--module--divi-text--default\"><div class=\"et_pb_text_inner\" data-et-mv-hidden-tablet=\"true\" data-et-mv-hidden-phone=\"true\"><p style=\"text-align: left;\">Offrir aux parents et aux soignants le temps et le soutien dont ils ont besoin pour prendre soin de leur famille et d'eux-m\u00eames.<\/p>\n<\/div><\/div><\/div><\/div><\/div><div class=\"et_pb_section_2 et_pb_section et_section_regular et_block_section preset--group--divi-section--divi-spacing--default\"><div class=\"et_pb_row_1 et_pb_row et_block_row preset--group--divi-row--divi-spacing--default\"><div class=\"et_pb_column_2 et_pb_column et_pb_column_4_4 et-last-child et_block_column et_pb_css_mix_blend_mode_passthrough preset--group--divi-column--divi-spacing--default\"><div class=\"et_pb_text_2 et_pb_text et_pb_bg_layout_light et_pb_module et_block_module preset--group--divi-text--divi-spacing--default preset--group--divi-text--divi-font-body--default preset--module--divi-text--default\"><div class=\"et_pb_text_inner\"><h2>Be Back Soon propose des services de garde d'enfants flexibles, de courte dur\u00e9e et non agr\u00e9\u00e9s pour les jeunes enfants, sans frais.<\/h2>\n<p>Ce service vital permet aux parents ou aux prestataires de soins remplissant les conditions requises de s'occuper de leurs enfants pendant de courtes p\u00e9riodes afin qu'ils puissent se rendre \u00e0 des rendez-vous et acc\u00e9der \u00e0 d'autres services. Be Back Soon supprime les obstacles auxquels se heurtent les parents et les personnes qui s'occupent d'eux afin de les aider \u00e0 construire des environnements familiaux solides et stables.<\/p>\n<\/div><\/div><\/div><\/div><\/div><div class=\"et_pb_section_3 et_pb_section et_section_specialty et_pb_gutters3 et_block_section preset--group--divi-section--divi-spacing--default\"><div class=\"et_pb_row et_block_row\"><div class=\"et_pb_column_3 et_pb_column et_pb_specialty_column et_pb_column_1_2 et_block_column et_pb_css_mix_blend_mode_passthrough preset--group--divi-column--divi-spacing--default\"><div class=\"et_pb_row_inner_0 et_pb_row_inner et_block_row preset--group--divi-row-inner--divi-spacing--default\"><div class=\"et_pb_column_inner_0 et_pb_column_inner et_pb_column et_pb_column_4_4 et-last-child et_block_column et_pb_column_empty et_pb_css_mix_blend_mode_passthrough preset--group--divi-column-inner--divi-spacing--default\"><\/div><\/div><div class=\"et_pb_row_inner_1 et_pb_row_inner et_block_row preset--group--divi-row-inner--divi-spacing--default\"><div class=\"et_pb_column_inner_1 et_pb_column_inner et_pb_column et_pb_column_4_4 et-last-child et_block_column et_pb_css_mix_blend_mode_passthrough preset--group--divi-column-inner--divi-spacing--default\"><div class=\"et_pb_text_3 et_pb_text et_pb_bg_layout_light et_pb_module et_block_module preset--module--divi-text--38535440-d171-4be7-87ab-00c9f2816698\"><div class=\"et_pb_text_inner\"><p>Be Back Soon comble une lacune dans les services de garde d'enfants. Connections g\u00e8re ce service depuis 19 ans, au service des nouveaux arrivants, des parents victimes de violence conjugale, des parents confront\u00e9s \u00e0 des changements difficiles dans leur situation ou leur emploi, ou des parents cherchant \u00e0 acc\u00e9der \u00e0 d'autres services qui cr\u00e9eront des conditions stables pour leur famille. <\/p>\n<p>Que vous ayez besoin de vous rendre \u00e0 un entretien d'embauche, d'acc\u00e9der \u00e0 des services juridiques ou sociaux, d'assister \u00e0 des rendez-vous de conseil, de vous rendre \u00e0 un rendez-vous m\u00e9dical ou de suivre une formation, <strong>Be Back Soon fournit gratuitement les services de garde d'enfants flexibles et de courte dur\u00e9e dont vous avez besoin, afin que vous ayez un souci de moins \u00e0 vous faire.<\/strong><\/p>\n<\/div><\/div><div class=\"et_pb_text_4 et_pb_text et_pb_bg_layout_light et_pb_module et_block_module preset--module--divi-text--38535440-d171-4be7-87ab-00c9f2816698\"><div class=\"et_pb_text_inner\"><p>De nombreuses histoires de r\u00e9ussite ont vu le jour : des parents ont trouv\u00e9 un emploi, ont recouvr\u00e9 la sant\u00e9 ou ont pu offrir un environnement stable \u00e0 leurs enfants dans des p\u00e9riodes de transition, tout cela parce qu'ils ont pu compter sur nos soins.<\/p>\n<\/div><\/div><div class=\"et_pb_text_5 et_pb_text et_pb_bg_layout_light et_pb_module et_block_module preset--group--divi-text--divi-spacing--default preset--group--divi-text--divi-font-body--default preset--module--divi-text--default\"><div class=\"et_pb_text_inner\"><h2>L'impact du programme Be Back Soon sur les familles<span style=\"font-size:60px;\">:<\/span><\/h2>\n<\/div><\/div><\/div><\/div><div class=\"et_pb_row_inner_2 et_pb_row_inner et_pb_equal_columns et_pb_gutters1 et_block_row preset--group--divi-row-inner--divi-spacing--default\"><div class=\"et_pb_column_inner_2 et_pb_column_inner et_pb_column et_pb_column_1_4 et_block_column et_pb_css_mix_blend_mode_passthrough preset--group--divi-column-inner--divi-spacing--default\"><div class=\"et_pb_video_0 et_pb_video et_pb_module et_block_module preset--group--divi-video--divi-spacing--default\"><div class=\"et_pb_video_box\"><iframe title=\"Connections Early Years Family Centre\" width=\"1080\" height=\"608\" src=\"https:\/\/www.youtube.com\/embed\/NlpeUQZBE10?feature=oembed\"  allow=\"accelerometer; autoplay; clipboard-write; encrypted-media; gyroscope; picture-in-picture; web-share\" referrerpolicy=\"strict-origin-when-cross-origin\" allowfullscreen><\/iframe><\/div><\/div><div class=\"et_pb_text_6 et_pb_text et_pb_bg_layout_light et_pb_module et_block_module preset--group--divi-text--divi-spacing--default preset--group--divi-text--divi-font-body--default preset--module--divi-text--default\"><div class=\"et_pb_text_inner\"><p style=\"text-align: center;\"><span style=\"color: #000000;\"><strong>D\u00e9couvrez la diff\u00e9rence que Be Back Soon a pu faire pour ces parents...<\/strong><\/span><\/p>\n<p><span style=\"color: #ffffff;\"><strong><\/strong><\/span><\/p>\n<\/div><\/div><\/div><div class=\"et_pb_column_inner_3 et_pb_column_inner et_pb_column et_pb_column_1_4 et-last-child et_block_column et_pb_column_empty et_pb_css_mix_blend_mode_passthrough preset--group--divi-column-inner--divi-spacing--default\"><\/div><\/div><\/div><div class=\"et_pb_column_4 et_pb_column et_pb_column_single et_pb_column_1_2 et-last-child et_block_column et_pb_css_mix_blend_mode_passthrough preset--group--divi-column--divi-spacing--default\"><div class=\"et_pb_text_7 et_pb_text et_pb_bg_layout_light et_pb_module et_block_module preset--group--divi-text--divi-spacing--default preset--group--divi-text--divi-font-body--default preset--module--divi-text--default\"><div class=\"et_pb_text_inner\"><p><span style=\"color: #44bcdf; font-size: 150px; font-family: '';\">  \"<\/span><\/p>\n<\/div><\/div><div class=\"et_pb_text_8 et_pb_text et_pb_bg_layout_light et_pb_module et_block_module preset--group--divi-text--divi-spacing--default preset--group--divi-text--divi-font-body--default preset--module--divi-text--default\"><div class=\"et_pb_text_inner\"><p>Be Back Soon est ma seule option pour la garde d'enfants. Elle m'a \u00e9norm\u00e9ment aid\u00e9e \u00e0 accompagner mes enfants dans les changements importants de leur vie. <\/p>\n<p>Le personnel est toujours tr\u00e8s aimable, attentif, serviable et heureux de nous voir.<\/p>\n<\/div><\/div><\/div><\/div><\/div><div class=\"et_pb_section_4 et_pb_section et_section_regular et_block_section preset--group--divi-section--divi-spacing--default\"><div class=\"et_pb_row_2 et_pb_row et_block_row preset--group--divi-row--divi-spacing--default\"><div class=\"et_pb_column_5 et_pb_column et_pb_column_4_4 et-last-child et_block_column et_pb_css_mix_blend_mode_passthrough preset--group--divi-column--divi-spacing--default\"><div class=\"et_pb_text_9 et_pb_text et_pb_bg_layout_light et_pb_module et_block_module preset--group--divi-text--divi-spacing--default preset--group--divi-text--divi-font-body--default preset--module--divi-text--default\"><div class=\"et_pb_text_inner\"><h2>Financ\u00e9 par :<\/h2>\n<\/div><\/div><\/div><\/div><div class=\"et_pb_row_3 et_pb_row et_block_row preset--group--divi-row--divi-spacing--default\"><div class=\"et_pb_column_6 et_pb_column et_pb_column_2_3 et_block_column et_pb_css_mix_blend_mode_passthrough preset--group--divi-column--divi-spacing--default\"><div class=\"et_pb_text_10 et_pb_text et_pb_bg_layout_light et_pb_module et_block_module preset--module--divi-text--38535440-d171-4be7-87ab-00c9f2816698\"><div class=\"et_pb_text_inner\"><p><i>Chaque jour, nous <\/i><i>nous <\/i><i>la diff\u00e9rence <\/i><i>Revenez bient\u00f4t<\/i><i>  pour les familles qui y ont recours. En 2024, le conseil d'administration s'est engag\u00e9 \u00e0 continuer \u00e0 offrir ce service sans financement d\u00e9di\u00e9 et permanent. Nous acceptons tous les dons qui nous aideront \u00e0 continuer \u00e0 fournir un soutien significatif aux familles qui en ont besoin.  <\/i><\/p>\n<\/div><\/div><\/div><div class=\"et_pb_column_7 et_pb_column et_pb_column_1_3 et-last-child et_block_column et_pb_css_mix_blend_mode_passthrough preset--group--divi-column--divi-spacing--default\"><div class=\"et_pb_module et_pb_button_module_wrapper et_pb_button_0_wrapper preset--group--divi-button--divi-spacing--default_wrapper preset--module--divi-button--default_wrapper\"><a class=\"et_pb_button_0 et_pb_button et_pb_bg_layout_light et_pb_module et_block_module preset--group--divi-button--divi-spacing--default preset--module--divi-button--default\" href=\"\" data-icon=\"5\">Cliquez ici<\/a><\/div><\/div><\/div><\/div><div class=\"et_pb_section_5 et_pb_section et_pb_fullwidth_section et_section_regular et_block_section preset--group--divi-section--divi-spacing--default\"><div class=\"et_pb_fullwidth_image_0 et_pb_fullwidth_image et_pb_module preset--group--divi-fullwidth-image--divi-spacing--default\"><img decoding=\"async\" data-src=\"https:\/\/www.connectwithus.ca\/wp-content\/uploads\/2025\/05\/using-bbs-2.png\" width=\"4275\" height=\"1257\" data-srcset=\"https:\/\/www.connectwithus.ca\/wp-content\/uploads\/2025\/05\/using-bbs-2.png 4275w, https:\/\/www.connectwithus.ca\/wp-content\/uploads\/2025\/05\/using-bbs-2-1280x376.png 1280w, https:\/\/www.connectwithus.ca\/wp-content\/uploads\/2025\/05\/using-bbs-2-980x288.png 980w, https:\/\/www.connectwithus.ca\/wp-content\/uploads\/2025\/05\/using-bbs-2-480x141.png 480w\" data-sizes=\"(min-width: 0px) and (max-width: 480px) 480px, (min-width: 481px) and (max-width: 980px) 980px, (min-width: 981px) and (max-width: 1280px) 1280px, (min-width: 1281px) 4275px, 100vw\" class=\"wp-image-5313 lazyload\" title=\"utiliser le bbs\" src=\"data:image\/svg+xml;base64,PHN2ZyB3aWR0aD0iMSIgaGVpZ2h0PSIxIiB4bWxucz0iaHR0cDovL3d3dy53My5vcmcvMjAwMC9zdmciPjwvc3ZnPg==\" style=\"--smush-placeholder-width: 4275px; --smush-placeholder-aspect-ratio: 4275\/1257;\" \/><\/div><\/div><div class=\"et_pb_section_6 et_pb_section et_section_regular et_block_section preset--group--divi-section--divi-spacing--default\"><div class=\"et_pb_row_4 et_pb_row et_block_row preset--group--divi-row--divi-spacing--default\"><div class=\"et_pb_column_8 et_pb_column et_pb_column_4_4 et-last-child et_block_column et_pb_css_mix_blend_mode_passthrough preset--group--divi-column--divi-spacing--default\"><div class=\"et_pb_accordion_0 et_pb_accordion et_pb_module et_block_module preset--group--divi-accordion--divi-spacing--default preset--group--divi-accordion--divi-font-body--default preset--module--divi-accordion--default\"><div class=\"et_pb_accordion_item_0 et_pb_accordion_item et_pb_toggle et_pb_module et_pb_toggle_open et_block_module preset--module--divi-accordion-item--8fa4a125-0e30-4657-a4b4-50d37052c7bc\"><h5 class=\"et_pb_toggle_title\">Crit\u00e8res d&apos;\u00e9ligibilit\u00e9 - Ai-je droit \u00e0 Be Back Soon ?<\/h5><div class=\"et_pb_toggle_content\"><p>Ce service est offert aux familles \u00e0 faible revenu dont les enfants sont \u00e2g\u00e9s de 0 \u00e0 6 ans. Nous d\u00e9terminons le faible revenu en fonction des <a href=\"https:\/\/www150.statcan.gc.ca\/t1\/tbl1\/en\/tv.action?pid=1110024101&amp;pickMembers%5B0%5D=2.2&amp;cubeTimeFrame.startYear=2018&amp;cubeTimeFrame.endYear=2022&amp;referencePeriods=20180101%2C20220101\">seuils de faible revenu (SFR) avant imp\u00f4t de 2022 de Statistique Canada<\/a> (population de 100 000 \u00e0 499 999 habitants), qui sont les suivants : <\/p>\n<table border=\"1\" style=\"border-collapse: collapse; width: 100%; height: 168px;\">\n<tbody>\n<tr style=\"height: 24px;\">\n<td style=\"width: 50%; height: 24px;\"><strong>Taille du m\u00e9nage<\/strong><\/td>\n<td style=\"width: 50%; height: 24px;\"><strong>Niveau de revenu<\/strong><\/td>\n<\/tr>\n<tr style=\"height: 24px;\">\n<td style=\"width: 50%; height: 24px;\">1 personne<\/td>\n<td style=\"width: 50%; height: 24px;\">$25,303<\/td>\n<\/tr>\n<tr style=\"height: 24px;\">\n<td style=\"width: 50%; height: 24px;\">2 personnes<\/td>\n<td style=\"width: 50%; height: 24px;\">$31,498<\/td>\n<\/tr>\n<tr style=\"height: 24px;\">\n<td style=\"width: 50%; height: 24px;\">3 personnes<\/td>\n<td style=\"width: 50%; height: 24px;\">$38,498<\/td>\n<\/tr>\n<tr style=\"height: 24px;\">\n<td style=\"width: 50%; height: 24px;\">4 personnes<\/td>\n<td style=\"width: 50%; height: 24px;\">$47,016<\/td>\n<\/tr>\n<tr style=\"height: 24px;\">\n<td style=\"width: 50%; height: 24px;\">5 personnes<\/td>\n<td style=\"width: 50%; height: 24px;\">$53,323<\/td>\n<\/tr>\n<tr style=\"height: 24px;\">\n<td style=\"width: 50%; height: 24px;\">6 personnes<\/td>\n<td style=\"width: 50%; height: 24px;\">$60,142<\/td>\n<\/tr>\n<tr>\n<td style=\"width: 50%;\">7 personnes<\/td>\n<td style=\"width: 50%;\">$66, 958<\/td>\n<\/tr>\n<\/tbody>\n<\/table>\n<p><i>Veuillez noter qu'il vous sera demand\u00e9 de pr\u00e9senter une preuve de vos revenus lors de l'inscription. Preuve de revenus   <\/i><i>comprend :<\/i><i> l'avis de cotisation le plus r\u00e9cent de l'Agence du revenu du Canada, l'avis actuel de la prestation canadienne pour enfants, l'avis de la prestation pour enfants de l'Ontario, l'avis du cr\u00e9dit pour la taxe sur les produits et services\/taxe de vente harmonis\u00e9e (TPS\/TVH), l'avis de la prestation Trillium de l'Ontario, la v\u00e9rification des prestations actuelles du programme Ontario au travail, la v\u00e9rification de la prestation du Programme ontarien de soutien aux personnes handicap\u00e9es ou la v\u00e9rification du Suppl\u00e9ment de revenu garanti. <\/i> <\/p>\n<p><i>Votre preuve ne sera pas enregistr\u00e9e ou stock\u00e9e chez nous et restera confidentielle pour les autres membres du personnel.<\/i><\/p>\n<p><strong>Vous ne savez pas si vous \u00eates \u00e9ligible ? Appelez ou venez discuter de votre situation avec le personnel. <\/strong><\/p>\n<\/div><\/div><div class=\"et_pb_accordion_item_1 et_pb_accordion_item et_pb_toggle et_pb_module et_pb_toggle_close et_block_module preset--module--divi-accordion-item--8fa4a125-0e30-4657-a4b4-50d37052c7bc\"><h5 class=\"et_pb_toggle_title\">Inscription<\/h5><div class=\"et_pb_toggle_content\"><p>Votre contenu va ici. Modifiez ou supprimez ce texte en ligne ou dans les param\u00e8tres de contenu du module. Vous pouvez \u00e9galement styliser chaque aspect de ce contenu dans le module Param\u00e8tres de conception et m\u00eame appliquer un CSS personnalis\u00e9 \u00e0 ce texte dans le module Param\u00e8tres avanc\u00e9s.<\/p>\n<\/div><\/div><\/div><\/div><\/div><\/div>","protected":false},"excerpt":{"rendered":"","protected":false},"author":3,"featured_media":0,"parent":0,"menu_order":0,"comment_status":"closed","ping_status":"closed","template":"","meta":{"footnotes":""},"class_list":["post-5326","page","type-page","status-publish","hentry"],"yoast_head":"<!-- This site is optimized with the Yoast SEO plugin v27.3 - https:\/\/yoast.com\/product\/yoast-seo-wordpress\/ -->\n<title>Page &quot;Be Back Soon - Connections Early Years Family Centre<\/title>\n<meta name=\"robots\" content=\"index, follow, max-snippet:-1, max-image-preview:large, max-video-preview:-1\" \/>\n<link rel=\"canonical\" href=\"https:\/\/www.connectwithus.ca\/?page_id=5263\" \/>\n<meta property=\"og:locale\" content=\"fr_FR\" \/>\n<meta property=\"og:type\" content=\"article\" \/>\n<meta property=\"og:title\" content=\"Page &quot;Be Back Soon - Connections Early Years Family Centre\" \/>\n<meta property=\"og:url\" content=\"https:\/\/www.connectwithus.ca\/?page_id=5263\" \/>\n<meta property=\"og:site_name\" content=\"Connections Early Years Family Centre\" \/>\n<meta property=\"article:modified_time\" content=\"2026-02-11T13:38:26+00:00\" \/>\n<meta name=\"twitter:card\" content=\"summary_large_image\" \/>\n<script type=\"application\/ld+json\" class=\"yoast-schema-graph\">{\"@context\":\"https:\\\/\\\/schema.org\",\"@graph\":[{\"@type\":\"WebPage\",\"@id\":\"https:\\\/\\\/www.connectwithus.ca\\\/?page_id=5263\",\"url\":\"https:\\\/\\\/www.connectwithus.ca\\\/?page_id=5263\",\"name\":\"Page \\\"Be Back Soon - Connections Early Years Family Centre\",\"isPartOf\":{\"@id\":\"https:\\\/\\\/www.connectwithus.ca\\\/#website\"},\"datePublished\":\"2025-05-30T13:57:01+00:00\",\"dateModified\":\"2026-02-11T13:38:26+00:00\",\"breadcrumb\":{\"@id\":\"https:\\\/\\\/www.connectwithus.ca\\\/?page_id=5263#breadcrumb\"},\"inLanguage\":\"fr-FR\",\"potentialAction\":[{\"@type\":\"ReadAction\",\"target\":[\"https:\\\/\\\/www.connectwithus.ca\\\/?page_id=5263\"]}]},{\"@type\":\"BreadcrumbList\",\"@id\":\"https:\\\/\\\/www.connectwithus.ca\\\/?page_id=5263#breadcrumb\",\"itemListElement\":[{\"@type\":\"ListItem\",\"position\":1,\"name\":\"Home\",\"item\":\"https:\\\/\\\/www.connectwithus.ca\\\/\"},{\"@type\":\"ListItem\",\"position\":2,\"name\":\"Page &#8220;Be Back Soon\"}]},{\"@type\":\"WebSite\",\"@id\":\"https:\\\/\\\/www.connectwithus.ca\\\/#website\",\"url\":\"https:\\\/\\\/www.connectwithus.ca\\\/\",\"name\":\"Connections Early Years Family Centre\",\"description\":\"Healthy development of families and their children in Windsor-Essex County.\",\"potentialAction\":[{\"@type\":\"SearchAction\",\"target\":{\"@type\":\"EntryPoint\",\"urlTemplate\":\"https:\\\/\\\/www.connectwithus.ca\\\/?s={search_term_string}\"},\"query-input\":{\"@type\":\"PropertyValueSpecification\",\"valueRequired\":true,\"valueName\":\"search_term_string\"}}],\"inLanguage\":\"fr-FR\"}]}<\/script>\n<!-- \/ Yoast SEO plugin. -->","yoast_head_json":{"title":"Page \"Be Back Soon - Connections Early Years Family Centre","robots":{"index":"index","follow":"follow","max-snippet":"max-snippet:-1","max-image-preview":"max-image-preview:large","max-video-preview":"max-video-preview:-1"},"canonical":"https:\/\/www.connectwithus.ca\/?page_id=5263","og_locale":"fr_FR","og_type":"article","og_title":"Page \"Be Back Soon - Connections Early Years Family Centre","og_url":"https:\/\/www.connectwithus.ca\/?page_id=5263","og_site_name":"Connections Early Years Family Centre","article_modified_time":"2026-02-11T13:38:26+00:00","twitter_card":"summary_large_image","schema":{"@context":"https:\/\/schema.org","@graph":[{"@type":"WebPage","@id":"https:\/\/www.connectwithus.ca\/?page_id=5263","url":"https:\/\/www.connectwithus.ca\/?page_id=5263","name":"Page \"Be Back Soon - Connections Early Years Family Centre","isPartOf":{"@id":"https:\/\/www.connectwithus.ca\/#website"},"datePublished":"2025-05-30T13:57:01+00:00","dateModified":"2026-02-11T13:38:26+00:00","breadcrumb":{"@id":"https:\/\/www.connectwithus.ca\/?page_id=5263#breadcrumb"},"inLanguage":"fr-FR","potentialAction":[{"@type":"ReadAction","target":["https:\/\/www.connectwithus.ca\/?page_id=5263"]}]},{"@type":"BreadcrumbList","@id":"https:\/\/www.connectwithus.ca\/?page_id=5263#breadcrumb","itemListElement":[{"@type":"ListItem","position":1,"name":"Home","item":"https:\/\/www.connectwithus.ca\/"},{"@type":"ListItem","position":2,"name":"Page &#8220;Be Back Soon"}]},{"@type":"WebSite","@id":"https:\/\/www.connectwithus.ca\/#website","url":"https:\/\/www.connectwithus.ca\/","name":"Connections Early Years Family Centre","description":"Healthy development of families and their children in Windsor-Essex County.","potentialAction":[{"@type":"SearchAction","target":{"@type":"EntryPoint","urlTemplate":"https:\/\/www.connectwithus.ca\/?s={search_term_string}"},"query-input":{"@type":"PropertyValueSpecification","valueRequired":true,"valueName":"search_term_string"}}],"inLanguage":"fr-FR"}]}},"_links":{"self":[{"href":"https:\/\/www.connectwithus.ca\/fr\/wp-json\/wp\/v2\/pages\/5326","targetHints":{"allow":["GET"]}}],"collection":[{"href":"https:\/\/www.connectwithus.ca\/fr\/wp-json\/wp\/v2\/pages"}],"about":[{"href":"https:\/\/www.connectwithus.ca\/fr\/wp-json\/wp\/v2\/types\/page"}],"author":[{"embeddable":true,"href":"https:\/\/www.connectwithus.ca\/fr\/wp-json\/wp\/v2\/users\/3"}],"replies":[{"embeddable":true,"href":"https:\/\/www.connectwithus.ca\/fr\/wp-json\/wp\/v2\/comments?post=5326"}],"version-history":[{"count":0,"href":"https:\/\/www.connectwithus.ca\/fr\/wp-json\/wp\/v2\/pages\/5326\/revisions"}],"wp:attachment":[{"href":"https:\/\/www.connectwithus.ca\/fr\/wp-json\/wp\/v2\/media?parent=5326"}],"curies":[{"name":"wp","href":"https:\/\/api.w.org\/{rel}","templated":true}]}}