{"id":1599,"date":"2022-05-27T11:12:12","date_gmt":"2022-05-27T15:12:12","guid":{"rendered":"https:\/\/www.connectwithus.ca\/programme-dintervention-precoce-pour-les-aveugles-et-les-malvoyants\/jalons-de-la-vision\/"},"modified":"2026-02-11T08:36:44","modified_gmt":"2026-02-11T13:36:44","slug":"jalons-de-la-vision","status":"publish","type":"page","link":"https:\/\/www.connectwithus.ca\/fr\/programme-dintervention-precoce-pour-les-aveugles-et-les-malvoyants\/jalons-de-la-vision\/","title":{"rendered":"Jalons de la vision"},"content":{"rendered":"<div class=\"et_pb_section_0 et_pb_section et_pb_fullwidth_section et_section_regular et_block_section preset--group--divi-section--divi-spacing--default\"><section class=\"et_pb_fullwidth_header_0 et_pb_fullwidth_header et_pb_bg_layout_light et_pb_text_align_left et_animated et_pb_module et_flex_module preset--group--divi-fullwidth-header--divi-spacing--default preset--group--divi-fullwidth-header--divi-font-body--default preset--module--divi-fullwidth-header--default\"><div class=\"et_pb_fullwidth_header_container left\"><div class=\"header-content-container center\"><div class=\"header-content et_flex_module\"><h2 class=\"et_pb_module_header\">Programme d'intervention pr\u00e9coce pour les aveugles et les malvoyants<\/h2><span class=\"et_pb_fullwidth_header_subhead\">Jalons de la vision<\/span><div class=\"et_pb_header_button_wrapper\"><\/div><\/div><\/div><\/div><div class=\"et_pb_fullwidth_header_overlay\"><\/div><div class=\"et_pb_fullwidth_header_scroll\"><a class=\"scroll-down-container\" href=\"#\"><span class=\"scroll-down et-pb-icon\">;<\/span><\/a><\/div><\/section><\/div><div class=\"et_pb_section_1 et_pb_section et_section_regular et_block_section preset--group--divi-section--divi-spacing--default\"><div class=\"et_pb_row_0 et_pb_row et_pb_equal_columns et_block_row preset--group--divi-row--divi-spacing--default\"><div class=\"et_pb_column_0 et_pb_column et_pb_column_1_3 et_block_column et_pb_css_mix_blend_mode_passthrough preset--group--divi-column--divi-spacing--default\"><ul class=\"et_pb_counters_0 et_pb_counters et-waypoint et_pb_bg_layout_light et_pb_module et_block_module preset--group--divi-counters--divi-spacing--default\"><li class=\"et_pb_counter_0 et_pb_counter preset--group--divi-counter--divi-spacing--default\"><span class=\"et_pb_counter_title\">Avant 6 semaines<\/span><span class=\"et_pb_counter_container\"><span class=\"et_pb_counter_amount\" data-width=\"6%\"><span class=\"et_pb_counter_amount_number\"><\/span><\/span><span class=\"et_pb_counter_amount overlay\" data-width=\"6%\"><span class=\"et_pb_counter_amount_number\"><\/span><\/span><\/span><\/li><\/ul><div class=\"et_pb_text_0 et_pb_text et_pb_bg_layout_light et_pb_module et_block_module preset--group--divi-text--divi-spacing--default preset--group--divi-text--divi-font-body--default preset--module--divi-text--default\"><div class=\"et_pb_text_inner\"><ul>\n<li>fixe son environnement lorsqu'il est \u00e9veill\u00e9<\/li>\n<li>regarde bri\u00e8vement les lumi\u00e8res\/objets brillants<\/li>\n<li>clignote en r\u00e9ponse \u00e0 la lumi\u00e8re<\/li>\n<li>les yeux et la t\u00eate bougent ensemble<\/li>\n<\/ul>\n<\/div><\/div><\/div><div class=\"et_pb_column_1 et_pb_column et_pb_column_1_3 et_block_column et_pb_css_mix_blend_mode_passthrough preset--group--divi-column--divi-spacing--default\"><ul class=\"et_pb_counters_1 et_pb_counters et-waypoint et_pb_bg_layout_light et_pb_module et_block_module preset--group--divi-counters--divi-spacing--default\"><li class=\"et_pb_counter_1 et_pb_counter preset--group--divi-counter--divi-spacing--default\"><span class=\"et_pb_counter_title\">Avant 3 mois<\/span><span class=\"et_pb_counter_container\"><span class=\"et_pb_counter_amount\" data-width=\"9%\"><span class=\"et_pb_counter_amount_number\"><\/span><\/span><span class=\"et_pb_counter_amount overlay\" data-width=\"9%\"><span class=\"et_pb_counter_amount_number\"><\/span><\/span><\/span><\/li><\/ul><div class=\"et_pb_text_1 et_pb_text et_pb_bg_layout_light et_pb_module et_block_module preset--group--divi-text--divi-spacing--default preset--group--divi-text--divi-font-body--default preset--module--divi-text--default\"><div class=\"et_pb_text_inner\"><ul>\n<li>les yeux passent d'un objet \u00e0 l'autre<\/li>\n<li>les yeux suivent un objet\/personne en mouvement<\/li>\n<li>fixe le visage de l'aidant<\/li>\n<li>commence \u00e0 regarder les mains, la nourriture et le biberon<\/li>\n<\/ul>\n<\/div><\/div><\/div><div class=\"et_pb_column_2 et_pb_column et_pb_column_1_3 et-last-child et_block_column et_pb_css_mix_blend_mode_passthrough preset--group--divi-column--divi-spacing--default\"><ul class=\"et_pb_counters_2 et_pb_counters et-waypoint et_pb_bg_layout_light et_pb_module et_block_module preset--group--divi-counters--divi-spacing--default\"><li class=\"et_pb_counter_2 et_pb_counter preset--group--divi-counter--divi-spacing--default\"><span class=\"et_pb_counter_title\">Avant 6 mois<\/span><span class=\"et_pb_counter_container\"><span class=\"et_pb_counter_amount\" data-width=\"12%\"><span class=\"et_pb_counter_amount_number\"><\/span><\/span><span class=\"et_pb_counter_amount overlay\" data-width=\"12%\"><span class=\"et_pb_counter_amount_number\"><\/span><\/span><\/span><\/li><\/ul><div class=\"et_pb_text_2 et_pb_text et_pb_bg_layout_light et_pb_module et_block_module preset--group--divi-text--divi-spacing--default preset--group--divi-text--divi-font-body--default preset--module--divi-text--default\"><div class=\"et_pb_text_inner\"><ul>\n<li>les yeux se d\u00e9placent pour inspecter l'environnement<\/li>\n<li>les yeux bougent pour chercher la source des sons<\/li>\n<li>fait glisser ou attrape des objets<\/li>\n<li>regarde des objets plus \u00e9loign\u00e9s<\/li>\n<li>sourit et rit quand il ou elle vous voit sourire et rire.<\/li>\n<\/ul>\n<\/div><\/div><\/div><\/div><div class=\"et_pb_row_1 et_pb_row et_pb_equal_columns et_pb_gutters4 et_block_row preset--group--divi-row--divi-spacing--default\"><div class=\"et_pb_column_3 et_pb_column et_pb_column_1_2 et_block_column et_pb_css_mix_blend_mode_passthrough preset--group--divi-column--divi-spacing--default\"><ul class=\"et_pb_counters_3 et_pb_counters et-waypoint et_pb_bg_layout_light et_pb_module et_block_module preset--group--divi-counters--divi-spacing--default\"><li class=\"et_pb_counter_3 et_pb_counter preset--group--divi-counter--divi-spacing--default\"><span class=\"et_pb_counter_title\">Avant 12 mois<\/span><span class=\"et_pb_counter_container\"><span class=\"et_pb_counter_amount\" data-width=\"30%\"><span class=\"et_pb_counter_amount_number\"><\/span><\/span><span class=\"et_pb_counter_amount overlay\" data-width=\"30%\"><span class=\"et_pb_counter_amount_number\"><\/span><\/span><\/span><\/li><\/ul><div class=\"et_pb_text_3 et_pb_text et_pb_bg_layout_light et_pb_module et_block_module preset--group--divi-text--divi-spacing--default preset--group--divi-text--divi-font-body--default preset--module--divi-text--default\"><div class=\"et_pb_text_inner\"><ul>\n<li>les yeux se tournent vers l'int\u00e9rieur lorsque les objets se rapprochent du nez<\/li>\n<li>observe les activit\u00e9s dans l'environnement pendant de plus longues p\u00e9riodes<\/li>\n<li>cherche un jouet abandonn\u00e9<\/li>\n<li>inspecte visuellement les objets et les personnes<\/li>\n<li>se glisse vers son jouet pr\u00e9f\u00e9r\u00e9<\/li>\n<\/ul>\n<\/div><\/div><\/div><div class=\"et_pb_column_4 et_pb_column et_pb_column_1_2 et-last-child et_block_column et_pb_css_mix_blend_mode_passthrough preset--group--divi-column--divi-spacing--default\"><ul class=\"et_pb_counters_4 et_pb_counters et-waypoint et_pb_bg_layout_light et_pb_module et_block_module preset--group--divi-counters--divi-spacing--default\"><li class=\"et_pb_counter_4 et_pb_counter preset--group--divi-counter--divi-spacing--default\"><span class=\"et_pb_counter_title\">De 2 ans<\/span><span class=\"et_pb_counter_container\"><span class=\"et_pb_counter_amount\" data-width=\"50%\"><span class=\"et_pb_counter_amount_number\"><\/span><\/span><span class=\"et_pb_counter_amount overlay\" data-width=\"50%\"><span class=\"et_pb_counter_amount_number\"><\/span><\/span><\/span><\/li><\/ul><div class=\"et_pb_text_4 et_pb_text et_pb_bg_layout_light et_pb_module et_block_module preset--group--divi-text--divi-spacing--default preset--group--divi-text--divi-font-body--default preset--module--divi-text--default\"><div class=\"et_pb_text_inner\"><ul>\n<li>guide l'atteinte et la saisie d'objets avec la vision<\/li>\n<li>regarde des images simples dans un livre<\/li>\n<li>d\u00e9signe des objets ou des personnes<\/li>\n<li>cherche et montre des images dans les livres<\/li>\n<li>regarde o\u00f9 il va quand il marche ou grimpe.<\/li>\n<\/ul>\n<\/div><\/div><\/div><\/div><\/div><div class=\"et_pb_section_2 et_pb_section et_section_regular et_block_section preset--group--divi-section--divi-spacing--default\"><div class=\"et_pb_row_2 et_pb_row et_block_row preset--group--divi-row--divi-spacing--default\"><div class=\"et_pb_column_5 et_pb_column et_pb_column_4_4 et-last-child et_block_column et_pb_css_mix_blend_mode_passthrough preset--group--divi-column--divi-spacing--default\"><div class=\"et_pb_text_5 et_pb_text et_pb_bg_layout_light et_pb_module et_block_module preset--group--divi-text--divi-spacing--default preset--group--divi-text--divi-font-body--default preset--module--divi-text--default\"><div class=\"et_pb_text_inner\"><h4><span>Au fur et \u00e0 mesure que leur vision se d\u00e9veloppe, les b\u00e9b\u00e9s appr\u00e9cient :<\/span><\/h4>\n<\/div><\/div><div class=\"et_pb_accordion_0 et_pb_accordion et_pb_module et_block_module preset--group--divi-accordion--divi-spacing--default preset--group--divi-accordion--divi-font-body--default preset--module--divi-accordion--default\"><div class=\"et_pb_accordion_item_0 et_pb_accordion_item et_pb_toggle et_pb_module et_pb_toggle_open et_block_module preset--group--divi-accordion-item--divi-spacing--default preset--group--divi-accordion-item--divi-font-body--default preset--module--divi-accordion-item--default\"><h5 class=\"et_pb_toggle_title\">Avant 6 semaines :<\/h5><div class=\"et_pb_toggle_content\"><ul>\n<li>qui vous regardent pendant que vous les serrez contre vous<\/li>\n<li>regarder des jouets aux couleurs vives<\/li>\n<li>regarder des objets ayant des qualit\u00e9s r\u00e9fl\u00e9chissantes (comme les miroirs)<\/li>\n<li>regarder des mobiles aux formes simples en noir et blanc<\/li>\n<li>regarder les choses qui bougent<\/li>\n<\/ul>\n<\/div><\/div><div class=\"et_pb_accordion_item_1 et_pb_accordion_item et_pb_toggle et_pb_module et_pb_toggle_close et_block_module preset--group--divi-accordion-item--divi-spacing--default preset--group--divi-accordion-item--divi-font-body--default preset--module--divi-accordion-item--default\"><h5 class=\"et_pb_toggle_title\">Avant 3 mois :<\/h5><div class=\"et_pb_toggle_content\"><ul>\n<li>en \u00e9tudiant votre visage<\/li>\n<li>regarder les jouets passer de l'avant \u00e0 l'arri\u00e8re de leur corps.<\/li>\n<li>regarder et atteindre des objets suspendus dans leur berceau<\/li>\n<li>des jouets aux couleurs vives et aux motifs int\u00e9ressants<\/li>\n<li>utiliser une veilleuse dans leur chambre<\/li>\n<\/ul>\n<\/div><\/div><div class=\"et_pb_accordion_item_2 et_pb_accordion_item et_pb_toggle et_pb_module et_pb_toggle_close et_block_module preset--group--divi-accordion-item--divi-spacing--default preset--group--divi-accordion-item--divi-font-body--default preset--module--divi-accordion-item--default\"><h5 class=\"et_pb_toggle_title\">Avant 6 mois :<\/h5><div class=\"et_pb_toggle_content\"><ul>\n<li>regarder son reflet dans un miroir<\/li>\n<li>regarder dans les deux sens entre deux objets favoris<\/li>\n<li>voir le monde depuis diff\u00e9rentes positions (par exemple, la chaise haute, le sol, d'autres meubles)<\/li>\n<li>les jouets qui ont des motifs complexes et les jouets qui bougent (p. ex., \" jack in the box \")<\/li>\n<li>jouer \u00e0 des jeux \"peek-a-boo<\/li>\n<\/ul>\n<\/div><\/div><div class=\"et_pb_accordion_item_3 et_pb_accordion_item et_pb_toggle et_pb_module et_pb_toggle_close et_block_module preset--group--divi-accordion-item--divi-spacing--default preset--group--divi-accordion-item--divi-font-body--default preset--module--divi-accordion-item--default\"><h5 class=\"et_pb_toggle_title\">Avant 12 mois :<\/h5><div class=\"et_pb_toggle_content\"><ul>\n<li>mettre les jouets dans et hors des r\u00e9cipients (et aussi dans leur bouche)<\/li>\n<li>jouer avec des objets similaires de tailles diff\u00e9rentes (par exemple, des anneaux \u00e0 empiler, des tasses \u00e0 embo\u00eeter, des blocs)<\/li>\n<li>regarder des livres de soci\u00e9t\u00e9 avec des pages en carton \u00e9pais et des images de couleur simple<\/li>\n<li>appuyer sur des boutons ou tourner des manettes pour faire d\u00e9marrer des jouets<\/li>\n<li>observer les activit\u00e9s ext\u00e9rieures \u00e0 travers une fen\u00eatre<\/li>\n<\/ul>\n<\/div><\/div><div class=\"et_pb_accordion_item_4 et_pb_accordion_item et_pb_toggle et_pb_module et_pb_toggle_close et_block_module preset--group--divi-accordion-item--divi-spacing--default preset--group--divi-accordion-item--divi-font-body--default preset--module--divi-accordion-item--default\"><h5 class=\"et_pb_toggle_title\">De 2 ans :<\/h5><div class=\"et_pb_toggle_content\"><ul>\n<li>lire des livres avec des images de sc\u00e8nes et d'objets simples<\/li>\n<li>regarder des photographies des membres de la famille et des animaux domestiques<\/li>\n<li>jouer avec des puzzles simples<\/li>\n<li>utiliser des blocs pour jouer et construire des tours<\/li>\n<li>se rendre \u00e0 l'ext\u00e9rieur, au magasin, au parc, \u00e0 la biblioth\u00e8que, pour observer les gens et les activit\u00e9s.<\/li>\n<\/ul>\n<\/div><\/div><\/div><\/div><\/div><\/div><div class=\"et_pb_section_3 et_pb_section et_section_regular et_block_section preset--group--divi-section--divi-spacing--default\"><div class=\"et_pb_row_3 et_pb_row et_pb_row_4col et_pb_equal_columns et_pb_gutters2 et_block_row et_block_row_4col preset--group--divi-row--divi-spacing--default\"><div class=\"et_pb_column_6 et_pb_column et_pb_column_1_4 et_block_column et_pb_css_mix_blend_mode_passthrough preset--group--divi-column--divi-spacing--default\"><div class=\"et_pb_module et_pb_button_module_wrapper et_pb_button_0_wrapper preset--group--divi-button--divi-spacing--default_wrapper preset--module--divi-button--default_wrapper\"><a class=\"et_pb_button_0 et_pb_button et_pb_bg_layout_light et_pb_module et_block_module preset--group--divi-button--divi-spacing--default preset--module--divi-button--default\" href=\"https:\/\/www.connectwithus.ca\/blind-low-vision-early-intervention-program\/\" data-icon=\"5\">Informations sur le programme<\/a><\/div><\/div><div class=\"et_pb_column_7 et_pb_column et_pb_column_1_4 et_block_column et_pb_css_mix_blend_mode_passthrough preset--group--divi-column--divi-spacing--default\"><div class=\"et_pb_module et_pb_button_module_wrapper et_pb_button_1_wrapper preset--group--divi-button--divi-spacing--default_wrapper preset--module--divi-button--default_wrapper\"><a class=\"et_pb_button_1 et_pb_button et_pb_bg_layout_light et_pb_module et_block_module preset--group--divi-button--divi-spacing--default preset--module--divi-button--default\" href=\"https:\/\/www.connectwithus.ca\/blind-low-vision-early-intervention-program\/vision-milestones\/\" data-icon=\"5\">Jalons de la vision<\/a><\/div><\/div><div class=\"et_pb_column_8 et_pb_column et_pb_column_1_4 et_block_column et_pb_css_mix_blend_mode_passthrough preset--group--divi-column--divi-spacing--default\"><div class=\"et_pb_module et_pb_button_module_wrapper et_pb_button_2_wrapper preset--group--divi-button--divi-spacing--default_wrapper preset--module--divi-button--default_wrapper\"><a class=\"et_pb_button_2 et_pb_button et_pb_bg_layout_light et_pb_module et_block_module preset--group--divi-button--divi-spacing--default preset--module--divi-button--default\" href=\"https:\/\/www.connectwithus.ca\/vision-resources\/\" data-icon=\"5\">Ressources pour les aveugles et les malvoyants<\/a><\/div><\/div><div class=\"et_pb_column_9 et_pb_column et_pb_column_1_4 et-last-child et_block_column et_pb_css_mix_blend_mode_passthrough preset--group--divi-column--divi-spacing--default\"><div class=\"et_pb_module et_pb_button_module_wrapper et_pb_button_3_wrapper preset--group--divi-button--divi-spacing--default_wrapper preset--module--divi-button--default_wrapper\"><a class=\"et_pb_button_3 et_pb_button et_pb_bg_layout_light et_pb_module et_block_module preset--group--divi-button--divi-spacing--default preset--module--divi-button--default\" href=\"https:\/\/www.connectwithus.ca\/blind-low-vision-early-intervention-program\/blind-low-vision-faq\/\" data-icon=\"5\">FAQ sur le programme pour les aveugles et les malvoyants<\/a><\/div><\/div><\/div><\/div>","protected":false},"excerpt":{"rendered":"","protected":false},"author":1,"featured_media":0,"parent":1569,"menu_order":0,"comment_status":"closed","ping_status":"closed","template":"","meta":{"footnotes":""},"class_list":["post-1599","page","type-page","status-publish","hentry"],"yoast_head":"<!-- This site is optimized with the Yoast SEO plugin v27.3 - https:\/\/yoast.com\/product\/yoast-seo-wordpress\/ -->\n<title>Jalons de la vision - Connections Early Years Family Centre<\/title>\n<meta name=\"robots\" content=\"index, follow, max-snippet:-1, max-image-preview:large, max-video-preview:-1\" \/>\n<link rel=\"canonical\" href=\"https:\/\/www.connectwithus.ca\/blind-low-vision-early-intervention-program\/vision-milestones\/\" \/>\n<meta property=\"og:locale\" content=\"fr_FR\" \/>\n<meta property=\"og:type\" content=\"article\" \/>\n<meta property=\"og:title\" content=\"Jalons de la vision - Connections Early Years Family Centre\" \/>\n<meta property=\"og:url\" content=\"https:\/\/www.connectwithus.ca\/blind-low-vision-early-intervention-program\/vision-milestones\/\" \/>\n<meta property=\"og:site_name\" content=\"Connections Early Years Family Centre\" \/>\n<meta property=\"article:modified_time\" content=\"2026-02-11T13:36:44+00:00\" \/>\n<meta name=\"twitter:card\" content=\"summary_large_image\" \/>\n<script type=\"application\/ld+json\" class=\"yoast-schema-graph\">{\"@context\":\"https:\\\/\\\/schema.org\",\"@graph\":[{\"@type\":\"WebPage\",\"@id\":\"https:\\\/\\\/www.connectwithus.ca\\\/blind-low-vision-early-intervention-program\\\/vision-milestones\\\/\",\"url\":\"https:\\\/\\\/www.connectwithus.ca\\\/blind-low-vision-early-intervention-program\\\/vision-milestones\\\/\",\"name\":\"Jalons de la vision - Connections Early Years Family Centre\",\"isPartOf\":{\"@id\":\"https:\\\/\\\/www.connectwithus.ca\\\/#website\"},\"datePublished\":\"2022-05-27T15:12:12+00:00\",\"dateModified\":\"2026-02-11T13:36:44+00:00\",\"breadcrumb\":{\"@id\":\"https:\\\/\\\/www.connectwithus.ca\\\/blind-low-vision-early-intervention-program\\\/vision-milestones\\\/#breadcrumb\"},\"inLanguage\":\"fr-FR\",\"potentialAction\":[{\"@type\":\"ReadAction\",\"target\":[\"https:\\\/\\\/www.connectwithus.ca\\\/blind-low-vision-early-intervention-program\\\/vision-milestones\\\/\"]}]},{\"@type\":\"BreadcrumbList\",\"@id\":\"https:\\\/\\\/www.connectwithus.ca\\\/blind-low-vision-early-intervention-program\\\/vision-milestones\\\/#breadcrumb\",\"itemListElement\":[{\"@type\":\"ListItem\",\"position\":1,\"name\":\"Home\",\"item\":\"https:\\\/\\\/www.connectwithus.ca\\\/\"},{\"@type\":\"ListItem\",\"position\":2,\"name\":\"Programme d\u2019intervention pr\u00e9coce aupr\u00e8s des enfants aveugles ou ayant une basse vision\",\"item\":\"https:\\\/\\\/www.connectwithus.ca\\\/blind-low-vision-early-intervention-program\\\/\"},{\"@type\":\"ListItem\",\"position\":3,\"name\":\"Jalons de la vision\"}]},{\"@type\":\"WebSite\",\"@id\":\"https:\\\/\\\/www.connectwithus.ca\\\/#website\",\"url\":\"https:\\\/\\\/www.connectwithus.ca\\\/\",\"name\":\"Connections Early Years Family Centre\",\"description\":\"Healthy development of families and their children in Windsor-Essex County.\",\"potentialAction\":[{\"@type\":\"SearchAction\",\"target\":{\"@type\":\"EntryPoint\",\"urlTemplate\":\"https:\\\/\\\/www.connectwithus.ca\\\/?s={search_term_string}\"},\"query-input\":{\"@type\":\"PropertyValueSpecification\",\"valueRequired\":true,\"valueName\":\"search_term_string\"}}],\"inLanguage\":\"fr-FR\"}]}<\/script>\n<!-- \/ Yoast SEO plugin. -->","yoast_head_json":{"title":"Jalons de la vision - Connections Early Years Family Centre","robots":{"index":"index","follow":"follow","max-snippet":"max-snippet:-1","max-image-preview":"max-image-preview:large","max-video-preview":"max-video-preview:-1"},"canonical":"https:\/\/www.connectwithus.ca\/blind-low-vision-early-intervention-program\/vision-milestones\/","og_locale":"fr_FR","og_type":"article","og_title":"Jalons de la vision - Connections Early Years Family Centre","og_url":"https:\/\/www.connectwithus.ca\/blind-low-vision-early-intervention-program\/vision-milestones\/","og_site_name":"Connections Early Years Family Centre","article_modified_time":"2026-02-11T13:36:44+00:00","twitter_card":"summary_large_image","schema":{"@context":"https:\/\/schema.org","@graph":[{"@type":"WebPage","@id":"https:\/\/www.connectwithus.ca\/blind-low-vision-early-intervention-program\/vision-milestones\/","url":"https:\/\/www.connectwithus.ca\/blind-low-vision-early-intervention-program\/vision-milestones\/","name":"Jalons de la vision - Connections Early Years Family Centre","isPartOf":{"@id":"https:\/\/www.connectwithus.ca\/#website"},"datePublished":"2022-05-27T15:12:12+00:00","dateModified":"2026-02-11T13:36:44+00:00","breadcrumb":{"@id":"https:\/\/www.connectwithus.ca\/blind-low-vision-early-intervention-program\/vision-milestones\/#breadcrumb"},"inLanguage":"fr-FR","potentialAction":[{"@type":"ReadAction","target":["https:\/\/www.connectwithus.ca\/blind-low-vision-early-intervention-program\/vision-milestones\/"]}]},{"@type":"BreadcrumbList","@id":"https:\/\/www.connectwithus.ca\/blind-low-vision-early-intervention-program\/vision-milestones\/#breadcrumb","itemListElement":[{"@type":"ListItem","position":1,"name":"Home","item":"https:\/\/www.connectwithus.ca\/"},{"@type":"ListItem","position":2,"name":"Programme d\u2019intervention pr\u00e9coce aupr\u00e8s des enfants aveugles ou ayant une basse vision","item":"https:\/\/www.connectwithus.ca\/blind-low-vision-early-intervention-program\/"},{"@type":"ListItem","position":3,"name":"Jalons de la vision"}]},{"@type":"WebSite","@id":"https:\/\/www.connectwithus.ca\/#website","url":"https:\/\/www.connectwithus.ca\/","name":"Connections Early Years Family Centre","description":"Healthy development of families and their children in Windsor-Essex County.","potentialAction":[{"@type":"SearchAction","target":{"@type":"EntryPoint","urlTemplate":"https:\/\/www.connectwithus.ca\/?s={search_term_string}"},"query-input":{"@type":"PropertyValueSpecification","valueRequired":true,"valueName":"search_term_string"}}],"inLanguage":"fr-FR"}]}},"_links":{"self":[{"href":"https:\/\/www.connectwithus.ca\/fr\/wp-json\/wp\/v2\/pages\/1599","targetHints":{"allow":["GET"]}}],"collection":[{"href":"https:\/\/www.connectwithus.ca\/fr\/wp-json\/wp\/v2\/pages"}],"about":[{"href":"https:\/\/www.connectwithus.ca\/fr\/wp-json\/wp\/v2\/types\/page"}],"author":[{"embeddable":true,"href":"https:\/\/www.connectwithus.ca\/fr\/wp-json\/wp\/v2\/users\/1"}],"replies":[{"embeddable":true,"href":"https:\/\/www.connectwithus.ca\/fr\/wp-json\/wp\/v2\/comments?post=1599"}],"version-history":[{"count":0,"href":"https:\/\/www.connectwithus.ca\/fr\/wp-json\/wp\/v2\/pages\/1599\/revisions"}],"up":[{"embeddable":true,"href":"https:\/\/www.connectwithus.ca\/fr\/wp-json\/wp\/v2\/pages\/1569"}],"wp:attachment":[{"href":"https:\/\/www.connectwithus.ca\/fr\/wp-json\/wp\/v2\/media?parent=1599"}],"curies":[{"name":"wp","href":"https:\/\/api.w.org\/{rel}","templated":true}]}}