{"id":1597,"date":"2022-05-27T11:22:01","date_gmt":"2022-05-27T15:22:01","guid":{"rendered":"https:\/\/www.connectwithus.ca\/programme-dintervention-precoce-pour-les-aveugles-et-les-malvoyants\/faq-sur-la-cecite-et-la-basse-vision\/"},"modified":"2026-02-11T08:36:47","modified_gmt":"2026-02-11T13:36:47","slug":"faq-sur-la-cecite-et-la-basse-vision","status":"publish","type":"page","link":"https:\/\/www.connectwithus.ca\/fr\/programme-dintervention-precoce-pour-les-aveugles-et-les-malvoyants\/faq-sur-la-cecite-et-la-basse-vision\/","title":{"rendered":"FAQ sur la c\u00e9cit\u00e9 et la basse vision"},"content":{"rendered":"<div class=\"et_pb_section_0 et_pb_section et_pb_fullwidth_section et_section_regular et_block_section preset--group--divi-section--divi-spacing--default\"><section class=\"et_pb_fullwidth_header_0 et_pb_fullwidth_header et_pb_bg_layout_light et_pb_text_align_left et_animated et_pb_module et_flex_module preset--group--divi-fullwidth-header--divi-spacing--default preset--group--divi-fullwidth-header--divi-font-body--default preset--module--divi-fullwidth-header--default\"><div class=\"et_pb_fullwidth_header_container left\"><div class=\"header-content-container center\"><div class=\"header-content et_flex_module\"><h2 class=\"et_pb_module_header\">Programme d'intervention pr\u00e9coce pour les aveugles et les malvoyants<\/h2><span class=\"et_pb_fullwidth_header_subhead\">FAQ sur la c\u00e9cit\u00e9 et la basse vision<\/span><div class=\"et_pb_header_button_wrapper\"><\/div><\/div><\/div><\/div><div class=\"et_pb_fullwidth_header_overlay\"><\/div><div class=\"et_pb_fullwidth_header_scroll\"><a class=\"scroll-down-container\" href=\"#\"><span class=\"scroll-down et-pb-icon\">;<\/span><\/a><\/div><\/section><\/div><div class=\"et_pb_section_1 et_pb_section et_section_regular et_block_section preset--group--divi-section--divi-spacing--default\"><div class=\"et_pb_row_0 et_pb_row et_block_row preset--group--divi-row--divi-spacing--default\"><div class=\"et_pb_column_0 et_pb_column et_pb_column_4_4 et-last-child et_block_column et_pb_css_mix_blend_mode_passthrough preset--group--divi-column--divi-spacing--default\"><div class=\"et_pb_text_0 et_pb_text et_pb_bg_layout_light et_pb_module et_block_module preset--group--divi-text--divi-spacing--default preset--group--divi-text--divi-font-body--default preset--module--divi-text--default\"><div class=\"et_pb_text_inner\"><p><strong>Voici les r\u00e9ponses \u00e0 certaines questions courantes que les parents se posent :<\/strong><\/p>\n<\/div><\/div><\/div><\/div><div class=\"et_pb_row_1 et_pb_row et_block_row preset--group--divi-row--divi-spacing--default\"><div class=\"et_pb_column_1 et_pb_column et_pb_column_4_4 et-last-child et_block_column et_pb_css_mix_blend_mode_passthrough preset--group--divi-column--divi-spacing--default\"><div class=\"et_pb_accordion_0 et_pb_accordion et_pb_module et_block_module preset--group--divi-accordion--divi-spacing--default preset--group--divi-accordion--divi-font-body--default preset--module--divi-accordion--default\"><div class=\"et_pb_accordion_item_0 et_pb_accordion_item et_pb_toggle et_pb_module et_pb_toggle_open et_block_module preset--group--divi-accordion-item--divi-spacing--default preset--group--divi-accordion-item--divi-font-body--default preset--module--divi-accordion-item--default\"><h5 class=\"et_pb_toggle_title\">Quand dois-je faire examiner les yeux de mon enfant ?<\/h5><div class=\"et_pb_toggle_content\"><p><span>L'Ontario Association of Optometrists recommande que les enfants subissent un examen des yeux \u00e0 six mois, \u00e0 trois ans, puis tous les douze mois ou selon les recommandations de votre optom\u00e9triste.<\/span><\/p>\n<\/div><\/div><div class=\"et_pb_accordion_item_1 et_pb_accordion_item et_pb_toggle et_pb_module et_pb_toggle_close et_block_module preset--group--divi-accordion-item--divi-spacing--default preset--group--divi-accordion-item--divi-font-body--default preset--module--divi-accordion-item--default\"><h5 class=\"et_pb_toggle_title\">Mon enfant doit-il savoir lire pour subir un test de vision ?<\/h5><div class=\"et_pb_toggle_content\"><p><span>Les examens des yeux peuvent \u00eatre effectu\u00e9s \u00e0 tout \u00e2ge, que l'enfant sache parler ou lire.<\/span><\/p>\n<\/div><\/div><div class=\"et_pb_accordion_item_2 et_pb_accordion_item et_pb_toggle et_pb_module et_pb_toggle_close et_block_module preset--group--divi-accordion-item--divi-spacing--default preset--group--divi-accordion-item--divi-font-body--default preset--module--divi-accordion-item--default\"><h5 class=\"et_pb_toggle_title\">Les examens de la vue sont-ils couverts par l'Assurance-sant\u00e9 de l'Ontario ?<\/h5><div class=\"et_pb_toggle_content\"><p><span>L'Assurance-sant\u00e9 de l'Ontario couvre un examen de la vue tous les douze mois pour les enfants \u00e2g\u00e9s de 19 ans ou moins.<\/span><\/p>\n<\/div><\/div><div class=\"et_pb_accordion_item_3 et_pb_accordion_item et_pb_toggle et_pb_module et_pb_toggle_close et_block_module preset--group--divi-accordion-item--divi-spacing--default preset--group--divi-accordion-item--divi-font-body--default preset--module--divi-accordion-item--default\"><h5 class=\"et_pb_toggle_title\">Quels sont les signes qui indiquent que mon enfant ne voit pas bien ?<\/h5><div class=\"et_pb_toggle_content\"><p><span>Signes et sympt\u00f4mes des probl\u00e8mes oculaires :<\/span><\/p>\n<p>&nbsp;<\/p>\n<ul>\n<li>Clignement des yeux et strabisme excessif<\/li>\n<li>Fermer ou couvrir un \u0153il quand on regarde des objets<\/li>\n<li>Inclinaison ou rotation de la t\u00eate lors de la fixation d'objets.<\/li>\n<li>D\u00e9placement d'un \u0153il lorsque l'on regarde des objets<\/li>\n<li>Perte de place ou utilisation d'un doigt pour maintenir la place lors de la lecture<\/li>\n<li>Performances constamment inf\u00e9rieures au potentiel<\/li>\n<li>\u00c9viter le travail de proximit\u00e9<\/li>\n<\/ul>\n<p>Selon l'Ontario Association of Optometrists, il arrive souvent que les enfants souffrant de probl\u00e8mes de vision ne pr\u00e9sentent pas de signes ou de sympt\u00f4mes. C'est pourquoi il est important de proc\u00e9der r\u00e9guli\u00e8rement \u00e0 des examens de la vue.<\/p>\n<\/div><\/div><div class=\"et_pb_accordion_item_4 et_pb_accordion_item et_pb_toggle et_pb_module et_pb_toggle_close et_block_module preset--group--divi-accordion-item--divi-spacing--default preset--group--divi-accordion-item--divi-font-body--default preset--module--divi-accordion-item--default\"><h5 class=\"et_pb_toggle_title\">Les examens des yeux sont-ils douloureux ?<\/h5><div class=\"et_pb_toggle_content\"><p><span>Non, un examen des yeux ne fait pas mal, mais le m\u00e9decin peut avoir besoin de mettre des gouttes dans votre \u0153il. Ces gouttes peuvent piquer, mais seulement pendant quelques secondes.<\/span><\/p>\n<\/div><\/div><\/div><\/div><\/div><\/div><div class=\"et_pb_section_2 et_pb_section et_section_regular et_block_section preset--group--divi-section--divi-spacing--default\"><div class=\"et_pb_row_2 et_pb_row et_pb_row_4col et_pb_equal_columns et_pb_gutters2 et_block_row et_block_row_4col preset--group--divi-row--divi-spacing--default\"><div class=\"et_pb_column_2 et_pb_column et_pb_column_1_4 et_block_column et_pb_css_mix_blend_mode_passthrough preset--group--divi-column--divi-spacing--default\"><div class=\"et_pb_module et_pb_button_module_wrapper et_pb_button_0_wrapper preset--group--divi-button--divi-spacing--default_wrapper preset--module--divi-button--default_wrapper\"><a class=\"et_pb_button_0 et_pb_button et_pb_bg_layout_light et_pb_module et_block_module preset--group--divi-button--divi-spacing--default preset--module--divi-button--default\" href=\"https:\/\/www.connectwithus.ca\/blind-low-vision-early-intervention-program\/\" data-icon=\"5\">Informations sur le programme<\/a><\/div><\/div><div class=\"et_pb_column_3 et_pb_column et_pb_column_1_4 et_block_column et_pb_css_mix_blend_mode_passthrough preset--group--divi-column--divi-spacing--default\"><div class=\"et_pb_module et_pb_button_module_wrapper et_pb_button_1_wrapper preset--group--divi-button--divi-spacing--default_wrapper preset--module--divi-button--default_wrapper\"><a class=\"et_pb_button_1 et_pb_button et_pb_bg_layout_light et_pb_module et_block_module preset--group--divi-button--divi-spacing--default preset--module--divi-button--default\" href=\"https:\/\/www.connectwithus.ca\/blind-low-vision-early-intervention-program\/vision-milestones\/\" data-icon=\"5\">Jalons de la vision<\/a><\/div><\/div><div class=\"et_pb_column_4 et_pb_column et_pb_column_1_4 et_block_column et_pb_css_mix_blend_mode_passthrough preset--group--divi-column--divi-spacing--default\"><div class=\"et_pb_module et_pb_button_module_wrapper et_pb_button_2_wrapper preset--group--divi-button--divi-spacing--default_wrapper preset--module--divi-button--default_wrapper\"><a class=\"et_pb_button_2 et_pb_button et_pb_bg_layout_light et_pb_module et_block_module preset--group--divi-button--divi-spacing--default preset--module--divi-button--default\" href=\"https:\/\/www.connectwithus.ca\/vision-resources\/\" data-icon=\"5\">Ressources pour les aveugles et les malvoyants<\/a><\/div><\/div><div class=\"et_pb_column_5 et_pb_column et_pb_column_1_4 et-last-child et_block_column et_pb_css_mix_blend_mode_passthrough preset--group--divi-column--divi-spacing--default\"><div class=\"et_pb_module et_pb_button_module_wrapper et_pb_button_3_wrapper preset--group--divi-button--divi-spacing--default_wrapper preset--module--divi-button--default_wrapper\"><a class=\"et_pb_button_3 et_pb_button et_pb_bg_layout_light et_pb_module et_block_module preset--group--divi-button--divi-spacing--default preset--module--divi-button--default\" href=\"https:\/\/www.connectwithus.ca\/blind-low-vision-early-intervention-program\/blind-low-vision-faq\/\" data-icon=\"5\">FAQ sur le programme pour les aveugles et les malvoyants<\/a><\/div><\/div><\/div><\/div>","protected":false},"excerpt":{"rendered":"","protected":false},"author":1,"featured_media":0,"parent":1569,"menu_order":0,"comment_status":"closed","ping_status":"closed","template":"","meta":{"footnotes":""},"class_list":["post-1597","page","type-page","status-publish","hentry"],"yoast_head":"<!-- This site is optimized with the Yoast SEO plugin v27.3 - https:\/\/yoast.com\/product\/yoast-seo-wordpress\/ -->\n<title>FAQ sur la c\u00e9cit\u00e9 et la basse vision - Connections Early Years Family Centre<\/title>\n<meta name=\"robots\" content=\"index, follow, max-snippet:-1, max-image-preview:large, max-video-preview:-1\" \/>\n<link rel=\"canonical\" href=\"https:\/\/www.connectwithus.ca\/blind-low-vision-early-intervention-program\/blind-low-vision-faq\/\" \/>\n<meta property=\"og:locale\" content=\"fr_FR\" \/>\n<meta property=\"og:type\" content=\"article\" \/>\n<meta property=\"og:title\" content=\"FAQ sur la c\u00e9cit\u00e9 et la basse vision - Connections Early Years Family Centre\" \/>\n<meta property=\"og:url\" content=\"https:\/\/www.connectwithus.ca\/blind-low-vision-early-intervention-program\/blind-low-vision-faq\/\" \/>\n<meta property=\"og:site_name\" content=\"Connections Early Years Family Centre\" \/>\n<meta property=\"article:modified_time\" content=\"2026-02-11T13:36:47+00:00\" \/>\n<meta name=\"twitter:card\" content=\"summary_large_image\" \/>\n<script type=\"application\/ld+json\" class=\"yoast-schema-graph\">{\"@context\":\"https:\\\/\\\/schema.org\",\"@graph\":[{\"@type\":\"WebPage\",\"@id\":\"https:\\\/\\\/www.connectwithus.ca\\\/blind-low-vision-early-intervention-program\\\/blind-low-vision-faq\\\/\",\"url\":\"https:\\\/\\\/www.connectwithus.ca\\\/blind-low-vision-early-intervention-program\\\/blind-low-vision-faq\\\/\",\"name\":\"FAQ sur la c\u00e9cit\u00e9 et la basse vision - Connections Early Years Family Centre\",\"isPartOf\":{\"@id\":\"https:\\\/\\\/www.connectwithus.ca\\\/#website\"},\"datePublished\":\"2022-05-27T15:22:01+00:00\",\"dateModified\":\"2026-02-11T13:36:47+00:00\",\"breadcrumb\":{\"@id\":\"https:\\\/\\\/www.connectwithus.ca\\\/blind-low-vision-early-intervention-program\\\/blind-low-vision-faq\\\/#breadcrumb\"},\"inLanguage\":\"fr-FR\",\"potentialAction\":[{\"@type\":\"ReadAction\",\"target\":[\"https:\\\/\\\/www.connectwithus.ca\\\/blind-low-vision-early-intervention-program\\\/blind-low-vision-faq\\\/\"]}]},{\"@type\":\"BreadcrumbList\",\"@id\":\"https:\\\/\\\/www.connectwithus.ca\\\/blind-low-vision-early-intervention-program\\\/blind-low-vision-faq\\\/#breadcrumb\",\"itemListElement\":[{\"@type\":\"ListItem\",\"position\":1,\"name\":\"Home\",\"item\":\"https:\\\/\\\/www.connectwithus.ca\\\/\"},{\"@type\":\"ListItem\",\"position\":2,\"name\":\"Programme d\u2019intervention pr\u00e9coce aupr\u00e8s des enfants aveugles ou ayant une basse vision\",\"item\":\"https:\\\/\\\/www.connectwithus.ca\\\/blind-low-vision-early-intervention-program\\\/\"},{\"@type\":\"ListItem\",\"position\":3,\"name\":\"FAQ sur la c\u00e9cit\u00e9 et la basse vision\"}]},{\"@type\":\"WebSite\",\"@id\":\"https:\\\/\\\/www.connectwithus.ca\\\/#website\",\"url\":\"https:\\\/\\\/www.connectwithus.ca\\\/\",\"name\":\"Connections Early Years Family Centre\",\"description\":\"Healthy development of families and their children in Windsor-Essex County.\",\"potentialAction\":[{\"@type\":\"SearchAction\",\"target\":{\"@type\":\"EntryPoint\",\"urlTemplate\":\"https:\\\/\\\/www.connectwithus.ca\\\/?s={search_term_string}\"},\"query-input\":{\"@type\":\"PropertyValueSpecification\",\"valueRequired\":true,\"valueName\":\"search_term_string\"}}],\"inLanguage\":\"fr-FR\"}]}<\/script>\n<!-- \/ Yoast SEO plugin. -->","yoast_head_json":{"title":"FAQ sur la c\u00e9cit\u00e9 et la basse vision - Connections Early Years Family Centre","robots":{"index":"index","follow":"follow","max-snippet":"max-snippet:-1","max-image-preview":"max-image-preview:large","max-video-preview":"max-video-preview:-1"},"canonical":"https:\/\/www.connectwithus.ca\/blind-low-vision-early-intervention-program\/blind-low-vision-faq\/","og_locale":"fr_FR","og_type":"article","og_title":"FAQ sur la c\u00e9cit\u00e9 et la basse vision - Connections Early Years Family Centre","og_url":"https:\/\/www.connectwithus.ca\/blind-low-vision-early-intervention-program\/blind-low-vision-faq\/","og_site_name":"Connections Early Years Family Centre","article_modified_time":"2026-02-11T13:36:47+00:00","twitter_card":"summary_large_image","schema":{"@context":"https:\/\/schema.org","@graph":[{"@type":"WebPage","@id":"https:\/\/www.connectwithus.ca\/blind-low-vision-early-intervention-program\/blind-low-vision-faq\/","url":"https:\/\/www.connectwithus.ca\/blind-low-vision-early-intervention-program\/blind-low-vision-faq\/","name":"FAQ sur la c\u00e9cit\u00e9 et la basse vision - Connections Early Years Family Centre","isPartOf":{"@id":"https:\/\/www.connectwithus.ca\/#website"},"datePublished":"2022-05-27T15:22:01+00:00","dateModified":"2026-02-11T13:36:47+00:00","breadcrumb":{"@id":"https:\/\/www.connectwithus.ca\/blind-low-vision-early-intervention-program\/blind-low-vision-faq\/#breadcrumb"},"inLanguage":"fr-FR","potentialAction":[{"@type":"ReadAction","target":["https:\/\/www.connectwithus.ca\/blind-low-vision-early-intervention-program\/blind-low-vision-faq\/"]}]},{"@type":"BreadcrumbList","@id":"https:\/\/www.connectwithus.ca\/blind-low-vision-early-intervention-program\/blind-low-vision-faq\/#breadcrumb","itemListElement":[{"@type":"ListItem","position":1,"name":"Home","item":"https:\/\/www.connectwithus.ca\/"},{"@type":"ListItem","position":2,"name":"Programme d\u2019intervention pr\u00e9coce aupr\u00e8s des enfants aveugles ou ayant une basse vision","item":"https:\/\/www.connectwithus.ca\/blind-low-vision-early-intervention-program\/"},{"@type":"ListItem","position":3,"name":"FAQ sur la c\u00e9cit\u00e9 et la basse vision"}]},{"@type":"WebSite","@id":"https:\/\/www.connectwithus.ca\/#website","url":"https:\/\/www.connectwithus.ca\/","name":"Connections Early Years Family Centre","description":"Healthy development of families and their children in Windsor-Essex County.","potentialAction":[{"@type":"SearchAction","target":{"@type":"EntryPoint","urlTemplate":"https:\/\/www.connectwithus.ca\/?s={search_term_string}"},"query-input":{"@type":"PropertyValueSpecification","valueRequired":true,"valueName":"search_term_string"}}],"inLanguage":"fr-FR"}]}},"_links":{"self":[{"href":"https:\/\/www.connectwithus.ca\/fr\/wp-json\/wp\/v2\/pages\/1597","targetHints":{"allow":["GET"]}}],"collection":[{"href":"https:\/\/www.connectwithus.ca\/fr\/wp-json\/wp\/v2\/pages"}],"about":[{"href":"https:\/\/www.connectwithus.ca\/fr\/wp-json\/wp\/v2\/types\/page"}],"author":[{"embeddable":true,"href":"https:\/\/www.connectwithus.ca\/fr\/wp-json\/wp\/v2\/users\/1"}],"replies":[{"embeddable":true,"href":"https:\/\/www.connectwithus.ca\/fr\/wp-json\/wp\/v2\/comments?post=1597"}],"version-history":[{"count":0,"href":"https:\/\/www.connectwithus.ca\/fr\/wp-json\/wp\/v2\/pages\/1597\/revisions"}],"up":[{"embeddable":true,"href":"https:\/\/www.connectwithus.ca\/fr\/wp-json\/wp\/v2\/pages\/1569"}],"wp:attachment":[{"href":"https:\/\/www.connectwithus.ca\/fr\/wp-json\/wp\/v2\/media?parent=1597"}],"curies":[{"name":"wp","href":"https:\/\/api.w.org\/{rel}","templated":true}]}}