{"id":1578,"date":"2022-09-13T13:40:27","date_gmt":"2022-09-13T17:40:27","guid":{"rendered":"https:\/\/www.connectwithus.ca\/w-e-r-e-c-e\/"},"modified":"2026-02-11T08:37:57","modified_gmt":"2026-02-11T13:37:57","slug":"w-e-r-e-c-e","status":"publish","type":"page","link":"https:\/\/www.connectwithus.ca\/fr\/w-e-r-e-c-e\/","title":{"rendered":"W.E.R.E.C.E."},"content":{"rendered":"<div class=\"et_pb_section_0 et_pb_section et_pb_fullwidth_section et_section_regular et_block_section preset--group--divi-section--divi-spacing--default\"><section class=\"et_pb_fullwidth_header_0 et_pb_fullwidth_header et_pb_bg_layout_light et_pb_text_align_left et_animated et_pb_module et_flex_module preset--group--divi-fullwidth-header--divi-spacing--default preset--group--divi-fullwidth-header--divi-font-body--default preset--module--divi-fullwidth-header--default\"><div class=\"et_pb_fullwidth_header_container left\"><div class=\"header-content-container center\"><div class=\"header-content et_flex_module\"><h2 class=\"et_pb_module_header\">Programmes<\/h2><span class=\"et_pb_fullwidth_header_subhead\">Programme pilote de mentorat W.E.R.E.C.E.<\/span><div class=\"et_pb_header_button_wrapper\"><a class=\"et_pb_button et_pb_more_button et_pb_button_two\" href=\"https:\/\/www.connectwithus.ca\/mentorship-hub\/\" data-icon=\"5\">Hub de mentorat<\/a><\/div><\/div><\/div><\/div><div class=\"et_pb_fullwidth_header_overlay\"><\/div><div class=\"et_pb_fullwidth_header_scroll\"><a class=\"scroll-down-container\" href=\"#\"><span class=\"scroll-down et-pb-icon\">;<\/span><\/a><\/div><\/section><\/div><div class=\"et_pb_section_1 et_pb_section et_section_regular et_block_section preset--group--divi-section--divi-spacing--default\"><div class=\"et_pb_row_0 et_pb_row et_pb_equal_columns et_pb_gutters1 et_block_row et_pb_row_fullwidth preset--group--divi-row--divi-spacing--default\"><div class=\"et_pb_column_0 et_pb_column et_pb_column_1_2 et_block_column et_pb_css_mix_blend_mode_passthrough preset--group--divi-column--divi-spacing--default\"><div class=\"et_pb_cta_0 et_pb_promo et_pb_bg_layout_dark et_pb_module et_block_module preset--group--divi-cta--divi-spacing--default preset--group--divi-cta--divi-font-body--default\"><div class=\"et_pb_promo_description\"><div class=\"et_pb_promo_content\"><p>Le programme de mentorat Windsor-Essex Registered Early Childhood Educators (W.E.R.E.C.E.) est une occasion pour les professionnels de la petite enfance de Windsor-Essex de d\u00e9velopper leurs capacit\u00e9s en tant qu'\u00e9ducateurs gr\u00e2ce au soutien de leurs pairs et \u00e0 des exp\u00e9riences de d\u00e9veloppement professionnel.<\/p>\n<p>Au cours du programme, les participants s'engageront dans un partenariat avec un ou plusieurs professionnels afin d'explorer et d'atteindre leurs objectifs de croissance.<\/p>\n<\/div><\/div><\/div><div class=\"et_pb_cta_1 et_pb_promo et_pb_bg_layout_dark et_pb_module et_block_module preset--group--divi-cta--divi-spacing--default preset--group--divi-cta--divi-font-body--default\"><div class=\"et_pb_promo_description et_multi_view_hidden\"><\/div><\/div><\/div><div class=\"et_pb_column_1 et_pb_column et_pb_column_1_2 et-last-child et_block_column et_pb_column_empty et_pb_css_mix_blend_mode_passthrough preset--group--divi-column--divi-spacing--default\"><\/div><\/div><\/div><div class=\"et_pb_section_2 et_pb_section et_section_regular et_block_section preset--group--divi-section--divi-spacing--default\"><div class=\"et_pb_row_1 et_pb_row et_pb_equal_columns et_block_row preset--group--divi-row--divi-spacing--default\" id=\"eligibility\"><div class=\"et_pb_column_2 et_pb_column et_pb_column_4_4 et-last-child et_block_column et_pb_css_mix_blend_mode_passthrough preset--group--divi-column--divi-spacing--default\"><div class=\"et_pb_text_0 et_pb_text et_pb_bg_layout_light et_pb_module et_block_module preset--group--divi-text--divi-spacing--default preset--group--divi-text--divi-font-body--default preset--module--divi-text--default\"><div class=\"et_pb_text_inner\"><p style=\"text-align: center;\">Le programme de mentorat W.E.R.E.C.E. est soutenu par la strat\u00e9gie de main-d'\u0153uvre du minist\u00e8re de l'\u00c9ducation afin de favoriser le maintien et le recrutement d'une main-d'\u0153uvre de qualit\u00e9 dans le domaine de la garde d'enfants et de la petite enfance. Pour en savoir plus sur les autres initiatives de la Strat\u00e9gie de la main-d'\u0153uvre \u00e0 Windsor-Essex, veuillez consulter le site <a href=\"https:\/\/www.citywindsor.ca\/residents\/socialservices-\/Childrens-Services\/Windsor-Essex-Registered-Early-Childhood-Educators-WERECE\/Pages\/WERECE-Mentoring-Pilot-Program.aspx\">werecewindsoressex.ca<\/a>.<\/p>\n<\/div><\/div><div class=\"et_pb_video_0 et_pb_video et_pb_module et_block_module preset--group--divi-video--divi-spacing--default\"><div class=\"et_pb_video_box\"><iframe title=\"WERECE Mentorship Program\" width=\"1080\" height=\"608\" src=\"https:\/\/www.youtube.com\/embed\/3Cf1tYinqOo?feature=oembed\"  allow=\"accelerometer; autoplay; clipboard-write; encrypted-media; gyroscope; picture-in-picture; web-share\" referrerpolicy=\"strict-origin-when-cross-origin\" allowfullscreen><\/iframe><\/div><\/div><\/div><\/div><\/div><div class=\"et_pb_section_3 et_pb_section et_section_regular et_block_section preset--group--divi-section--divi-spacing--default\"><div class=\"et_pb_row_2 et_pb_row et_block_row preset--group--divi-row--divi-spacing--default\"><div class=\"et_pb_column_3 et_pb_column et_pb_column_4_4 et-last-child et_block_column et_pb_css_mix_blend_mode_passthrough preset--group--divi-column--divi-spacing--default\"><div class=\"et_pb_text_1 et_pb_text et_pb_bg_layout_light et_pb_module et_block_module preset--group--divi-text--divi-spacing--default preset--group--divi-text--divi-font-body--default preset--module--divi-text--default\"><div class=\"et_pb_text_inner\"><h5 style=\"text-align: center;\"><strong>Restez inform\u00e9 !  <\/strong><\/h5>\n<\/div><\/div><\/div><\/div><div class=\"et_pb_row_3 et_pb_row et_pb_equal_columns et_block_row preset--group--divi-row--divi-spacing--default\"><div class=\"et_pb_column_4 et_pb_column et_pb_column_4_4 et-last-child et_block_column et_pb_css_mix_blend_mode_passthrough preset--group--divi-column--divi-spacing--default\"><div class=\"et_pb_text_2 et_pb_text et_pb_bg_layout_light et_pb_module et_block_module preset--group--divi-text--divi-spacing--default preset--group--divi-text--divi-font-body--default preset--module--divi-text--default\"><div class=\"et_pb_text_inner\"><p style=\"text-align: center;\">Suivez le programme de mentorat W.E.R.E.C.E. sur Facebook et Instagram !<\/p>\n<\/div><\/div><ul class=\"et_pb_social_media_follow_0 et_pb_social_media_follow clearfix et_pb_bg_layout_light et_pb_text_align_center et_pb_module et_block_module preset--group--divi-social-media-follow--divi-spacing--default\"><li class=\"et_pb_social_media_follow_network_0 et_pb_social_media_follow_network et_pb_social_icon et_pb_social_network_link et-social-facebook et_pb_module et_flex_module preset--group--divi-social-media-follow-network--divi-spacing--default\"><a href=\"https:\/\/www.facebook.com\/werece.mentorship\" class=\"icon\" target=\"_self\" title=\"Suivre sur Facebook\" rel=\"noopener\"><span class=\"et_pb_social_media_follow_network_name\">Suivre<\/span><\/a><\/li><li class=\"et_pb_social_media_follow_network_1 et_pb_social_media_follow_network et_pb_social_icon et_pb_social_network_link et-social-instagram et_pb_module et_flex_module preset--group--divi-social-media-follow-network--divi-spacing--default\"><a href=\"https:\/\/www.instagram.com\/werece.mentorship\/\" class=\"icon\" target=\"_self\" title=\"Suivre sur Instagram\" rel=\"noopener\"><span class=\"et_pb_social_media_follow_network_name\">Suivre<\/span><\/a><\/li><\/ul><\/div><\/div><div class=\"et_pb_row_4 et_pb_row et_pb_row_4col et_pb_gutters1 et_block_row et_block_row_4col preset--group--divi-row--divi-spacing--default\"><div class=\"et_pb_column_5 et_pb_column et_pb_column_1_4 et_block_column et_pb_css_mix_blend_mode_passthrough preset--group--divi-column--divi-spacing--default\"><div class=\"et_pb_image_0 et_pb_image et_pb_module et_block_module preset--group--divi-image--divi-spacing--default\"><span class=\"et_pb_image_wrap\"><img decoding=\"async\" data-src=\"https:\/\/www.connectwithus.ca\/wp-content\/uploads\/2026\/01\/DSC_1000.jpg\" width=\"1620\" height=\"1080\" data-srcset=\"https:\/\/www.connectwithus.ca\/wp-content\/uploads\/2026\/01\/DSC_1000.jpg 1620w, https:\/\/www.connectwithus.ca\/wp-content\/uploads\/2026\/01\/DSC_1000-1280x853.jpg 1280w, https:\/\/www.connectwithus.ca\/wp-content\/uploads\/2026\/01\/DSC_1000-980x653.jpg 980w, https:\/\/www.connectwithus.ca\/wp-content\/uploads\/2026\/01\/DSC_1000-480x320.jpg 480w\" data-sizes=\"(min-width: 0px) and (max-width: 480px) 480px, (min-width: 481px) and (max-width: 980px) 980px, (min-width: 981px) and (max-width: 1280px) 1280px, (min-width: 1281px) 1620px, 100vw\" class=\"wp-image-239363 lazyload\" title=\"DSC_1000\" src=\"data:image\/svg+xml;base64,PHN2ZyB3aWR0aD0iMSIgaGVpZ2h0PSIxIiB4bWxucz0iaHR0cDovL3d3dy53My5vcmcvMjAwMC9zdmciPjwvc3ZnPg==\" style=\"--smush-placeholder-width: 1620px; --smush-placeholder-aspect-ratio: 1620\/1080;\" \/><\/span><\/div><\/div><div class=\"et_pb_column_6 et_pb_column et_pb_column_1_4 et_block_column et_pb_css_mix_blend_mode_passthrough preset--group--divi-column--divi-spacing--default\"><div class=\"et_pb_image_1 et_pb_image et_pb_module et_block_module preset--group--divi-image--divi-spacing--default\"><span class=\"et_pb_image_wrap\"><img decoding=\"async\" data-src=\"https:\/\/www.connectwithus.ca\/wp-content\/uploads\/2026\/01\/DSC_0387.jpg\" width=\"1620\" height=\"1080\" data-srcset=\"https:\/\/www.connectwithus.ca\/wp-content\/uploads\/2026\/01\/DSC_0387.jpg 1620w, https:\/\/www.connectwithus.ca\/wp-content\/uploads\/2026\/01\/DSC_0387-1280x853.jpg 1280w, https:\/\/www.connectwithus.ca\/wp-content\/uploads\/2026\/01\/DSC_0387-980x653.jpg 980w, https:\/\/www.connectwithus.ca\/wp-content\/uploads\/2026\/01\/DSC_0387-480x320.jpg 480w\" data-sizes=\"(min-width: 0px) and (max-width: 480px) 480px, (min-width: 481px) and (max-width: 980px) 980px, (min-width: 981px) and (max-width: 1280px) 1280px, (min-width: 1281px) 1620px, 100vw\" class=\"wp-image-239367 lazyload\" title=\"DSC_0387\" src=\"data:image\/svg+xml;base64,PHN2ZyB3aWR0aD0iMSIgaGVpZ2h0PSIxIiB4bWxucz0iaHR0cDovL3d3dy53My5vcmcvMjAwMC9zdmciPjwvc3ZnPg==\" style=\"--smush-placeholder-width: 1620px; --smush-placeholder-aspect-ratio: 1620\/1080;\" \/><\/span><\/div><\/div><div class=\"et_pb_column_7 et_pb_column et_pb_column_1_4 et_block_column et_pb_css_mix_blend_mode_passthrough preset--group--divi-column--divi-spacing--default\"><div class=\"et_pb_image_2 et_pb_image et_pb_module et_block_module preset--group--divi-image--divi-spacing--default\"><span class=\"et_pb_image_wrap\"><img decoding=\"async\" data-src=\"https:\/\/www.connectwithus.ca\/wp-content\/uploads\/2026\/01\/DSC_0430.jpg\" width=\"1620\" height=\"1080\" data-srcset=\"https:\/\/www.connectwithus.ca\/wp-content\/uploads\/2026\/01\/DSC_0430.jpg 1620w, https:\/\/www.connectwithus.ca\/wp-content\/uploads\/2026\/01\/DSC_0430-1280x853.jpg 1280w, https:\/\/www.connectwithus.ca\/wp-content\/uploads\/2026\/01\/DSC_0430-980x653.jpg 980w, https:\/\/www.connectwithus.ca\/wp-content\/uploads\/2026\/01\/DSC_0430-480x320.jpg 480w\" data-sizes=\"(min-width: 0px) and (max-width: 480px) 480px, (min-width: 481px) and (max-width: 980px) 980px, (min-width: 981px) and (max-width: 1280px) 1280px, (min-width: 1281px) 1620px, 100vw\" class=\"wp-image-239365 lazyload\" title=\"DSC_0430\" src=\"data:image\/svg+xml;base64,PHN2ZyB3aWR0aD0iMSIgaGVpZ2h0PSIxIiB4bWxucz0iaHR0cDovL3d3dy53My5vcmcvMjAwMC9zdmciPjwvc3ZnPg==\" style=\"--smush-placeholder-width: 1620px; --smush-placeholder-aspect-ratio: 1620\/1080;\" \/><\/span><\/div><\/div><div class=\"et_pb_column_8 et_pb_column et_pb_column_1_4 et-last-child et_block_column et_pb_css_mix_blend_mode_passthrough preset--group--divi-column--divi-spacing--default\"><div class=\"et_pb_image_3 et_pb_image et_pb_module et_block_module preset--group--divi-image--divi-spacing--default\"><span class=\"et_pb_image_wrap\"><img decoding=\"async\" data-src=\"https:\/\/www.connectwithus.ca\/wp-content\/uploads\/2026\/01\/DSC_0410.jpg\" width=\"1620\" height=\"1080\" data-srcset=\"https:\/\/www.connectwithus.ca\/wp-content\/uploads\/2026\/01\/DSC_0410.jpg 1620w, https:\/\/www.connectwithus.ca\/wp-content\/uploads\/2026\/01\/DSC_0410-1280x853.jpg 1280w, https:\/\/www.connectwithus.ca\/wp-content\/uploads\/2026\/01\/DSC_0410-980x653.jpg 980w, https:\/\/www.connectwithus.ca\/wp-content\/uploads\/2026\/01\/DSC_0410-480x320.jpg 480w\" data-sizes=\"(min-width: 0px) and (max-width: 480px) 480px, (min-width: 481px) and (max-width: 980px) 980px, (min-width: 981px) and (max-width: 1280px) 1280px, (min-width: 1281px) 1620px, 100vw\" class=\"wp-image-239372 lazyload\" title=\"DSC_0410\" src=\"data:image\/svg+xml;base64,PHN2ZyB3aWR0aD0iMSIgaGVpZ2h0PSIxIiB4bWxucz0iaHR0cDovL3d3dy53My5vcmcvMjAwMC9zdmciPjwvc3ZnPg==\" style=\"--smush-placeholder-width: 1620px; --smush-placeholder-aspect-ratio: 1620\/1080;\" \/><\/span><\/div><\/div><\/div><div class=\"et_pb_row_5 et_pb_row et_block_row preset--group--divi-row--divi-spacing--default\"><div class=\"et_pb_column_9 et_pb_column et_pb_column_4_4 et-last-child et_block_column et_pb_css_mix_blend_mode_passthrough preset--group--divi-column--divi-spacing--default\"><div class=\"et_pb_image_4 et_pb_image et_pb_module et_block_module preset--group--divi-image--divi-spacing--default\"><span class=\"et_pb_image_wrap\"><img decoding=\"async\" data-src=\"http:\/\/cwustg.wpengine.com\/wp-content\/uploads\/2022\/09\/WERECE-LOGO.png\" title=\"LOGO WERECE\" src=\"data:image\/svg+xml;base64,PHN2ZyB3aWR0aD0iMSIgaGVpZ2h0PSIxIiB4bWxucz0iaHR0cDovL3d3dy53My5vcmcvMjAwMC9zdmciPjwvc3ZnPg==\" class=\"lazyload\" \/><\/span><\/div><\/div><\/div><\/div>","protected":false},"excerpt":{"rendered":"","protected":false},"author":1,"featured_media":0,"parent":0,"menu_order":0,"comment_status":"closed","ping_status":"closed","template":"","meta":{"footnotes":""},"class_list":["post-1578","page","type-page","status-publish","hentry"],"yoast_head":"<!-- This site is optimized with the Yoast SEO plugin v27.3 - https:\/\/yoast.com\/product\/yoast-seo-wordpress\/ -->\n<title>W.E.R.E.C.E. Programme pilote de mentorat - Connections Early Years Family Centre<\/title>\n<meta name=\"description\" content=\"Le programme pilote de mentorat pour les \u00e9ducateurs de la petite enfance agr\u00e9\u00e9s de Windsor-Essex est une occasion r\u00e9mun\u00e9r\u00e9e pour les professionnels de d\u00e9velopper leurs capacit\u00e9s en tant qu&#039;\u00e9ducateurs.\" \/>\n<meta name=\"robots\" content=\"index, follow, max-snippet:-1, max-image-preview:large, max-video-preview:-1\" \/>\n<link rel=\"canonical\" href=\"https:\/\/www.connectwithus.ca\/fr\/w-e-r-e-c-e\/\" \/>\n<meta property=\"og:locale\" content=\"fr_FR\" \/>\n<meta property=\"og:type\" content=\"article\" \/>\n<meta property=\"og:title\" content=\"W.E.R.E.C.E. Programme pilote de mentorat - Connections Early Years Family Centre\" \/>\n<meta property=\"og:description\" content=\"Le programme pilote de mentorat pour les \u00e9ducateurs de la petite enfance agr\u00e9\u00e9s de Windsor-Essex est une occasion r\u00e9mun\u00e9r\u00e9e pour les professionnels de d\u00e9velopper leurs capacit\u00e9s en tant qu&#039;\u00e9ducateurs.\" \/>\n<meta property=\"og:url\" content=\"https:\/\/www.connectwithus.ca\/fr\/w-e-r-e-c-e\/\" \/>\n<meta property=\"og:site_name\" content=\"Connections Early Years Family Centre\" \/>\n<meta property=\"article:modified_time\" content=\"2026-02-11T13:37:57+00:00\" \/>\n<meta name=\"twitter:card\" content=\"summary_large_image\" \/>\n<script type=\"application\/ld+json\" class=\"yoast-schema-graph\">{\"@context\":\"https:\\\/\\\/schema.org\",\"@graph\":[{\"@type\":\"WebPage\",\"@id\":\"https:\\\/\\\/www.connectwithus.ca\\\/fr\\\/w-e-r-e-c-e\\\/\",\"url\":\"https:\\\/\\\/www.connectwithus.ca\\\/fr\\\/w-e-r-e-c-e\\\/\",\"name\":\"W.E.R.E.C.E. Programme pilote de mentorat - Connections Early Years Family Centre\",\"isPartOf\":{\"@id\":\"https:\\\/\\\/www.connectwithus.ca\\\/#website\"},\"datePublished\":\"2022-09-13T17:40:27+00:00\",\"dateModified\":\"2026-02-11T13:37:57+00:00\",\"description\":\"Le programme pilote de mentorat pour les \u00e9ducateurs de la petite enfance agr\u00e9\u00e9s de Windsor-Essex est une occasion r\u00e9mun\u00e9r\u00e9e pour les professionnels de d\u00e9velopper leurs capacit\u00e9s en tant qu'\u00e9ducateurs.\",\"breadcrumb\":{\"@id\":\"https:\\\/\\\/www.connectwithus.ca\\\/fr\\\/w-e-r-e-c-e\\\/#breadcrumb\"},\"inLanguage\":\"fr-FR\",\"potentialAction\":[{\"@type\":\"ReadAction\",\"target\":[\"https:\\\/\\\/www.connectwithus.ca\\\/fr\\\/w-e-r-e-c-e\\\/\"]}]},{\"@type\":\"BreadcrumbList\",\"@id\":\"https:\\\/\\\/www.connectwithus.ca\\\/fr\\\/w-e-r-e-c-e\\\/#breadcrumb\",\"itemListElement\":[{\"@type\":\"ListItem\",\"position\":1,\"name\":\"Home\",\"item\":\"https:\\\/\\\/www.connectwithus.ca\\\/\"},{\"@type\":\"ListItem\",\"position\":2,\"name\":\"W.E.R.E.C.E.\"}]},{\"@type\":\"WebSite\",\"@id\":\"https:\\\/\\\/www.connectwithus.ca\\\/#website\",\"url\":\"https:\\\/\\\/www.connectwithus.ca\\\/\",\"name\":\"Connections Early Years Family Centre\",\"description\":\"Healthy development of families and their children in Windsor-Essex County.\",\"potentialAction\":[{\"@type\":\"SearchAction\",\"target\":{\"@type\":\"EntryPoint\",\"urlTemplate\":\"https:\\\/\\\/www.connectwithus.ca\\\/?s={search_term_string}\"},\"query-input\":{\"@type\":\"PropertyValueSpecification\",\"valueRequired\":true,\"valueName\":\"search_term_string\"}}],\"inLanguage\":\"fr-FR\"}]}<\/script>\n<!-- \/ Yoast SEO plugin. -->","yoast_head_json":{"title":"W.E.R.E.C.E. Programme pilote de mentorat - Connections Early Years Family Centre","description":"Le programme pilote de mentorat pour les \u00e9ducateurs de la petite enfance agr\u00e9\u00e9s de Windsor-Essex est une occasion r\u00e9mun\u00e9r\u00e9e pour les professionnels de d\u00e9velopper leurs capacit\u00e9s en tant qu'\u00e9ducateurs.","robots":{"index":"index","follow":"follow","max-snippet":"max-snippet:-1","max-image-preview":"max-image-preview:large","max-video-preview":"max-video-preview:-1"},"canonical":"https:\/\/www.connectwithus.ca\/fr\/w-e-r-e-c-e\/","og_locale":"fr_FR","og_type":"article","og_title":"W.E.R.E.C.E. Programme pilote de mentorat - Connections Early Years Family Centre","og_description":"Le programme pilote de mentorat pour les \u00e9ducateurs de la petite enfance agr\u00e9\u00e9s de Windsor-Essex est une occasion r\u00e9mun\u00e9r\u00e9e pour les professionnels de d\u00e9velopper leurs capacit\u00e9s en tant qu'\u00e9ducateurs.","og_url":"https:\/\/www.connectwithus.ca\/fr\/w-e-r-e-c-e\/","og_site_name":"Connections Early Years Family Centre","article_modified_time":"2026-02-11T13:37:57+00:00","twitter_card":"summary_large_image","schema":{"@context":"https:\/\/schema.org","@graph":[{"@type":"WebPage","@id":"https:\/\/www.connectwithus.ca\/fr\/w-e-r-e-c-e\/","url":"https:\/\/www.connectwithus.ca\/fr\/w-e-r-e-c-e\/","name":"W.E.R.E.C.E. Programme pilote de mentorat - Connections Early Years Family Centre","isPartOf":{"@id":"https:\/\/www.connectwithus.ca\/#website"},"datePublished":"2022-09-13T17:40:27+00:00","dateModified":"2026-02-11T13:37:57+00:00","description":"Le programme pilote de mentorat pour les \u00e9ducateurs de la petite enfance agr\u00e9\u00e9s de Windsor-Essex est une occasion r\u00e9mun\u00e9r\u00e9e pour les professionnels de d\u00e9velopper leurs capacit\u00e9s en tant qu'\u00e9ducateurs.","breadcrumb":{"@id":"https:\/\/www.connectwithus.ca\/fr\/w-e-r-e-c-e\/#breadcrumb"},"inLanguage":"fr-FR","potentialAction":[{"@type":"ReadAction","target":["https:\/\/www.connectwithus.ca\/fr\/w-e-r-e-c-e\/"]}]},{"@type":"BreadcrumbList","@id":"https:\/\/www.connectwithus.ca\/fr\/w-e-r-e-c-e\/#breadcrumb","itemListElement":[{"@type":"ListItem","position":1,"name":"Home","item":"https:\/\/www.connectwithus.ca\/"},{"@type":"ListItem","position":2,"name":"W.E.R.E.C.E."}]},{"@type":"WebSite","@id":"https:\/\/www.connectwithus.ca\/#website","url":"https:\/\/www.connectwithus.ca\/","name":"Connections Early Years Family Centre","description":"Healthy development of families and their children in Windsor-Essex County.","potentialAction":[{"@type":"SearchAction","target":{"@type":"EntryPoint","urlTemplate":"https:\/\/www.connectwithus.ca\/?s={search_term_string}"},"query-input":{"@type":"PropertyValueSpecification","valueRequired":true,"valueName":"search_term_string"}}],"inLanguage":"fr-FR"}]}},"_links":{"self":[{"href":"https:\/\/www.connectwithus.ca\/fr\/wp-json\/wp\/v2\/pages\/1578","targetHints":{"allow":["GET"]}}],"collection":[{"href":"https:\/\/www.connectwithus.ca\/fr\/wp-json\/wp\/v2\/pages"}],"about":[{"href":"https:\/\/www.connectwithus.ca\/fr\/wp-json\/wp\/v2\/types\/page"}],"author":[{"embeddable":true,"href":"https:\/\/www.connectwithus.ca\/fr\/wp-json\/wp\/v2\/users\/1"}],"replies":[{"embeddable":true,"href":"https:\/\/www.connectwithus.ca\/fr\/wp-json\/wp\/v2\/comments?post=1578"}],"version-history":[{"count":0,"href":"https:\/\/www.connectwithus.ca\/fr\/wp-json\/wp\/v2\/pages\/1578\/revisions"}],"wp:attachment":[{"href":"https:\/\/www.connectwithus.ca\/fr\/wp-json\/wp\/v2\/media?parent=1578"}],"curies":[{"name":"wp","href":"https:\/\/api.w.org\/{rel}","templated":true}]}}