{"id":1576,"date":"2022-06-01T10:47:19","date_gmt":"2022-06-01T14:47:19","guid":{"rendered":"https:\/\/www.connectwithus.ca\/participez\/programme-des-volontaires\/"},"modified":"2026-02-11T08:37:36","modified_gmt":"2026-02-11T13:37:36","slug":"programme-des-volontaires","status":"publish","type":"page","link":"https:\/\/www.connectwithus.ca\/fr\/participez\/programme-des-volontaires\/","title":{"rendered":"Programme des volontaires"},"content":{"rendered":"<div class=\"et_pb_section_0 et_pb_section et_pb_fullwidth_section et_section_regular et_block_section preset--group--divi-section--divi-spacing--default\"><section class=\"et_pb_fullwidth_header_0 et_pb_fullwidth_header et_pb_bg_layout_light et_pb_text_align_left et_pb_module et_flex_module preset--group--divi-fullwidth-header--divi-spacing--default preset--group--divi-fullwidth-header--divi-font-body--default preset--module--divi-fullwidth-header--default\"><div class=\"et_pb_fullwidth_header_container left\"><div class=\"header-content-container center\"><div class=\"header-content et_flex_module\"><h1 class=\"et_pb_module_header\">S'IMPLIQUER<\/h1><span class=\"et_pb_fullwidth_header_subhead\">Programme des volontaires<\/span><div class=\"et_pb_header_button_wrapper\"><a class=\"et_pb_button et_pb_more_button et_pb_button_one\" href=\"https:\/\/www.connectwithus.ca\/get-involved\/volunteer-program\/volunteer-program-application\/\" data-icon=\"5\">Candidature pour devenir b\u00e9n\u00e9vole<\/a><\/div><\/div><\/div><\/div><div class=\"et_pb_fullwidth_header_overlay\"><\/div><div class=\"et_pb_fullwidth_header_scroll\"><a class=\"scroll-down-container\" href=\"#\"><span class=\"scroll-down et-pb-icon\">;<\/span><\/a><\/div><\/section><\/div><div class=\"et_pb_section_1 et_pb_section et_section_regular et_block_section preset--group--divi-section--divi-spacing--default\"><div class=\"et_pb_row_0 et_pb_row et_pb_equal_columns et_pb_gutters1 et_block_row et_pb_row_fullwidth preset--group--divi-row--divi-spacing--default\"><div class=\"et_pb_column_0 et_pb_column et_pb_column_1_2 et_block_column et_pb_css_mix_blend_mode_passthrough preset--group--divi-column--divi-spacing--default\"><div class=\"et_pb_cta_0 et_pb_promo et_pb_bg_layout_dark et_pb_module et_block_module preset--group--divi-cta--divi-spacing--default preset--group--divi-cta--divi-font-body--default\"><div class=\"et_pb_promo_description\"><div class=\"et_pb_promo_content\"><p>Il existe un certain nombre de postes diff\u00e9rents qui peuvent aider les volontaires \u00e0 atteindre leurs objectifs personnels ou professionnels. Nos b\u00e9n\u00e9voles jouent un r\u00f4le essentiel dans le fonctionnement du Centre et les services que nous sommes en mesure de fournir. Sans chacun de nos b\u00e9n\u00e9voles, nous ne serions pas en mesure d'offrir aux communaut\u00e9s que nous servons le niveau d'excellence de nos programmes. En offrant 2 \u00e0 3 heures de votre temps une ou deux fois par semaine, vous pouvez jouer un r\u00f4le essentiel dans le fonctionnement efficace de notre centre.<\/p>\n<p>Merci \u00e0 tous nos b\u00e9n\u00e9voles qui donnent g\u00e9n\u00e9reusement leur temps, leur \u00e9nergie et leurs talents aux programmes que nous proposons.<\/p>\n<p style=\"text-align: center;\"><span style=\"color: #3d3d3d;\"><strong><\/strong><\/span><\/p>\n<\/div><\/div><\/div><div class=\"et_pb_module et_pb_button_module_wrapper et_pb_button_0_wrapper preset--group--divi-button--divi-spacing--default_wrapper preset--module--divi-button--default_wrapper\"><a class=\"et_pb_button_0 et_pb_button et_pb_bg_layout_light et_pb_module et_block_module preset--group--divi-button--divi-spacing--default preset--module--divi-button--default\" href=\"https:\/\/www.connectwithus.ca\/get-involved\/volunteer-program\/volunteer-program-application\/\" data-icon=\"5\">Candidature pour devenir b\u00e9n\u00e9vole<\/a><\/div><\/div><div class=\"et_pb_column_1 et_pb_column et_pb_column_1_2 et-last-child et_block_column et_pb_css_mix_blend_mode_passthrough preset--group--divi-column--divi-spacing--default\"><div class=\"et_pb_text_0 et_pb_text et_pb_bg_layout_light et_pb_module et_block_module et_pb_text_align_center preset--group--divi-text--divi-spacing--default preset--group--divi-text--divi-font-body--default preset--module--divi-text--default\"><div class=\"et_pb_text_inner\"><h2><b>QUE FONT NOS VOLONTAIRES ?<\/b><b><\/b><\/h2>\n<p><span>Regardez les b\u00e9n\u00e9voles de Connections raconter comment leur r\u00f4le soutient directement notre Centre !  <\/span><span><\/span><\/p>\n<p><span><\/span><\/p>\n<p><span><\/span><\/p>\n<\/div><\/div><div class=\"et_pb_video_0 et_pb_video et_pb_module et_block_module preset--group--divi-video--divi-spacing--default\"><div class=\"et_pb_video_box\"><iframe title=\"What do our volunteers do?\" width=\"1080\" height=\"608\" src=\"https:\/\/www.youtube.com\/embed\/PoAzEYYil8g?feature=oembed\"  allow=\"accelerometer; autoplay; clipboard-write; encrypted-media; gyroscope; picture-in-picture; web-share\" referrerpolicy=\"strict-origin-when-cross-origin\" allowfullscreen><\/iframe><\/div><div class=\"et_pb_video_overlay lazyload\" style=\"background-image:inherit\" data-bg-image=\"url(\/\/i.ytimg.com\/vi\/PoAzEYYil8g\/maxresdefault.jpg)\"><div class=\"et_pb_video_overlay_hover\"><a class=\"et_pb_video_play\" href=\"#\"><\/a><\/div><\/div><\/div><\/div><\/div><\/div><div class=\"et_pb_section_2 et_pb_section et_section_regular et_block_section preset--group--divi-section--divi-spacing--default\"><div class=\"et_pb_row_1 et_pb_row et_block_row preset--group--divi-row--divi-spacing--default\"><div class=\"et_pb_column_2 et_pb_column et_pb_column_4_4 et-last-child et_block_column et_pb_css_mix_blend_mode_passthrough preset--group--divi-column--divi-spacing--default\"><div class=\"et_pb_text_1 et_pb_text et_pb_bg_layout_light et_pb_module et_block_module et_pb_text_align_center preset--group--divi-text--divi-spacing--default preset--group--divi-text--divi-font-body--default preset--module--divi-text--default\"><div class=\"et_pb_text_inner\"><h2><strong>Quels sont les postes de b\u00e9n\u00e9voles disponibles ?<\/strong><\/h2>\n<\/div><\/div><\/div><\/div><div class=\"et_pb_row_2 et_pb_row et_pb_row_5col et_pb_equal_columns et_pb_gutters2 et_block_row et_block_row_5col preset--group--divi-row--divi-spacing--default\"><div class=\"et_pb_column_3 et_pb_column et_pb_column_1_5 et_block_column et_pb_css_mix_blend_mode_passthrough preset--group--divi-column--divi-spacing--default\"><div class=\"et_pb_text_2 et_pb_text et_pb_bg_layout_light et_pb_module et_block_module et_pb_text_align_center preset--group--divi-text--divi-spacing--default preset--group--divi-text--divi-font-body--default preset--module--divi-text--default\"><div class=\"et_pb_text_inner\"><h2 style=\"text-align: center;\"><strong>Soutien \u00e0 la garde d'enfants<\/strong><\/h2>\n<p style=\"text-align: center;\">\n<\/div><\/div><\/div><div class=\"et_pb_column_4 et_pb_column et_pb_column_1_5 et_block_column et_pb_css_mix_blend_mode_passthrough preset--group--divi-column--divi-spacing--default\"><div class=\"et_pb_text_3 et_pb_text et_pb_bg_layout_light et_pb_module et_block_module et_pb_text_align_center preset--group--divi-text--divi-spacing--default preset--group--divi-text--divi-font-body--default preset--module--divi-text--default\"><div class=\"et_pb_text_inner\"><h2 style=\"text-align: center;\">B\u00e9n\u00e9vole pour le b\u00e2timent et l'entretien<\/h2>\n<p style=\"text-align: center;\">\n<\/div><\/div><\/div><div class=\"et_pb_column_5 et_pb_column et_pb_column_1_5 et_block_column et_pb_css_mix_blend_mode_passthrough preset--group--divi-column--divi-spacing--default\"><div class=\"et_pb_text_4 et_pb_text et_pb_bg_layout_light et_pb_module et_block_module et_pb_text_align_center preset--group--divi-text--divi-spacing--default preset--group--divi-text--divi-font-body--default preset--module--divi-text--default\"><div class=\"et_pb_text_inner\"><h2 style=\"text-align: center;\"><strong>Soutien pour les visites et les jeux<\/strong><\/h2>\n<p style=\"text-align: center;\">\n<\/div><\/div><\/div><div class=\"et_pb_column_6 et_pb_column et_pb_column_1_5 et_block_column et_pb_css_mix_blend_mode_passthrough preset--group--divi-column--divi-spacing--default\"><div class=\"et_pb_text_5 et_pb_text et_pb_bg_layout_light et_pb_module et_block_module et_pb_text_align_center preset--group--divi-text--divi-spacing--default preset--group--divi-text--divi-font-body--default preset--module--divi-text--default\"><div class=\"et_pb_text_inner\"><h2 style=\"text-align: center;\"><strong>B\u00e9n\u00e9voles pour les \u00e9v\u00e9nements sp\u00e9ciaux \/ t\u00e2ches sp\u00e9ciales<\/strong><\/h2>\n<p style=\"text-align: center;\">\n<\/div><\/div><\/div><div class=\"et_pb_column_7 et_pb_column et_pb_column_1_5 et-last-child et_block_column et_pb_css_mix_blend_mode_passthrough preset--group--divi-column--divi-spacing--default\"><div class=\"et_pb_text_6 et_pb_text et_pb_bg_layout_light et_pb_module et_block_module et_pb_text_align_center preset--group--divi-text--divi-spacing--default preset--group--divi-text--divi-font-body--default preset--module--divi-text--default\"><div class=\"et_pb_text_inner\"><h2 style=\"text-align: center;\"><strong>B\u00e9n\u00e9vole de Talk 2 Me<\/strong><\/h2>\n<p style=\"text-align: center;\">\n<\/div><\/div><\/div><\/div><\/div><div class=\"et_pb_section_3 et_pb_section et_section_regular et_block_section preset--group--divi-section--divi-spacing--default\"><div class=\"et_pb_row_3 et_pb_row et_block_row preset--group--divi-row--divi-spacing--default\"><div class=\"et_pb_column_8 et_pb_column et_pb_column_4_4 et-last-child et_block_column et_pb_css_mix_blend_mode_passthrough preset--group--divi-column--divi-spacing--default\"><div class=\"et_pb_text_7 et_pb_text et_pb_bg_layout_light et_pb_module et_block_module et_pb_text_align_center preset--group--divi-text--divi-spacing--default preset--group--divi-text--divi-font-body--default preset--module--divi-text--default\"><div class=\"et_pb_text_inner\"><h2>Qu'est-ce que le V.E.E.R. ?<\/h2>\n<p style=\"text-align: center;\">Le site<span> <\/span><strong>Volunteer Evaluation and Education Referral (V.E.E.R.)<span> <\/span><\/strong>fournit au b\u00e9n\u00e9vole une \u00e9valuation qui peut \u00eatre utilis\u00e9e \u00e0 des fins personnelles, par exemple pour \u00eatre jointe \u00e0 un curriculum vitae lors d'une recherche d'emploi ou comme r\u00e9f\u00e9rence lors d'une candidature \u00e0 des \u00e9tablissements d'enseignement ou professionnels.<\/p>\n<p style=\"text-align: center;\">\n<p><strong>Nous sommes toujours en train de recruter ! Pour une description compl\u00e8te des postes ou pour en savoir plus sur les possibilit\u00e9s de b\u00e9n\u00e9volat, veuillez contacter le coordinateur des b\u00e9n\u00e9voles au 519.252.9696 ou par courriel \u00e0 <a href=\"mailto:info@connectwithus.ca\">info@connectwithus.ca.<\/a><\/strong><\/p>\n<\/div><\/div><\/div><\/div><\/div>","protected":false},"excerpt":{"rendered":"","protected":false},"author":1,"featured_media":0,"parent":1571,"menu_order":0,"comment_status":"closed","ping_status":"closed","template":"","meta":{"footnotes":""},"class_list":["post-1576","page","type-page","status-publish","hentry"],"yoast_head":"<!-- This site is optimized with the Yoast SEO plugin v27.3 - https:\/\/yoast.com\/product\/yoast-seo-wordpress\/ -->\n<title>Programme des volontaires - Connections Early Years Family Centre<\/title>\n<meta name=\"robots\" content=\"index, follow, max-snippet:-1, max-image-preview:large, max-video-preview:-1\" \/>\n<link rel=\"canonical\" href=\"https:\/\/www.connectwithus.ca\/get-involved\/volunteer-program\/\" \/>\n<meta property=\"og:locale\" content=\"fr_FR\" \/>\n<meta property=\"og:type\" content=\"article\" \/>\n<meta property=\"og:title\" content=\"Programme des volontaires - Connections Early Years Family Centre\" \/>\n<meta property=\"og:url\" content=\"https:\/\/www.connectwithus.ca\/get-involved\/volunteer-program\/\" \/>\n<meta property=\"og:site_name\" content=\"Connections Early Years Family Centre\" \/>\n<meta property=\"article:modified_time\" content=\"2026-02-11T13:37:36+00:00\" \/>\n<meta name=\"twitter:card\" content=\"summary_large_image\" \/>\n<script type=\"application\/ld+json\" class=\"yoast-schema-graph\">{\"@context\":\"https:\\\/\\\/schema.org\",\"@graph\":[{\"@type\":\"WebPage\",\"@id\":\"https:\\\/\\\/www.connectwithus.ca\\\/get-involved\\\/volunteer-program\\\/\",\"url\":\"https:\\\/\\\/www.connectwithus.ca\\\/get-involved\\\/volunteer-program\\\/\",\"name\":\"Programme des volontaires - Connections Early Years Family Centre\",\"isPartOf\":{\"@id\":\"https:\\\/\\\/www.connectwithus.ca\\\/#website\"},\"datePublished\":\"2022-06-01T14:47:19+00:00\",\"dateModified\":\"2026-02-11T13:37:36+00:00\",\"breadcrumb\":{\"@id\":\"https:\\\/\\\/www.connectwithus.ca\\\/get-involved\\\/volunteer-program\\\/#breadcrumb\"},\"inLanguage\":\"fr-FR\",\"potentialAction\":[{\"@type\":\"ReadAction\",\"target\":[\"https:\\\/\\\/www.connectwithus.ca\\\/get-involved\\\/volunteer-program\\\/\"]}]},{\"@type\":\"BreadcrumbList\",\"@id\":\"https:\\\/\\\/www.connectwithus.ca\\\/get-involved\\\/volunteer-program\\\/#breadcrumb\",\"itemListElement\":[{\"@type\":\"ListItem\",\"position\":1,\"name\":\"Home\",\"item\":\"https:\\\/\\\/www.connectwithus.ca\\\/\"},{\"@type\":\"ListItem\",\"position\":2,\"name\":\"Participez\",\"item\":\"https:\\\/\\\/www.connectwithus.ca\\\/get-involved\\\/\"},{\"@type\":\"ListItem\",\"position\":3,\"name\":\"Programme des volontaires\"}]},{\"@type\":\"WebSite\",\"@id\":\"https:\\\/\\\/www.connectwithus.ca\\\/#website\",\"url\":\"https:\\\/\\\/www.connectwithus.ca\\\/\",\"name\":\"Connections Early Years Family Centre\",\"description\":\"Healthy development of families and their children in Windsor-Essex County.\",\"potentialAction\":[{\"@type\":\"SearchAction\",\"target\":{\"@type\":\"EntryPoint\",\"urlTemplate\":\"https:\\\/\\\/www.connectwithus.ca\\\/?s={search_term_string}\"},\"query-input\":{\"@type\":\"PropertyValueSpecification\",\"valueRequired\":true,\"valueName\":\"search_term_string\"}}],\"inLanguage\":\"fr-FR\"}]}<\/script>\n<!-- \/ Yoast SEO plugin. -->","yoast_head_json":{"title":"Programme des volontaires - Connections Early Years Family Centre","robots":{"index":"index","follow":"follow","max-snippet":"max-snippet:-1","max-image-preview":"max-image-preview:large","max-video-preview":"max-video-preview:-1"},"canonical":"https:\/\/www.connectwithus.ca\/get-involved\/volunteer-program\/","og_locale":"fr_FR","og_type":"article","og_title":"Programme des volontaires - Connections Early Years Family Centre","og_url":"https:\/\/www.connectwithus.ca\/get-involved\/volunteer-program\/","og_site_name":"Connections Early Years Family Centre","article_modified_time":"2026-02-11T13:37:36+00:00","twitter_card":"summary_large_image","schema":{"@context":"https:\/\/schema.org","@graph":[{"@type":"WebPage","@id":"https:\/\/www.connectwithus.ca\/get-involved\/volunteer-program\/","url":"https:\/\/www.connectwithus.ca\/get-involved\/volunteer-program\/","name":"Programme des volontaires - Connections Early Years Family Centre","isPartOf":{"@id":"https:\/\/www.connectwithus.ca\/#website"},"datePublished":"2022-06-01T14:47:19+00:00","dateModified":"2026-02-11T13:37:36+00:00","breadcrumb":{"@id":"https:\/\/www.connectwithus.ca\/get-involved\/volunteer-program\/#breadcrumb"},"inLanguage":"fr-FR","potentialAction":[{"@type":"ReadAction","target":["https:\/\/www.connectwithus.ca\/get-involved\/volunteer-program\/"]}]},{"@type":"BreadcrumbList","@id":"https:\/\/www.connectwithus.ca\/get-involved\/volunteer-program\/#breadcrumb","itemListElement":[{"@type":"ListItem","position":1,"name":"Home","item":"https:\/\/www.connectwithus.ca\/"},{"@type":"ListItem","position":2,"name":"Participez","item":"https:\/\/www.connectwithus.ca\/get-involved\/"},{"@type":"ListItem","position":3,"name":"Programme des volontaires"}]},{"@type":"WebSite","@id":"https:\/\/www.connectwithus.ca\/#website","url":"https:\/\/www.connectwithus.ca\/","name":"Connections Early Years Family Centre","description":"Healthy development of families and their children in Windsor-Essex County.","potentialAction":[{"@type":"SearchAction","target":{"@type":"EntryPoint","urlTemplate":"https:\/\/www.connectwithus.ca\/?s={search_term_string}"},"query-input":{"@type":"PropertyValueSpecification","valueRequired":true,"valueName":"search_term_string"}}],"inLanguage":"fr-FR"}]}},"_links":{"self":[{"href":"https:\/\/www.connectwithus.ca\/fr\/wp-json\/wp\/v2\/pages\/1576","targetHints":{"allow":["GET"]}}],"collection":[{"href":"https:\/\/www.connectwithus.ca\/fr\/wp-json\/wp\/v2\/pages"}],"about":[{"href":"https:\/\/www.connectwithus.ca\/fr\/wp-json\/wp\/v2\/types\/page"}],"author":[{"embeddable":true,"href":"https:\/\/www.connectwithus.ca\/fr\/wp-json\/wp\/v2\/users\/1"}],"replies":[{"embeddable":true,"href":"https:\/\/www.connectwithus.ca\/fr\/wp-json\/wp\/v2\/comments?post=1576"}],"version-history":[{"count":0,"href":"https:\/\/www.connectwithus.ca\/fr\/wp-json\/wp\/v2\/pages\/1576\/revisions"}],"up":[{"embeddable":true,"href":"https:\/\/www.connectwithus.ca\/fr\/wp-json\/wp\/v2\/pages\/1571"}],"wp:attachment":[{"href":"https:\/\/www.connectwithus.ca\/fr\/wp-json\/wp\/v2\/media?parent=1576"}],"curies":[{"name":"wp","href":"https:\/\/api.w.org\/{rel}","templated":true}]}}