{"id":1573,"date":"2022-06-01T10:37:24","date_gmt":"2022-06-01T14:37:24","guid":{"rendered":"https:\/\/www.connectwithus.ca\/participez\/placement-des-etudiants\/"},"modified":"2026-02-11T08:37:31","modified_gmt":"2026-02-11T13:37:31","slug":"placement-des-etudiants","status":"publish","type":"page","link":"https:\/\/www.connectwithus.ca\/fr\/participez\/placement-des-etudiants\/","title":{"rendered":"Placement des \u00e9tudiants"},"content":{"rendered":"<div class=\"et_pb_section_0 et_pb_section et_pb_fullwidth_section et_section_regular et_block_section preset--group--divi-section--divi-spacing--default\"><section class=\"et_pb_fullwidth_header_0 et_pb_fullwidth_header et_pb_bg_layout_light et_pb_text_align_left et_animated et_pb_module et_flex_module preset--group--divi-fullwidth-header--divi-spacing--default preset--group--divi-fullwidth-header--divi-font-body--default preset--module--divi-fullwidth-header--default\"><div class=\"et_pb_fullwidth_header_container left\"><div class=\"header-content-container center\"><div class=\"header-content et_flex_module\"><h2 class=\"et_pb_module_header\">S'IMPLIQUER<\/h2><span class=\"et_pb_fullwidth_header_subhead\">Placement des \u00e9tudiants<\/span><div class=\"et_pb_header_button_wrapper\"><\/div><\/div><\/div><\/div><div class=\"et_pb_fullwidth_header_overlay\"><\/div><div class=\"et_pb_fullwidth_header_scroll\"><a class=\"scroll-down-container\" href=\"#\"><span class=\"scroll-down et-pb-icon\">;<\/span><\/a><\/div><\/section><\/div><div class=\"et_pb_section_1 et_pb_section et_section_regular et_block_section preset--group--divi-section--divi-spacing--default\"><div class=\"et_pb_row_0 et_pb_row et_block_row preset--group--divi-row--divi-spacing--default\"><div class=\"et_pb_column_0 et_pb_column et_pb_column_4_4 et-last-child et_block_column et_pb_css_mix_blend_mode_passthrough preset--group--divi-column--divi-spacing--default\"><div class=\"et_pb_text_0 et_pb_text et_pb_bg_layout_light et_pb_module et_block_module preset--group--divi-text--divi-spacing--default preset--group--divi-text--divi-font-body--default preset--module--divi-text--default\"><div class=\"et_pb_text_inner\"><p><strong>Les \u00e9tudiants sont reconnus comme un \u00e9l\u00e9ment pr\u00e9cieux et important qui contribue \u00e0 l'orientation strat\u00e9gique de notre centre.<\/strong><\/p>\n<p>Le Centre familial de la petite enfance Connections s'engage \u00e0 offrir des possibilit\u00e9s d'apprentissage int\u00e9ressantes aux \u00e9tudiants inscrits \u00e0 un large \u00e9ventail de programmes, notamment dans les domaines de l'\u00e9ducation de la petite enfance et de l'orthophonie. Nous pensons que le partenariat avec des \u00e9tablissements d'enseignement contribue \u00e0 renforcer notre organisation et, ce faisant, nous sommes en mesure d'offrir une vari\u00e9t\u00e9 de possibilit\u00e9s de formation permettant aux \u00e9tudiants d'acqu\u00e9rir des connaissances et une exp\u00e9rience importantes. Cette proc\u00e9dure de candidature ne s'adresse pas aux \u00e9tudiants qui souhaitent faire du b\u00e9n\u00e9volat sur leur temps libre, ni aux \u00e9tudiants qui cherchent un travail r\u00e9mun\u00e9r\u00e9.<\/p>\n<p><span><strong><\/strong><\/span><\/p>\n<p><span><strong>Conditions d'admissibilit\u00e9 des \u00e9tudiants :<\/strong><\/span><\/p>\n<ul>\n<li>L'\u00e9tudiant doit \u00eatre inscrit dans un programme coll\u00e9gial ou universitaire qui l'oblige \u00e0 effectuer un certain nombre d'heures dans son domaine d'\u00e9tudes afin d'obtenir son dipl\u00f4me.<\/li>\n<li>L'\u00e9tablissement d'enseignement de l'\u00e9tudiant doit \u00eatre inscrit et en r\u00e8gle aupr\u00e8s du minist\u00e8re de la Formation et des Coll\u00e8ges et Universit\u00e9s de l'Ontario ou de son organisme directeur r\u00e9gional appropri\u00e9.<\/li>\n<li>Pour ceux qui souhaitent suivre une formation dans un domaine r\u00e9glement\u00e9, le programme de dipl\u00f4me ou de grade de l'\u00e9tudiant doit \u00eatre reconnu par un organisme de r\u00e9glementation appropri\u00e9.<\/li>\n<li>R\u00e9alisation d'une v\u00e9rification des r\u00e9f\u00e9rences criminelles<\/li>\n<\/ul>\n<p>&nbsp;<\/p>\n<p style=\"text-align: center;\"><strong>Pour vous renseigner sur les possibilit\u00e9s de placement d'\u00e9tudiants d'universit\u00e9s, de coll\u00e8ges ou d'\u00e9coles secondaires, veuillez contacter notre coordinateur des b\u00e9n\u00e9voles au 519.252.9696 ou par courriel \u00e0 l'<a href=\"mailto:info@connectwithus.ca\">adresse info@connectwithus.ca.<\/a><\/strong><\/p>\n<h4><\/h4>\n<\/div><\/div><\/div><\/div><\/div>","protected":false},"excerpt":{"rendered":"","protected":false},"author":1,"featured_media":0,"parent":1571,"menu_order":0,"comment_status":"closed","ping_status":"closed","template":"","meta":{"footnotes":""},"class_list":["post-1573","page","type-page","status-publish","hentry"],"yoast_head":"<!-- This site is optimized with the Yoast SEO plugin v27.3 - https:\/\/yoast.com\/product\/yoast-seo-wordpress\/ -->\n<title>Placement des \u00e9tudiants - Connections Early Years Family Centre<\/title>\n<meta name=\"robots\" content=\"index, follow, max-snippet:-1, max-image-preview:large, max-video-preview:-1\" \/>\n<link rel=\"canonical\" href=\"https:\/\/www.connectwithus.ca\/get-involved\/student-placement\/\" \/>\n<meta property=\"og:locale\" content=\"fr_FR\" \/>\n<meta property=\"og:type\" content=\"article\" \/>\n<meta property=\"og:title\" content=\"Placement des \u00e9tudiants - Connections Early Years Family Centre\" \/>\n<meta property=\"og:url\" content=\"https:\/\/www.connectwithus.ca\/get-involved\/student-placement\/\" \/>\n<meta property=\"og:site_name\" content=\"Connections Early Years Family Centre\" \/>\n<meta property=\"article:modified_time\" content=\"2026-02-11T13:37:31+00:00\" \/>\n<meta name=\"twitter:card\" content=\"summary_large_image\" \/>\n<script type=\"application\/ld+json\" class=\"yoast-schema-graph\">{\"@context\":\"https:\\\/\\\/schema.org\",\"@graph\":[{\"@type\":\"WebPage\",\"@id\":\"https:\\\/\\\/www.connectwithus.ca\\\/get-involved\\\/student-placement\\\/\",\"url\":\"https:\\\/\\\/www.connectwithus.ca\\\/get-involved\\\/student-placement\\\/\",\"name\":\"Placement des \u00e9tudiants - Connections Early Years Family Centre\",\"isPartOf\":{\"@id\":\"https:\\\/\\\/www.connectwithus.ca\\\/#website\"},\"datePublished\":\"2022-06-01T14:37:24+00:00\",\"dateModified\":\"2026-02-11T13:37:31+00:00\",\"breadcrumb\":{\"@id\":\"https:\\\/\\\/www.connectwithus.ca\\\/get-involved\\\/student-placement\\\/#breadcrumb\"},\"inLanguage\":\"fr-FR\",\"potentialAction\":[{\"@type\":\"ReadAction\",\"target\":[\"https:\\\/\\\/www.connectwithus.ca\\\/get-involved\\\/student-placement\\\/\"]}]},{\"@type\":\"BreadcrumbList\",\"@id\":\"https:\\\/\\\/www.connectwithus.ca\\\/get-involved\\\/student-placement\\\/#breadcrumb\",\"itemListElement\":[{\"@type\":\"ListItem\",\"position\":1,\"name\":\"Home\",\"item\":\"https:\\\/\\\/www.connectwithus.ca\\\/\"},{\"@type\":\"ListItem\",\"position\":2,\"name\":\"Participez\",\"item\":\"https:\\\/\\\/www.connectwithus.ca\\\/get-involved\\\/\"},{\"@type\":\"ListItem\",\"position\":3,\"name\":\"Placement des \u00e9tudiants\"}]},{\"@type\":\"WebSite\",\"@id\":\"https:\\\/\\\/www.connectwithus.ca\\\/#website\",\"url\":\"https:\\\/\\\/www.connectwithus.ca\\\/\",\"name\":\"Connections Early Years Family Centre\",\"description\":\"Healthy development of families and their children in Windsor-Essex County.\",\"potentialAction\":[{\"@type\":\"SearchAction\",\"target\":{\"@type\":\"EntryPoint\",\"urlTemplate\":\"https:\\\/\\\/www.connectwithus.ca\\\/?s={search_term_string}\"},\"query-input\":{\"@type\":\"PropertyValueSpecification\",\"valueRequired\":true,\"valueName\":\"search_term_string\"}}],\"inLanguage\":\"fr-FR\"}]}<\/script>\n<!-- \/ Yoast SEO plugin. -->","yoast_head_json":{"title":"Placement des \u00e9tudiants - Connections Early Years Family Centre","robots":{"index":"index","follow":"follow","max-snippet":"max-snippet:-1","max-image-preview":"max-image-preview:large","max-video-preview":"max-video-preview:-1"},"canonical":"https:\/\/www.connectwithus.ca\/get-involved\/student-placement\/","og_locale":"fr_FR","og_type":"article","og_title":"Placement des \u00e9tudiants - Connections Early Years Family Centre","og_url":"https:\/\/www.connectwithus.ca\/get-involved\/student-placement\/","og_site_name":"Connections Early Years Family Centre","article_modified_time":"2026-02-11T13:37:31+00:00","twitter_card":"summary_large_image","schema":{"@context":"https:\/\/schema.org","@graph":[{"@type":"WebPage","@id":"https:\/\/www.connectwithus.ca\/get-involved\/student-placement\/","url":"https:\/\/www.connectwithus.ca\/get-involved\/student-placement\/","name":"Placement des \u00e9tudiants - Connections Early Years Family Centre","isPartOf":{"@id":"https:\/\/www.connectwithus.ca\/#website"},"datePublished":"2022-06-01T14:37:24+00:00","dateModified":"2026-02-11T13:37:31+00:00","breadcrumb":{"@id":"https:\/\/www.connectwithus.ca\/get-involved\/student-placement\/#breadcrumb"},"inLanguage":"fr-FR","potentialAction":[{"@type":"ReadAction","target":["https:\/\/www.connectwithus.ca\/get-involved\/student-placement\/"]}]},{"@type":"BreadcrumbList","@id":"https:\/\/www.connectwithus.ca\/get-involved\/student-placement\/#breadcrumb","itemListElement":[{"@type":"ListItem","position":1,"name":"Home","item":"https:\/\/www.connectwithus.ca\/"},{"@type":"ListItem","position":2,"name":"Participez","item":"https:\/\/www.connectwithus.ca\/get-involved\/"},{"@type":"ListItem","position":3,"name":"Placement des \u00e9tudiants"}]},{"@type":"WebSite","@id":"https:\/\/www.connectwithus.ca\/#website","url":"https:\/\/www.connectwithus.ca\/","name":"Connections Early Years Family Centre","description":"Healthy development of families and their children in Windsor-Essex County.","potentialAction":[{"@type":"SearchAction","target":{"@type":"EntryPoint","urlTemplate":"https:\/\/www.connectwithus.ca\/?s={search_term_string}"},"query-input":{"@type":"PropertyValueSpecification","valueRequired":true,"valueName":"search_term_string"}}],"inLanguage":"fr-FR"}]}},"_links":{"self":[{"href":"https:\/\/www.connectwithus.ca\/fr\/wp-json\/wp\/v2\/pages\/1573","targetHints":{"allow":["GET"]}}],"collection":[{"href":"https:\/\/www.connectwithus.ca\/fr\/wp-json\/wp\/v2\/pages"}],"about":[{"href":"https:\/\/www.connectwithus.ca\/fr\/wp-json\/wp\/v2\/types\/page"}],"author":[{"embeddable":true,"href":"https:\/\/www.connectwithus.ca\/fr\/wp-json\/wp\/v2\/users\/1"}],"replies":[{"embeddable":true,"href":"https:\/\/www.connectwithus.ca\/fr\/wp-json\/wp\/v2\/comments?post=1573"}],"version-history":[{"count":0,"href":"https:\/\/www.connectwithus.ca\/fr\/wp-json\/wp\/v2\/pages\/1573\/revisions"}],"up":[{"embeddable":true,"href":"https:\/\/www.connectwithus.ca\/fr\/wp-json\/wp\/v2\/pages\/1571"}],"wp:attachment":[{"href":"https:\/\/www.connectwithus.ca\/fr\/wp-json\/wp\/v2\/media?parent=1573"}],"curies":[{"name":"wp","href":"https:\/\/api.w.org\/{rel}","templated":true}]}}