{"id":1572,"date":"2022-05-31T12:13:53","date_gmt":"2022-05-31T16:13:53","guid":{"rendered":"https:\/\/www.connectwithus.ca\/ressources-sur-la-parole-et-le-langage\/"},"modified":"2026-02-11T08:36:55","modified_gmt":"2026-02-11T13:36:55","slug":"ressources-sur-la-parole-et-le-langage","status":"publish","type":"page","link":"https:\/\/www.connectwithus.ca\/fr\/ressources-sur-la-parole-et-le-langage\/","title":{"rendered":"Ressources sur la parole et le langage"},"content":{"rendered":"<div class=\"et_pb_section_0 et_pb_section et_pb_fullwidth_section et_section_regular et_block_section preset--group--divi-section--divi-spacing--default\"><section class=\"et_pb_fullwidth_header_0 et_pb_fullwidth_header et_pb_bg_layout_light et_pb_text_align_left et_animated et_pb_module et_flex_module preset--group--divi-fullwidth-header--divi-spacing--default preset--group--divi-fullwidth-header--divi-font-body--default preset--module--divi-fullwidth-header--default\"><div class=\"et_pb_fullwidth_header_container left\"><div class=\"header-content-container center\"><div class=\"header-content et_flex_module\"><h2 class=\"et_pb_module_header\">familles<\/h2><span class=\"et_pb_fullwidth_header_subhead\">Ressources sur la parole et le langage<\/span><div class=\"et_pb_header_button_wrapper\"><\/div><\/div><\/div><\/div><div class=\"et_pb_fullwidth_header_overlay\"><\/div><div class=\"et_pb_fullwidth_header_scroll\"><a class=\"scroll-down-container\" href=\"#\"><span class=\"scroll-down et-pb-icon\">;<\/span><\/a><\/div><\/section><\/div><div class=\"et_pb_section_1 et_pb_section et_section_regular et_block_section preset--group--divi-section--divi-spacing--default\"><div class=\"et_pb_row_0 et_pb_row et_pb_equal_columns et_block_row preset--group--divi-row--divi-spacing--default\" id=\"eligibility\"><div class=\"et_pb_column_0 et_pb_column et_pb_column_4_4 et-last-child et_block_column et_pb_css_mix_blend_mode_passthrough preset--group--divi-column--divi-spacing--default\"><div class=\"et_pb_icon_0 et_pb_icon et_pb_module et_block_module preset--group--divi-icon--divi-spacing--default\"><span class=\"et_pb_icon_wrap\"><span class=\"et-pb-icon\">\uf075<\/span><\/span><\/div><div class=\"et_pb_cta_0 et_pb_promo et_pb_bg_layout_light et_pb_module et_block_module preset--group--divi-cta--divi-spacing--default preset--group--divi-cta--divi-font-body--default\"><div class=\"et_pb_promo_description\"><h2 class=\"et_pb_module_header\">PDF et brochures<\/h2><\/div><\/div><div class=\"et_pb_accordion_0 et_pb_accordion et_pb_module et_block_module preset--group--divi-accordion--divi-spacing--default preset--group--divi-accordion--divi-font-body--default preset--module--divi-accordion--default\"><div class=\"et_pb_accordion_item_0 et_pb_accordion_item et_pb_toggle et_pb_module et_pb_toggle_open et_block_module preset--group--divi-accordion-item--divi-spacing--default preset--group--divi-accordion-item--divi-font-body--default preset--module--divi-accordion-item--default\"><h5 class=\"et_pb_toggle_title\">Que faire lorsque vous ne comprenez pas le discours d&#039;un enfant ?<\/h5><div class=\"et_pb_toggle_content\"><p>Ouvrez le pdf en anglais <a href=\"https:\/\/www.connectwithus.ca\/wp-content\/uploads\/2023\/05\/What-do-to-when-you-dont-understand-a-childs-speech.pdf\">ici<\/a>.<\/p>\n<p>Ouvrez le pdf en fran\u00e7ais <a href=\"https:\/\/www.connectwithus.ca\/wp-content\/uploads\/2023\/12\/what-to-do-when-you-dont-understand-a-child-revised.pdf\">ici<\/a>.<\/p>\n<\/div><\/div><div class=\"et_pb_accordion_item_1 et_pb_accordion_item et_pb_toggle et_pb_module et_pb_toggle_close et_block_module preset--group--divi-accordion-item--divi-spacing--default preset--group--divi-accordion-item--divi-font-body--default preset--module--divi-accordion-item--default\"><h5 class=\"et_pb_toggle_title\">Les enfants acqui\u00e8rent deux langues<\/h5><div class=\"et_pb_toggle_content\"><p>Ouvrir le pdf en anglais <a href=\"https:\/\/www.connectwithus.ca\/wp-content\/uploads\/2023\/05\/Children-Acquiring-Two-Languages-2012.pdf\">ici<\/a>.<\/p>\n<p>Ouvrez le pdf en fran\u00e7ais <a href=\"https:\/\/www.connectwithus.ca\/wp-content\/uploads\/2023\/12\/Children-Acquiring-Two-Languages-revised.pdf\">ici<\/a>.<\/p>\n<\/div><\/div><div class=\"et_pb_accordion_item_2 et_pb_accordion_item et_pb_toggle et_pb_module et_pb_toggle_close et_block_module preset--group--divi-accordion-item--divi-spacing--default preset--group--divi-accordion-item--divi-font-body--default preset--module--divi-accordion-item--default\"><h5 class=\"et_pb_toggle_title\">Les enfants qui parlent tard<\/h5><div class=\"et_pb_toggle_content\"><p>Ouvrez le pdf en anglais <a href=\"https:\/\/www.connectwithus.ca\/wp-content\/uploads\/2023\/05\/Late-Talker-handout-revised-Aug-2011.pdf\">ici<\/a>.<\/p>\n<p>Ouvrez le pdf en fran\u00e7ais <a href=\"https:\/\/www.connectwithus.ca\/wp-content\/uploads\/2023\/12\/Late-talker-handout-revised.pdf\">ici<\/a>.<\/p>\n<\/div><\/div><div class=\"et_pb_accordion_item_3 et_pb_accordion_item et_pb_toggle et_pb_module et_pb_toggle_close et_block_module preset--group--divi-accordion-item--divi-spacing--default preset--group--divi-accordion-item--divi-font-body--default preset--module--divi-accordion-item--default\"><h5 class=\"et_pb_toggle_title\">Strat\u00e9gies de langage pr\u00e9coce<\/h5><div class=\"et_pb_toggle_content\"><p>Ouvrez le pdf en anglais <a href=\"https:\/\/www.connectwithus.ca\/wp-content\/uploads\/2023\/05\/Early-Language-Strategies.pdf\">ici<\/a>.<\/p>\n<p>Ouvrez le pdf en fran\u00e7ais <a href=\"https:\/\/www.connectwithus.ca\/wp-content\/uploads\/2023\/12\/Early-Language-Strategies-revised.pdf\">ici<\/a>.<\/p>\n<\/div><\/div><div class=\"et_pb_accordion_item_4 et_pb_accordion_item et_pb_toggle et_pb_module et_pb_toggle_close et_block_module preset--group--divi-accordion-item--divi-spacing--default preset--group--divi-accordion-item--divi-font-body--default preset--module--divi-accordion-item--default\"><h5 class=\"et_pb_toggle_title\">Se pr\u00e9parer pour l&#039;\u00e9cole<\/h5><div class=\"et_pb_toggle_content\"><p>Ouvrez le pdf en anglais <a href=\"https:\/\/www.connectwithus.ca\/wp-content\/uploads\/2023\/05\/Getting-Ready-For-School-Apr-2019.pdf\">ici<\/a>.<\/p>\n<p>Ouvrez le pdf en fran\u00e7ais <a href=\"https:\/\/www.connectwithus.ca\/wp-content\/uploads\/2023\/12\/Getting-Ready-For-School-Apr-2019_FRENCH.pdf\">ici<\/a>.<\/p>\n<\/div><\/div><div class=\"et_pb_accordion_item_5 et_pb_accordion_item et_pb_toggle et_pb_module et_pb_toggle_close et_block_module preset--group--divi-accordion-item--divi-spacing--default preset--group--divi-accordion-item--divi-font-body--default preset--module--divi-accordion-item--default\"><h5 class=\"et_pb_toggle_title\">Comment utiliser les strat\u00e9gies de langage pr\u00e9coce \u00e0 la maison<\/h5><div class=\"et_pb_toggle_content\"><p>Ouvrez le pdf en anglais <a href=\"https:\/\/www.connectwithus.ca\/wp-content\/uploads\/2023\/05\/How-to-Use-Early-Language-Strategies-at-Home.pdf\">ici<\/a>.<\/p>\n<p>Ouvrez le pdf en fran\u00e7ais <a href=\"https:\/\/www.connectwithus.ca\/wp-content\/uploads\/2023\/12\/Early-language-strategies-at-home-revised.pdf\">ici<\/a>.<\/p>\n<\/div><\/div><div class=\"et_pb_accordion_item_6 et_pb_accordion_item et_pb_toggle et_pb_module et_pb_toggle_close et_block_module preset--group--divi-accordion-item--divi-spacing--default preset--group--divi-accordion-item--divi-font-body--default preset--module--divi-accordion-item--default\"><h5 class=\"et_pb_toggle_title\">Comptines et jeux de doigts<\/h5><div class=\"et_pb_toggle_content\"><p>Ouvrez le pdf en anglais <a href=\"https:\/\/www.connectwithus.ca\/wp-content\/uploads\/2023\/07\/Nursery-Rhymes-and-Fingerplays.pdf\">ici<\/a>.<\/p>\n<p>Ouvrez le pdf en fran\u00e7ais <a href=\"https:\/\/www.connectwithus.ca\/wp-content\/uploads\/2023\/12\/Nursery-Rhymes-and-Fingerplays-revised.pdf\">ici<\/a>.<\/p>\n<\/div><\/div><div class=\"et_pb_accordion_item_7 et_pb_accordion_item et_pb_toggle et_pb_module et_pb_toggle_close et_block_module preset--group--divi-accordion-item--divi-spacing--default preset--group--divi-accordion-item--divi-font-body--default preset--module--divi-accordion-item--default\"><h5 class=\"et_pb_toggle_title\">Jeux de personnes : Encourager le langage expressif<\/h5><div class=\"et_pb_toggle_content\"><p>Ouvrez le pdf en anglais <a href=\"https:\/\/www.connectwithus.ca\/wp-content\/uploads\/2023\/05\/How-People-Games-Encourage-Language-updated.pdf\">ici<\/a>.<\/p>\n<p>Ouvrez le pdf en fran\u00e7ais <a href=\"https:\/\/www.connectwithus.ca\/wp-content\/uploads\/2023\/12\/How-people-games-encourage-language-revised.pdf\">ici<\/a>.<\/p>\n<\/div><\/div><div class=\"et_pb_accordion_item_8 et_pb_accordion_item et_pb_toggle et_pb_module et_pb_toggle_close et_block_module preset--group--divi-accordion-item--divi-spacing--default preset--group--divi-accordion-item--divi-font-body--default preset--module--divi-accordion-item--default\"><h5 class=\"et_pb_toggle_title\">Tableau des \u00e2ges du son<\/h5><div class=\"et_pb_toggle_content\"><p>Ouvrez le pdf en anglais <a href=\"https:\/\/www.connectwithus.ca\/wp-content\/uploads\/2023\/05\/Sound-Age-Chart.pdf\">ici<\/a>.<\/p>\n<p>Ouvrez le pdf en fran\u00e7ais <a href=\"https:\/\/www.connectwithus.ca\/wp-content\/uploads\/2023\/12\/Speech-Sound-Chart-French-revised.pdf\">ici<\/a>.<\/p>\n<\/div><\/div><div class=\"et_pb_accordion_item_9 et_pb_accordion_item et_pb_toggle et_pb_module et_pb_toggle_close et_block_module preset--group--divi-accordion-item--divi-spacing--default preset--group--divi-accordion-item--divi-font-body--default preset--module--divi-accordion-item--default\"><h5 class=\"et_pb_toggle_title\">Informations sur le temps d&#039;\u00e9cran<\/h5><div class=\"et_pb_toggle_content\"><p>Ouvrez le pdf en anglais <a href=\"https:\/\/www.connectwithus.ca\/wp-content\/uploads\/2023\/05\/Screen-time-handout-updated-May-2-2019.pdf\">ici<\/a>.<\/p>\n<p>Ouvrez le pdf en fran\u00e7ais <a href=\"https:\/\/www.connectwithus.ca\/wp-content\/uploads\/2023\/12\/Screen-Time-Information-revised.pdf\">ici<\/a>.<\/p>\n<\/div><\/div><div class=\"et_pb_accordion_item_10 et_pb_accordion_item et_pb_toggle et_pb_module et_pb_toggle_close et_block_module preset--group--divi-accordion-item--divi-spacing--default preset--group--divi-accordion-item--divi-font-body--default preset--module--divi-accordion-item--default\"><h5 class=\"et_pb_toggle_title\">16 actions avec des objets de 16 mois<\/h5><div class=\"et_pb_toggle_content\"><p>Ouvrir le pdf <a href=\"https:\/\/www.connectwithus.ca\/wp-content\/uploads\/2023\/05\/16-Actions-with-Objects-by-16-Months.pdf\">ici<\/a>.<\/p>\n<\/div><\/div><div class=\"et_pb_accordion_item_11 et_pb_accordion_item et_pb_toggle et_pb_module et_pb_toggle_close et_block_module preset--group--divi-accordion-item--divi-spacing--default preset--group--divi-accordion-item--divi-font-body--default preset--module--divi-accordion-item--default\"><h5 class=\"et_pb_toggle_title\">16 gestes pour 16 mois<\/h5><div class=\"et_pb_toggle_content\"><p>Ouvrir le pdf <a href=\"https:\/\/www.connectwithus.ca\/wp-content\/uploads\/2023\/07\/16-Gestures-16-Months.pdf\">ici<\/a>.<\/p>\n<\/div><\/div><div class=\"et_pb_accordion_item_12 et_pb_accordion_item et_pb_toggle et_pb_module et_pb_toggle_close et_block_module preset--group--divi-accordion-item--divi-spacing--default preset--group--divi-accordion-item--divi-font-body--default preset--module--divi-accordion-item--default\"><h5 class=\"et_pb_toggle_title\">Jalons de l&#039;alphab\u00e9tisation pr\u00e9coce<\/h5><div class=\"et_pb_toggle_content\"><p>Ouvrir le pdf <a href=\"https:\/\/www.connectwithus.ca\/wp-content\/uploads\/2023\/05\/Early-Literacy-Milestones-May-2017.pdf\">ici<\/a>.<\/p>\n<\/div><\/div><div class=\"et_pb_accordion_item_13 et_pb_accordion_item et_pb_toggle et_pb_module et_pb_toggle_close et_block_module preset--group--divi-accordion-item--divi-spacing--default preset--group--divi-accordion-item--divi-font-body--default preset--module--divi-accordion-item--default\"><h5 class=\"et_pb_toggle_title\">Comment trouver un orthophoniste priv\u00e9<\/h5><div class=\"et_pb_toggle_content\"><p>Ouvrir le pdf <a href=\"https:\/\/www.connectwithus.ca\/wp-content\/uploads\/2023\/05\/How-to-Find-SLP-May-2016.pdf\">ici<\/a>.<\/p>\n<\/div><\/div><div class=\"et_pb_accordion_item_14 et_pb_accordion_item et_pb_toggle et_pb_module et_pb_toggle_close et_block_module preset--group--divi-accordion-item--divi-spacing--default preset--group--divi-accordion-item--divi-font-body--default preset--module--divi-accordion-item--default\"><h5 class=\"et_pb_toggle_title\">Suggestions pour favoriser l&#039;arrondi des l\u00e8vres dans la parole<\/h5><div class=\"et_pb_toggle_content\"><p>Ouvrir le pdf <a href=\"https:\/\/www.connectwithus.ca\/wp-content\/uploads\/2023\/05\/Suggestions-to-Promote-Lip-Rounding-.pdf\">ici<\/a>.<\/p>\n<\/div><\/div><div class=\"et_pb_accordion_item_15 et_pb_accordion_item et_pb_toggle et_pb_module et_pb_toggle_close et_block_module preset--group--divi-accordion-item--divi-spacing--default preset--group--divi-accordion-item--divi-font-body--default preset--module--divi-accordion-item--default\"><h5 class=\"et_pb_toggle_title\">Parler pendant le bain<\/h5><div class=\"et_pb_toggle_content\"><p>Ouvrir le pdf <a href=\"https:\/\/www.connectwithus.ca\/wp-content\/uploads\/2023\/05\/Talking-During-Bathtime.pdf\">ici<\/a>.<\/p>\n<\/div><\/div><div class=\"et_pb_accordion_item_16 et_pb_accordion_item et_pb_toggle et_pb_module et_pb_toggle_close et_block_module preset--group--divi-accordion-item--divi-spacing--default preset--group--divi-accordion-item--divi-font-body--default preset--module--divi-accordion-item--default\"><h5 class=\"et_pb_toggle_title\">Parler pendant l&#039;habillage<\/h5><div class=\"et_pb_toggle_content\"><p>Ouvrir le pdf <a href=\"https:\/\/www.connectwithus.ca\/wp-content\/uploads\/2023\/05\/Talking-During-Dressing.pdf\">ici<\/a>.<\/p>\n<\/div><\/div><div class=\"et_pb_accordion_item_17 et_pb_accordion_item et_pb_toggle et_pb_module et_pb_toggle_close et_block_module preset--group--divi-accordion-item--divi-spacing--default preset--group--divi-accordion-item--divi-font-body--default preset--module--divi-accordion-item--default\"><h5 class=\"et_pb_toggle_title\">Parler pendant le repas<\/h5><div class=\"et_pb_toggle_content\"><p>Ouvrir le pdf <a href=\"https:\/\/www.connectwithus.ca\/wp-content\/uploads\/2023\/05\/Talking-During-Mealtime.pdf\">ici<\/a>.<\/p>\n<\/div><\/div><\/div><\/div><\/div><\/div>","protected":false},"excerpt":{"rendered":"","protected":false},"author":1,"featured_media":0,"parent":0,"menu_order":0,"comment_status":"closed","ping_status":"closed","template":"","meta":{"footnotes":""},"class_list":["post-1572","page","type-page","status-publish","hentry"],"yoast_head":"<!-- This site is optimized with the Yoast SEO plugin v27.3 - https:\/\/yoast.com\/product\/yoast-seo-wordpress\/ -->\n<title>Ressources sur la parole et le langage - Connections Early Years Family Centre<\/title>\n<meta name=\"robots\" content=\"index, follow, max-snippet:-1, max-image-preview:large, max-video-preview:-1\" \/>\n<link rel=\"canonical\" href=\"https:\/\/www.connectwithus.ca\/speech-language-resources\/\" \/>\n<meta property=\"og:locale\" content=\"fr_FR\" \/>\n<meta property=\"og:type\" content=\"article\" \/>\n<meta property=\"og:title\" content=\"Ressources sur la parole et le langage - Connections Early Years Family Centre\" \/>\n<meta property=\"og:url\" content=\"https:\/\/www.connectwithus.ca\/speech-language-resources\/\" \/>\n<meta property=\"og:site_name\" content=\"Connections Early Years Family Centre\" \/>\n<meta property=\"article:modified_time\" content=\"2026-02-11T13:36:55+00:00\" \/>\n<meta name=\"twitter:card\" content=\"summary_large_image\" \/>\n<script type=\"application\/ld+json\" class=\"yoast-schema-graph\">{\"@context\":\"https:\\\/\\\/schema.org\",\"@graph\":[{\"@type\":\"WebPage\",\"@id\":\"https:\\\/\\\/www.connectwithus.ca\\\/speech-language-resources\\\/\",\"url\":\"https:\\\/\\\/www.connectwithus.ca\\\/speech-language-resources\\\/\",\"name\":\"Ressources sur la parole et le langage - Connections Early Years Family Centre\",\"isPartOf\":{\"@id\":\"https:\\\/\\\/www.connectwithus.ca\\\/#website\"},\"datePublished\":\"2022-05-31T16:13:53+00:00\",\"dateModified\":\"2026-02-11T13:36:55+00:00\",\"breadcrumb\":{\"@id\":\"https:\\\/\\\/www.connectwithus.ca\\\/speech-language-resources\\\/#breadcrumb\"},\"inLanguage\":\"fr-FR\",\"potentialAction\":[{\"@type\":\"ReadAction\",\"target\":[\"https:\\\/\\\/www.connectwithus.ca\\\/speech-language-resources\\\/\"]}]},{\"@type\":\"BreadcrumbList\",\"@id\":\"https:\\\/\\\/www.connectwithus.ca\\\/speech-language-resources\\\/#breadcrumb\",\"itemListElement\":[{\"@type\":\"ListItem\",\"position\":1,\"name\":\"Home\",\"item\":\"https:\\\/\\\/www.connectwithus.ca\\\/\"},{\"@type\":\"ListItem\",\"position\":2,\"name\":\"Ressources sur la parole et le langage\"}]},{\"@type\":\"WebSite\",\"@id\":\"https:\\\/\\\/www.connectwithus.ca\\\/#website\",\"url\":\"https:\\\/\\\/www.connectwithus.ca\\\/\",\"name\":\"Connections Early Years Family Centre\",\"description\":\"Healthy development of families and their children in Windsor-Essex County.\",\"potentialAction\":[{\"@type\":\"SearchAction\",\"target\":{\"@type\":\"EntryPoint\",\"urlTemplate\":\"https:\\\/\\\/www.connectwithus.ca\\\/?s={search_term_string}\"},\"query-input\":{\"@type\":\"PropertyValueSpecification\",\"valueRequired\":true,\"valueName\":\"search_term_string\"}}],\"inLanguage\":\"fr-FR\"}]}<\/script>\n<!-- \/ Yoast SEO plugin. -->","yoast_head_json":{"title":"Ressources sur la parole et le langage - Connections Early Years Family Centre","robots":{"index":"index","follow":"follow","max-snippet":"max-snippet:-1","max-image-preview":"max-image-preview:large","max-video-preview":"max-video-preview:-1"},"canonical":"https:\/\/www.connectwithus.ca\/speech-language-resources\/","og_locale":"fr_FR","og_type":"article","og_title":"Ressources sur la parole et le langage - Connections Early Years Family Centre","og_url":"https:\/\/www.connectwithus.ca\/speech-language-resources\/","og_site_name":"Connections Early Years Family Centre","article_modified_time":"2026-02-11T13:36:55+00:00","twitter_card":"summary_large_image","schema":{"@context":"https:\/\/schema.org","@graph":[{"@type":"WebPage","@id":"https:\/\/www.connectwithus.ca\/speech-language-resources\/","url":"https:\/\/www.connectwithus.ca\/speech-language-resources\/","name":"Ressources sur la parole et le langage - Connections Early Years Family Centre","isPartOf":{"@id":"https:\/\/www.connectwithus.ca\/#website"},"datePublished":"2022-05-31T16:13:53+00:00","dateModified":"2026-02-11T13:36:55+00:00","breadcrumb":{"@id":"https:\/\/www.connectwithus.ca\/speech-language-resources\/#breadcrumb"},"inLanguage":"fr-FR","potentialAction":[{"@type":"ReadAction","target":["https:\/\/www.connectwithus.ca\/speech-language-resources\/"]}]},{"@type":"BreadcrumbList","@id":"https:\/\/www.connectwithus.ca\/speech-language-resources\/#breadcrumb","itemListElement":[{"@type":"ListItem","position":1,"name":"Home","item":"https:\/\/www.connectwithus.ca\/"},{"@type":"ListItem","position":2,"name":"Ressources sur la parole et le langage"}]},{"@type":"WebSite","@id":"https:\/\/www.connectwithus.ca\/#website","url":"https:\/\/www.connectwithus.ca\/","name":"Connections Early Years Family Centre","description":"Healthy development of families and their children in Windsor-Essex County.","potentialAction":[{"@type":"SearchAction","target":{"@type":"EntryPoint","urlTemplate":"https:\/\/www.connectwithus.ca\/?s={search_term_string}"},"query-input":{"@type":"PropertyValueSpecification","valueRequired":true,"valueName":"search_term_string"}}],"inLanguage":"fr-FR"}]}},"_links":{"self":[{"href":"https:\/\/www.connectwithus.ca\/fr\/wp-json\/wp\/v2\/pages\/1572","targetHints":{"allow":["GET"]}}],"collection":[{"href":"https:\/\/www.connectwithus.ca\/fr\/wp-json\/wp\/v2\/pages"}],"about":[{"href":"https:\/\/www.connectwithus.ca\/fr\/wp-json\/wp\/v2\/types\/page"}],"author":[{"embeddable":true,"href":"https:\/\/www.connectwithus.ca\/fr\/wp-json\/wp\/v2\/users\/1"}],"replies":[{"embeddable":true,"href":"https:\/\/www.connectwithus.ca\/fr\/wp-json\/wp\/v2\/comments?post=1572"}],"version-history":[{"count":0,"href":"https:\/\/www.connectwithus.ca\/fr\/wp-json\/wp\/v2\/pages\/1572\/revisions"}],"wp:attachment":[{"href":"https:\/\/www.connectwithus.ca\/fr\/wp-json\/wp\/v2\/media?parent=1572"}],"curies":[{"name":"wp","href":"https:\/\/api.w.org\/{rel}","templated":true}]}}