{"id":1569,"date":"2022-05-27T10:55:04","date_gmt":"2022-05-27T14:55:04","guid":{"rendered":"https:\/\/www.connectwithus.ca\/programme-dintervention-precoce-pour-les-aveugles-et-les-malvoyants\/"},"modified":"2026-02-11T08:36:41","modified_gmt":"2026-02-11T13:36:41","slug":"programme-dintervention-precoce-pour-les-aveugles-et-les-malvoyants","status":"publish","type":"page","link":"https:\/\/www.connectwithus.ca\/fr\/programme-dintervention-precoce-pour-les-aveugles-et-les-malvoyants\/","title":{"rendered":"Programme d\u2019intervention pr\u00e9coce aupr\u00e8s des enfants aveugles ou ayant une basse vision"},"content":{"rendered":"<div class=\"et_pb_section_0 et_pb_section et_pb_fullwidth_section et_section_regular et_block_section preset--group--divi-section--divi-spacing--default\"><section class=\"et_pb_fullwidth_header_0 et_pb_fullwidth_header et_pb_bg_layout_light et_pb_text_align_left et_animated et_pb_module et_flex_module preset--group--divi-fullwidth-header--divi-spacing--default preset--group--divi-fullwidth-header--divi-font-body--default preset--module--divi-fullwidth-header--default\"><div class=\"et_pb_fullwidth_header_container left\"><div class=\"header-content-container center\"><div class=\"header-content et_flex_module\"><h2 class=\"et_pb_module_header\">Programmes<\/h2><span class=\"et_pb_fullwidth_header_subhead\">Programme d\u2019intervention pr\u00e9coce aupr\u00e8s des enfants aveugles ou ayant une basse vision<\/span><div class=\"et_pb_header_button_wrapper\"><\/div><\/div><\/div><\/div><div class=\"et_pb_fullwidth_header_overlay\"><\/div><div class=\"et_pb_fullwidth_header_scroll\"><a class=\"scroll-down-container\" href=\"#\"><span class=\"scroll-down et-pb-icon\">;<\/span><\/a><\/div><\/section><\/div><div class=\"et_pb_section_1 et_pb_section et_section_regular et_block_section preset--group--divi-section--divi-spacing--default\"><div class=\"et_pb_row_0 et_pb_row et_pb_equal_columns et_pb_gutters1 et_block_row et_pb_row_fullwidth preset--group--divi-row--divi-spacing--default\"><div class=\"et_pb_column_0 et_pb_column et_pb_column_1_2 et_block_column et_pb_css_mix_blend_mode_passthrough preset--group--divi-column--divi-spacing--default\"><div class=\"et_pb_cta_0 et_pb_promo et_pb_bg_layout_dark et_pb_module et_block_module preset--group--divi-cta--divi-spacing--default preset--group--divi-cta--divi-font-body--default\"><div class=\"et_pb_promo_description\"><div class=\"et_pb_promo_content\"><p>Le Programme d\u2019intervention pr\u00e9coce aupr\u00e8s des enfants aveugles ou ayant une basse vision offre des services aux enfants aveugles ou malvoyants et \u00e0 leurs familles dans les r\u00e9gions de Windsor-Essex et de Chatham-Kent. Il est con\u00e7u pour donner aux enfants n\u00e9s aveugles ou malvoyants le meilleur d\u00e9part possible dans la vie.<\/p>\n<\/div><\/div><\/div><\/div><div class=\"et_pb_column_1 et_pb_column et_pb_column_1_2 et-last-child et_block_column et_pb_column_empty et_pb_css_mix_blend_mode_passthrough preset--group--divi-column--divi-spacing--default\"><\/div><\/div><\/div><div class=\"et_pb_section_2 et_pb_section et_section_regular et_block_section preset--group--divi-section--divi-spacing--default\"><div class=\"et_pb_row_1 et_pb_row et_block_row preset--group--divi-row--divi-spacing--default\"><div class=\"et_pb_column_2 et_pb_column et_pb_column_4_4 et-last-child et_block_column et_pb_css_mix_blend_mode_passthrough preset--group--divi-column--divi-spacing--default\"><div class=\"et_pb_text_0 et_pb_text et_pb_bg_layout_light et_pb_module et_block_module preset--group--divi-text--divi-spacing--default preset--group--divi-text--divi-font-body--default preset--module--divi-text--default\"><div class=\"et_pb_text_inner\"><p>Le programme fournit une \u00e9ducation et un soutien aux parents afin qu'ils puissent encourager le d\u00e9veloppement sain de leurs enfants. Les parents apprennent \u00e0 aider leurs enfants \u00e0 d\u00e9velopper les comp\u00e9tences dont ils ont besoin pour les activit\u00e9s quotidiennes \u00e0 la maison et dans les structures d'apprentissage et d'accueil des jeunes enfants.<\/p>\n<p>Un enfant aveugle ou malvoyant court un risque important de rencontrer des difficult\u00e9s dans tous les domaines du d\u00e9veloppement, notamment :<\/p>\n<ul>\n<li><span style=\"font-size: large;\">Communication et langage<\/span><\/li>\n<li><span style=\"font-size: large;\">Motricit\u00e9 fine et globale<\/span><\/li>\n<li><span style=\"font-size: large;\">Compr\u00e9hension et processus de pens\u00e9e<\/span><\/li>\n<li><span style=\"font-size: large;\">Comp\u00e9tences sociales<\/span><\/li>\n<li><span style=\"font-size: large;\">D\u00e9veloppement \u00e9motionnel<\/span><\/li>\n<li><span style=\"font-size: large;\">Auto-assistance<\/span><\/li>\n<\/ul>\n<p style=\"text-align: left;\"><span style=\"font-size: large;\">Lorsqu'un enfant est diagnostiqu\u00e9 comme \u00e9tant aveugle ou malvoyant, un m\u00e9decin, un ophtalmologue, un optom\u00e9triste, un parent ou un soignant peut l'orienter vers le programme local d'intervention pr\u00e9coce pour les aveugles et les malvoyants.  <\/span><\/p>\n<\/div><\/div><div class=\"et_pb_image_0 et_pb_image et_pb_module et_block_module preset--group--divi-image--divi-spacing--default\"><span class=\"et_pb_image_wrap\"><img decoding=\"async\" data-src=\"https:\/\/www.connectwithus.ca\/wp-content\/uploads\/2022\/06\/BLV-2021-square.png\" width=\"387\" height=\"384\" data-srcset=\"https:\/\/www.connectwithus.ca\/wp-content\/uploads\/2022\/06\/BLV-2021-square.png 387w, https:\/\/www.connectwithus.ca\/wp-content\/uploads\/2022\/06\/BLV-2021-square-300x298.png 300w, https:\/\/www.connectwithus.ca\/wp-content\/uploads\/2022\/06\/BLV-2021-square-150x150.png 150w\" data-sizes=\"(max-width: 387px) 100vw, 387px\" class=\"wp-image-1215 lazyload\" title=\"BLV-2021-carr\u00e9\" src=\"data:image\/svg+xml;base64,PHN2ZyB3aWR0aD0iMSIgaGVpZ2h0PSIxIiB4bWxucz0iaHR0cDovL3d3dy53My5vcmcvMjAwMC9zdmciPjwvc3ZnPg==\" style=\"--smush-placeholder-width: 387px; --smush-placeholder-aspect-ratio: 387\/384;\" \/><\/span><\/div><div class=\"et_pb_text_1 et_pb_text et_pb_bg_layout_light et_pb_module et_block_module preset--group--divi-text--divi-spacing--default preset--group--divi-text--divi-font-body--default preset--module--divi-text--default\"><div class=\"et_pb_text_inner\"><div class=\"et_pb_text_inner\">\n<div data-shortcode-id=\"2.0.0.0-1665507754549\" data-quickaccess-editable=\"yes\" class=\"et-fb-popover-tinymce\">\n<div class=\"mce-content-body\" contenteditable=\"true\" style=\"position: relative;\">\n<p style=\"text-align: center;\"><span style=\"font-size: large;\"><strong>Veuillez appeler le <span style=\"color: #44bcdf;\">519.252.0636<\/span> pour faire votre demande.  <\/strong><\/span><\/p>\n<\/div>\n<\/div>\n<\/div>\n<div class=\"et-fb-mousetrap et-fb-mousetrap--module et-fb-mousetrap-move\" style=\"background: 0px center; pointer-events: auto; top: -9.1146px; bottom: 0px;\"><\/div>\n<\/div><\/div><\/div><\/div><div class=\"et_pb_row_2 et_pb_row et_pb_equal_columns et_block_row preset--group--divi-row--divi-spacing--default\" id=\"eligibility\"><div class=\"et_pb_column_3 et_pb_column et_pb_column_1_2 et_block_column et_pb_css_mix_blend_mode_passthrough preset--group--divi-column--divi-spacing--default\"><div class=\"et_pb_icon_0 et_pb_icon et_pb_module et_block_module preset--group--divi-icon--divi-spacing--default\"><span class=\"et_pb_icon_wrap\"><span class=\"et-pb-icon\">\uf004<\/span><\/span><\/div><div class=\"et_pb_cta_1 et_pb_promo et_pb_bg_layout_light et_pb_module et_block_module preset--group--divi-cta--divi-spacing--default preset--group--divi-cta--divi-font-body--default\"><div class=\"et_pb_promo_description\"><h2 class=\"et_pb_module_header\">Soutien aux familles<\/h2><div class=\"et_pb_promo_content\"><p><span>Le programme offre un soutien aux parents lorsque leur enfant a \u00e9t\u00e9 diagnostiqu\u00e9 comme \u00e9tant aveugle ou malvoyant. Ces services sont assur\u00e9s par des assistants familiaux sp\u00e9cialement form\u00e9s \u00e0 l'impact d'une d\u00e9ficience visuelle sur le d\u00e9veloppement de l'enfant.  <\/span><\/p>\n<p>Le travailleur de soutien familial aidera la famille \u00e0 comprendre et \u00e0 faire face aux implications du diagnostic et l'aidera \u00e0 prendre des d\u00e9cisions \u00e9clair\u00e9es sur les services de soutien.<\/p>\n<\/div><\/div><\/div><\/div><div class=\"et_pb_column_4 et_pb_column et_pb_column_1_2 et-last-child et_block_column et_pb_css_mix_blend_mode_passthrough preset--group--divi-column--divi-spacing--default\"><div class=\"et_pb_icon_1 et_pb_icon et_pb_module et_block_module preset--group--divi-icon--divi-spacing--default\"><span class=\"et_pb_icon_wrap\"><span class=\"et-pb-icon\">\uf4ff<\/span><\/span><\/div><div class=\"et_pb_cta_2 et_pb_promo et_pb_bg_layout_light et_pb_module et_block_module preset--group--divi-cta--divi-spacing--default preset--group--divi-cta--divi-font-body--default\"><div class=\"et_pb_promo_description\"><h2 class=\"et_pb_module_header\">Services de consultation<\/h2><div class=\"et_pb_promo_content\"><p>Lorsque votre enfant entre dans une cr\u00e8che ou un centre d'apprentissage pr\u00e9coce, le personnel du programme d'intervention pr\u00e9coce Blind-Low aidera les \u00e9ducateurs de la petite enfance du centre \u00e0 apprendre comment travailler avec votre enfant et lui enseigner.<\/p>\n<\/div><\/div><\/div><\/div><\/div><div class=\"et_pb_row_3 et_pb_row et_pb_equal_columns et_block_row preset--group--divi-row--divi-spacing--default\" id=\"eligibility\"><div class=\"et_pb_column_5 et_pb_column et_pb_column_4_4 et-last-child et_block_column et_pb_css_mix_blend_mode_passthrough preset--group--divi-column--divi-spacing--default\"><div class=\"et_pb_icon_2 et_pb_icon et_pb_module et_block_module preset--group--divi-icon--divi-spacing--default\"><span class=\"et_pb_icon_wrap\"><span class=\"et-pb-icon\">\ue065<\/span><\/span><\/div><div class=\"et_pb_cta_3 et_pb_promo et_pb_bg_layout_light et_pb_module et_block_module preset--group--divi-cta--divi-spacing--default preset--group--divi-cta--divi-font-body--default\"><div class=\"et_pb_promo_description\"><h2 class=\"et_pb_module_header\">Services d'intervention<\/h2><div class=\"et_pb_promo_content\"><p>Pour un enfant atteint de d\u00e9ficience visuelle, le toucher, l'ou\u00efe et l'utilisation de la vision r\u00e9siduelle restante sont d'une importance capitale pour l'apprentissage et le d\u00e9veloppement. Le soutien de professionnels form\u00e9s et comp\u00e9tents dans le domaine de la d\u00e9ficience visuelle est essentiel pour aider l'enfant \u00e0 d\u00e9velopper ces sens au mieux de ses capacit\u00e9s. Les services d'intervention sont fournis au domicile de la famille par des consultants aveugles ou malvoyants sp\u00e9cialement form\u00e9s pour la petite enfance. Le consultant enseigne aux parents comment soutenir le d\u00e9veloppement de leur enfant dans les domaines suivants :<\/p>\n<ul>\n<li style=\"list-style-type: none;\">\n<ul>\n<li style=\"list-style-type: none;\">\n<ul>\n<li style=\"list-style-type: none;\">\n<ul>\n<li style=\"list-style-type: none;\">\n<ul>\n<li>  Mouvement intentionnel (orientation et mobilit\u00e9)<\/li>\n<li>D\u00e9veloppement des capacit\u00e9s motrices (par exemple, rouler, ramper, marcher et utiliser les mains pour manipuler et explorer des objets).<\/li>\n<li>Aptitudes \u00e0 la vie quotidienne (par exemple, manger, s'habiller, aller aux toilettes)<\/li>\n<li>D\u00e9veloppement de concepts (par exemple, identification, fonction et caract\u00e9ristiques des objets)<\/li>\n<li>D\u00e9veloppement social et \u00e9motionnel<\/li>\n<li>Comment tirer le meilleur parti de la vision r\u00e9siduelle<\/li>\n<li>Comment utiliser tous les sens pour favoriser le d\u00e9veloppement<\/li>\n<\/ul>\n<\/li>\n<\/ul>\n<\/li>\n<\/ul>\n<\/li>\n<\/ul>\n<\/li>\n<\/ul>\n<\/div><\/div><\/div><\/div><\/div><\/div><div class=\"et_pb_section_3 et_pb_section et_section_regular et_block_section preset--group--divi-section--divi-spacing--default\"><div class=\"et_pb_row_4 et_pb_row et_pb_row_4col et_pb_equal_columns et_pb_gutters2 et_block_row et_block_row_4col preset--group--divi-row--divi-spacing--default\"><div class=\"et_pb_column_6 et_pb_column et_pb_column_1_4 et_block_column et_pb_css_mix_blend_mode_passthrough preset--group--divi-column--divi-spacing--default\"><div class=\"et_pb_module et_pb_button_module_wrapper et_pb_button_0_wrapper preset--group--divi-button--divi-spacing--default_wrapper preset--module--divi-button--default_wrapper\"><a class=\"et_pb_button_0 et_pb_button et_pb_bg_layout_light et_pb_module et_block_module preset--group--divi-button--divi-spacing--default preset--module--divi-button--default\" href=\"https:\/\/www.connectwithus.ca\/blind-low-vision-early-intervention-program\/\" data-icon=\"5\">Informations sur le programme<\/a><\/div><\/div><div class=\"et_pb_column_7 et_pb_column et_pb_column_1_4 et_block_column et_pb_css_mix_blend_mode_passthrough preset--group--divi-column--divi-spacing--default\"><div class=\"et_pb_module et_pb_button_module_wrapper et_pb_button_1_wrapper preset--group--divi-button--divi-spacing--default_wrapper preset--module--divi-button--default_wrapper\"><a class=\"et_pb_button_1 et_pb_button et_pb_bg_layout_light et_pb_module et_block_module preset--group--divi-button--divi-spacing--default preset--module--divi-button--default\" href=\"https:\/\/www.connectwithus.ca\/blind-low-vision-early-intervention-program\/vision-milestones\/\" data-icon=\"5\">Jalons de la vision<\/a><\/div><\/div><div class=\"et_pb_column_8 et_pb_column et_pb_column_1_4 et_block_column et_pb_css_mix_blend_mode_passthrough preset--group--divi-column--divi-spacing--default\"><div class=\"et_pb_module et_pb_button_module_wrapper et_pb_button_2_wrapper preset--group--divi-button--divi-spacing--default_wrapper preset--module--divi-button--default_wrapper\"><a class=\"et_pb_button_2 et_pb_button et_pb_bg_layout_light et_pb_module et_block_module preset--group--divi-button--divi-spacing--default preset--module--divi-button--default\" href=\"https:\/\/www.connectwithus.ca\/vision-resources\/\" data-icon=\"5\">Ressources pour les aveugles et les malvoyants<\/a><\/div><\/div><div class=\"et_pb_column_9 et_pb_column et_pb_column_1_4 et-last-child et_block_column et_pb_css_mix_blend_mode_passthrough preset--group--divi-column--divi-spacing--default\"><div class=\"et_pb_module et_pb_button_module_wrapper et_pb_button_3_wrapper preset--group--divi-button--divi-spacing--default_wrapper preset--module--divi-button--default_wrapper\"><a class=\"et_pb_button_3 et_pb_button et_pb_bg_layout_light et_pb_module et_block_module preset--group--divi-button--divi-spacing--default preset--module--divi-button--default\" href=\"https:\/\/www.connectwithus.ca\/blind-low-vision-early-intervention-program\/blind-low-vision-faq\/\" data-icon=\"5\">FAQ sur le programme pour les aveugles et les malvoyants<\/a><\/div><\/div><\/div><\/div>","protected":false},"excerpt":{"rendered":"","protected":false},"author":1,"featured_media":0,"parent":0,"menu_order":0,"comment_status":"closed","ping_status":"closed","template":"","meta":{"footnotes":""},"class_list":["post-1569","page","type-page","status-publish","hentry"],"yoast_head":"<!-- This site is optimized with the Yoast SEO plugin v27.3 - https:\/\/yoast.com\/product\/yoast-seo-wordpress\/ -->\n<title>Programme d\u2019intervention pr\u00e9coce aupr\u00e8s des enfants aveugles ou ayant une basse vision - Connections Early Years Family Centre<\/title>\n<meta name=\"description\" content=\"Le programme d&#039;intervention pr\u00e9coce pour les enfants aveugles ou malvoyants offre des services aux enfants aveugles ou malvoyants et \u00e0 leurs familles.\" \/>\n<meta name=\"robots\" content=\"index, follow, max-snippet:-1, max-image-preview:large, max-video-preview:-1\" \/>\n<link rel=\"canonical\" href=\"https:\/\/www.connectwithus.ca\/blind-low-vision-early-intervention-program\/\" \/>\n<meta property=\"og:locale\" content=\"fr_FR\" \/>\n<meta property=\"og:type\" content=\"article\" \/>\n<meta property=\"og:title\" content=\"Programme d\u2019intervention pr\u00e9coce aupr\u00e8s des enfants aveugles ou ayant une basse vision - Connections Early Years Family Centre\" \/>\n<meta property=\"og:description\" content=\"Le programme d&#039;intervention pr\u00e9coce pour les enfants aveugles ou malvoyants offre des services aux enfants aveugles ou malvoyants et \u00e0 leurs familles.\" \/>\n<meta property=\"og:url\" content=\"https:\/\/www.connectwithus.ca\/blind-low-vision-early-intervention-program\/\" \/>\n<meta property=\"og:site_name\" content=\"Connections Early Years Family Centre\" \/>\n<meta property=\"article:modified_time\" content=\"2026-02-11T13:36:41+00:00\" \/>\n<meta name=\"twitter:card\" content=\"summary_large_image\" \/>\n<script type=\"application\/ld+json\" class=\"yoast-schema-graph\">{\"@context\":\"https:\\\/\\\/schema.org\",\"@graph\":[{\"@type\":\"WebPage\",\"@id\":\"https:\\\/\\\/www.connectwithus.ca\\\/blind-low-vision-early-intervention-program\\\/\",\"url\":\"https:\\\/\\\/www.connectwithus.ca\\\/blind-low-vision-early-intervention-program\\\/\",\"name\":\"Programme d\u2019intervention pr\u00e9coce aupr\u00e8s des enfants aveugles ou ayant une basse vision - Connections Early Years Family Centre\",\"isPartOf\":{\"@id\":\"https:\\\/\\\/www.connectwithus.ca\\\/#website\"},\"datePublished\":\"2022-05-27T14:55:04+00:00\",\"dateModified\":\"2026-02-11T13:36:41+00:00\",\"description\":\"Le programme d'intervention pr\u00e9coce pour les enfants aveugles ou malvoyants offre des services aux enfants aveugles ou malvoyants et \u00e0 leurs familles.\",\"breadcrumb\":{\"@id\":\"https:\\\/\\\/www.connectwithus.ca\\\/blind-low-vision-early-intervention-program\\\/#breadcrumb\"},\"inLanguage\":\"fr-FR\",\"potentialAction\":[{\"@type\":\"ReadAction\",\"target\":[\"https:\\\/\\\/www.connectwithus.ca\\\/blind-low-vision-early-intervention-program\\\/\"]}]},{\"@type\":\"BreadcrumbList\",\"@id\":\"https:\\\/\\\/www.connectwithus.ca\\\/blind-low-vision-early-intervention-program\\\/#breadcrumb\",\"itemListElement\":[{\"@type\":\"ListItem\",\"position\":1,\"name\":\"Home\",\"item\":\"https:\\\/\\\/www.connectwithus.ca\\\/\"},{\"@type\":\"ListItem\",\"position\":2,\"name\":\"Programme d\u2019intervention pr\u00e9coce aupr\u00e8s des enfants aveugles ou ayant une basse vision\"}]},{\"@type\":\"WebSite\",\"@id\":\"https:\\\/\\\/www.connectwithus.ca\\\/#website\",\"url\":\"https:\\\/\\\/www.connectwithus.ca\\\/\",\"name\":\"Connections Early Years Family Centre\",\"description\":\"Healthy development of families and their children in Windsor-Essex County.\",\"potentialAction\":[{\"@type\":\"SearchAction\",\"target\":{\"@type\":\"EntryPoint\",\"urlTemplate\":\"https:\\\/\\\/www.connectwithus.ca\\\/?s={search_term_string}\"},\"query-input\":{\"@type\":\"PropertyValueSpecification\",\"valueRequired\":true,\"valueName\":\"search_term_string\"}}],\"inLanguage\":\"fr-FR\"}]}<\/script>\n<!-- \/ Yoast SEO plugin. -->","yoast_head_json":{"title":"Programme d\u2019intervention pr\u00e9coce aupr\u00e8s des enfants aveugles ou ayant une basse vision - Connections Early Years Family Centre","description":"Le programme d'intervention pr\u00e9coce pour les enfants aveugles ou malvoyants offre des services aux enfants aveugles ou malvoyants et \u00e0 leurs familles.","robots":{"index":"index","follow":"follow","max-snippet":"max-snippet:-1","max-image-preview":"max-image-preview:large","max-video-preview":"max-video-preview:-1"},"canonical":"https:\/\/www.connectwithus.ca\/blind-low-vision-early-intervention-program\/","og_locale":"fr_FR","og_type":"article","og_title":"Programme d\u2019intervention pr\u00e9coce aupr\u00e8s des enfants aveugles ou ayant une basse vision - Connections Early Years Family Centre","og_description":"Le programme d'intervention pr\u00e9coce pour les enfants aveugles ou malvoyants offre des services aux enfants aveugles ou malvoyants et \u00e0 leurs familles.","og_url":"https:\/\/www.connectwithus.ca\/blind-low-vision-early-intervention-program\/","og_site_name":"Connections Early Years Family Centre","article_modified_time":"2026-02-11T13:36:41+00:00","twitter_card":"summary_large_image","schema":{"@context":"https:\/\/schema.org","@graph":[{"@type":"WebPage","@id":"https:\/\/www.connectwithus.ca\/blind-low-vision-early-intervention-program\/","url":"https:\/\/www.connectwithus.ca\/blind-low-vision-early-intervention-program\/","name":"Programme d\u2019intervention pr\u00e9coce aupr\u00e8s des enfants aveugles ou ayant une basse vision - Connections Early Years Family Centre","isPartOf":{"@id":"https:\/\/www.connectwithus.ca\/#website"},"datePublished":"2022-05-27T14:55:04+00:00","dateModified":"2026-02-11T13:36:41+00:00","description":"Le programme d'intervention pr\u00e9coce pour les enfants aveugles ou malvoyants offre des services aux enfants aveugles ou malvoyants et \u00e0 leurs familles.","breadcrumb":{"@id":"https:\/\/www.connectwithus.ca\/blind-low-vision-early-intervention-program\/#breadcrumb"},"inLanguage":"fr-FR","potentialAction":[{"@type":"ReadAction","target":["https:\/\/www.connectwithus.ca\/blind-low-vision-early-intervention-program\/"]}]},{"@type":"BreadcrumbList","@id":"https:\/\/www.connectwithus.ca\/blind-low-vision-early-intervention-program\/#breadcrumb","itemListElement":[{"@type":"ListItem","position":1,"name":"Home","item":"https:\/\/www.connectwithus.ca\/"},{"@type":"ListItem","position":2,"name":"Programme d\u2019intervention pr\u00e9coce aupr\u00e8s des enfants aveugles ou ayant une basse vision"}]},{"@type":"WebSite","@id":"https:\/\/www.connectwithus.ca\/#website","url":"https:\/\/www.connectwithus.ca\/","name":"Connections Early Years Family Centre","description":"Healthy development of families and their children in Windsor-Essex County.","potentialAction":[{"@type":"SearchAction","target":{"@type":"EntryPoint","urlTemplate":"https:\/\/www.connectwithus.ca\/?s={search_term_string}"},"query-input":{"@type":"PropertyValueSpecification","valueRequired":true,"valueName":"search_term_string"}}],"inLanguage":"fr-FR"}]}},"_links":{"self":[{"href":"https:\/\/www.connectwithus.ca\/fr\/wp-json\/wp\/v2\/pages\/1569","targetHints":{"allow":["GET"]}}],"collection":[{"href":"https:\/\/www.connectwithus.ca\/fr\/wp-json\/wp\/v2\/pages"}],"about":[{"href":"https:\/\/www.connectwithus.ca\/fr\/wp-json\/wp\/v2\/types\/page"}],"author":[{"embeddable":true,"href":"https:\/\/www.connectwithus.ca\/fr\/wp-json\/wp\/v2\/users\/1"}],"replies":[{"embeddable":true,"href":"https:\/\/www.connectwithus.ca\/fr\/wp-json\/wp\/v2\/comments?post=1569"}],"version-history":[{"count":0,"href":"https:\/\/www.connectwithus.ca\/fr\/wp-json\/wp\/v2\/pages\/1569\/revisions"}],"wp:attachment":[{"href":"https:\/\/www.connectwithus.ca\/fr\/wp-json\/wp\/v2\/media?parent=1569"}],"curies":[{"name":"wp","href":"https:\/\/api.w.org\/{rel}","templated":true}]}}