{"id":1536,"date":"2022-05-31T14:48:07","date_gmt":"2022-05-31T18:48:07","guid":{"rendered":"https:\/\/www.connectwithus.ca\/opportunites-de-carriere\/"},"modified":"2026-02-11T08:37:17","modified_gmt":"2026-02-11T13:37:17","slug":"opportunites-de-carriere","status":"publish","type":"page","link":"https:\/\/www.connectwithus.ca\/fr\/opportunites-de-carriere\/","title":{"rendered":"Opportunit\u00e9s de carri\u00e8re"},"content":{"rendered":"<div class=\"et_pb_section_0 et_pb_section et_pb_fullwidth_section et_section_regular et_block_section preset--group--divi-section--divi-spacing--default\"><section class=\"et_pb_fullwidth_header_0 et_pb_fullwidth_header et_pb_bg_layout_light et_pb_text_align_left et_pb_module et_flex_module preset--group--divi-fullwidth-header--divi-spacing--default preset--group--divi-fullwidth-header--divi-font-body--default preset--module--divi-fullwidth-header--default\"><div class=\"et_pb_fullwidth_header_container left\"><div class=\"header-content-container center\"><div class=\"header-content et_flex_module\"><h1 class=\"et_pb_module_header\">s&#039;impliquer<\/h1><span class=\"et_pb_fullwidth_header_subhead\">Opportunit\u00e9s de carri\u00e8re<\/span><div class=\"et_pb_header_button_wrapper\"><\/div><\/div><\/div><\/div><div class=\"et_pb_fullwidth_header_overlay\"><\/div><div class=\"et_pb_fullwidth_header_scroll\"><a class=\"scroll-down-container\" href=\"#\"><span class=\"scroll-down et-pb-icon\">;<\/span><\/a><\/div><\/section><\/div><div class=\"et_pb_section_1 et_pb_section et_section_regular et_block_section preset--group--divi-section--divi-spacing--default\"><div class=\"et_pb_row_0 et_pb_row et_pb_equal_columns et_block_row preset--group--divi-row--divi-spacing--default\"><div class=\"et_pb_column_0 et_pb_column et_pb_column_4_4 et-last-child et_block_column et_pb_css_mix_blend_mode_passthrough preset--group--divi-column--divi-spacing--default\"><div class=\"et_pb_text_0 et_pb_text et_pb_bg_layout_dark et_pb_module et_block_module preset--group--divi-text--divi-spacing--default preset--group--divi-text--divi-font-body--default preset--module--divi-text--default\"><div class=\"et_pb_text_inner\"><h2>Le Connections Early Years Family Centre est un organisme progressiste ax\u00e9 sur la famille qui offre des services int\u00e9gr\u00e9s de soutien, d'apprentissage, d'identification et d'intervention pr\u00e9coces afin de favoriser le d\u00e9veloppement sain des familles et de leurs enfants de 0 \u00e0 6 ans dans le comt\u00e9 de Windsor-Essex.<\/h2>\n<\/div><\/div><div class=\"et_pb_divider_0 et_pb_divider et_pb_space et_pb_divider_position_top et_pb_module preset--group--divi-divider--divi-spacing--default\"><div class=\"et_pb_divider_internal\"><\/div><\/div><div class=\"et_pb_text_1 et_pb_text et_pb_bg_layout_dark et_pb_module et_block_module preset--group--divi-text--divi-spacing--default preset--group--divi-text--divi-font-body--default preset--module--divi-text--default\"><div class=\"et_pb_text_inner\"><p>Une carri\u00e8re au sein du Centre de la petite enfance et de la famille Connections offre l'occasion de rejoindre une organisation qui s'engage \u00e0 fournir un environnement favorable qui encourage le soutien entre les familles et offre \u00e0 chacun la possibilit\u00e9 de contribuer \u00e0 l'excellence de l'organisation.<\/p>\n<div class=\"su-spacer\"><\/div>\n<p>Les personnes qualifi\u00e9es sont encourag\u00e9es \u00e0 poser leur candidature. Les candidats retenus rejoindront une \u00e9quipe de personnes d\u00e9vou\u00e9es dans un environnement de travail favorable, avec des possibilit\u00e9s de d\u00e9veloppement professionnel continu. Une v\u00e9rification des r\u00e9f\u00e9rences criminelles est requise pour tous les postes.<\/p>\n<div class=\"su-spacer\"><\/div>\n<p>Le Connections Early Years Family Centre s'engage \u00e0 promouvoir l'inclusion, la diversit\u00e9 et le respect de chacun. Nous accueillons et encourageons les candidatures de personnes handicap\u00e9es. Des am\u00e9nagements sont disponibles sur demande pour les candidats qui prennent part \u00e0 tous les aspects du processus de s\u00e9lection.<\/p>\n<div class=\"su-spacer\"><\/div>\n<\/div><\/div><\/div><\/div><\/div>","protected":false},"excerpt":{"rendered":"","protected":false},"author":1,"featured_media":0,"parent":0,"menu_order":0,"comment_status":"closed","ping_status":"closed","template":"","meta":{"footnotes":""},"class_list":["post-1536","page","type-page","status-publish","hentry"],"yoast_head":"<!-- This site is optimized with the Yoast SEO plugin v27.3 - https:\/\/yoast.com\/product\/yoast-seo-wordpress\/ -->\n<title>Opportunit\u00e9s de carri\u00e8re - Connections Early Years Family Centre<\/title>\n<meta name=\"robots\" content=\"index, follow, max-snippet:-1, max-image-preview:large, max-video-preview:-1\" \/>\n<link rel=\"canonical\" href=\"https:\/\/www.connectwithus.ca\/career-opportunities\/\" \/>\n<meta property=\"og:locale\" content=\"fr_FR\" \/>\n<meta property=\"og:type\" content=\"article\" \/>\n<meta property=\"og:title\" content=\"Opportunit\u00e9s de carri\u00e8re - Connections Early Years Family Centre\" \/>\n<meta property=\"og:url\" content=\"https:\/\/www.connectwithus.ca\/career-opportunities\/\" \/>\n<meta property=\"og:site_name\" content=\"Connections Early Years Family Centre\" \/>\n<meta property=\"article:modified_time\" content=\"2026-02-11T13:37:17+00:00\" \/>\n<meta name=\"twitter:card\" content=\"summary_large_image\" \/>\n<script type=\"application\/ld+json\" class=\"yoast-schema-graph\">{\"@context\":\"https:\\\/\\\/schema.org\",\"@graph\":[{\"@type\":\"WebPage\",\"@id\":\"https:\\\/\\\/www.connectwithus.ca\\\/career-opportunities\\\/\",\"url\":\"https:\\\/\\\/www.connectwithus.ca\\\/career-opportunities\\\/\",\"name\":\"Opportunit\u00e9s de carri\u00e8re - Connections Early Years Family Centre\",\"isPartOf\":{\"@id\":\"https:\\\/\\\/www.connectwithus.ca\\\/#website\"},\"datePublished\":\"2022-05-31T18:48:07+00:00\",\"dateModified\":\"2026-02-11T13:37:17+00:00\",\"breadcrumb\":{\"@id\":\"https:\\\/\\\/www.connectwithus.ca\\\/career-opportunities\\\/#breadcrumb\"},\"inLanguage\":\"fr-FR\",\"potentialAction\":[{\"@type\":\"ReadAction\",\"target\":[\"https:\\\/\\\/www.connectwithus.ca\\\/career-opportunities\\\/\"]}]},{\"@type\":\"BreadcrumbList\",\"@id\":\"https:\\\/\\\/www.connectwithus.ca\\\/career-opportunities\\\/#breadcrumb\",\"itemListElement\":[{\"@type\":\"ListItem\",\"position\":1,\"name\":\"Home\",\"item\":\"https:\\\/\\\/www.connectwithus.ca\\\/\"},{\"@type\":\"ListItem\",\"position\":2,\"name\":\"Opportunit\u00e9s de carri\u00e8re\"}]},{\"@type\":\"WebSite\",\"@id\":\"https:\\\/\\\/www.connectwithus.ca\\\/#website\",\"url\":\"https:\\\/\\\/www.connectwithus.ca\\\/\",\"name\":\"Connections Early Years Family Centre\",\"description\":\"Healthy development of families and their children in Windsor-Essex County.\",\"potentialAction\":[{\"@type\":\"SearchAction\",\"target\":{\"@type\":\"EntryPoint\",\"urlTemplate\":\"https:\\\/\\\/www.connectwithus.ca\\\/?s={search_term_string}\"},\"query-input\":{\"@type\":\"PropertyValueSpecification\",\"valueRequired\":true,\"valueName\":\"search_term_string\"}}],\"inLanguage\":\"fr-FR\"}]}<\/script>\n<!-- \/ Yoast SEO plugin. -->","yoast_head_json":{"title":"Opportunit\u00e9s de carri\u00e8re - Connections Early Years Family Centre","robots":{"index":"index","follow":"follow","max-snippet":"max-snippet:-1","max-image-preview":"max-image-preview:large","max-video-preview":"max-video-preview:-1"},"canonical":"https:\/\/www.connectwithus.ca\/career-opportunities\/","og_locale":"fr_FR","og_type":"article","og_title":"Opportunit\u00e9s de carri\u00e8re - Connections Early Years Family Centre","og_url":"https:\/\/www.connectwithus.ca\/career-opportunities\/","og_site_name":"Connections Early Years Family Centre","article_modified_time":"2026-02-11T13:37:17+00:00","twitter_card":"summary_large_image","schema":{"@context":"https:\/\/schema.org","@graph":[{"@type":"WebPage","@id":"https:\/\/www.connectwithus.ca\/career-opportunities\/","url":"https:\/\/www.connectwithus.ca\/career-opportunities\/","name":"Opportunit\u00e9s de carri\u00e8re - Connections Early Years Family Centre","isPartOf":{"@id":"https:\/\/www.connectwithus.ca\/#website"},"datePublished":"2022-05-31T18:48:07+00:00","dateModified":"2026-02-11T13:37:17+00:00","breadcrumb":{"@id":"https:\/\/www.connectwithus.ca\/career-opportunities\/#breadcrumb"},"inLanguage":"fr-FR","potentialAction":[{"@type":"ReadAction","target":["https:\/\/www.connectwithus.ca\/career-opportunities\/"]}]},{"@type":"BreadcrumbList","@id":"https:\/\/www.connectwithus.ca\/career-opportunities\/#breadcrumb","itemListElement":[{"@type":"ListItem","position":1,"name":"Home","item":"https:\/\/www.connectwithus.ca\/"},{"@type":"ListItem","position":2,"name":"Opportunit\u00e9s de carri\u00e8re"}]},{"@type":"WebSite","@id":"https:\/\/www.connectwithus.ca\/#website","url":"https:\/\/www.connectwithus.ca\/","name":"Connections Early Years Family Centre","description":"Healthy development of families and their children in Windsor-Essex County.","potentialAction":[{"@type":"SearchAction","target":{"@type":"EntryPoint","urlTemplate":"https:\/\/www.connectwithus.ca\/?s={search_term_string}"},"query-input":{"@type":"PropertyValueSpecification","valueRequired":true,"valueName":"search_term_string"}}],"inLanguage":"fr-FR"}]}},"_links":{"self":[{"href":"https:\/\/www.connectwithus.ca\/fr\/wp-json\/wp\/v2\/pages\/1536","targetHints":{"allow":["GET"]}}],"collection":[{"href":"https:\/\/www.connectwithus.ca\/fr\/wp-json\/wp\/v2\/pages"}],"about":[{"href":"https:\/\/www.connectwithus.ca\/fr\/wp-json\/wp\/v2\/types\/page"}],"author":[{"embeddable":true,"href":"https:\/\/www.connectwithus.ca\/fr\/wp-json\/wp\/v2\/users\/1"}],"replies":[{"embeddable":true,"href":"https:\/\/www.connectwithus.ca\/fr\/wp-json\/wp\/v2\/comments?post=1536"}],"version-history":[{"count":0,"href":"https:\/\/www.connectwithus.ca\/fr\/wp-json\/wp\/v2\/pages\/1536\/revisions"}],"wp:attachment":[{"href":"https:\/\/www.connectwithus.ca\/fr\/wp-json\/wp\/v2\/media?parent=1536"}],"curies":[{"name":"wp","href":"https:\/\/api.w.org\/{rel}","templated":true}]}}