{"id":1532,"date":"2022-05-31T12:44:19","date_gmt":"2022-05-31T16:44:19","guid":{"rendered":"https:\/\/www.connectwithus.ca\/vision-mission-et-valeurs\/"},"modified":"2026-02-11T08:37:09","modified_gmt":"2026-02-11T13:37:09","slug":"vision-mission-et-valeurs","status":"publish","type":"page","link":"https:\/\/www.connectwithus.ca\/fr\/vision-mission-et-valeurs\/","title":{"rendered":"Vision, mission et valeurs"},"content":{"rendered":"<div class=\"et_pb_section_0 et_pb_section et_pb_fullwidth_section et_section_regular et_block_section preset--group--divi-section--divi-spacing--default\"><section class=\"et_pb_fullwidth_header_0 et_pb_fullwidth_header et_pb_bg_layout_light et_pb_text_align_left et_animated et_pb_module et_flex_module preset--group--divi-fullwidth-header--divi-spacing--default preset--group--divi-fullwidth-header--divi-font-body--default preset--module--divi-fullwidth-header--default\"><div class=\"et_pb_fullwidth_header_container left\"><div class=\"header-content-container center\"><div class=\"header-content et_flex_module\"><h2 class=\"et_pb_module_header\">\u00c0 propos de<\/h2><span class=\"et_pb_fullwidth_header_subhead\">Vision, mission et valeurs<\/span><div class=\"et_pb_header_button_wrapper\"><\/div><\/div><\/div><\/div><div class=\"et_pb_fullwidth_header_overlay\"><\/div><div class=\"et_pb_fullwidth_header_scroll\"><a class=\"scroll-down-container\" href=\"#\"><span class=\"scroll-down et-pb-icon\">;<\/span><\/a><\/div><\/section><\/div><div class=\"et_pb_section_1 et_pb_section et_section_regular et_block_section preset--group--divi-section--divi-spacing--default\"><div class=\"et_pb_row_0 et_pb_row et_pb_equal_columns et_block_row preset--group--divi-row--divi-spacing--default\"><div class=\"et_pb_column_0 et_pb_column et_pb_column_1_3 et_block_column et_pb_css_mix_blend_mode_passthrough preset--group--divi-column--divi-spacing--default\"><div class=\"et_pb_icon_0 et_pb_icon et_pb_module et_block_module preset--group--divi-icon--divi-spacing--default\"><span class=\"et_pb_icon_wrap\"><span class=\"et-pb-icon\">\uf015<\/span><\/span><\/div><div class=\"et_pb_text_0 et_pb_text et_pb_bg_layout_light et_pb_module et_block_module preset--group--divi-text--divi-spacing--default preset--group--divi-text--divi-font-body--default preset--module--divi-text--default\"><div class=\"et_pb_text_inner\"><h3>FAMILLES FORTES<\/h3>\n<\/div><\/div><div class=\"et_pb_divider_0 et_pb_divider et_pb_space et_pb_divider_position_top et_pb_module preset--group--divi-divider--divi-spacing--default\"><div class=\"et_pb_divider_internal\"><\/div><\/div><div class=\"et_pb_text_1 et_pb_text et_pb_bg_layout_light et_pb_module et_block_module et_pb_text_align_center preset--group--divi-text--divi-spacing--default preset--group--divi-text--divi-font-body--default preset--module--divi-text--default\"><div class=\"et_pb_text_inner\"><h2>Vision<\/h2>\n<p><span>Une communaut\u00e9 de familles fortes et connect\u00e9es qui s'engagent \u00e0 \u00e9lever leurs jeunes enfants (de 0 \u00e0 6 ans) pour qu'ils atteignent leur plein potentiel. <\/span><span>(de 0 \u00e0 6 ans) pour qu'ils atteignent leur plein potentiel.<\/span><\/p>\n<\/div><\/div><\/div><div class=\"et_pb_column_1 et_pb_column et_pb_column_1_3 et_block_column et_pb_css_mix_blend_mode_passthrough preset--group--divi-column--divi-spacing--default\"><div class=\"et_pb_icon_1 et_pb_icon et_pb_module et_block_module preset--group--divi-icon--divi-spacing--default\"><span class=\"et_pb_icon_wrap\"><span class=\"et-pb-icon\">\uf004<\/span><\/span><\/div><div class=\"et_pb_text_2 et_pb_text et_pb_bg_layout_light et_pb_module et_block_module preset--group--divi-text--divi-spacing--default preset--group--divi-text--divi-font-body--default preset--module--divi-text--default\"><div class=\"et_pb_text_inner\"><h3>Support + Services<\/h3>\n<\/div><\/div><div class=\"et_pb_divider_1 et_pb_divider et_pb_space et_pb_divider_position_top et_pb_module preset--group--divi-divider--divi-spacing--default\"><div class=\"et_pb_divider_internal\"><\/div><\/div><div class=\"et_pb_text_3 et_pb_text et_pb_bg_layout_light et_pb_module et_block_module et_pb_text_align_center preset--group--divi-text--divi-spacing--default preset--group--divi-text--divi-font-body--default preset--module--divi-text--default\"><div class=\"et_pb_text_inner\"><h2>Pourquoi<\/h2>\n<p><span>Les familles avec de jeunes enfants (de 0 \u00e0 6 ans) s'\u00e9panouissent dans un environnement qui fournit des informations, un soutien et des services int\u00e9gr\u00e9s.  <\/span><\/p>\n<\/div><\/div><\/div><div class=\"et_pb_column_2 et_pb_column et_pb_column_1_3 et-last-child et_block_column et_pb_css_mix_blend_mode_passthrough preset--group--divi-column--divi-spacing--default\"><div class=\"et_pb_icon_2 et_pb_icon et_pb_module et_block_module preset--group--divi-icon--divi-spacing--default\"><span class=\"et_pb_icon_wrap\"><span class=\"et-pb-icon\">\uf02e<\/span><\/span><\/div><div class=\"et_pb_text_4 et_pb_text et_pb_bg_layout_light et_pb_module et_block_module preset--group--divi-text--divi-spacing--default preset--group--divi-text--divi-font-body--default preset--module--divi-text--default\"><div class=\"et_pb_text_inner\"><h3>Apprentissage sain<\/h3>\n<\/div><\/div><div class=\"et_pb_divider_2 et_pb_divider et_pb_space et_pb_divider_position_top et_pb_module preset--group--divi-divider--divi-spacing--default\"><div class=\"et_pb_divider_internal\"><\/div><\/div><div class=\"et_pb_text_5 et_pb_text et_pb_bg_layout_light et_pb_module et_block_module et_pb_text_align_center preset--group--divi-text--divi-spacing--default preset--group--divi-text--divi-font-body--default preset--module--divi-text--default\"><div class=\"et_pb_text_inner\"><h2>Mission<\/h2>\n<p><span>Fournir un soutien, des ressources et des services individualis\u00e9s pour promouvoir l'apprentissage pr\u00e9coce et le d\u00e9veloppement sain des familles et de leurs jeunes enfants (de 0 \u00e0 6 ans).  <\/span><\/p>\n<\/div><\/div><\/div><\/div><div class=\"et_pb_row_1 et_pb_row et_block_row preset--group--divi-row--divi-spacing--default\"><div class=\"et_pb_column_3 et_pb_column et_pb_column_4_4 et-last-child et_block_column et_pb_css_mix_blend_mode_passthrough preset--group--divi-column--divi-spacing--default\"><div class=\"et_pb_text_6 et_pb_text et_pb_bg_layout_light et_pb_module et_block_module preset--group--divi-text--divi-spacing--default preset--group--divi-text--divi-font-body--default preset--module--divi-text--default\"><div class=\"et_pb_text_inner\"><h2 style=\"text-align: center;\">Valeurs<\/h2>\n<p><strong>Ax\u00e9 sur la famille :<\/strong> Les familles re\u00e7oivent des services personnalis\u00e9s, collaborent avec le personnel, s'engagent aupr\u00e8s d'autres familles et font partie d'un r\u00e9seau de soutien.<\/p>\n<p><strong>Inclusif :<\/strong> Nous reconnaissons les forces individuelles, respectons les opinions et honorons la diversit\u00e9 dans un espace accueillant et accessible.<\/p>\n<p><strong>R\u00e9actifs :<\/strong> Nos services de pr\u00e9vention, d'identification pr\u00e9coce et d'intervention refl\u00e8tent et \u00e9voluent en fonction des besoins de la famille.<\/p>\n<p><strong>Progressiste :<\/strong> Nous visons \u00e0 diriger, innover et d\u00e9fendre les familles dans notre communaut\u00e9 et au-del\u00e0.<\/p>\n<p><strong>Int\u00e9grit\u00e9 :<\/strong> Nos valeurs se manifestent dans notre travail quotidien et nous nous en tenons \u00e9thiquement responsables.<\/p>\n<p><strong>Partenariats :<\/strong> Nous cr\u00e9ons des liens avec d'autres organismes communautaires pour aider les familles \u00e0 acc\u00e9der aux services dont elles ont besoin et pour maximiser les ressources \u00e0 leur disposition.<\/p>\n<p>&nbsp;<\/p>\n<\/div><\/div><\/div><\/div><\/div>","protected":false},"excerpt":{"rendered":"","protected":false},"author":1,"featured_media":0,"parent":0,"menu_order":0,"comment_status":"closed","ping_status":"closed","template":"","meta":{"footnotes":""},"class_list":["post-1532","page","type-page","status-publish","hentry"],"yoast_head":"<!-- This site is optimized with the Yoast SEO plugin v27.3 - https:\/\/yoast.com\/product\/yoast-seo-wordpress\/ -->\n<title>Vision, mission et valeurs - Connections Early Years Family Centre<\/title>\n<meta name=\"description\" content=\"Une communaut\u00e9 de familles fortes et connect\u00e9es qui s&#039;engagent \u00e0 \u00e9lever leurs jeunes enfants (de 0 \u00e0 6 ans) pour qu&#039;ils atteignent leur plein potentiel.\" \/>\n<meta name=\"robots\" content=\"index, follow, max-snippet:-1, max-image-preview:large, max-video-preview:-1\" \/>\n<link rel=\"canonical\" href=\"https:\/\/www.connectwithus.ca\/vision-mission-values-2\/\" \/>\n<meta property=\"og:locale\" content=\"fr_FR\" \/>\n<meta property=\"og:type\" content=\"article\" \/>\n<meta property=\"og:title\" content=\"Vision, mission et valeurs - Connections Early Years Family Centre\" \/>\n<meta property=\"og:description\" content=\"Une communaut\u00e9 de familles fortes et connect\u00e9es qui s&#039;engagent \u00e0 \u00e9lever leurs jeunes enfants (de 0 \u00e0 6 ans) pour qu&#039;ils atteignent leur plein potentiel.\" \/>\n<meta property=\"og:url\" content=\"https:\/\/www.connectwithus.ca\/vision-mission-values-2\/\" \/>\n<meta property=\"og:site_name\" content=\"Connections Early Years Family Centre\" \/>\n<meta property=\"article:modified_time\" content=\"2026-02-11T13:37:09+00:00\" \/>\n<meta name=\"twitter:card\" content=\"summary_large_image\" \/>\n<script type=\"application\/ld+json\" class=\"yoast-schema-graph\">{\"@context\":\"https:\\\/\\\/schema.org\",\"@graph\":[{\"@type\":\"WebPage\",\"@id\":\"https:\\\/\\\/www.connectwithus.ca\\\/vision-mission-values-2\\\/\",\"url\":\"https:\\\/\\\/www.connectwithus.ca\\\/vision-mission-values-2\\\/\",\"name\":\"Vision, mission et valeurs - Connections Early Years Family Centre\",\"isPartOf\":{\"@id\":\"https:\\\/\\\/www.connectwithus.ca\\\/#website\"},\"datePublished\":\"2022-05-31T16:44:19+00:00\",\"dateModified\":\"2026-02-11T13:37:09+00:00\",\"description\":\"Une communaut\u00e9 de familles fortes et connect\u00e9es qui s'engagent \u00e0 \u00e9lever leurs jeunes enfants (de 0 \u00e0 6 ans) pour qu'ils atteignent leur plein potentiel.\",\"breadcrumb\":{\"@id\":\"https:\\\/\\\/www.connectwithus.ca\\\/vision-mission-values-2\\\/#breadcrumb\"},\"inLanguage\":\"fr-FR\",\"potentialAction\":[{\"@type\":\"ReadAction\",\"target\":[\"https:\\\/\\\/www.connectwithus.ca\\\/vision-mission-values-2\\\/\"]}]},{\"@type\":\"BreadcrumbList\",\"@id\":\"https:\\\/\\\/www.connectwithus.ca\\\/vision-mission-values-2\\\/#breadcrumb\",\"itemListElement\":[{\"@type\":\"ListItem\",\"position\":1,\"name\":\"Home\",\"item\":\"https:\\\/\\\/www.connectwithus.ca\\\/\"},{\"@type\":\"ListItem\",\"position\":2,\"name\":\"Vision, mission et valeurs\"}]},{\"@type\":\"WebSite\",\"@id\":\"https:\\\/\\\/www.connectwithus.ca\\\/#website\",\"url\":\"https:\\\/\\\/www.connectwithus.ca\\\/\",\"name\":\"Connections Early Years Family Centre\",\"description\":\"Healthy development of families and their children in Windsor-Essex County.\",\"potentialAction\":[{\"@type\":\"SearchAction\",\"target\":{\"@type\":\"EntryPoint\",\"urlTemplate\":\"https:\\\/\\\/www.connectwithus.ca\\\/?s={search_term_string}\"},\"query-input\":{\"@type\":\"PropertyValueSpecification\",\"valueRequired\":true,\"valueName\":\"search_term_string\"}}],\"inLanguage\":\"fr-FR\"}]}<\/script>\n<!-- \/ Yoast SEO plugin. -->","yoast_head_json":{"title":"Vision, mission et valeurs - Connections Early Years Family Centre","description":"Une communaut\u00e9 de familles fortes et connect\u00e9es qui s'engagent \u00e0 \u00e9lever leurs jeunes enfants (de 0 \u00e0 6 ans) pour qu'ils atteignent leur plein potentiel.","robots":{"index":"index","follow":"follow","max-snippet":"max-snippet:-1","max-image-preview":"max-image-preview:large","max-video-preview":"max-video-preview:-1"},"canonical":"https:\/\/www.connectwithus.ca\/vision-mission-values-2\/","og_locale":"fr_FR","og_type":"article","og_title":"Vision, mission et valeurs - Connections Early Years Family Centre","og_description":"Une communaut\u00e9 de familles fortes et connect\u00e9es qui s'engagent \u00e0 \u00e9lever leurs jeunes enfants (de 0 \u00e0 6 ans) pour qu'ils atteignent leur plein potentiel.","og_url":"https:\/\/www.connectwithus.ca\/vision-mission-values-2\/","og_site_name":"Connections Early Years Family Centre","article_modified_time":"2026-02-11T13:37:09+00:00","twitter_card":"summary_large_image","schema":{"@context":"https:\/\/schema.org","@graph":[{"@type":"WebPage","@id":"https:\/\/www.connectwithus.ca\/vision-mission-values-2\/","url":"https:\/\/www.connectwithus.ca\/vision-mission-values-2\/","name":"Vision, mission et valeurs - Connections Early Years Family Centre","isPartOf":{"@id":"https:\/\/www.connectwithus.ca\/#website"},"datePublished":"2022-05-31T16:44:19+00:00","dateModified":"2026-02-11T13:37:09+00:00","description":"Une communaut\u00e9 de familles fortes et connect\u00e9es qui s'engagent \u00e0 \u00e9lever leurs jeunes enfants (de 0 \u00e0 6 ans) pour qu'ils atteignent leur plein potentiel.","breadcrumb":{"@id":"https:\/\/www.connectwithus.ca\/vision-mission-values-2\/#breadcrumb"},"inLanguage":"fr-FR","potentialAction":[{"@type":"ReadAction","target":["https:\/\/www.connectwithus.ca\/vision-mission-values-2\/"]}]},{"@type":"BreadcrumbList","@id":"https:\/\/www.connectwithus.ca\/vision-mission-values-2\/#breadcrumb","itemListElement":[{"@type":"ListItem","position":1,"name":"Home","item":"https:\/\/www.connectwithus.ca\/"},{"@type":"ListItem","position":2,"name":"Vision, mission et valeurs"}]},{"@type":"WebSite","@id":"https:\/\/www.connectwithus.ca\/#website","url":"https:\/\/www.connectwithus.ca\/","name":"Connections Early Years Family Centre","description":"Healthy development of families and their children in Windsor-Essex County.","potentialAction":[{"@type":"SearchAction","target":{"@type":"EntryPoint","urlTemplate":"https:\/\/www.connectwithus.ca\/?s={search_term_string}"},"query-input":{"@type":"PropertyValueSpecification","valueRequired":true,"valueName":"search_term_string"}}],"inLanguage":"fr-FR"}]}},"_links":{"self":[{"href":"https:\/\/www.connectwithus.ca\/fr\/wp-json\/wp\/v2\/pages\/1532","targetHints":{"allow":["GET"]}}],"collection":[{"href":"https:\/\/www.connectwithus.ca\/fr\/wp-json\/wp\/v2\/pages"}],"about":[{"href":"https:\/\/www.connectwithus.ca\/fr\/wp-json\/wp\/v2\/types\/page"}],"author":[{"embeddable":true,"href":"https:\/\/www.connectwithus.ca\/fr\/wp-json\/wp\/v2\/users\/1"}],"replies":[{"embeddable":true,"href":"https:\/\/www.connectwithus.ca\/fr\/wp-json\/wp\/v2\/comments?post=1532"}],"version-history":[{"count":0,"href":"https:\/\/www.connectwithus.ca\/fr\/wp-json\/wp\/v2\/pages\/1532\/revisions"}],"wp:attachment":[{"href":"https:\/\/www.connectwithus.ca\/fr\/wp-json\/wp\/v2\/media?parent=1532"}],"curies":[{"name":"wp","href":"https:\/\/api.w.org\/{rel}","templated":true}]}}