{"id":1523,"date":"2022-02-15T00:00:33","date_gmt":"2022-02-15T05:00:33","guid":{"rendered":"https:\/\/www.connectwithus.ca\/accueil\/"},"modified":"2026-02-11T08:35:59","modified_gmt":"2026-02-11T13:35:59","slug":"accueil","status":"publish","type":"page","link":"https:\/\/www.connectwithus.ca\/fr\/","title":{"rendered":"Accueil"},"content":{"rendered":"<div class=\"et_pb_section_0 et_pb_section et_section_regular et_block_section preset--group--divi-section--divi-spacing--default\"><div class=\"et_pb_row_0 et_pb_row et_block_row preset--group--divi-row--divi-spacing--default\"><div class=\"et_pb_column_0 et_pb_column et_pb_column_4_4 et-last-child et_block_column et_pb_css_mix_blend_mode_passthrough preset--group--divi-column--divi-spacing--default\"><div class=\"et_pb_text_0 et_pb_text et_pb_bg_layout_light et_pb_module et_block_module preset--group--divi-text--divi-spacing--default preset--group--divi-text--divi-font-body--default preset--module--divi-text--default\"><div class=\"et_pb_text_inner\"><h2 class=\"et_pb_module_header et-fb-editable-element et-fb-editable-element__editing\" data-shortcode-id=\"0.0-1654109680820\" data-quickaccess-id=\"title\" contenteditable=\"true\" style=\"text-align: center;\">CONNEXIONS CENTRE FAMILIAL DE LA PETITE ENFANCE<\/h2>\n<\/div><\/div><div class=\"et_pb_text_1 et_pb_text et_pb_bg_layout_light et_pb_module et_block_module preset--group--divi-text--divi-spacing--default preset--group--divi-text--divi-font-body--default preset--module--divi-text--default\"><div class=\"et_pb_text_inner\"><h3 style=\"text-align: center;\">Jouer \u22c5 Grandir \u22c5 Se connecter<\/h3>\n<p style=\"text-align: center;\">Organisme \u00e0 but non lucratif, Connections fournit des services int\u00e9gr\u00e9s de soutien, d'apprentissage, d'identification et d'intervention pr\u00e9coces pour favoriser le d\u00e9veloppement sain des familles et de leurs enfants de 0 \u00e0 6 ans dans le comt\u00e9 de Windsor-Essex.<\/p>\n<p style=\"text-align: center;\">Au service de la communaut\u00e9 depuis 1974.<\/p>\n<\/div><\/div><\/div><\/div><div class=\"et_pb_row_1 et_pb_row et_pb_equal_columns et_block_row preset--group--divi-row--divi-spacing--default\"><div class=\"et_pb_column_1 et_pb_column et_pb_column_1_3 et_block_column et_pb_css_mix_blend_mode_passthrough preset--group--divi-column--divi-spacing--default\"><div class=\"et_pb_module et_pb_button_module_wrapper et_pb_button_0_wrapper preset--group--divi-button--divi-spacing--default_wrapper preset--module--divi-button--default_wrapper\"><a class=\"et_pb_button_0 et_pb_button et_pb_bg_layout_light et_pb_module et_block_module preset--group--divi-button--divi-spacing--default preset--module--divi-button--default\" href=\"https:\/\/www.connectwithus.ca\/fr\/talk-2-me\/formulaire-de-recommandation-en-ligne-t2m\/\" data-icon=\"5\">FORMULAIRE DE RECOMMANDATION DE TALK 2 ME<\/a><\/div><\/div><div class=\"et_pb_column_2 et_pb_column et_pb_column_1_3 et_block_column et_pb_css_mix_blend_mode_passthrough preset--group--divi-column--divi-spacing--default\"><div class=\"et_pb_module et_pb_button_module_wrapper et_pb_button_1_wrapper preset--group--divi-button--divi-spacing--default_wrapper preset--module--divi-button--default_wrapper\"><a class=\"et_pb_button_1 et_pb_button et_pb_bg_layout_light et_pb_module et_block_module preset--group--divi-button--divi-spacing--default preset--module--divi-button--default\" href=\"https:\/\/www.connectwithus.ca\/monthly-calendar-and-program-schedule\/\" data-icon=\"5\">CALENDRIER ET HORAIRE DE LA SAISON d&amp;apos;EarlyON<\/a><\/div><\/div><div class=\"et_pb_column_3 et_pb_column et_pb_column_1_3 et-last-child et_block_column et_pb_css_mix_blend_mode_passthrough preset--group--divi-column--divi-spacing--default\"><div class=\"et_pb_module et_pb_button_module_wrapper et_pb_button_2_wrapper preset--group--divi-button--divi-spacing--default_wrapper preset--module--divi-button--default_wrapper\"><a class=\"et_pb_button_2 et_pb_button et_pb_bg_layout_light et_pb_module et_block_module preset--group--divi-button--divi-spacing--default preset--module--divi-button--default\" href=\"https:\/\/www.connectwithus.ca\/w-e-r-e-c-e-2\/\" data-icon=\"5\">Programme pilote de mentorat w.e.r.e.c.e.<\/a><\/div><\/div><\/div><\/div><div class=\"et_pb_section_1 et_pb_section et_section_regular et_block_section preset--group--divi-section--divi-spacing--default\"><div class=\"et_pb_row_2 et_pb_row et_block_row preset--group--divi-row--divi-spacing--default\"><div class=\"et_pb_column_4 et_pb_column et_pb_column_4_4 et-last-child et_block_column et_pb_css_mix_blend_mode_passthrough preset--group--divi-column--divi-spacing--default\"><div class=\"et_pb_text_2 et_pb_text et_pb_bg_layout_light et_pb_module et_block_module preset--group--divi-text--divi-spacing--default preset--group--divi-text--divi-font-body--default preset--module--divi-text--default\"><div class=\"et_pb_text_inner\"><p style=\"text-align: center;\"><span>Notre force r\u00e9side dans notre engagement \u00e0 c\u00e9l\u00e9brer les intersections des capacit\u00e9s, de la race, du sexe, de l'\u00e2ge, de la religion, de la culture et de l'identit\u00e9 pour favoriser le d\u00e9veloppement sain de tous les membres de Connections.<\/span><\/p>\n<\/div><\/div><\/div><\/div><div class=\"et_pb_row_3 et_pb_row et_block_row preset--group--divi-row--divi-spacing--default\"><div class=\"et_pb_column_5 et_pb_column et_pb_column_2_3 et_block_column et_pb_css_mix_blend_mode_passthrough preset--group--divi-column--divi-spacing--default\"><div class=\"et_pb_text_3 et_pb_text et_pb_bg_layout_light et_pb_module et_block_module preset--group--divi-text--divi-spacing--default preset--group--divi-text--divi-font-body--default preset--module--divi-text--default\"><div class=\"et_pb_text_inner\"><h5>Bienvenue au centre familial Connections Early Years !<\/h5>\n<h2>Nouvelles et \u00e9v\u00e9nements<\/h2>\n<div aria-hidden=\"true\" class=\"wp-block-spacer\"><\/div>\n<\/div><\/div><div class=\"et_pb_blog_0 et_pb_blog et_pb_bg_layout_light et_pb_posts et_pb_module preset--group--divi-blog--divi-spacing--default preset--group--divi-blog--divi-font-body--default\"><div class=\"entry\">\n\t<h1 class=\"not-found-title\">Aucun R\u00e9sultat Trouv\u00e9<\/h1>\n\t<p>La page demand\u00e9e est introuvable. Essayez d\u2019affiner votre recherche ou utilisez la navigation ci-dessus pour trouver l\u2019article.<\/p>\n<\/div>\n<\/div><\/div><div class=\"et_pb_column_6 et_pb_column et_pb_column_1_3 et-last-child et_block_column et_pb_css_mix_blend_mode_passthrough preset--group--divi-column--divi-spacing--default\"><div class=\"et_pb_text_4 et_pb_text et_pb_bg_layout_light et_pb_module et_block_module preset--group--divi-text--divi-spacing--default preset--group--divi-text--divi-font-body--default preset--module--divi-text--default\"><div class=\"et_pb_text_inner\"><h2>Infos rapides<\/h2>\n<\/div><\/div><div class=\"et_pb_blurb_0 et_pb_blurb et_pb_bg_layout_dark et_pb_blurb_position_top et_animated et_pb_module et_block_module preset--group--divi-blurb--divi-spacing--default preset--group--divi-blurb--divi-font-body--default\"><div class=\"et_pb_blurb_content\"><div class=\"et_pb_blurb_container\"><h4 class=\"et_pb_module_header\">Localisation<\/h4><div class=\"et_pb_blurb_description\"><div jstcache=\"24\" class=\"place-name\" jsan=\"7.place-name\"><\/div>\n<div jstcache=\"25\" class=\"address\" jsan=\"7.address\">795 Giles Blvd E,<\/div>\n<div jstcache=\"25\" class=\"address\" jsan=\"7.address\">Windsor, ON N9A 4E5<\/div>\n<\/div><\/div><\/div><\/div><div class=\"et_pb_blurb_1 et_pb_blurb et_pb_bg_layout_dark et_pb_blurb_position_top et_animated et_pb_module et_block_module preset--group--divi-blurb--divi-spacing--default preset--group--divi-blurb--divi-font-body--default\"><div class=\"et_pb_blurb_content\"><div class=\"et_pb_blurb_container\"><h4 class=\"et_pb_module_header\">Heures de bureau<\/h4><div class=\"et_pb_blurb_description\"><p>Du lundi au vendredi : de 8h30 \u00e0 16h00<br \/>Week-ends : Ferm\u00e9<\/p>\n<\/div><\/div><\/div><\/div><div class=\"et_pb_blurb_2 et_pb_blurb et_pb_bg_layout_dark et_pb_blurb_position_top et_animated et_pb_module et_block_module preset--group--divi-blurb--divi-spacing--default preset--group--divi-blurb--divi-font-body--default\"><div class=\"et_pb_blurb_content\"><div class=\"et_pb_blurb_container\"><h4 class=\"et_pb_module_header\">T\u00e9l\u00e9phone et courriel<\/h4><div class=\"et_pb_blurb_description\"><p><span style=\"color: #ffffff;\">T\u00e9l\u00e9phone : 519.252.9696 | Fax : 519.252.7917<\/span><\/p>\n<p><span style=\"color: #ffffff;\"><a href=\"mailto:info@connectwithus.ca\" style=\"color: #ffffff;\">info@connectwithus.ca<\/a><\/span><\/p>\n<\/div><\/div><\/div><\/div><ul class=\"et_pb_social_media_follow_0 et_pb_social_media_follow clearfix et_pb_bg_layout_light et_pb_module et_block_module preset--group--divi-social-media-follow--divi-spacing--default\"><li class=\"et_pb_social_media_follow_network_0 et_pb_social_media_follow_network et_pb_social_icon et_pb_social_network_link et-social-facebook et_pb_module et_flex_module preset--group--divi-social-media-follow-network--divi-spacing--default\"><a href=\"https:\/\/www.facebook.com\/ConnectionsEYFC\" class=\"icon\" target=\"_self\" title=\"Suivre sur Facebook\" rel=\"noopener\"><span class=\"et_pb_social_media_follow_network_name\">Suivre<\/span><\/a><\/li><li class=\"et_pb_social_media_follow_network_1 et_pb_social_media_follow_network et_pb_social_icon et_pb_social_network_link et-social-instagram et_pb_module et_flex_module preset--group--divi-social-media-follow-network--divi-spacing--default\"><a href=\"https:\/\/www.instagram.com\/connectionseyfc\/\" class=\"icon\" target=\"_self\" title=\"Suivre sur Instagram\" rel=\"noopener\"><span class=\"et_pb_social_media_follow_network_name\">Suivre<\/span><\/a><\/li><li class=\"et_pb_social_media_follow_network_2 et_pb_social_media_follow_network et_pb_social_icon et_pb_social_network_link et-social-youtube et_pb_module et_flex_module preset--group--divi-social-media-follow-network--divi-spacing--default\"><a href=\"https:\/\/www.youtube.com\/c\/ConnectionsEarlyYearsFamilyCentre\" class=\"icon\" target=\"_self\" title=\"Suivre sur Youtube\" rel=\"noopener\"><span class=\"et_pb_social_media_follow_network_name\">Suivre<\/span><\/a><\/li><li class=\"et_pb_social_media_follow_network_3 et_pb_social_media_follow_network et_pb_social_icon et_pb_social_network_link et-social-twitter et_pb_module et_flex_module preset--group--divi-social-media-follow-network--divi-spacing--default\"><a href=\"https:\/\/twitter.com\/ConnectionsEYFC\" class=\"icon\" target=\"_self\" title=\"Suivre sur Twitter\" rel=\"noopener\"><span class=\"et_pb_social_media_follow_network_name\">Suivre<\/span><\/a><\/li><li class=\"et_pb_social_media_follow_network_4 et_pb_social_media_follow_network et_pb_social_icon et_pb_social_network_link et-social-linkedin et_pb_module et_flex_module preset--group--divi-social-media-follow-network--divi-spacing--default\"><a href=\"https:\/\/www.linkedin.com\/company\/connections-early-years-family-centre\/\" class=\"icon\" target=\"_self\" title=\"Suivre sur Linkedin\" rel=\"noopener\"><span class=\"et_pb_social_media_follow_network_name\">Suivre<\/span><\/a><\/li><\/ul><div class=\"et_pb_text_5 et_pb_text et_pb_bg_layout_light et_pb_module et_block_module preset--group--divi-text--divi-spacing--default preset--group--divi-text--divi-font-body--default preset--module--divi-text--default\"><div class=\"et_pb_text_inner\"><h2>Faites un don !<\/h2>\n<\/div><\/div><div class=\"et_pb_image_0 et_pb_image et_pb_image_sticky et_pb_module et_block_module preset--group--divi-image--divi-spacing--default\"><a href=\"https:\/\/www.canadahelps.org\/en\/dn\/5948?v1=true\"><span class=\"et_pb_image_wrap\"><img decoding=\"async\" data-src=\"https:\/\/www.connectwithus.ca\/wp-content\/uploads\/2022\/02\/canada-helps-donation.png\" width=\"168\" height=\"80\" data-srcset=\"https:\/\/www.connectwithus.ca\/wp-content\/uploads\/2022\/02\/canada-helps-donation.png 168w\" data-sizes=\"(max-width: 168px) 100vw, 168px\" class=\"wp-image-1142 lazyload\" title=\"canada-helps-donation\" src=\"data:image\/svg+xml;base64,PHN2ZyB3aWR0aD0iMSIgaGVpZ2h0PSIxIiB4bWxucz0iaHR0cDovL3d3dy53My5vcmcvMjAwMC9zdmciPjwvc3ZnPg==\" style=\"--smush-placeholder-width: 168px; --smush-placeholder-aspect-ratio: 168\/80;\" \/><\/span><\/a><\/div><\/div><\/div><\/div>","protected":false},"excerpt":{"rendered":"","protected":false},"author":1,"featured_media":0,"parent":0,"menu_order":0,"comment_status":"closed","ping_status":"closed","template":"","meta":{"footnotes":""},"class_list":["post-1523","page","type-page","status-publish","hentry"],"yoast_head":"<!-- This site is optimized with the Yoast SEO plugin v27.3 - https:\/\/yoast.com\/product\/yoast-seo-wordpress\/ -->\n<title>Connections Early Years Family Centre | Connectez-vous avec nous | Accueil<\/title>\n<meta name=\"description\" content=\"Connections offre un soutien, un apprentissage et des services pour favoriser le d\u00e9veloppement sain des familles et des enfants du comt\u00e9 de Windsor-Essex.\" \/>\n<meta name=\"robots\" content=\"index, follow, max-snippet:-1, max-image-preview:large, max-video-preview:-1\" \/>\n<link rel=\"canonical\" href=\"https:\/\/www.connectwithus.ca\/\" \/>\n<meta property=\"og:locale\" content=\"fr_FR\" \/>\n<meta property=\"og:type\" content=\"article\" \/>\n<meta property=\"og:title\" content=\"Connections Early Years Family Centre | Connectez-vous avec nous | Accueil\" \/>\n<meta property=\"og:description\" content=\"Connections offre un soutien, un apprentissage et des services pour favoriser le d\u00e9veloppement sain des familles et des enfants du comt\u00e9 de Windsor-Essex.\" \/>\n<meta property=\"og:url\" content=\"https:\/\/www.connectwithus.ca\/\" \/>\n<meta property=\"og:site_name\" content=\"Connections Early Years Family Centre\" \/>\n<meta property=\"article:modified_time\" content=\"2026-02-11T13:35:59+00:00\" \/>\n<meta name=\"twitter:card\" content=\"summary_large_image\" \/>\n<script type=\"application\/ld+json\" class=\"yoast-schema-graph\">{\"@context\":\"https:\\\/\\\/schema.org\",\"@graph\":[{\"@type\":\"WebPage\",\"@id\":\"https:\\\/\\\/www.connectwithus.ca\\\/\",\"url\":\"https:\\\/\\\/www.connectwithus.ca\\\/\",\"name\":\"Connections Early Years Family Centre | Connectez-vous avec nous | Accueil\",\"isPartOf\":{\"@id\":\"https:\\\/\\\/www.connectwithus.ca\\\/#website\"},\"datePublished\":\"2022-02-15T05:00:33+00:00\",\"dateModified\":\"2026-02-11T13:35:59+00:00\",\"description\":\"Connections offre un soutien, un apprentissage et des services pour favoriser le d\u00e9veloppement sain des familles et des enfants du comt\u00e9 de Windsor-Essex.\",\"breadcrumb\":{\"@id\":\"https:\\\/\\\/www.connectwithus.ca\\\/#breadcrumb\"},\"inLanguage\":\"fr-FR\",\"potentialAction\":[{\"@type\":\"ReadAction\",\"target\":[\"https:\\\/\\\/www.connectwithus.ca\\\/\"]}]},{\"@type\":\"BreadcrumbList\",\"@id\":\"https:\\\/\\\/www.connectwithus.ca\\\/#breadcrumb\",\"itemListElement\":[{\"@type\":\"ListItem\",\"position\":1,\"name\":\"Home\",\"item\":\"https:\\\/\\\/www.connectwithus.ca\\\/\"},{\"@type\":\"ListItem\",\"position\":2,\"name\":\"Accueil\"}]},{\"@type\":\"WebSite\",\"@id\":\"https:\\\/\\\/www.connectwithus.ca\\\/#website\",\"url\":\"https:\\\/\\\/www.connectwithus.ca\\\/\",\"name\":\"Connections Early Years Family Centre\",\"description\":\"Healthy development of families and their children in Windsor-Essex County.\",\"potentialAction\":[{\"@type\":\"SearchAction\",\"target\":{\"@type\":\"EntryPoint\",\"urlTemplate\":\"https:\\\/\\\/www.connectwithus.ca\\\/?s={search_term_string}\"},\"query-input\":{\"@type\":\"PropertyValueSpecification\",\"valueRequired\":true,\"valueName\":\"search_term_string\"}}],\"inLanguage\":\"fr-FR\"}]}<\/script>\n<!-- \/ Yoast SEO plugin. -->","yoast_head_json":{"title":"Connections Early Years Family Centre | Connectez-vous avec nous | Accueil","description":"Connections offre un soutien, un apprentissage et des services pour favoriser le d\u00e9veloppement sain des familles et des enfants du comt\u00e9 de Windsor-Essex.","robots":{"index":"index","follow":"follow","max-snippet":"max-snippet:-1","max-image-preview":"max-image-preview:large","max-video-preview":"max-video-preview:-1"},"canonical":"https:\/\/www.connectwithus.ca\/","og_locale":"fr_FR","og_type":"article","og_title":"Connections Early Years Family Centre | Connectez-vous avec nous | Accueil","og_description":"Connections offre un soutien, un apprentissage et des services pour favoriser le d\u00e9veloppement sain des familles et des enfants du comt\u00e9 de Windsor-Essex.","og_url":"https:\/\/www.connectwithus.ca\/","og_site_name":"Connections Early Years Family Centre","article_modified_time":"2026-02-11T13:35:59+00:00","twitter_card":"summary_large_image","schema":{"@context":"https:\/\/schema.org","@graph":[{"@type":"WebPage","@id":"https:\/\/www.connectwithus.ca\/","url":"https:\/\/www.connectwithus.ca\/","name":"Connections Early Years Family Centre | Connectez-vous avec nous | Accueil","isPartOf":{"@id":"https:\/\/www.connectwithus.ca\/#website"},"datePublished":"2022-02-15T05:00:33+00:00","dateModified":"2026-02-11T13:35:59+00:00","description":"Connections offre un soutien, un apprentissage et des services pour favoriser le d\u00e9veloppement sain des familles et des enfants du comt\u00e9 de Windsor-Essex.","breadcrumb":{"@id":"https:\/\/www.connectwithus.ca\/#breadcrumb"},"inLanguage":"fr-FR","potentialAction":[{"@type":"ReadAction","target":["https:\/\/www.connectwithus.ca\/"]}]},{"@type":"BreadcrumbList","@id":"https:\/\/www.connectwithus.ca\/#breadcrumb","itemListElement":[{"@type":"ListItem","position":1,"name":"Home","item":"https:\/\/www.connectwithus.ca\/"},{"@type":"ListItem","position":2,"name":"Accueil"}]},{"@type":"WebSite","@id":"https:\/\/www.connectwithus.ca\/#website","url":"https:\/\/www.connectwithus.ca\/","name":"Connections Early Years Family Centre","description":"Healthy development of families and their children in Windsor-Essex County.","potentialAction":[{"@type":"SearchAction","target":{"@type":"EntryPoint","urlTemplate":"https:\/\/www.connectwithus.ca\/?s={search_term_string}"},"query-input":{"@type":"PropertyValueSpecification","valueRequired":true,"valueName":"search_term_string"}}],"inLanguage":"fr-FR"}]}},"_links":{"self":[{"href":"https:\/\/www.connectwithus.ca\/fr\/wp-json\/wp\/v2\/pages\/1523","targetHints":{"allow":["GET"]}}],"collection":[{"href":"https:\/\/www.connectwithus.ca\/fr\/wp-json\/wp\/v2\/pages"}],"about":[{"href":"https:\/\/www.connectwithus.ca\/fr\/wp-json\/wp\/v2\/types\/page"}],"author":[{"embeddable":true,"href":"https:\/\/www.connectwithus.ca\/fr\/wp-json\/wp\/v2\/users\/1"}],"replies":[{"embeddable":true,"href":"https:\/\/www.connectwithus.ca\/fr\/wp-json\/wp\/v2\/comments?post=1523"}],"version-history":[{"count":0,"href":"https:\/\/www.connectwithus.ca\/fr\/wp-json\/wp\/v2\/pages\/1523\/revisions"}],"wp:attachment":[{"href":"https:\/\/www.connectwithus.ca\/fr\/wp-json\/wp\/v2\/media?parent=1523"}],"curies":[{"name":"wp","href":"https:\/\/api.w.org\/{rel}","templated":true}]}}