{"id":1517,"date":"2022-05-27T10:35:03","date_gmt":"2022-05-27T14:35:03","guid":{"rendered":"https:\/\/www.connectwithus.ca\/programme-sur-laudition-des-nourrissons\/les-etapes-de-laudition\/"},"modified":"2026-02-11T08:36:33","modified_gmt":"2026-02-11T13:36:33","slug":"les-etapes-de-laudition","status":"publish","type":"page","link":"https:\/\/www.connectwithus.ca\/fr\/programme-sur-laudition-des-nourrissons\/les-etapes-de-laudition\/","title":{"rendered":"Les \u00e9tapes de l&rsquo;audition"},"content":{"rendered":"<div class=\"et_pb_section_0 et_pb_section et_pb_fullwidth_section et_section_regular et_block_section preset--group--divi-section--divi-spacing--default\"><section class=\"et_pb_fullwidth_header_0 et_pb_fullwidth_header et_pb_bg_layout_light et_pb_text_align_left et_animated et_pb_module et_flex_module preset--group--divi-fullwidth-header--divi-spacing--default preset--group--divi-fullwidth-header--divi-font-body--default preset--module--divi-fullwidth-header--default\"><div class=\"et_pb_fullwidth_header_container left\"><div class=\"header-content-container center\"><div class=\"header-content et_flex_module\"><h2 class=\"et_pb_module_header\">PROGRAMME D'AUDITION DES NOURRISSONS<\/h2><span class=\"et_pb_fullwidth_header_subhead\">Les \u00e9tapes de l'audition du nourrisson<\/span><div class=\"et_pb_header_button_wrapper\"><\/div><\/div><\/div><\/div><div class=\"et_pb_fullwidth_header_overlay\"><\/div><div class=\"et_pb_fullwidth_header_scroll\"><a class=\"scroll-down-container\" href=\"#\"><span class=\"scroll-down et-pb-icon\">;<\/span><\/a><\/div><\/section><\/div><div class=\"et_pb_section_1 et_pb_section et_section_regular et_block_section preset--group--divi-section--divi-spacing--default\"><div class=\"et_pb_row_0 et_pb_row et_block_row preset--group--divi-row--divi-spacing--default\"><div class=\"et_pb_column_0 et_pb_column et_pb_column_4_4 et-last-child et_block_column et_pb_css_mix_blend_mode_passthrough preset--group--divi-column--divi-spacing--default\"><div class=\"et_pb_text_0 et_pb_text et_pb_bg_layout_light et_pb_module et_block_module preset--group--divi-text--divi-spacing--default preset--group--divi-text--divi-font-body--default preset--module--divi-text--default\"><div class=\"et_pb_text_inner\"><p><span>Il est important de savoir si votre b\u00e9b\u00e9 peut entendre. Les premiers mois et les premi\u00e8res ann\u00e9es de la vie d'un b\u00e9b\u00e9 sont tr\u00e8s importants pour le d\u00e9veloppement du langage. Une perte auditive non d\u00e9tect\u00e9e est l'une des causes du retard du d\u00e9veloppement du langage. Un retard dans le d\u00e9veloppement du langage peut entra\u00eener des probl\u00e8mes comportementaux et \u00e9motionnels et, plus tard, des probl\u00e8mes scolaires.<\/span><span><\/span><span><\/span><\/p>\n<p><span>Ces \u00e9tapes du d\u00e9veloppement montrent certaines des comp\u00e9tences qui marquent les progr\u00e8s des jeunes enfants lorsqu'ils apprennent \u00e0 communiquer. Vous trouverez \u00e9galement des conseils sur la mani\u00e8re d'aider votre enfant \u00e0 d\u00e9velopper ses comp\u00e9tences linguistiques.<\/span><\/p>\n<\/div><\/div><\/div><\/div><div class=\"et_pb_row_1 et_pb_row et_pb_equal_columns et_block_row preset--group--divi-row--divi-spacing--default\"><div class=\"et_pb_column_1 et_pb_column et_pb_column_1_3 et_block_column et_pb_css_mix_blend_mode_passthrough preset--group--divi-column--divi-spacing--default\"><ul class=\"et_pb_counters_0 et_pb_counters et-waypoint et_pb_bg_layout_light et_pb_module et_block_module preset--group--divi-counters--divi-spacing--default\"><li class=\"et_pb_counter_0 et_pb_counter preset--group--divi-counter--divi-spacing--default\"><span class=\"et_pb_counter_title\">Avant 6 mois<\/span><span class=\"et_pb_counter_container\"><span class=\"et_pb_counter_amount\" data-width=\"6%\"><span class=\"et_pb_counter_amount_number\"><\/span><\/span><span class=\"et_pb_counter_amount overlay\" data-width=\"6%\"><span class=\"et_pb_counter_amount_number\"><\/span><\/span><\/span><\/li><\/ul><div class=\"et_pb_text_1 et_pb_text et_pb_bg_layout_light et_pb_module et_block_module preset--group--divi-text--divi-spacing--default preset--group--divi-text--divi-font-body--default preset--module--divi-text--default\"><div class=\"et_pb_text_inner\"><ul>\n<li>se tourne vers la source des sons<\/li>\n<li>sursaute en r\u00e9ponse \u00e0 des bruits soudains et forts.<\/li>\n<li>pousse des cris diff\u00e9rents selon ses besoins - j'ai faim, je suis fatigu\u00e9...<\/li>\n<li>regarde ton visage pendant que tu parles<\/li>\n<li>sourires et rires en r\u00e9ponse \u00e0 vos sourires et rires<\/li>\n<li>imite la toux ou d'autres sons - ah, eh, buh<\/li>\n<\/ul>\n<\/div><\/div><\/div><div class=\"et_pb_column_2 et_pb_column et_pb_column_1_3 et_block_column et_pb_css_mix_blend_mode_passthrough preset--group--divi-column--divi-spacing--default\"><ul class=\"et_pb_counters_1 et_pb_counters et-waypoint et_pb_bg_layout_light et_pb_module et_block_module preset--group--divi-counters--divi-spacing--default\"><li class=\"et_pb_counter_1 et_pb_counter preset--group--divi-counter--divi-spacing--default\"><span class=\"et_pb_counter_title\">A 9 mois<\/span><span class=\"et_pb_counter_container\"><span class=\"et_pb_counter_amount\" data-width=\"9%\"><span class=\"et_pb_counter_amount_number\"><\/span><\/span><span class=\"et_pb_counter_amount overlay\" data-width=\"9%\"><span class=\"et_pb_counter_amount_number\"><\/span><\/span><\/span><\/li><\/ul><div class=\"et_pb_text_2 et_pb_text et_pb_bg_layout_light et_pb_module et_block_module preset--group--divi-text--divi-spacing--default preset--group--divi-text--divi-font-body--default preset--module--divi-text--default\"><div class=\"et_pb_text_inner\"><ul>\n<li>r\u00e9pond \u00e0 son nom<\/li>\n<li>r\u00e9pond \u00e0 la sonnerie du t\u00e9l\u00e9phone ou \u00e0 un coup frapp\u00e9 \u00e0 la porte<\/li>\n<li>comprend qu'on lui dise \"non\".<\/li>\n<li>obtient ce qu'il\/elle veut par des sons et des gestes, par exemple en tendant la main pour qu'on le\/la prenne.<\/li>\n<li>joue \u00e0 des jeux sociaux avec vous, par exemple, \"peek-a-boo\".<\/li>\n<li>aime \u00eatre entour\u00e9 de gens<\/li>\n<li>babille et r\u00e9p\u00e8te des sons - babababa, duhduhduh<\/li>\n<\/ul>\n<\/div><\/div><\/div><div class=\"et_pb_column_3 et_pb_column et_pb_column_1_3 et-last-child et_block_column et_pb_css_mix_blend_mode_passthrough preset--group--divi-column--divi-spacing--default\"><ul class=\"et_pb_counters_2 et_pb_counters et-waypoint et_pb_bg_layout_light et_pb_module et_block_module preset--group--divi-counters--divi-spacing--default\"><li class=\"et_pb_counter_2 et_pb_counter preset--group--divi-counter--divi-spacing--default\"><span class=\"et_pb_counter_title\">Avant 12 mois<\/span><span class=\"et_pb_counter_container\"><span class=\"et_pb_counter_amount\" data-width=\"12%\"><span class=\"et_pb_counter_amount_number\"><\/span><\/span><span class=\"et_pb_counter_amount overlay\" data-width=\"12%\"><span class=\"et_pb_counter_amount_number\"><\/span><\/span><\/span><\/li><\/ul><div class=\"et_pb_text_3 et_pb_text et_pb_bg_layout_light et_pb_module et_block_module preset--group--divi-text--divi-spacing--default preset--group--divi-text--divi-font-body--default preset--module--divi-text--default\"><div class=\"et_pb_text_inner\"><ul>\n<li>suit des instructions simples d'une seule \u00e9tape - \" assis \".<\/li>\n<li>regarde \u00e0 travers la pi\u00e8ce vers quelque chose que vous pointez du doigt<\/li>\n<li>utilise trois mots ou plus<\/li>\n<li>utilise des gestes pour communiquer - fait signe \"bye bye\", secoue la t\u00eate \"non\".<\/li>\n<li>attire votre attention en utilisant des sons, des gestes et en pointant du doigt tout en regardant vos yeux<\/li>\n<li>vous apporte des jouets pour vous montrer<\/li>\n<li>\"se produit\" pour obtenir de l'attention et des \u00e9loges<\/li>\n<li>combine beaucoup de sons comme si elle parlait - abada baduh abee<\/li>\n<li>s'int\u00e9resse aux livres d'images simples<\/li>\n<\/ul>\n<\/div><\/div><\/div><\/div><div class=\"et_pb_row_2 et_pb_row et_pb_equal_columns et_block_row preset--group--divi-row--divi-spacing--default\"><div class=\"et_pb_column_4 et_pb_column et_pb_column_1_3 et_block_column et_pb_css_mix_blend_mode_passthrough preset--group--divi-column--divi-spacing--default\"><ul class=\"et_pb_counters_3 et_pb_counters et-waypoint et_pb_bg_layout_light et_pb_module et_block_module preset--group--divi-counters--divi-spacing--default\"><li class=\"et_pb_counter_3 et_pb_counter preset--group--divi-counter--divi-spacing--default\"><span class=\"et_pb_counter_title\">Avant 18 mois<\/span><span class=\"et_pb_counter_container\"><span class=\"et_pb_counter_amount\" data-width=\"18%\"><span class=\"et_pb_counter_amount_number\"><\/span><\/span><span class=\"et_pb_counter_amount overlay\" data-width=\"18%\"><span class=\"et_pb_counter_amount_number\"><\/span><\/span><\/span><\/li><\/ul><div class=\"et_pb_text_4 et_pb_text et_pb_bg_layout_light et_pb_module et_block_module preset--group--divi-text--divi-spacing--default preset--group--divi-text--divi-font-body--default preset--module--divi-text--default\"><div class=\"et_pb_text_inner\"><ul>\n<li>comprend les concepts de \"entr\u00e9e et sortie\", \"arr\u00eat et marche\".<\/li>\n<li>d\u00e9signe plusieurs parties du corps lorsqu'on lui demande<\/li>\n<li>utilise au moins 20 mots<\/li>\n<li>r\u00e9pond avec des mots ou des gestes \u00e0 des questions simples - \"O\u00f9 est Nounours ?\", \"Qu'est-ce que c'est ?\"<\/li>\n<li>fait semblant de jouer avec ses jouets - donne \u00e0 boire \u00e0 son ours en peluche<\/li>\n<li>fait au moins quatre sons consonantiques diff\u00e9rents - b, n, d, g, w, h<\/li>\n<li>aime qu'on lui fasse la lecture et regarder des livres simples avec vous<\/li>\n<li>montre des images avec un doigt<\/li>\n<\/ul>\n<\/div><\/div><\/div><div class=\"et_pb_column_5 et_pb_column et_pb_column_1_3 et_block_column et_pb_css_mix_blend_mode_passthrough preset--group--divi-column--divi-spacing--default\"><ul class=\"et_pb_counters_4 et_pb_counters et-waypoint et_pb_bg_layout_light et_pb_module et_block_module preset--group--divi-counters--divi-spacing--default\"><li class=\"et_pb_counter_4 et_pb_counter preset--group--divi-counter--divi-spacing--default\"><span class=\"et_pb_counter_title\">D'ici 24 mois<\/span><span class=\"et_pb_counter_container\"><span class=\"et_pb_counter_amount\" data-width=\"24%\"><span class=\"et_pb_counter_amount_number\"><\/span><\/span><span class=\"et_pb_counter_amount overlay\" data-width=\"24%\"><span class=\"et_pb_counter_amount_number\"><\/span><\/span><\/span><\/li><\/ul><div class=\"et_pb_text_5 et_pb_text et_pb_bg_layout_light et_pb_module et_block_module preset--group--divi-text--divi-spacing--default preset--group--divi-text--divi-font-body--default preset--module--divi-text--default\"><div class=\"et_pb_text_inner\"><ul>\n<li>suit des instructions en deux \u00e9tapes - \"Va chercher ton ours en peluche et montre-le \u00e0 grand-m\u00e8re\".<\/li>\n<li>utilise 100 mots ou plus<\/li>\n<li>utilise au moins deux pronoms - \"tu\", \"moi\", \"le mien\".<\/li>\n<li>combine syst\u00e9matiquement deux ou plusieurs mots dans de courtes phrases - \"papa chapeau\", \"le camion descend\".<\/li>\n<li>aime \u00eatre avec d'autres enfants<\/li>\n<li>commence \u00e0 offrir des jouets \u00e0 ses camarades et imite les gestes et les paroles des autres enfants.<\/li>\n<li>les gens peuvent comprendre ses paroles dans 50 \u00e0 60 % des cas.<\/li>\n<li>forme des mots et des sons facilement et sans effort<\/li>\n<li>tient les livres dans le bon sens et tourne les pages<\/li>\n<li>\"lit\" \u00e0 des animaux en peluche ou \u00e0 des jouets<\/li>\n<li>gribouille avec des crayons de couleur<\/li>\n<\/ul>\n<\/div><\/div><\/div><div class=\"et_pb_column_6 et_pb_column et_pb_column_1_3 et-last-child et_block_column et_pb_css_mix_blend_mode_passthrough preset--group--divi-column--divi-spacing--default\"><ul class=\"et_pb_counters_5 et_pb_counters et-waypoint et_pb_bg_layout_light et_pb_module et_block_module preset--group--divi-counters--divi-spacing--default\"><li class=\"et_pb_counter_5 et_pb_counter preset--group--divi-counter--divi-spacing--default\"><span class=\"et_pb_counter_title\">D'ici 30 mois<\/span><span class=\"et_pb_counter_container\"><span class=\"et_pb_counter_amount\" data-width=\"30%\"><span class=\"et_pb_counter_amount_number\"><\/span><\/span><span class=\"et_pb_counter_amount overlay\" data-width=\"30%\"><span class=\"et_pb_counter_amount_number\"><\/span><\/span><\/span><\/li><\/ul><div class=\"et_pb_text_6 et_pb_text et_pb_bg_layout_light et_pb_module et_block_module preset--group--divi-text--divi-spacing--default preset--group--divi-text--divi-font-body--default preset--module--divi-text--default\"><div class=\"et_pb_text_inner\"><ul>\n<li>Comprend les concepts de taille (grand\/petit) et de quantit\u00e9 (un peu, beaucoup, plus).<\/li>\n<li>utilise une grammaire d'adulte - \"deux biscuits\", \"oiseau qui vole\", \"j'ai saut\u00e9\".<\/li>\n<li>utilise plus de 350 mots<\/li>\n<li>utilise des mots d'action - courir, renverser, tomber<\/li>\n<li>commence \u00e0 prendre des tours courts avec d'autres enfants, en utilisant \u00e0 la fois des jouets et des mots.<\/li>\n<li>montre de l'int\u00e9r\u00eat lorsqu'un autre enfant est bless\u00e9 ou triste<\/li>\n<li>combine plusieurs actions dans le jeu - nourrit la poup\u00e9e puis l'endort ; met des blocs dans le train puis conduit le train et d\u00e9pose les blocs.<\/li>\n<li>place les sons au d\u00e9but de la plupart des mots<\/li>\n<li>produit des mots avec deux syllabes ou deux temps ou plus - \"ba-na-na\", \"com-pu-ter\", \"a-pple\".<\/li>\n<li>reconna\u00eet des logos et des signes familiers - arcs dor\u00e9s de McDonald's, panneau d'arr\u00eat<\/li>\n<li>se souvient et comprend des histoires famili\u00e8res<\/li>\n<\/ul>\n<\/div><\/div><\/div><\/div><div class=\"et_pb_row_3 et_pb_row et_block_row preset--group--divi-row--divi-spacing--default\"><div class=\"et_pb_column_7 et_pb_column et_pb_column_4_4 et-last-child et_block_column et_pb_css_mix_blend_mode_passthrough preset--group--divi-column--divi-spacing--default\"><div class=\"et_pb_text_7 et_pb_text et_pb_bg_layout_light et_pb_module et_block_module preset--group--divi-text--divi-spacing--default preset--group--divi-text--divi-font-body--default preset--module--divi-text--default\"><div class=\"et_pb_text_inner\"><h4>CONSEILS RAPIDES :<\/h4>\n<p><span>Voici quelques conseils sur la fa\u00e7on dont vous pouvez aider votre enfant \u00e0 d\u00e9velopper ses capacit\u00e9s auditives.<\/span><\/p>\n<\/div><\/div><div class=\"et_pb_accordion_0 et_pb_accordion et_pb_module et_block_module preset--group--divi-accordion--divi-spacing--default preset--group--divi-accordion--divi-font-body--default preset--module--divi-accordion--default\"><div class=\"et_pb_accordion_item_0 et_pb_accordion_item et_pb_toggle et_pb_module et_pb_toggle_open et_block_module preset--group--divi-accordion-item--divi-spacing--default preset--group--divi-accordion-item--divi-font-body--default preset--module--divi-accordion-item--default\"><h5 class=\"et_pb_toggle_title\">Les b\u00e9b\u00e9s aiment quand vous :<\/h5><div class=\"et_pb_toggle_content\"><ul>\n<li>Mettez-vous \u00e0 leur niveau pour qu'ils puissent voir votre visage. Cela leur montre que vous vous int\u00e9ressez \u00e0 ce qu'ils font et disent. Cela facilite l'interaction avec vous.<\/li>\n<li>R\u00e9p\u00e9tez les sons qu'ils produisent. Les b\u00e9b\u00e9s aiment faire des bruits et appr\u00e9cient que vous les imitiez sans cesse.<\/li>\n<li>Chantez et riez, surtout lorsque vous les nourrissez, les baignez et les changez. N'oubliez pas de parler \u00e0 votre b\u00e9b\u00e9 tout au long de la journ\u00e9e des choses que vous faites et voyez - \"Maman met son manteau\", \"C'est un gros camion\"...<\/li>\n<li>Dites-leur le nom des objets qu'ils regardent et avec lesquels ils jouent. Les b\u00e9b\u00e9s sont int\u00e9ress\u00e9s par l'exploration et l'apprentissage de nouvelles choses, et aiment entendre comment on appelle les choses.<\/li>\n<\/ul>\n<\/div><\/div><div class=\"et_pb_accordion_item_1 et_pb_accordion_item et_pb_toggle et_pb_module et_pb_toggle_close et_block_module preset--group--divi-accordion-item--divi-spacing--default preset--group--divi-accordion-item--divi-font-body--default preset--module--divi-accordion-item--default\"><h5 class=\"et_pb_toggle_title\">Les petits enfants aiment quand vous :<\/h5><div class=\"et_pb_toggle_content\"><ul>\n<li>Laissez-les toucher et tenir les livres pendant que vous leur montrez et nommez les images.<\/li>\n<li>Utilisez des mots vrais plut\u00f4t que des mots de b\u00e9b\u00e9 - \"donne-moi\" au lieu de \"ta ta\" ou \"biberon\" au lieu de \"baba\".<\/li>\n<li>Prenez le temps de les \u00e9couter - ils veulent que vous entendiez tous leurs nouveaux sons, mots et id\u00e9es.<\/li>\n<li>Donnez-leur des instructions simples \u00e0 suivre - \"Va chercher tes bottes rouges\".<\/li>\n<li>Utilisez beaucoup de mots diff\u00e9rents lorsque vous leur parlez - des mots oppos\u00e9s comme \"haut\/bas\", \"dedans\/dehors\" ; des mots d'action comme \"courir\", \"\u00e9clabousser\", et des mots descriptifs comme \"heureux\", \"grand\", \"petit\", \"propre\", \"sale\".<\/li>\n<li>Encouragez-les \u00e0 jouer avec d'autres enfants - \u00e0 la biblioth\u00e8que, dans des groupes de jeu, au parc.<\/li>\n<\/ul>\n<\/div><\/div><\/div><\/div><\/div><\/div><div class=\"et_pb_section_2 et_pb_section et_section_regular et_block_section preset--group--divi-section--divi-spacing--default\"><div class=\"et_pb_row_4 et_pb_row et_pb_row_4col et_pb_equal_columns et_block_row et_block_row_4col preset--group--divi-row--divi-spacing--default\"><div class=\"et_pb_column_8 et_pb_column et_pb_column_1_4 et_block_column et_pb_css_mix_blend_mode_passthrough preset--group--divi-column--divi-spacing--default\"><div class=\"et_pb_module et_pb_button_module_wrapper et_pb_button_0_wrapper preset--group--divi-button--divi-spacing--default_wrapper preset--module--divi-button--default_wrapper\"><a class=\"et_pb_button_0 et_pb_button et_pb_bg_layout_light et_pb_module et_block_module preset--group--divi-button--divi-spacing--default preset--module--divi-button--default\" href=\"https:\/\/www.connectwithus.ca\/infant-hearing-program\/\" data-icon=\"5\">Informations sur le programme<\/a><\/div><\/div><div class=\"et_pb_column_9 et_pb_column et_pb_column_1_4 et_block_column et_pb_css_mix_blend_mode_passthrough preset--group--divi-column--divi-spacing--default\"><div class=\"et_pb_module et_pb_button_module_wrapper et_pb_button_1_wrapper preset--group--divi-button--divi-spacing--default_wrapper preset--module--divi-button--default_wrapper\"><a class=\"et_pb_button_1 et_pb_button et_pb_bg_layout_light et_pb_module et_block_module preset--group--divi-button--divi-spacing--default preset--module--divi-button--default\" href=\"https:\/\/www.connectwithus.ca\/infant-hearing-program\/hearing-milestones\/\" data-icon=\"5\">Les \u00e9tapes de l&#039;audition<\/a><\/div><\/div><div class=\"et_pb_column_10 et_pb_column et_pb_column_1_4 et_block_column et_pb_css_mix_blend_mode_passthrough preset--group--divi-column--divi-spacing--default\"><div class=\"et_pb_module et_pb_button_module_wrapper et_pb_button_2_wrapper preset--group--divi-button--divi-spacing--default_wrapper preset--module--divi-button--default_wrapper\"><a class=\"et_pb_button_2 et_pb_button et_pb_bg_layout_light et_pb_module et_block_module preset--group--divi-button--divi-spacing--default preset--module--divi-button--default\" href=\"https:\/\/www.connectwithus.ca\/infant-hearing-program\/hearing-resources\/\" data-icon=\"5\">Ressources auditives<\/a><\/div><\/div><div class=\"et_pb_column_11 et_pb_column et_pb_column_1_4 et-last-child et_block_column et_pb_css_mix_blend_mode_passthrough preset--group--divi-column--divi-spacing--default\"><div class=\"et_pb_module et_pb_button_module_wrapper et_pb_button_3_wrapper preset--group--divi-button--divi-spacing--default_wrapper preset--module--divi-button--default_wrapper\"><a class=\"et_pb_button_3 et_pb_button et_pb_bg_layout_light et_pb_module et_block_module preset--group--divi-button--divi-spacing--default preset--module--divi-button--default\" href=\"https:\/\/www.connectwithus.ca\/infant-hearing-program\/infant-hearing-faq\/\" data-icon=\"5\">FAQ sur l&#039;audition du nourrisson<\/a><\/div><\/div><\/div><\/div>","protected":false},"excerpt":{"rendered":"","protected":false},"author":1,"featured_media":0,"parent":1513,"menu_order":0,"comment_status":"closed","ping_status":"closed","template":"","meta":{"footnotes":""},"class_list":["post-1517","page","type-page","status-publish","hentry"],"yoast_head":"<!-- This site is optimized with the Yoast SEO plugin v27.3 - https:\/\/yoast.com\/product\/yoast-seo-wordpress\/ -->\n<title>Les \u00e9tapes de l&#039;audition - Connections Early Years Family Centre<\/title>\n<meta name=\"robots\" content=\"index, follow, max-snippet:-1, max-image-preview:large, max-video-preview:-1\" \/>\n<link rel=\"canonical\" href=\"https:\/\/www.connectwithus.ca\/infant-hearing-program\/hearing-milestones\/\" \/>\n<meta property=\"og:locale\" content=\"fr_FR\" \/>\n<meta property=\"og:type\" content=\"article\" \/>\n<meta property=\"og:title\" content=\"Les \u00e9tapes de l&#039;audition - Connections Early Years Family Centre\" \/>\n<meta property=\"og:url\" content=\"https:\/\/www.connectwithus.ca\/infant-hearing-program\/hearing-milestones\/\" \/>\n<meta property=\"og:site_name\" content=\"Connections Early Years Family Centre\" \/>\n<meta property=\"article:modified_time\" content=\"2026-02-11T13:36:33+00:00\" \/>\n<meta name=\"twitter:card\" content=\"summary_large_image\" \/>\n<script type=\"application\/ld+json\" class=\"yoast-schema-graph\">{\"@context\":\"https:\\\/\\\/schema.org\",\"@graph\":[{\"@type\":\"WebPage\",\"@id\":\"https:\\\/\\\/www.connectwithus.ca\\\/infant-hearing-program\\\/hearing-milestones\\\/\",\"url\":\"https:\\\/\\\/www.connectwithus.ca\\\/infant-hearing-program\\\/hearing-milestones\\\/\",\"name\":\"Les \u00e9tapes de l'audition - Connections Early Years Family Centre\",\"isPartOf\":{\"@id\":\"https:\\\/\\\/www.connectwithus.ca\\\/#website\"},\"datePublished\":\"2022-05-27T14:35:03+00:00\",\"dateModified\":\"2026-02-11T13:36:33+00:00\",\"breadcrumb\":{\"@id\":\"https:\\\/\\\/www.connectwithus.ca\\\/infant-hearing-program\\\/hearing-milestones\\\/#breadcrumb\"},\"inLanguage\":\"fr-FR\",\"potentialAction\":[{\"@type\":\"ReadAction\",\"target\":[\"https:\\\/\\\/www.connectwithus.ca\\\/infant-hearing-program\\\/hearing-milestones\\\/\"]}]},{\"@type\":\"BreadcrumbList\",\"@id\":\"https:\\\/\\\/www.connectwithus.ca\\\/infant-hearing-program\\\/hearing-milestones\\\/#breadcrumb\",\"itemListElement\":[{\"@type\":\"ListItem\",\"position\":1,\"name\":\"Home\",\"item\":\"https:\\\/\\\/www.connectwithus.ca\\\/\"},{\"@type\":\"ListItem\",\"position\":2,\"name\":\"Programme de d\u00e9pistage n\u00e9onatal des troubles auditifs et d\u2019intervention pr\u00e9coce\",\"item\":\"https:\\\/\\\/www.connectwithus.ca\\\/infant-hearing-program\\\/\"},{\"@type\":\"ListItem\",\"position\":3,\"name\":\"Les \u00e9tapes de l&#8217;audition\"}]},{\"@type\":\"WebSite\",\"@id\":\"https:\\\/\\\/www.connectwithus.ca\\\/#website\",\"url\":\"https:\\\/\\\/www.connectwithus.ca\\\/\",\"name\":\"Connections Early Years Family Centre\",\"description\":\"Healthy development of families and their children in Windsor-Essex County.\",\"potentialAction\":[{\"@type\":\"SearchAction\",\"target\":{\"@type\":\"EntryPoint\",\"urlTemplate\":\"https:\\\/\\\/www.connectwithus.ca\\\/?s={search_term_string}\"},\"query-input\":{\"@type\":\"PropertyValueSpecification\",\"valueRequired\":true,\"valueName\":\"search_term_string\"}}],\"inLanguage\":\"fr-FR\"}]}<\/script>\n<!-- \/ Yoast SEO plugin. -->","yoast_head_json":{"title":"Les \u00e9tapes de l'audition - Connections Early Years Family Centre","robots":{"index":"index","follow":"follow","max-snippet":"max-snippet:-1","max-image-preview":"max-image-preview:large","max-video-preview":"max-video-preview:-1"},"canonical":"https:\/\/www.connectwithus.ca\/infant-hearing-program\/hearing-milestones\/","og_locale":"fr_FR","og_type":"article","og_title":"Les \u00e9tapes de l'audition - Connections Early Years Family Centre","og_url":"https:\/\/www.connectwithus.ca\/infant-hearing-program\/hearing-milestones\/","og_site_name":"Connections Early Years Family Centre","article_modified_time":"2026-02-11T13:36:33+00:00","twitter_card":"summary_large_image","schema":{"@context":"https:\/\/schema.org","@graph":[{"@type":"WebPage","@id":"https:\/\/www.connectwithus.ca\/infant-hearing-program\/hearing-milestones\/","url":"https:\/\/www.connectwithus.ca\/infant-hearing-program\/hearing-milestones\/","name":"Les \u00e9tapes de l'audition - Connections Early Years Family Centre","isPartOf":{"@id":"https:\/\/www.connectwithus.ca\/#website"},"datePublished":"2022-05-27T14:35:03+00:00","dateModified":"2026-02-11T13:36:33+00:00","breadcrumb":{"@id":"https:\/\/www.connectwithus.ca\/infant-hearing-program\/hearing-milestones\/#breadcrumb"},"inLanguage":"fr-FR","potentialAction":[{"@type":"ReadAction","target":["https:\/\/www.connectwithus.ca\/infant-hearing-program\/hearing-milestones\/"]}]},{"@type":"BreadcrumbList","@id":"https:\/\/www.connectwithus.ca\/infant-hearing-program\/hearing-milestones\/#breadcrumb","itemListElement":[{"@type":"ListItem","position":1,"name":"Home","item":"https:\/\/www.connectwithus.ca\/"},{"@type":"ListItem","position":2,"name":"Programme de d\u00e9pistage n\u00e9onatal des troubles auditifs et d\u2019intervention pr\u00e9coce","item":"https:\/\/www.connectwithus.ca\/infant-hearing-program\/"},{"@type":"ListItem","position":3,"name":"Les \u00e9tapes de l&#8217;audition"}]},{"@type":"WebSite","@id":"https:\/\/www.connectwithus.ca\/#website","url":"https:\/\/www.connectwithus.ca\/","name":"Connections Early Years Family Centre","description":"Healthy development of families and their children in Windsor-Essex County.","potentialAction":[{"@type":"SearchAction","target":{"@type":"EntryPoint","urlTemplate":"https:\/\/www.connectwithus.ca\/?s={search_term_string}"},"query-input":{"@type":"PropertyValueSpecification","valueRequired":true,"valueName":"search_term_string"}}],"inLanguage":"fr-FR"}]}},"_links":{"self":[{"href":"https:\/\/www.connectwithus.ca\/fr\/wp-json\/wp\/v2\/pages\/1517","targetHints":{"allow":["GET"]}}],"collection":[{"href":"https:\/\/www.connectwithus.ca\/fr\/wp-json\/wp\/v2\/pages"}],"about":[{"href":"https:\/\/www.connectwithus.ca\/fr\/wp-json\/wp\/v2\/types\/page"}],"author":[{"embeddable":true,"href":"https:\/\/www.connectwithus.ca\/fr\/wp-json\/wp\/v2\/users\/1"}],"replies":[{"embeddable":true,"href":"https:\/\/www.connectwithus.ca\/fr\/wp-json\/wp\/v2\/comments?post=1517"}],"version-history":[{"count":0,"href":"https:\/\/www.connectwithus.ca\/fr\/wp-json\/wp\/v2\/pages\/1517\/revisions"}],"up":[{"embeddable":true,"href":"https:\/\/www.connectwithus.ca\/fr\/wp-json\/wp\/v2\/pages\/1513"}],"wp:attachment":[{"href":"https:\/\/www.connectwithus.ca\/fr\/wp-json\/wp\/v2\/media?parent=1517"}],"curies":[{"name":"wp","href":"https:\/\/api.w.org\/{rel}","templated":true}]}}