{"id":1516,"date":"2022-02-16T14:28:38","date_gmt":"2022-02-16T19:28:38","guid":{"rendered":"https:\/\/www.connectwithus.ca\/centre-pour-lenfance-et-la-famille-earlyon\/"},"modified":"2026-02-11T08:36:02","modified_gmt":"2026-02-11T13:36:02","slug":"centre-pour-lenfance-et-la-famille-earlyon","status":"publish","type":"page","link":"https:\/\/www.connectwithus.ca\/fr\/centre-pour-lenfance-et-la-famille-earlyon\/","title":{"rendered":"Centre pour l&rsquo;enfance et la famille EarlyON"},"content":{"rendered":"<div class=\"et_pb_section_0 et_pb_section et_pb_fullwidth_section et_section_regular et_block_section preset--group--divi-section--divi-spacing--default\"><section class=\"et_pb_fullwidth_header_0 et_pb_fullwidth_header et_pb_bg_layout_light et_pb_text_align_left et_animated et_pb_module et_flex_module preset--group--divi-fullwidth-header--divi-spacing--default preset--group--divi-fullwidth-header--divi-font-body--default preset--module--divi-fullwidth-header--default\"><div class=\"et_pb_fullwidth_header_container left\"><div class=\"header-content-container center\"><div class=\"header-content et_flex_module\"><h2 class=\"et_pb_module_header\">Programmes<\/h2><span class=\"et_pb_fullwidth_header_subhead\">Centre pour l&#039;enfance et la famille EarlyON<\/span><div class=\"et_pb_header_button_wrapper\"><a class=\"et_pb_button et_pb_more_button et_pb_button_one\" href=\"https:\/\/www.connectwithus.ca\/monthly-calendar-and-program-schedule\/\" data-icon=\"5\">Calendrier mensuel et calendrier des saisons<\/a><\/div><\/div><\/div><\/div><div class=\"et_pb_fullwidth_header_overlay\"><\/div><div class=\"et_pb_fullwidth_header_scroll\"><a class=\"scroll-down-container\" href=\"#\"><span class=\"scroll-down et-pb-icon\">;<\/span><\/a><\/div><\/section><\/div><div class=\"et_pb_section_1 et_pb_section et_section_regular et_block_section preset--group--divi-section--divi-spacing--default\"><div class=\"et_pb_row_0 et_pb_row et_pb_equal_columns et_pb_gutters1 et_block_row et_pb_row_fullwidth preset--group--divi-row--divi-spacing--default\"><div class=\"et_pb_column_0 et_pb_column et_pb_column_1_2 et_block_column et_pb_css_mix_blend_mode_passthrough preset--group--divi-column--divi-spacing--default\"><div class=\"et_pb_cta_0 et_pb_promo et_pb_bg_layout_dark et_pb_module et_block_module preset--group--divi-cta--divi-spacing--default preset--group--divi-cta--divi-font-body--default\"><div class=\"et_pb_promo_description\"><div class=\"et_pb_promo_content\"><p style=\"text-align: left;\"><span>Le centre EarlyON est un lieu o\u00f9 les parents, les gardiens et les enfants de 0 \u00e0 6 ans peuvent jouer et apprendre ensemble.<\/span><\/p>\n<div class=\"su-spacer\" style=\"text-align: left;\"><\/div>\n<p style=\"text-align: left;\">Au centre EarlyON, les parents, les prestataires de soins et les enfants peuvent participer \u00e0 une s\u00e9rie de programmes et d'activit\u00e9s, se sentir soutenus et partager des informations sur l'art d'\u00eatre parent, recevoir des informations sur les programmes et les services disponibles pour les jeunes enfants, et parler \u00e0 des professionnels de la petite enfance ainsi qu'\u00e0 d'autres parents et prestataires de soins.<\/p>\n<p style=\"text-align: left;\"><strong><\/strong><\/p>\n<p style=\"text-align: left;\">La participation \u00e0 l'un de nos programmes ou de nos activit\u00e9s est gratuite.<\/p>\n<\/div><\/div><\/div><\/div><div class=\"et_pb_column_1 et_pb_column et_pb_column_1_2 et-last-child et_block_column et_pb_column_empty et_pb_css_mix_blend_mode_passthrough preset--group--divi-column--divi-spacing--default\"><\/div><\/div><\/div><div class=\"et_pb_section_2 et_pb_section et_section_regular et_block_section preset--group--divi-section--divi-spacing--default\"><div class=\"et_pb_row_1 et_pb_row et_block_row preset--group--divi-row--divi-spacing--default\"><div class=\"et_pb_column_2 et_pb_column et_pb_column_4_4 et-last-child et_block_column et_pb_css_mix_blend_mode_passthrough preset--group--divi-column--divi-spacing--default\"><div class=\"et_pb_text_0 et_pb_text et_pb_bg_layout_light et_pb_module et_block_module et_pb_text_align_center preset--group--divi-text--divi-spacing--default preset--group--divi-text--divi-font-body--default preset--module--divi-text--default\"><div class=\"et_pb_text_inner\"><h2>Centre pour l'enfance et la famille EarlyON de Connections<\/h2>\n<p>Notre personnel et nos partenaires communautaires proposent de nombreux programmes EarlyON. D\u00e9couvrez-les ci-dessous ! Veuillez appeler le <span style=\"color: #44bcdf;\">519-252-9696<\/span> ou envoyer un courriel \u00e0 l'adresse suivante <span style=\"color: #44bcdf;\"><br \/>\n  <a href=\"mailto:EON.connections@connectwithus.ca\" style=\"color: #44bcdf;\">EON.connections@connectwithus.ca <\/a><br \/>\n<\/span>pour vous inscrire !<\/p>\n<\/div><\/div><\/div><\/div><div class=\"et_pb_row_2 et_pb_row et_pb_equal_columns et_block_row preset--group--divi-row--divi-spacing--default\" id=\"eligibility\"><div class=\"et_pb_column_3 et_pb_column et_pb_column_1_2 et_block_column et_pb_css_mix_blend_mode_passthrough preset--group--divi-column--divi-spacing--default\"><div class=\"et_pb_icon_0 et_pb_icon et_pb_module et_block_module preset--group--divi-icon--divi-spacing--default\"><span class=\"et_pb_icon_wrap\"><span class=\"et-pb-icon\">\uf52b<\/span><\/span><\/div><div class=\"et_pb_cta_1 et_pb_promo et_pb_bg_layout_light et_pb_module et_block_module preset--group--divi-cta--divi-spacing--default preset--group--divi-cta--divi-font-body--default\"><div class=\"et_pb_promo_description\"><h2 class=\"et_pb_module_header\">Viens et joue<\/h2><div class=\"et_pb_promo_content\"><p><span>Les sessions \"Come &amp; Play\" sont propos\u00e9es sur la base d'une visite libre avec une vari\u00e9t\u00e9 d'activit\u00e9s. Aucune inscription pr\u00e9alable n'est requise.  <\/span><span><\/span><span><\/span><\/p>\n<p><span>Consultez notre calendrier mensuel pour plus de d\u00e9tails.  <\/span><\/p>\n<\/div><\/div><\/div><\/div><div class=\"et_pb_column_4 et_pb_column et_pb_column_1_2 et-last-child et_block_column et_pb_css_mix_blend_mode_passthrough preset--group--divi-column--divi-spacing--default\"><div class=\"et_pb_icon_1 et_pb_icon et_pb_module et_block_module preset--group--divi-icon--divi-spacing--default\"><span class=\"et_pb_icon_wrap\"><span class=\"et-pb-icon\">\uf77d<\/span><\/span><\/div><div class=\"et_pb_cta_2 et_pb_promo et_pb_bg_layout_light et_pb_module et_block_module preset--group--divi-cta--divi-spacing--default preset--group--divi-cta--divi-font-body--default\"><div class=\"et_pb_promo_description\"><h2 class=\"et_pb_module_header\">Programmes postnatals<\/h2><div class=\"et_pb_promo_content\"><p><span>Nous proposons des programmes pour les familles avec des nouveau-n\u00e9s et des nourrissons.  <\/span><\/p>\n<p><span><\/span><\/p>\n<p><span>Consultez notre calendrier mensuel pour plus de d\u00e9tails.  <\/span><\/p>\n<p><span><\/span><\/p>\n<\/div><\/div><\/div><\/div><\/div><div class=\"et_pb_row_3 et_pb_row et_pb_equal_columns et_block_row preset--group--divi-row--divi-spacing--default\" id=\"eligibility\"><div class=\"et_pb_column_5 et_pb_column et_pb_column_1_2 et_block_column et_pb_css_mix_blend_mode_passthrough preset--group--divi-column--divi-spacing--default\"><div class=\"et_pb_icon_2 et_pb_icon et_pb_module et_block_module preset--group--divi-icon--divi-spacing--default\"><span class=\"et_pb_icon_wrap\"><span class=\"et-pb-icon\">\uf086<\/span><\/span><\/div><div class=\"et_pb_cta_3 et_pb_promo et_pb_bg_layout_light et_pb_module et_block_module preset--group--divi-cta--divi-spacing--default preset--group--divi-cta--divi-font-body--default\"><div class=\"et_pb_promo_description\"><h2 class=\"et_pb_module_header\">Cours et groupes sur l&#039;art d&#039;\u00eatre parent<\/h2><div class=\"et_pb_promo_content\"><p><span>En collaboration avec les partenaires communautaires, nous proposons une s\u00e9rie de cours et de groupes destin\u00e9s \u00e0 aider les parents et les soignants \u00e0 assurer un d\u00e9veloppement familial sain.  <\/span><span> <\/span><\/p>\n<p><span><\/span><\/p>\n<p>Consultez notre calendrier des saisons pour plus de d\u00e9tails.  <span><\/span><\/p>\n<p><span><\/span><\/p>\n<\/div><\/div><\/div><\/div><div class=\"et_pb_column_6 et_pb_column et_pb_column_1_2 et-last-child et_block_column et_pb_css_mix_blend_mode_passthrough preset--group--divi-column--divi-spacing--default\"><div class=\"et_pb_icon_3 et_pb_icon et_pb_module et_block_module preset--group--divi-icon--divi-spacing--default\"><span class=\"et_pb_icon_wrap\"><span class=\"et-pb-icon\">\uf02d<\/span><\/span><\/div><div class=\"et_pb_cta_4 et_pb_promo et_pb_bg_layout_light et_pb_module et_block_module preset--group--divi-cta--divi-spacing--default preset--group--divi-cta--divi-font-body--default\"><div class=\"et_pb_promo_description\"><h2 class=\"et_pb_module_header\">Possibilit\u00e9s d&#039;apprentissage pr\u00e9coce<\/h2><div class=\"et_pb_promo_content\"><p><span style=\"font-size: medium;\">Nous offrons une programmation qui soutient les possibilit\u00e9s d'apprentissage pr\u00e9coce ax\u00e9es sur le d\u00e9veloppement de la litt\u00e9ratie et de la num\u00e9ratie. Des possibilit\u00e9s et des activit\u00e9s d'apprentissage pr\u00e9coce sont \u00e9galement int\u00e9gr\u00e9es dans tous nos programmes et cours EarlyON.  <\/span><\/p>\n<p><span style=\"font-size: medium;\"><\/span><\/p>\n<p><span style=\"font-size: medium;\">Consultez notre calendrier des saisons pour plus de d\u00e9tails.<\/span><\/p>\n<\/div><\/div><\/div><\/div><\/div><div class=\"et_pb_row_4 et_pb_row et_pb_equal_columns et_block_row preset--group--divi-row--divi-spacing--default\" id=\"eligibility\"><div class=\"et_pb_column_7 et_pb_column et_pb_column_1_2 et_block_column et_pb_css_mix_blend_mode_passthrough preset--group--divi-column--divi-spacing--default\"><div class=\"et_pb_icon_4 et_pb_icon et_pb_module et_block_module preset--group--divi-icon--divi-spacing--default\"><span class=\"et_pb_icon_wrap\"><span class=\"et-pb-icon\">\uf4d8<\/span><\/span><\/div><div class=\"et_pb_cta_5 et_pb_promo et_pb_bg_layout_light et_pb_module et_block_module preset--group--divi-cta--divi-spacing--default preset--group--divi-cta--divi-font-body--default\"><div class=\"et_pb_promo_description\"><h2 class=\"et_pb_module_header\">Le jardin des bons amis ~ Kitigan mino inawendiwin  <\/h2><div class=\"et_pb_promo_content\"><p><span style=\"font-size: medium;\">Notre espace de jeu ext\u00e9rieur est ouvert chaque jour de 10h00 \u00e0 15h00. Venez voir les activit\u00e9s que le personnel a pr\u00e9vues chaque jour !<\/span><\/p>\n<\/div><\/div><\/div><\/div><div class=\"et_pb_column_8 et_pb_column et_pb_column_1_2 et-last-child et_block_column et_pb_css_mix_blend_mode_passthrough preset--group--divi-column--divi-spacing--default\"><div class=\"et_pb_icon_5 et_pb_icon et_pb_module et_block_module preset--group--divi-icon--divi-spacing--default\"><span class=\"et_pb_icon_wrap\"><span class=\"et-pb-icon\">\uf0c0<\/span><\/span><\/div><div class=\"et_pb_cta_6 et_pb_promo et_pb_bg_layout_light et_pb_module et_block_module preset--group--divi-cta--divi-spacing--default preset--group--divi-cta--divi-font-body--default\"><div class=\"et_pb_promo_description\"><h2 class=\"et_pb_module_header\">Comit\u00e9 des activit\u00e9s des papas connect\u00e9s (CDAC)<\/h2><div class=\"et_pb_promo_content\"><p>Bienvenue aux nouveaux membres ! Veuillez appeler le Centre pour conna\u00eetre les dates de r\u00e9union de la CDAC. Un groupe de papas qui planifient, parrainent et mettent en \u0153uvre des activit\u00e9s pour les familles et leurs enfants de 0 \u00e0 6 ans.<\/p>\n<\/div><\/div><\/div><\/div><\/div><\/div><div class=\"et_pb_section_3 et_pb_section et_section_regular et_block_section preset--group--divi-section--divi-spacing--default\"><div class=\"et_pb_row_5 et_pb_row et_block_row preset--group--divi-row--divi-spacing--default\"><div class=\"et_pb_column_9 et_pb_column et_pb_column_4_4 et-last-child et_block_column et_pb_css_mix_blend_mode_passthrough preset--group--divi-column--divi-spacing--default\"><div class=\"et_pb_text_1 et_pb_text et_pb_bg_layout_light et_pb_module et_block_module et_pb_text_align_center preset--group--divi-text--divi-spacing--default preset--group--divi-text--divi-font-body--default preset--module--divi-text--default\"><div class=\"et_pb_text_inner\"><h2>Que se passe-t-il maintenant ?<\/h2>\n<\/div><\/div><\/div><\/div><div class=\"et_pb_row_6 et_pb_row et_pb_equal_columns et_block_row preset--group--divi-row--divi-spacing--default\"><div class=\"et_pb_column_10 et_pb_column et_pb_column_1_2 et_block_column et_pb_css_mix_blend_mode_passthrough preset--group--divi-column--divi-spacing--default\"><div class=\"et_pb_text_2 et_pb_text et_pb_bg_layout_light et_pb_module et_block_module preset--group--divi-text--divi-spacing--default preset--group--divi-text--divi-font-body--default preset--module--divi-text--default\"><div class=\"et_pb_text_inner\"><h2 style=\"text-align: center;\">Calendrier mensuel d'EarlyON<\/h2>\n<\/div><\/div><div class=\"et_pb_gallery_0 et_pb_gallery et_pb_bg_layout_light et_pb_slider et_pb_gallery_fullwidth clearfix et_pb_module preset--group--divi-gallery--divi-spacing--default\" data-auto-rotate=\"off\" data-auto-rotate-speed=\"\"><div class=\"et_pb_gallery_items et_post_gallery clearfix\" data-per_page=\"4\"><div class=\"et_pb_gallery_item et_pb_gallery_item_0_0\"><div class=\"et_pb_gallery_image landscape\" data-per_page=\"4\"><a href=\"https:\/\/www.connectwithus.ca\/wp-content\/uploads\/2024\/06\/July-and-August-2024_Page_1.jpg\" title=\"July and August 2024_Page_1\"><img decoding=\"async\" width=\"2200\" height=\"1700\" data-src=\"https:\/\/www.connectwithus.ca\/wp-content\/uploads\/2024\/06\/July-and-August-2024_Page_1.jpg\" alt=\"\" class=\"wp-image-3308 lazyload\" data-srcset=\"https:\/\/www.connectwithus.ca\/wp-content\/uploads\/2024\/06\/July-and-August-2024_Page_1.jpg 2200w, https:\/\/www.connectwithus.ca\/wp-content\/uploads\/2024\/06\/July-and-August-2024_Page_1-1280x989.jpg 1280w, https:\/\/www.connectwithus.ca\/wp-content\/uploads\/2024\/06\/July-and-August-2024_Page_1-980x757.jpg 980w, https:\/\/www.connectwithus.ca\/wp-content\/uploads\/2024\/06\/July-and-August-2024_Page_1-480x371.jpg 480w\" data-sizes=\"(min-width: 0px) and (max-width: 480px) 480px, (min-width: 481px) and (max-width: 980px) 980px, (min-width: 981px) and (max-width: 1280px) 1280px, (min-width: 1281px) 2200px, 100vw\" src=\"data:image\/svg+xml;base64,PHN2ZyB3aWR0aD0iMSIgaGVpZ2h0PSIxIiB4bWxucz0iaHR0cDovL3d3dy53My5vcmcvMjAwMC9zdmciPjwvc3ZnPg==\" style=\"--smush-placeholder-width: 2200px; --smush-placeholder-aspect-ratio: 2200\/1700;\" \/><span class=\"et_overlay\" data-icon=\"\" data-icon-tablet=\"\" data-icon-phone=\"\"><\/span><\/a><\/div><\/div><\/div><\/div><\/div><div class=\"et_pb_column_11 et_pb_column et_pb_column_1_2 et-last-child et_block_column et_pb_css_mix_blend_mode_passthrough preset--group--divi-column--divi-spacing--default\"><div class=\"et_pb_text_3 et_pb_text et_pb_bg_layout_light et_pb_module et_block_module preset--group--divi-text--divi-spacing--default preset--group--divi-text--divi-font-body--default preset--module--divi-text--default\"><div class=\"et_pb_text_inner\"><h2 style=\"text-align: center;\">Calendrier de la saison de EarlyON<\/h2>\n<\/div><\/div><div class=\"et_pb_gallery_1 et_pb_gallery et_pb_bg_layout_light et_pb_slider et_pb_gallery_fullwidth clearfix et_pb_module preset--group--divi-gallery--divi-spacing--default\" data-auto-rotate=\"off\" data-auto-rotate-speed=\"\"><div class=\"et_pb_gallery_items et_post_gallery clearfix\" data-per_page=\"4\"><div class=\"et_pb_gallery_item et_pb_gallery_item_1_0\"><div class=\"et_pb_gallery_image landscape\" data-per_page=\"4\"><a href=\"https:\/\/www.connectwithus.ca\/wp-content\/uploads\/2024\/03\/Spring-Schedule-2024_Page_1.jpg\" title=\"Spring Schedule 2024_Page_1\"><img decoding=\"async\" width=\"2244\" height=\"1734\" data-src=\"https:\/\/www.connectwithus.ca\/wp-content\/uploads\/2024\/03\/Spring-Schedule-2024_Page_1.jpg\" alt=\"\" class=\"wp-image-3186 lazyload\" data-srcset=\"https:\/\/www.connectwithus.ca\/wp-content\/uploads\/2024\/03\/Spring-Schedule-2024_Page_1.jpg 2244w, https:\/\/www.connectwithus.ca\/wp-content\/uploads\/2024\/03\/Spring-Schedule-2024_Page_1-1280x989.jpg 1280w, https:\/\/www.connectwithus.ca\/wp-content\/uploads\/2024\/03\/Spring-Schedule-2024_Page_1-980x757.jpg 980w, https:\/\/www.connectwithus.ca\/wp-content\/uploads\/2024\/03\/Spring-Schedule-2024_Page_1-480x371.jpg 480w\" data-sizes=\"(min-width: 0px) and (max-width: 480px) 480px, (min-width: 481px) and (max-width: 980px) 980px, (min-width: 981px) and (max-width: 1280px) 1280px, (min-width: 1281px) 2244px, 100vw\" src=\"data:image\/svg+xml;base64,PHN2ZyB3aWR0aD0iMSIgaGVpZ2h0PSIxIiB4bWxucz0iaHR0cDovL3d3dy53My5vcmcvMjAwMC9zdmciPjwvc3ZnPg==\" style=\"--smush-placeholder-width: 2244px; --smush-placeholder-aspect-ratio: 2244\/1734;\" \/><span class=\"et_overlay\" data-icon=\"\" data-icon-tablet=\"\" data-icon-phone=\"\"><\/span><\/a><\/div><\/div><div class=\"et_pb_gallery_item et_pb_gallery_item_1_1\"><div class=\"et_pb_gallery_image landscape\" data-per_page=\"4\"><a href=\"https:\/\/www.connectwithus.ca\/wp-content\/uploads\/2024\/03\/Spring-Schedule-2024_Page_2.jpg\" title=\"Spring Schedule 2024_Page_2\"><img decoding=\"async\" width=\"2200\" height=\"1700\" data-src=\"https:\/\/www.connectwithus.ca\/wp-content\/uploads\/2024\/03\/Spring-Schedule-2024_Page_2.jpg\" alt=\"\" class=\"wp-image-3188 lazyload\" data-srcset=\"https:\/\/www.connectwithus.ca\/wp-content\/uploads\/2024\/03\/Spring-Schedule-2024_Page_2.jpg 2200w, https:\/\/www.connectwithus.ca\/wp-content\/uploads\/2024\/03\/Spring-Schedule-2024_Page_2-1280x989.jpg 1280w, https:\/\/www.connectwithus.ca\/wp-content\/uploads\/2024\/03\/Spring-Schedule-2024_Page_2-980x757.jpg 980w, https:\/\/www.connectwithus.ca\/wp-content\/uploads\/2024\/03\/Spring-Schedule-2024_Page_2-480x371.jpg 480w\" data-sizes=\"(min-width: 0px) and (max-width: 480px) 480px, (min-width: 481px) and (max-width: 980px) 980px, (min-width: 981px) and (max-width: 1280px) 1280px, (min-width: 1281px) 2200px, 100vw\" src=\"data:image\/svg+xml;base64,PHN2ZyB3aWR0aD0iMSIgaGVpZ2h0PSIxIiB4bWxucz0iaHR0cDovL3d3dy53My5vcmcvMjAwMC9zdmciPjwvc3ZnPg==\" style=\"--smush-placeholder-width: 2200px; --smush-placeholder-aspect-ratio: 2200\/1700;\" \/><span class=\"et_overlay\" data-icon=\"\" data-icon-tablet=\"\" data-icon-phone=\"\"><\/span><\/a><\/div><\/div><\/div><\/div><\/div><\/div><\/div>","protected":false},"excerpt":{"rendered":"","protected":false},"author":1,"featured_media":0,"parent":0,"menu_order":0,"comment_status":"closed","ping_status":"closed","template":"","meta":{"footnotes":""},"class_list":["post-1516","page","type-page","status-publish","hentry"],"yoast_head":"<!-- This site is optimized with the Yoast SEO plugin v27.3 - https:\/\/yoast.com\/product\/yoast-seo-wordpress\/ -->\n<title>Centre pour l&#039;enfance et la famille EarlyON Programme - Connections Early Years Family Centre<\/title>\n<meta name=\"description\" content=\"Le centre EarlyON est un lieu o\u00f9 les parents, les gardiens et les enfants de 0 \u00e0 6 ans peuvent jouer et apprendre ensemble.\" \/>\n<meta name=\"robots\" content=\"index, follow, max-snippet:-1, max-image-preview:large, max-video-preview:-1\" \/>\n<link rel=\"canonical\" href=\"https:\/\/www.connectwithus.ca\/earlyon-child-and-family-centre\/\" \/>\n<meta property=\"og:locale\" content=\"fr_FR\" \/>\n<meta property=\"og:type\" content=\"article\" \/>\n<meta property=\"og:title\" content=\"Centre pour l&#039;enfance et la famille EarlyON Programme - Connections Early Years Family Centre\" \/>\n<meta property=\"og:description\" content=\"Le centre EarlyON est un lieu o\u00f9 les parents, les gardiens et les enfants de 0 \u00e0 6 ans peuvent jouer et apprendre ensemble.\" \/>\n<meta property=\"og:url\" content=\"https:\/\/www.connectwithus.ca\/earlyon-child-and-family-centre\/\" \/>\n<meta property=\"og:site_name\" content=\"Connections Early Years Family Centre\" \/>\n<meta property=\"article:modified_time\" content=\"2026-02-11T13:36:02+00:00\" \/>\n<meta name=\"twitter:card\" content=\"summary_large_image\" \/>\n<script type=\"application\/ld+json\" class=\"yoast-schema-graph\">{\"@context\":\"https:\\\/\\\/schema.org\",\"@graph\":[{\"@type\":\"WebPage\",\"@id\":\"https:\\\/\\\/www.connectwithus.ca\\\/earlyon-child-and-family-centre\\\/\",\"url\":\"https:\\\/\\\/www.connectwithus.ca\\\/earlyon-child-and-family-centre\\\/\",\"name\":\"Centre pour l'enfance et la famille EarlyON Programme - Connections Early Years Family Centre\",\"isPartOf\":{\"@id\":\"https:\\\/\\\/www.connectwithus.ca\\\/#website\"},\"datePublished\":\"2022-02-16T19:28:38+00:00\",\"dateModified\":\"2026-02-11T13:36:02+00:00\",\"description\":\"Le centre EarlyON est un lieu o\u00f9 les parents, les gardiens et les enfants de 0 \u00e0 6 ans peuvent jouer et apprendre ensemble.\",\"breadcrumb\":{\"@id\":\"https:\\\/\\\/www.connectwithus.ca\\\/earlyon-child-and-family-centre\\\/#breadcrumb\"},\"inLanguage\":\"fr-FR\",\"potentialAction\":[{\"@type\":\"ReadAction\",\"target\":[\"https:\\\/\\\/www.connectwithus.ca\\\/earlyon-child-and-family-centre\\\/\"]}]},{\"@type\":\"BreadcrumbList\",\"@id\":\"https:\\\/\\\/www.connectwithus.ca\\\/earlyon-child-and-family-centre\\\/#breadcrumb\",\"itemListElement\":[{\"@type\":\"ListItem\",\"position\":1,\"name\":\"Home\",\"item\":\"https:\\\/\\\/www.connectwithus.ca\\\/\"},{\"@type\":\"ListItem\",\"position\":2,\"name\":\"Centre pour l&#8217;enfance et la famille EarlyON\"}]},{\"@type\":\"WebSite\",\"@id\":\"https:\\\/\\\/www.connectwithus.ca\\\/#website\",\"url\":\"https:\\\/\\\/www.connectwithus.ca\\\/\",\"name\":\"Connections Early Years Family Centre\",\"description\":\"Healthy development of families and their children in Windsor-Essex County.\",\"potentialAction\":[{\"@type\":\"SearchAction\",\"target\":{\"@type\":\"EntryPoint\",\"urlTemplate\":\"https:\\\/\\\/www.connectwithus.ca\\\/?s={search_term_string}\"},\"query-input\":{\"@type\":\"PropertyValueSpecification\",\"valueRequired\":true,\"valueName\":\"search_term_string\"}}],\"inLanguage\":\"fr-FR\"}]}<\/script>\n<!-- \/ Yoast SEO plugin. -->","yoast_head_json":{"title":"Centre pour l'enfance et la famille EarlyON Programme - Connections Early Years Family Centre","description":"Le centre EarlyON est un lieu o\u00f9 les parents, les gardiens et les enfants de 0 \u00e0 6 ans peuvent jouer et apprendre ensemble.","robots":{"index":"index","follow":"follow","max-snippet":"max-snippet:-1","max-image-preview":"max-image-preview:large","max-video-preview":"max-video-preview:-1"},"canonical":"https:\/\/www.connectwithus.ca\/earlyon-child-and-family-centre\/","og_locale":"fr_FR","og_type":"article","og_title":"Centre pour l'enfance et la famille EarlyON Programme - Connections Early Years Family Centre","og_description":"Le centre EarlyON est un lieu o\u00f9 les parents, les gardiens et les enfants de 0 \u00e0 6 ans peuvent jouer et apprendre ensemble.","og_url":"https:\/\/www.connectwithus.ca\/earlyon-child-and-family-centre\/","og_site_name":"Connections Early Years Family Centre","article_modified_time":"2026-02-11T13:36:02+00:00","twitter_card":"summary_large_image","schema":{"@context":"https:\/\/schema.org","@graph":[{"@type":"WebPage","@id":"https:\/\/www.connectwithus.ca\/earlyon-child-and-family-centre\/","url":"https:\/\/www.connectwithus.ca\/earlyon-child-and-family-centre\/","name":"Centre pour l'enfance et la famille EarlyON Programme - Connections Early Years Family Centre","isPartOf":{"@id":"https:\/\/www.connectwithus.ca\/#website"},"datePublished":"2022-02-16T19:28:38+00:00","dateModified":"2026-02-11T13:36:02+00:00","description":"Le centre EarlyON est un lieu o\u00f9 les parents, les gardiens et les enfants de 0 \u00e0 6 ans peuvent jouer et apprendre ensemble.","breadcrumb":{"@id":"https:\/\/www.connectwithus.ca\/earlyon-child-and-family-centre\/#breadcrumb"},"inLanguage":"fr-FR","potentialAction":[{"@type":"ReadAction","target":["https:\/\/www.connectwithus.ca\/earlyon-child-and-family-centre\/"]}]},{"@type":"BreadcrumbList","@id":"https:\/\/www.connectwithus.ca\/earlyon-child-and-family-centre\/#breadcrumb","itemListElement":[{"@type":"ListItem","position":1,"name":"Home","item":"https:\/\/www.connectwithus.ca\/"},{"@type":"ListItem","position":2,"name":"Centre pour l&#8217;enfance et la famille EarlyON"}]},{"@type":"WebSite","@id":"https:\/\/www.connectwithus.ca\/#website","url":"https:\/\/www.connectwithus.ca\/","name":"Connections Early Years Family Centre","description":"Healthy development of families and their children in Windsor-Essex County.","potentialAction":[{"@type":"SearchAction","target":{"@type":"EntryPoint","urlTemplate":"https:\/\/www.connectwithus.ca\/?s={search_term_string}"},"query-input":{"@type":"PropertyValueSpecification","valueRequired":true,"valueName":"search_term_string"}}],"inLanguage":"fr-FR"}]}},"_links":{"self":[{"href":"https:\/\/www.connectwithus.ca\/fr\/wp-json\/wp\/v2\/pages\/1516","targetHints":{"allow":["GET"]}}],"collection":[{"href":"https:\/\/www.connectwithus.ca\/fr\/wp-json\/wp\/v2\/pages"}],"about":[{"href":"https:\/\/www.connectwithus.ca\/fr\/wp-json\/wp\/v2\/types\/page"}],"author":[{"embeddable":true,"href":"https:\/\/www.connectwithus.ca\/fr\/wp-json\/wp\/v2\/users\/1"}],"replies":[{"embeddable":true,"href":"https:\/\/www.connectwithus.ca\/fr\/wp-json\/wp\/v2\/comments?post=1516"}],"version-history":[{"count":0,"href":"https:\/\/www.connectwithus.ca\/fr\/wp-json\/wp\/v2\/pages\/1516\/revisions"}],"wp:attachment":[{"href":"https:\/\/www.connectwithus.ca\/fr\/wp-json\/wp\/v2\/media?parent=1516"}],"curies":[{"name":"wp","href":"https:\/\/api.w.org\/{rel}","templated":true}]}}