{"id":1514,"date":"2022-05-27T10:47:41","date_gmt":"2022-05-27T14:47:41","guid":{"rendered":"https:\/\/www.connectwithus.ca\/faq-sur-laudition-du-nourrisson\/"},"modified":"2026-02-11T08:36:38","modified_gmt":"2026-02-11T13:36:38","slug":"faq-sur-laudition-du-nourrisson","status":"publish","type":"page","link":"https:\/\/www.connectwithus.ca\/fr\/programme-sur-laudition-des-nourrissons\/faq-sur-laudition-du-nourrisson\/","title":{"rendered":"FAQ sur l&rsquo;audition du nourrisson"},"content":{"rendered":"<div class=\"et_pb_section_0 et_pb_section et_pb_fullwidth_section et_section_regular et_block_section preset--group--divi-section--divi-spacing--default\"><section class=\"et_pb_fullwidth_header_0 et_pb_fullwidth_header et_pb_bg_layout_light et_pb_text_align_left et_animated et_pb_module et_flex_module preset--group--divi-fullwidth-header--divi-spacing--default preset--group--divi-fullwidth-header--divi-font-body--default preset--module--divi-fullwidth-header--default\"><div class=\"et_pb_fullwidth_header_container left\"><div class=\"header-content-container center\"><div class=\"header-content et_flex_module\"><h2 class=\"et_pb_module_header\">Programme sur l'audition des nourrissons<\/h2><span class=\"et_pb_fullwidth_header_subhead\">FAQ sur l'audition du nourrisson<\/span><div class=\"et_pb_header_button_wrapper\"><\/div><\/div><\/div><\/div><div class=\"et_pb_fullwidth_header_overlay\"><\/div><div class=\"et_pb_fullwidth_header_scroll\"><a class=\"scroll-down-container\" href=\"#\"><span class=\"scroll-down et-pb-icon\">;<\/span><\/a><\/div><\/section><\/div><div class=\"et_pb_section_1 et_pb_section et_section_regular et_block_section preset--group--divi-section--divi-spacing--default\"><div class=\"et_pb_row_0 et_pb_row et_block_row preset--group--divi-row--divi-spacing--default\"><div class=\"et_pb_column_0 et_pb_column et_pb_column_4_4 et-last-child et_block_column et_pb_css_mix_blend_mode_passthrough preset--group--divi-column--divi-spacing--default\"><div class=\"et_pb_text_0 et_pb_text et_pb_bg_layout_light et_pb_module et_block_module preset--group--divi-text--divi-spacing--default preset--group--divi-text--divi-font-body--default preset--module--divi-text--default\"><div class=\"et_pb_text_inner\"><p style=\"text-align: left;\"><strong>Voici les r\u00e9ponses \u00e0 certaines questions courantes que les parents se posent :<\/strong><\/p>\n<\/div><\/div><\/div><\/div><div class=\"et_pb_row_1 et_pb_row et_pb_equal_columns et_block_row preset--group--divi-row--divi-spacing--default\"><div class=\"et_pb_column_1 et_pb_column et_pb_column_1_2 et_block_column et_pb_css_mix_blend_mode_passthrough preset--group--divi-column--divi-spacing--default\"><div class=\"et_pb_accordion_0 et_pb_accordion et_pb_module et_block_module preset--group--divi-accordion--divi-spacing--default preset--group--divi-accordion--divi-font-body--default preset--module--divi-accordion--default\"><div class=\"et_pb_accordion_item_0 et_pb_accordion_item et_pb_toggle et_pb_module et_pb_toggle_open et_block_module preset--group--divi-accordion-item--divi-spacing--default preset--group--divi-accordion-item--divi-font-body--default preset--module--divi-accordion-item--default\"><h5 class=\"et_pb_toggle_title\">Pourquoi devrais-je faire examiner l'audition de mon b\u00e9b\u00e9 ?<\/h5><div class=\"et_pb_toggle_content\"><p><span>Les premiers mois et les premi\u00e8res ann\u00e9es de la vie d'un b\u00e9b\u00e9 sont tr\u00e8s importants pour le d\u00e9veloppement du langage. Une perte auditive non d\u00e9tect\u00e9e est l'une des causes du retard du d\u00e9veloppement du langage oral.<\/span><\/p>\n<\/div><\/div><div class=\"et_pb_accordion_item_1 et_pb_accordion_item et_pb_toggle et_pb_module et_pb_toggle_close et_block_module preset--group--divi-accordion-item--divi-spacing--default preset--group--divi-accordion-item--divi-font-body--default preset--module--divi-accordion-item--default\"><h5 class=\"et_pb_toggle_title\">Le processus de d\u00e9pistage peut-il nuire \u00e0 mon b\u00e9b\u00e9 ?<\/h5><div class=\"et_pb_toggle_content\"><p><span>Non. Le processus de d\u00e9pistage est rapide, simple et s\u00fbr.<\/span><\/p>\n<\/div><\/div><div class=\"et_pb_accordion_item_2 et_pb_accordion_item et_pb_toggle et_pb_module et_pb_toggle_close et_block_module preset--group--divi-accordion-item--divi-spacing--default preset--group--divi-accordion-item--divi-font-body--default preset--module--divi-accordion-item--default\"><h5 class=\"et_pb_toggle_title\">Que signifient les r\u00e9sultats du d\u00e9pistage ?<\/h5><div class=\"et_pb_toggle_content\"><p><span>Les b\u00e9b\u00e9s recevront un r\u00e9sultat positif ou n\u00e9gatif. Ceux qui re\u00e7oivent un r\u00e9sultat de r\u00e9f\u00e9rence devront subir d'autres tests. Les enfants dont le r\u00e9sultat est positif et qui pr\u00e9sentent des facteurs de risque de perte auditive seront \u00e9galement orient\u00e9s vers des tests suppl\u00e9mentaires.<\/span><\/p>\n<\/div><\/div><div class=\"et_pb_accordion_item_3 et_pb_accordion_item et_pb_toggle et_pb_module et_pb_toggle_close et_block_module preset--group--divi-accordion-item--divi-spacing--default preset--group--divi-accordion-item--divi-font-body--default preset--module--divi-accordion-item--default\"><h5 class=\"et_pb_toggle_title\">Si mon enfant est orient\u00e9 vers des tests suppl\u00e9mentaires, quelle est la prochaine \u00e9tape ?<\/h5><div class=\"et_pb_toggle_content\"><p><span>Le programme d'audition des nourrissons (IHP) enverra les r\u00e9sultats du d\u00e9pistage de votre b\u00e9b\u00e9 \u00e0 un prestataire de services d'audiologie de l'IHP, qui vous contactera pour prendre rendez-vous.<\/span><\/p>\n<\/div><\/div><div class=\"et_pb_accordion_item_4 et_pb_accordion_item et_pb_toggle et_pb_module et_pb_toggle_close et_block_module preset--group--divi-accordion-item--divi-spacing--default preset--group--divi-accordion-item--divi-font-body--default preset--module--divi-accordion-item--default\"><h5 class=\"et_pb_toggle_title\">Que dois-je faire avant le rendez-vous d'audiologie ?<\/h5><div class=\"et_pb_toggle_content\"><p>Deux ou trois s\u00e9ances peuvent \u00eatre n\u00e9cessaires pour effectuer une \u00e9valuation de l'audition.<\/p>\n<p>Si votre b\u00e9b\u00e9 est \u00e2g\u00e9 de moins de 6 mois :<\/p>\n<ul>\n<li>Il doit \u00eatre endormi pendant le test. Nous vous recommandons de garder votre b\u00e9b\u00e9 \u00e9veill\u00e9 pendant quelques heures avant l'\u00e9valuation et de le nourrir juste avant le test.<\/li>\n<li>Ne mettez pas de cr\u00e8mes ou d'huiles sur le front de votre b\u00e9b\u00e9.<\/li>\n<\/ul>\n<p>Si votre b\u00e9b\u00e9 est \u00e2g\u00e9 de plus de 6 mois :<\/p>\n<ul>\n<li>Il\/elle doit \u00eatre r\u00e9veill\u00e9(e) pour les tests et pr\u00eat(e) \u00e0 jouer.<\/li>\n<li>Ne mettez pas de cr\u00e8mes ou d'huiles sur le front de votre b\u00e9b\u00e9.<\/li>\n<\/ul>\n<\/div><\/div><\/div><\/div><div class=\"et_pb_column_2 et_pb_column et_pb_column_1_2 et-last-child et_block_column et_pb_css_mix_blend_mode_passthrough preset--group--divi-column--divi-spacing--default\"><div class=\"et_pb_accordion_1 et_pb_accordion et_pb_module et_block_module preset--group--divi-accordion--divi-spacing--default preset--group--divi-accordion--divi-font-body--default preset--module--divi-accordion--default\"><div class=\"et_pb_accordion_item_5 et_pb_accordion_item et_pb_toggle et_pb_module et_pb_toggle_open et_block_module preset--group--divi-accordion-item--divi-spacing--default preset--group--divi-accordion-item--divi-font-body--default preset--module--divi-accordion-item--default\"><h5 class=\"et_pb_toggle_title\">L'audition de mon b\u00e9b\u00e9 n'a pas \u00e9t\u00e9 d\u00e9pist\u00e9e \u00e0 l'h\u00f4pital, o\u00f9 puis-je aller ?<\/h5><div class=\"et_pb_toggle_content\"><p><span>Un d\u00e9pistage auditif est propos\u00e9 dans un certain nombre de cliniques communautaires. Pour prendre rendez-vous, veuillez contacter le 519.252.0636.<\/span><\/p>\n<\/div><\/div><div class=\"et_pb_accordion_item_6 et_pb_accordion_item et_pb_toggle et_pb_module et_pb_toggle_close et_block_module preset--group--divi-accordion-item--divi-spacing--default preset--group--divi-accordion-item--divi-font-body--default preset--module--divi-accordion-item--default\"><h5 class=\"et_pb_toggle_title\">Mon b\u00e9b\u00e9 a une perte auditive permanente. Quelle est la prochaine \u00e9tape ?<\/h5><div class=\"et_pb_toggle_content\"><p>Vous serez r\u00e9f\u00e9renc\u00e9 :<\/p>\n<ul>\n<li>Un sp\u00e9cialiste de l'oreille, du nez et de la gorge en p\u00e9diatrie<\/li>\n<\/ul>\n<p>Vous aurez acc\u00e8s aux services suivants :<\/p>\n<ul>\n<li>\u00c9valuations audiologiques et gestion des appareils auditifs fournies par un audiologiste form\u00e9 par l'IHP.<\/li>\n<li>Services de communication pour soutenir le d\u00e9veloppement du langage et de l'alphab\u00e9tisation pr\u00e9coce<\/li>\n<li>Des services de soutien aux familles pour les guider et les aider \u00e0 acc\u00e9der aux ressources communautaires.<\/li>\n<\/ul>\n<\/div><\/div><div class=\"et_pb_accordion_item_7 et_pb_accordion_item et_pb_toggle et_pb_module et_pb_toggle_close et_block_module preset--group--divi-accordion-item--divi-spacing--default preset--group--divi-accordion-item--divi-font-body--default preset--module--divi-accordion-item--default\"><h5 class=\"et_pb_toggle_title\">Je ne suis pas s\u00fbr que mon enfant (\u00e2g\u00e9 de plus de 2 ans) souffre d'une perte auditive ou d'un probl\u00e8me de parole et de langage. Que dois-je faire ?<\/h5><div class=\"et_pb_toggle_content\"><p><span>Parlez \u00e0 votre m\u00e9decin de famille de vos pr\u00e9occupations et demandez \u00e0 \u00eatre orient\u00e9 vers un audiologiste pour une \u00e9valuation de votre audition, contactez le programme Talk 2 Me au 519.252.0636, ou remplissez notre <\/span><a href=\"https:\/\/cwustg.wpengine.com\/talk-2-me\/t2m-online-referral-form\/\">formulaire de recommandation en ligne<\/a><span>.<\/span><\/p>\n<\/div><\/div><div class=\"et_pb_accordion_item_8 et_pb_accordion_item et_pb_toggle et_pb_module et_pb_toggle_close et_block_module preset--group--divi-accordion-item--divi-spacing--default preset--group--divi-accordion-item--divi-font-body--default preset--module--divi-accordion-item--default\"><h5 class=\"et_pb_toggle_title\">  Je suis pr\u00e9occup\u00e9e par le d\u00e9veloppement de la parole et du langage de mon enfant d'\u00e2ge pr\u00e9scolaire (de 0 \u00e0 4 ans). Que dois-je faire ?<\/h5><div class=\"et_pb_toggle_content\"><p><span>Contactez le programme Talk 2 Me au 519.252.0636 pour parler avec le personnel ou remplissez notre <\/span><a href=\"https:\/\/cwustg.wpengine.com\/talk-2-me\/t2m-online-referral-form\/\" target=\"_blank\" rel=\"noopener noreferrer\">formulaire de recommandation en ligne<\/a><span>.<\/span><\/p>\n<\/div><\/div><\/div><\/div><\/div><\/div><div class=\"et_pb_section_2 et_pb_section et_section_regular et_block_section preset--group--divi-section--divi-spacing--default\"><div class=\"et_pb_row_2 et_pb_row et_pb_row_4col et_pb_equal_columns et_block_row et_block_row_4col preset--group--divi-row--divi-spacing--default\"><div class=\"et_pb_column_3 et_pb_column et_pb_column_1_4 et_block_column et_pb_css_mix_blend_mode_passthrough preset--group--divi-column--divi-spacing--default\"><div class=\"et_pb_module et_pb_button_module_wrapper et_pb_button_0_wrapper preset--group--divi-button--divi-spacing--default_wrapper preset--module--divi-button--default_wrapper\"><a class=\"et_pb_button_0 et_pb_button et_pb_bg_layout_light et_pb_module et_block_module preset--group--divi-button--divi-spacing--default preset--module--divi-button--default\" href=\"https:\/\/www.connectwithus.ca\/infant-hearing-program\/\" data-icon=\"5\">Informations sur le programme<\/a><\/div><\/div><div class=\"et_pb_column_4 et_pb_column et_pb_column_1_4 et_block_column et_pb_css_mix_blend_mode_passthrough preset--group--divi-column--divi-spacing--default\"><div class=\"et_pb_module et_pb_button_module_wrapper et_pb_button_1_wrapper preset--group--divi-button--divi-spacing--default_wrapper preset--module--divi-button--default_wrapper\"><a class=\"et_pb_button_1 et_pb_button et_pb_bg_layout_light et_pb_module et_block_module preset--group--divi-button--divi-spacing--default preset--module--divi-button--default\" href=\"https:\/\/www.connectwithus.ca\/infant-hearing-program\/hearing-milestones\/\" data-icon=\"5\">Les \u00e9tapes de l&#039;audition<\/a><\/div><\/div><div class=\"et_pb_column_5 et_pb_column et_pb_column_1_4 et_block_column et_pb_css_mix_blend_mode_passthrough preset--group--divi-column--divi-spacing--default\"><div class=\"et_pb_module et_pb_button_module_wrapper et_pb_button_2_wrapper preset--group--divi-button--divi-spacing--default_wrapper preset--module--divi-button--default_wrapper\"><a class=\"et_pb_button_2 et_pb_button et_pb_bg_layout_light et_pb_module et_block_module preset--group--divi-button--divi-spacing--default preset--module--divi-button--default\" href=\"https:\/\/www.connectwithus.ca\/infant-hearing-program\/hearing-resources\/\" data-icon=\"5\">Ressources auditives<\/a><\/div><\/div><div class=\"et_pb_column_6 et_pb_column et_pb_column_1_4 et-last-child et_block_column et_pb_css_mix_blend_mode_passthrough preset--group--divi-column--divi-spacing--default\"><div class=\"et_pb_module et_pb_button_module_wrapper et_pb_button_3_wrapper preset--group--divi-button--divi-spacing--default_wrapper preset--module--divi-button--default_wrapper\"><a class=\"et_pb_button_3 et_pb_button et_pb_bg_layout_light et_pb_module et_block_module preset--group--divi-button--divi-spacing--default preset--module--divi-button--default\" href=\"https:\/\/www.connectwithus.ca\/infant-hearing-program\/infant-hearing-faq\/\" data-icon=\"5\">FAQ sur l&#039;audition du nourrisson<\/a><\/div><\/div><\/div><\/div>","protected":false},"excerpt":{"rendered":"","protected":false},"author":1,"featured_media":0,"parent":1513,"menu_order":0,"comment_status":"closed","ping_status":"closed","template":"","meta":{"footnotes":""},"class_list":["post-1514","page","type-page","status-publish","hentry"],"yoast_head":"<!-- This site is optimized with the Yoast SEO plugin v27.3 - https:\/\/yoast.com\/product\/yoast-seo-wordpress\/ -->\n<title>FAQ sur l&#039;audition du nourrisson - Connections Early Years Family Centre<\/title>\n<meta name=\"robots\" content=\"index, follow, max-snippet:-1, max-image-preview:large, max-video-preview:-1\" \/>\n<link rel=\"canonical\" href=\"https:\/\/www.connectwithus.ca\/infant-hearing-program\/infant-hearing-faq\/\" \/>\n<meta property=\"og:locale\" content=\"fr_FR\" \/>\n<meta property=\"og:type\" content=\"article\" \/>\n<meta property=\"og:title\" content=\"FAQ sur l&#039;audition du nourrisson - Connections Early Years Family Centre\" \/>\n<meta property=\"og:url\" content=\"https:\/\/www.connectwithus.ca\/infant-hearing-program\/infant-hearing-faq\/\" \/>\n<meta property=\"og:site_name\" content=\"Connections Early Years Family Centre\" \/>\n<meta property=\"article:modified_time\" content=\"2026-02-11T13:36:38+00:00\" \/>\n<meta name=\"twitter:card\" content=\"summary_large_image\" \/>\n<script type=\"application\/ld+json\" class=\"yoast-schema-graph\">{\"@context\":\"https:\\\/\\\/schema.org\",\"@graph\":[{\"@type\":\"WebPage\",\"@id\":\"https:\\\/\\\/www.connectwithus.ca\\\/infant-hearing-program\\\/infant-hearing-faq\\\/\",\"url\":\"https:\\\/\\\/www.connectwithus.ca\\\/infant-hearing-program\\\/infant-hearing-faq\\\/\",\"name\":\"FAQ sur l'audition du nourrisson - Connections Early Years Family Centre\",\"isPartOf\":{\"@id\":\"https:\\\/\\\/www.connectwithus.ca\\\/#website\"},\"datePublished\":\"2022-05-27T14:47:41+00:00\",\"dateModified\":\"2026-02-11T13:36:38+00:00\",\"breadcrumb\":{\"@id\":\"https:\\\/\\\/www.connectwithus.ca\\\/infant-hearing-program\\\/infant-hearing-faq\\\/#breadcrumb\"},\"inLanguage\":\"fr-FR\",\"potentialAction\":[{\"@type\":\"ReadAction\",\"target\":[\"https:\\\/\\\/www.connectwithus.ca\\\/infant-hearing-program\\\/infant-hearing-faq\\\/\"]}]},{\"@type\":\"BreadcrumbList\",\"@id\":\"https:\\\/\\\/www.connectwithus.ca\\\/infant-hearing-program\\\/infant-hearing-faq\\\/#breadcrumb\",\"itemListElement\":[{\"@type\":\"ListItem\",\"position\":1,\"name\":\"Home\",\"item\":\"https:\\\/\\\/www.connectwithus.ca\\\/\"},{\"@type\":\"ListItem\",\"position\":2,\"name\":\"Programme de d\u00e9pistage n\u00e9onatal des troubles auditifs et d\u2019intervention pr\u00e9coce\",\"item\":\"https:\\\/\\\/www.connectwithus.ca\\\/infant-hearing-program\\\/\"},{\"@type\":\"ListItem\",\"position\":3,\"name\":\"FAQ sur l&#8217;audition du nourrisson\"}]},{\"@type\":\"WebSite\",\"@id\":\"https:\\\/\\\/www.connectwithus.ca\\\/#website\",\"url\":\"https:\\\/\\\/www.connectwithus.ca\\\/\",\"name\":\"Connections Early Years Family Centre\",\"description\":\"Healthy development of families and their children in Windsor-Essex County.\",\"potentialAction\":[{\"@type\":\"SearchAction\",\"target\":{\"@type\":\"EntryPoint\",\"urlTemplate\":\"https:\\\/\\\/www.connectwithus.ca\\\/?s={search_term_string}\"},\"query-input\":{\"@type\":\"PropertyValueSpecification\",\"valueRequired\":true,\"valueName\":\"search_term_string\"}}],\"inLanguage\":\"fr-FR\"}]}<\/script>\n<!-- \/ Yoast SEO plugin. -->","yoast_head_json":{"title":"FAQ sur l'audition du nourrisson - Connections Early Years Family Centre","robots":{"index":"index","follow":"follow","max-snippet":"max-snippet:-1","max-image-preview":"max-image-preview:large","max-video-preview":"max-video-preview:-1"},"canonical":"https:\/\/www.connectwithus.ca\/infant-hearing-program\/infant-hearing-faq\/","og_locale":"fr_FR","og_type":"article","og_title":"FAQ sur l'audition du nourrisson - Connections Early Years Family Centre","og_url":"https:\/\/www.connectwithus.ca\/infant-hearing-program\/infant-hearing-faq\/","og_site_name":"Connections Early Years Family Centre","article_modified_time":"2026-02-11T13:36:38+00:00","twitter_card":"summary_large_image","schema":{"@context":"https:\/\/schema.org","@graph":[{"@type":"WebPage","@id":"https:\/\/www.connectwithus.ca\/infant-hearing-program\/infant-hearing-faq\/","url":"https:\/\/www.connectwithus.ca\/infant-hearing-program\/infant-hearing-faq\/","name":"FAQ sur l'audition du nourrisson - Connections Early Years Family Centre","isPartOf":{"@id":"https:\/\/www.connectwithus.ca\/#website"},"datePublished":"2022-05-27T14:47:41+00:00","dateModified":"2026-02-11T13:36:38+00:00","breadcrumb":{"@id":"https:\/\/www.connectwithus.ca\/infant-hearing-program\/infant-hearing-faq\/#breadcrumb"},"inLanguage":"fr-FR","potentialAction":[{"@type":"ReadAction","target":["https:\/\/www.connectwithus.ca\/infant-hearing-program\/infant-hearing-faq\/"]}]},{"@type":"BreadcrumbList","@id":"https:\/\/www.connectwithus.ca\/infant-hearing-program\/infant-hearing-faq\/#breadcrumb","itemListElement":[{"@type":"ListItem","position":1,"name":"Home","item":"https:\/\/www.connectwithus.ca\/"},{"@type":"ListItem","position":2,"name":"Programme de d\u00e9pistage n\u00e9onatal des troubles auditifs et d\u2019intervention pr\u00e9coce","item":"https:\/\/www.connectwithus.ca\/infant-hearing-program\/"},{"@type":"ListItem","position":3,"name":"FAQ sur l&#8217;audition du nourrisson"}]},{"@type":"WebSite","@id":"https:\/\/www.connectwithus.ca\/#website","url":"https:\/\/www.connectwithus.ca\/","name":"Connections Early Years Family Centre","description":"Healthy development of families and their children in Windsor-Essex County.","potentialAction":[{"@type":"SearchAction","target":{"@type":"EntryPoint","urlTemplate":"https:\/\/www.connectwithus.ca\/?s={search_term_string}"},"query-input":{"@type":"PropertyValueSpecification","valueRequired":true,"valueName":"search_term_string"}}],"inLanguage":"fr-FR"}]}},"_links":{"self":[{"href":"https:\/\/www.connectwithus.ca\/fr\/wp-json\/wp\/v2\/pages\/1514","targetHints":{"allow":["GET"]}}],"collection":[{"href":"https:\/\/www.connectwithus.ca\/fr\/wp-json\/wp\/v2\/pages"}],"about":[{"href":"https:\/\/www.connectwithus.ca\/fr\/wp-json\/wp\/v2\/types\/page"}],"author":[{"embeddable":true,"href":"https:\/\/www.connectwithus.ca\/fr\/wp-json\/wp\/v2\/users\/1"}],"replies":[{"embeddable":true,"href":"https:\/\/www.connectwithus.ca\/fr\/wp-json\/wp\/v2\/comments?post=1514"}],"version-history":[{"count":0,"href":"https:\/\/www.connectwithus.ca\/fr\/wp-json\/wp\/v2\/pages\/1514\/revisions"}],"up":[{"embeddable":true,"href":"https:\/\/www.connectwithus.ca\/fr\/wp-json\/wp\/v2\/pages\/1513"}],"wp:attachment":[{"href":"https:\/\/www.connectwithus.ca\/fr\/wp-json\/wp\/v2\/media?parent=1514"}],"curies":[{"name":"wp","href":"https:\/\/api.w.org\/{rel}","templated":true}]}}