{"id":1513,"date":"2022-05-25T15:11:28","date_gmt":"2022-05-25T19:11:28","guid":{"rendered":"https:\/\/www.connectwithus.ca\/programme-sur-laudition-des-nourrissons\/"},"modified":"2026-02-11T08:36:30","modified_gmt":"2026-02-11T13:36:30","slug":"programme-sur-laudition-des-nourrissons","status":"publish","type":"page","link":"https:\/\/www.connectwithus.ca\/fr\/programme-sur-laudition-des-nourrissons\/","title":{"rendered":"Programme de d\u00e9pistage n\u00e9onatal des troubles auditifs et d\u2019intervention pr\u00e9coce"},"content":{"rendered":"<div class=\"et_pb_section_0 et_pb_section et_pb_fullwidth_section et_section_regular et_block_section preset--group--divi-section--divi-spacing--default\"><section class=\"et_pb_fullwidth_header_0 et_pb_fullwidth_header et_pb_bg_layout_light et_pb_text_align_left et_animated et_pb_module et_flex_module preset--group--divi-fullwidth-header--divi-spacing--default preset--group--divi-fullwidth-header--divi-font-body--default preset--module--divi-fullwidth-header--default\"><div class=\"et_pb_fullwidth_header_container left\"><div class=\"header-content-container center\"><div class=\"header-content et_flex_module\"><h2 class=\"et_pb_module_header\">Programmes<\/h2><span class=\"et_pb_fullwidth_header_subhead\">Programme de d\u00e9pistage n\u00e9onatal des troubles auditifs et d\u2019intervention pr\u00e9coce<\/span><div class=\"et_pb_header_button_wrapper\"><\/div><\/div><\/div><\/div><div class=\"et_pb_fullwidth_header_overlay\"><\/div><div class=\"et_pb_fullwidth_header_scroll\"><a class=\"scroll-down-container\" href=\"#\"><span class=\"scroll-down et-pb-icon\">;<\/span><\/a><\/div><\/section><\/div><div class=\"et_pb_section_1 et_pb_section et_section_regular et_block_section preset--group--divi-section--divi-spacing--default\"><div class=\"et_pb_row_0 et_pb_row et_pb_equal_columns et_pb_gutters1 et_block_row et_pb_row_fullwidth preset--group--divi-row--divi-spacing--default\"><div class=\"et_pb_column_0 et_pb_column et_pb_column_1_2 et_block_column et_pb_css_mix_blend_mode_passthrough preset--group--divi-column--divi-spacing--default\"><div class=\"et_pb_cta_0 et_pb_promo et_pb_bg_layout_dark et_pb_module et_block_module preset--group--divi-cta--divi-spacing--default preset--group--divi-cta--divi-font-body--default\"><div class=\"et_pb_promo_description\"><div class=\"et_pb_promo_content\"><p>Les premiers mois et les premi\u00e8res ann\u00e9es de la vie d'un b\u00e9b\u00e9 sont essentiels au d\u00e9veloppement du langage. Chaque ann\u00e9e en Ontario, pr\u00e8s de quatre b\u00e9b\u00e9s sur 1 000 naissent sourds ou malentendants. Un plus grand nombre d'entre eux perdent l'ou\u00efe plus tard au cours de leur croissance. Beaucoup de ces enfants devront peut-\u00eatre apprendre la parole et le langage diff\u00e9remment, il est donc important de d\u00e9tecter les pertes auditives le plus t\u00f4t possible.<\/p>\n<p>Une perte auditive non d\u00e9tect\u00e9e peut entra\u00eener des retards dans l'apprentissage de la parole chez votre b\u00e9b\u00e9, ce qui peut entra\u00eener des probl\u00e8mes comportementaux, cognitifs et \u00e9motionnels. Les enfants sourds ou malentendants ont plus de chances de d\u00e9velopper des comp\u00e9tences linguistiques efficaces lorsque la perte auditive est identifi\u00e9e t\u00f4t et qu'ils re\u00e7oivent le soutien dont ils ont besoin.<\/p>\n<\/div><\/div><\/div><\/div><div class=\"et_pb_column_1 et_pb_column et_pb_column_1_2 et-last-child et_block_column et_pb_column_empty et_pb_css_mix_blend_mode_passthrough preset--group--divi-column--divi-spacing--default\"><\/div><\/div><\/div><div class=\"et_pb_section_2 et_pb_section et_section_regular et_block_section preset--group--divi-section--divi-spacing--default\"><div class=\"et_pb_row_1 et_pb_row et_pb_equal_columns et_block_row preset--group--divi-row--divi-spacing--default\" id=\"eligibility\"><div class=\"et_pb_column_2 et_pb_column et_pb_column_4_4 et-last-child et_block_column et_pb_css_mix_blend_mode_passthrough preset--group--divi-column--divi-spacing--default\"><div class=\"et_pb_text_0 et_pb_text et_pb_bg_layout_light et_pb_module et_block_module preset--group--divi-text--divi-spacing--default preset--group--divi-text--divi-font-body--default preset--module--divi-text--default\"><div class=\"et_pb_text_inner\"><p style=\"text-align: center;\"><strong><span style=\"font-size: large; color: #3d3d3d;\">Si votre enfant a moins de deux mois et n'a pas encore fait contr\u00f4ler son audition, veuillez nous appeler au <span style=\"color: #44bcdf;\">519.252.0636<\/span> pour prendre rendez-vous.  <\/span><\/strong><\/p>\n<p style=\"text-align: center;\"><span style=\"font-size: 14px; color: #3d3d3d;\"><\/span><\/p>\n<\/div><\/div><\/div><\/div><\/div><div class=\"et_pb_section_3 et_pb_section et_section_regular et_block_section preset--group--divi-section--divi-spacing--default\"><div class=\"et_pb_row_2 et_pb_row et_pb_equal_columns et_block_row preset--group--divi-row--divi-spacing--default\" id=\"eligibility\"><div class=\"et_pb_column_3 et_pb_column et_pb_column_1_3 et_block_column et_pb_css_mix_blend_mode_passthrough preset--group--divi-column--divi-spacing--default\"><div class=\"et_pb_icon_0 et_pb_icon et_pb_module et_block_module preset--group--divi-icon--divi-spacing--default\"><span class=\"et_pb_icon_wrap\"><span class=\"et-pb-icon\">\uf2a2<\/span><\/span><\/div><div class=\"et_pb_cta_1 et_pb_promo et_pb_bg_layout_light et_pb_module et_block_module preset--group--divi-cta--divi-spacing--default preset--group--divi-cta--divi-font-body--default\"><div class=\"et_pb_promo_description\"><h2 class=\"et_pb_module_header\">Services d'audiologie<\/h2><div class=\"et_pb_promo_content\"><p>Les enfants identifi\u00e9s comme sourds ou malentendants peuvent \u00e9galement b\u00e9n\u00e9ficier de services d'audiologie. Ces services comprennent :<\/p>\n<p>&nbsp;<\/p>\n<ul>\n<li style=\"text-align: left;\"><strong>Tests auditifs<span> <\/span> -<\/strong><strong> <\/strong>Des tests auditifs sont effectu\u00e9s si votre enfant obtient un r\u00e9sultat de r\u00e9f\u00e9rence lors du d\u00e9pistage auditif n\u00e9onatal. Un audiologiste du Programme de d\u00e9pistage n\u00e9onatal des troubles auditifs et d\u2019intervention pr\u00e9coce \u00e9valuera l'audition de votre enfant.<\/li>\n<li style=\"text-align: left;\"><strong>Adaptation et gestion des technologies auditives<span> <\/span> -<\/strong><strong> <\/strong>Un audiologiste du programme d'aide auditive aux nourrissons s\u00e9lectionnera et adaptera la technologie auditive qui r\u00e9pondra le mieux aux besoins de votre enfant.<\/li>\n<\/ul>\n<\/div><\/div><\/div><\/div><div class=\"et_pb_column_4 et_pb_column et_pb_column_1_3 et_block_column et_pb_css_mix_blend_mode_passthrough preset--group--divi-column--divi-spacing--default\"><div class=\"et_pb_icon_1 et_pb_icon et_pb_module et_block_module preset--group--divi-icon--divi-spacing--default\"><span class=\"et_pb_icon_wrap\"><span class=\"et-pb-icon\">\uf004<\/span><\/span><\/div><div class=\"et_pb_cta_2 et_pb_promo et_pb_bg_layout_light et_pb_module et_block_module preset--group--divi-cta--divi-spacing--default preset--group--divi-cta--divi-font-body--default\"><div class=\"et_pb_promo_description\"><h2 class=\"et_pb_module_header\">Soutien aux familles<\/h2><div class=\"et_pb_promo_content\"><p>Le travailleur de soutien familial est disponible pour aider votre famille. Ce professionnel qualifi\u00e9 soutient les familles de malentendants de plusieurs mani\u00e8res, notamment :<\/p>\n<p>&nbsp;<\/p>\n<ul>\n<li style=\"text-align: left;\"><strong>Fournir un soutien psychologique<\/strong><\/li>\n<li style=\"text-align: left;\"><strong>Vous aider \u00e0 trouver les services disponibles pour vous, votre enfant et votre famille.<\/strong><br \/><strong><\/strong><\/li>\n<li style=\"text-align: left;\"><strong>Vous mettre en relation avec d'autres parents d'enfants malentendants.<\/strong><\/li>\n<li style=\"text-align: left;\"><strong>Aider votre famille \u00e0 faire la transition entre la garde d'enfants et l'\u00e9cole<\/strong><\/li>\n<\/ul>\n<\/div><\/div><\/div><\/div><div class=\"et_pb_column_5 et_pb_column et_pb_column_1_3 et-last-child et_block_column et_pb_css_mix_blend_mode_passthrough preset--group--divi-column--divi-spacing--default\"><div class=\"et_pb_icon_2 et_pb_icon et_pb_module et_block_module preset--group--divi-icon--divi-spacing--default\"><span class=\"et_pb_icon_wrap\"><span class=\"et-pb-icon\">\uf075<\/span><\/span><\/div><div class=\"et_pb_cta_3 et_pb_promo et_pb_bg_layout_light et_pb_module et_block_module preset--group--divi-cta--divi-spacing--default preset--group--divi-cta--divi-font-body--default\"><div class=\"et_pb_promo_description\"><h2 class=\"et_pb_module_header\">Services de d\u00e9veloppement de la communication<\/h2><div class=\"et_pb_promo_content\"><p>Le Programme de d\u00e9pistage n\u00e9onatal des troubles auditifs et d\u2019intervention pr\u00e9coce peut \u00e9galement fournir des services centr\u00e9s sur la famille, notamment :<\/p>\n<p>&nbsp;<\/p>\n<ul>\n<li style=\"text-align: left;\"><strong>Une \u00e9valuation du d\u00e9veloppement de la communication de votre enfant<\/strong><\/li>\n<li style=\"text-align: left;\"><strong>Des conseils professionnels pour aider \u00e0 d\u00e9velopper les comp\u00e9tences linguistiques de votre enfant.<\/strong><br \/><strong><\/strong><\/li>\n<li style=\"text-align: left;\"><strong>\u00c9ducation des parents<\/strong><\/li>\n<\/ul>\n<\/div><\/div><\/div><\/div><\/div><\/div><div class=\"et_pb_section_4 et_pb_section et_section_regular et_block_section preset--group--divi-section--divi-spacing--default\" id=\"service1\"><div class=\"et_pb_row_3 et_pb_row et_block_row preset--group--divi-row--divi-spacing--default\"><div class=\"et_pb_column_6 et_pb_column et_pb_column_4_4 et-last-child et_block_column et_pb_css_mix_blend_mode_passthrough preset--group--divi-column--divi-spacing--default\"><div class=\"et_pb_text_1 et_pb_text et_pb_bg_layout_light et_pb_module et_block_module preset--group--divi-text--divi-spacing--default preset--group--divi-text--divi-font-body--default preset--module--divi-text--default\"><div class=\"et_pb_text_inner\"><h2 style=\"text-align: center;\">D\u00e9pistage des nouveau-n\u00e9s<\/h2>\n<p style=\"text-align: center;\">Il existe deux fa\u00e7ons de d\u00e9pister l'audition d'un b\u00e9b\u00e9. Du point de vue du b\u00e9b\u00e9, ils sont tous deux tr\u00e8s simples. La plupart des b\u00e9b\u00e9s dorment pendant toute la dur\u00e9e de l'op\u00e9ration. Tous les nouveau-n\u00e9s peuvent \u00eatre d\u00e9pist\u00e9s jusqu'\u00e0 l'\u00e2ge de deux mois.<\/p>\n<\/div><\/div><div class=\"et_pb_image_0 et_pb_image et_pb_module et_block_module preset--group--divi-image--divi-spacing--default\"><span class=\"et_pb_image_wrap\"><img decoding=\"async\" data-src=\"https:\/\/www.connectwithus.ca\/wp-content\/uploads\/2022\/09\/website-images-4.png\" width=\"1279\" height=\"282\" data-srcset=\"https:\/\/www.connectwithus.ca\/wp-content\/uploads\/2022\/09\/website-images-4.png 1279w, https:\/\/www.connectwithus.ca\/wp-content\/uploads\/2022\/09\/website-images-4-980x216.png 980w, https:\/\/www.connectwithus.ca\/wp-content\/uploads\/2022\/09\/website-images-4-480x106.png 480w\" data-sizes=\"(min-width: 0px) and (max-width: 480px) 480px, (min-width: 481px) and (max-width: 980px) 980px, (min-width: 981px) 1279px, 100vw\" class=\"wp-image-1266 lazyload\" title=\"images du site web 4\" src=\"data:image\/svg+xml;base64,PHN2ZyB3aWR0aD0iMSIgaGVpZ2h0PSIxIiB4bWxucz0iaHR0cDovL3d3dy53My5vcmcvMjAwMC9zdmciPjwvc3ZnPg==\" style=\"--smush-placeholder-width: 1279px; --smush-placeholder-aspect-ratio: 1279\/282;\" \/><\/span><\/div><div class=\"et_pb_image_1 et_pb_image et_pb_module et_block_module preset--group--divi-image--divi-spacing--default\"><span class=\"et_pb_image_wrap\"><img decoding=\"async\" data-src=\"https:\/\/www.connectwithus.ca\/wp-content\/uploads\/2022\/09\/website-images-5.png\" width=\"1279\" height=\"242\" data-srcset=\"https:\/\/www.connectwithus.ca\/wp-content\/uploads\/2022\/09\/website-images-5.png 1279w, https:\/\/www.connectwithus.ca\/wp-content\/uploads\/2022\/09\/website-images-5-980x185.png 980w, https:\/\/www.connectwithus.ca\/wp-content\/uploads\/2022\/09\/website-images-5-480x91.png 480w\" data-sizes=\"(min-width: 0px) and (max-width: 480px) 480px, (min-width: 481px) and (max-width: 980px) 980px, (min-width: 981px) 1279px, 100vw\" class=\"wp-image-1267 lazyload\" title=\"images du site web 5\" src=\"data:image\/svg+xml;base64,PHN2ZyB3aWR0aD0iMSIgaGVpZ2h0PSIxIiB4bWxucz0iaHR0cDovL3d3dy53My5vcmcvMjAwMC9zdmciPjwvc3ZnPg==\" style=\"--smush-placeholder-width: 1279px; --smush-placeholder-aspect-ratio: 1279\/242;\" \/><\/span><\/div><div class=\"et_pb_image_2 et_pb_image et_pb_module et_block_module preset--group--divi-image--divi-spacing--default\"><span class=\"et_pb_image_wrap\"><img decoding=\"async\" data-src=\"https:\/\/www.connectwithus.ca\/wp-content\/uploads\/2022\/06\/infant-hearing2.png\" width=\"500\" height=\"500\" data-srcset=\"https:\/\/www.connectwithus.ca\/wp-content\/uploads\/2022\/06\/infant-hearing2.png 500w, https:\/\/www.connectwithus.ca\/wp-content\/uploads\/2022\/06\/infant-hearing2-480x480.png 480w\" data-sizes=\"(min-width: 0px) and (max-width: 480px) 480px, (min-width: 481px) 500px, 100vw\" class=\"wp-image-1214 lazyload\" title=\"infantile-audience2\" src=\"data:image\/svg+xml;base64,PHN2ZyB3aWR0aD0iMSIgaGVpZ2h0PSIxIiB4bWxucz0iaHR0cDovL3d3dy53My5vcmcvMjAwMC9zdmciPjwvc3ZnPg==\" style=\"--smush-placeholder-width: 500px; --smush-placeholder-aspect-ratio: 500\/500;\" \/><\/span><\/div><div class=\"et_pb_text_2 et_pb_text et_pb_bg_layout_light et_pb_module et_block_module preset--group--divi-text--divi-spacing--default preset--group--divi-text--divi-font-body--default preset--module--divi-text--default\"><div class=\"et_pb_text_inner\"><p style=\"text-align: center;\"><strong><span style=\"font-size: 14px; color: #3d3d3d;\">Pour plus d'informations, veuillez consulter le site <\/span><span style=\"color: #44bcdf;\"><br \/>\n  <a href=\"http:\/\/ontario.ca\/infanthearing\" target=\"_blank\" rel=\"noopener noreferrer\" style=\"color: #44bcdf;\">ontario.ca\/infanthearing<\/a><br \/>\n<\/span><\/strong><\/p>\n<\/div><\/div><\/div><\/div><\/div><div class=\"et_pb_section_5 et_pb_section et_section_regular et_block_section preset--group--divi-section--divi-spacing--default\"><div class=\"et_pb_row_4 et_pb_row et_pb_row_4col et_pb_equal_columns et_block_row et_block_row_4col preset--group--divi-row--divi-spacing--default\"><div class=\"et_pb_column_7 et_pb_column et_pb_column_1_4 et_block_column et_pb_css_mix_blend_mode_passthrough preset--group--divi-column--divi-spacing--default\"><div class=\"et_pb_module et_pb_button_module_wrapper et_pb_button_0_wrapper preset--group--divi-button--divi-spacing--default_wrapper preset--module--divi-button--default_wrapper\"><a class=\"et_pb_button_0 et_pb_button et_pb_bg_layout_light et_pb_module et_block_module preset--group--divi-button--divi-spacing--default preset--module--divi-button--default\" href=\"https:\/\/www.connectwithus.ca\/infant-hearing-program\/\" data-icon=\"5\">Informations sur le programme<\/a><\/div><\/div><div class=\"et_pb_column_8 et_pb_column et_pb_column_1_4 et_block_column et_pb_css_mix_blend_mode_passthrough preset--group--divi-column--divi-spacing--default\"><div class=\"et_pb_module et_pb_button_module_wrapper et_pb_button_1_wrapper preset--group--divi-button--divi-spacing--default_wrapper preset--module--divi-button--default_wrapper\"><a class=\"et_pb_button_1 et_pb_button et_pb_bg_layout_light et_pb_module et_block_module preset--group--divi-button--divi-spacing--default preset--module--divi-button--default\" href=\"https:\/\/www.connectwithus.ca\/infant-hearing-program\/hearing-milestones\/\" data-icon=\"5\">Les \u00e9tapes de l&#039;audition<\/a><\/div><\/div><div class=\"et_pb_column_9 et_pb_column et_pb_column_1_4 et_block_column et_pb_css_mix_blend_mode_passthrough preset--group--divi-column--divi-spacing--default\"><div class=\"et_pb_module et_pb_button_module_wrapper et_pb_button_2_wrapper preset--group--divi-button--divi-spacing--default_wrapper preset--module--divi-button--default_wrapper\"><a class=\"et_pb_button_2 et_pb_button et_pb_bg_layout_light et_pb_module et_block_module preset--group--divi-button--divi-spacing--default preset--module--divi-button--default\" href=\"https:\/\/www.connectwithus.ca\/infant-hearing-program\/hearing-resources\/\" data-icon=\"5\">Ressources auditives<\/a><\/div><\/div><div class=\"et_pb_column_10 et_pb_column et_pb_column_1_4 et-last-child et_block_column et_pb_css_mix_blend_mode_passthrough preset--group--divi-column--divi-spacing--default\"><div class=\"et_pb_module et_pb_button_module_wrapper et_pb_button_3_wrapper preset--group--divi-button--divi-spacing--default_wrapper preset--module--divi-button--default_wrapper\"><a class=\"et_pb_button_3 et_pb_button et_pb_bg_layout_light et_pb_module et_block_module preset--group--divi-button--divi-spacing--default preset--module--divi-button--default\" href=\"https:\/\/www.connectwithus.ca\/infant-hearing-program\/infant-hearing-faq\/\" data-icon=\"5\">FAQ sur l&#039;audition du nourrisson<\/a><\/div><\/div><\/div><\/div>","protected":false},"excerpt":{"rendered":"","protected":false},"author":1,"featured_media":0,"parent":0,"menu_order":0,"comment_status":"closed","ping_status":"closed","template":"","meta":{"footnotes":""},"class_list":["post-1513","page","type-page","status-publish","hentry"],"yoast_head":"<!-- This site is optimized with the Yoast SEO plugin v27.3 - https:\/\/yoast.com\/product\/yoast-seo-wordpress\/ -->\n<title>Programme de d\u00e9pistage n\u00e9onatal des troubles auditifs et d\u2019intervention pr\u00e9coce - Connections Early Years Family Centre<\/title>\n<meta name=\"description\" content=\"Les premiers mois et les premi\u00e8res ann\u00e9es de la vie d&#039;un b\u00e9b\u00e9 sont essentiels au d\u00e9veloppement du langage. Chaque ann\u00e9e en Ontario, 4 b\u00e9b\u00e9s sur 1000 ont des probl\u00e8mes d&#039;audition.\" \/>\n<meta name=\"robots\" content=\"index, follow, max-snippet:-1, max-image-preview:large, max-video-preview:-1\" \/>\n<link rel=\"canonical\" href=\"https:\/\/www.connectwithus.ca\/infant-hearing-program\/\" \/>\n<meta property=\"og:locale\" content=\"fr_FR\" \/>\n<meta property=\"og:type\" content=\"article\" \/>\n<meta property=\"og:title\" content=\"Programme de d\u00e9pistage n\u00e9onatal des troubles auditifs et d\u2019intervention pr\u00e9coce - Connections Early Years Family Centre\" \/>\n<meta property=\"og:description\" content=\"Les premiers mois et les premi\u00e8res ann\u00e9es de la vie d&#039;un b\u00e9b\u00e9 sont essentiels au d\u00e9veloppement du langage. Chaque ann\u00e9e en Ontario, 4 b\u00e9b\u00e9s sur 1000 ont des probl\u00e8mes d&#039;audition.\" \/>\n<meta property=\"og:url\" content=\"https:\/\/www.connectwithus.ca\/infant-hearing-program\/\" \/>\n<meta property=\"og:site_name\" content=\"Connections Early Years Family Centre\" \/>\n<meta property=\"article:modified_time\" content=\"2026-02-11T13:36:30+00:00\" \/>\n<meta name=\"twitter:card\" content=\"summary_large_image\" \/>\n<script type=\"application\/ld+json\" class=\"yoast-schema-graph\">{\"@context\":\"https:\\\/\\\/schema.org\",\"@graph\":[{\"@type\":\"WebPage\",\"@id\":\"https:\\\/\\\/www.connectwithus.ca\\\/infant-hearing-program\\\/\",\"url\":\"https:\\\/\\\/www.connectwithus.ca\\\/infant-hearing-program\\\/\",\"name\":\"Programme de d\u00e9pistage n\u00e9onatal des troubles auditifs et d\u2019intervention pr\u00e9coce - Connections Early Years Family Centre\",\"isPartOf\":{\"@id\":\"https:\\\/\\\/www.connectwithus.ca\\\/#website\"},\"datePublished\":\"2022-05-25T19:11:28+00:00\",\"dateModified\":\"2026-02-11T13:36:30+00:00\",\"description\":\"Les premiers mois et les premi\u00e8res ann\u00e9es de la vie d'un b\u00e9b\u00e9 sont essentiels au d\u00e9veloppement du langage. Chaque ann\u00e9e en Ontario, 4 b\u00e9b\u00e9s sur 1000 ont des probl\u00e8mes d'audition.\",\"breadcrumb\":{\"@id\":\"https:\\\/\\\/www.connectwithus.ca\\\/infant-hearing-program\\\/#breadcrumb\"},\"inLanguage\":\"fr-FR\",\"potentialAction\":[{\"@type\":\"ReadAction\",\"target\":[\"https:\\\/\\\/www.connectwithus.ca\\\/infant-hearing-program\\\/\"]}]},{\"@type\":\"BreadcrumbList\",\"@id\":\"https:\\\/\\\/www.connectwithus.ca\\\/infant-hearing-program\\\/#breadcrumb\",\"itemListElement\":[{\"@type\":\"ListItem\",\"position\":1,\"name\":\"Home\",\"item\":\"https:\\\/\\\/www.connectwithus.ca\\\/\"},{\"@type\":\"ListItem\",\"position\":2,\"name\":\"Programme de d\u00e9pistage n\u00e9onatal des troubles auditifs et d\u2019intervention pr\u00e9coce\"}]},{\"@type\":\"WebSite\",\"@id\":\"https:\\\/\\\/www.connectwithus.ca\\\/#website\",\"url\":\"https:\\\/\\\/www.connectwithus.ca\\\/\",\"name\":\"Connections Early Years Family Centre\",\"description\":\"Healthy development of families and their children in Windsor-Essex County.\",\"potentialAction\":[{\"@type\":\"SearchAction\",\"target\":{\"@type\":\"EntryPoint\",\"urlTemplate\":\"https:\\\/\\\/www.connectwithus.ca\\\/?s={search_term_string}\"},\"query-input\":{\"@type\":\"PropertyValueSpecification\",\"valueRequired\":true,\"valueName\":\"search_term_string\"}}],\"inLanguage\":\"fr-FR\"}]}<\/script>\n<!-- \/ Yoast SEO plugin. -->","yoast_head_json":{"title":"Programme de d\u00e9pistage n\u00e9onatal des troubles auditifs et d\u2019intervention pr\u00e9coce - Connections Early Years Family Centre","description":"Les premiers mois et les premi\u00e8res ann\u00e9es de la vie d'un b\u00e9b\u00e9 sont essentiels au d\u00e9veloppement du langage. Chaque ann\u00e9e en Ontario, 4 b\u00e9b\u00e9s sur 1000 ont des probl\u00e8mes d'audition.","robots":{"index":"index","follow":"follow","max-snippet":"max-snippet:-1","max-image-preview":"max-image-preview:large","max-video-preview":"max-video-preview:-1"},"canonical":"https:\/\/www.connectwithus.ca\/infant-hearing-program\/","og_locale":"fr_FR","og_type":"article","og_title":"Programme de d\u00e9pistage n\u00e9onatal des troubles auditifs et d\u2019intervention pr\u00e9coce - Connections Early Years Family Centre","og_description":"Les premiers mois et les premi\u00e8res ann\u00e9es de la vie d'un b\u00e9b\u00e9 sont essentiels au d\u00e9veloppement du langage. Chaque ann\u00e9e en Ontario, 4 b\u00e9b\u00e9s sur 1000 ont des probl\u00e8mes d'audition.","og_url":"https:\/\/www.connectwithus.ca\/infant-hearing-program\/","og_site_name":"Connections Early Years Family Centre","article_modified_time":"2026-02-11T13:36:30+00:00","twitter_card":"summary_large_image","schema":{"@context":"https:\/\/schema.org","@graph":[{"@type":"WebPage","@id":"https:\/\/www.connectwithus.ca\/infant-hearing-program\/","url":"https:\/\/www.connectwithus.ca\/infant-hearing-program\/","name":"Programme de d\u00e9pistage n\u00e9onatal des troubles auditifs et d\u2019intervention pr\u00e9coce - Connections Early Years Family Centre","isPartOf":{"@id":"https:\/\/www.connectwithus.ca\/#website"},"datePublished":"2022-05-25T19:11:28+00:00","dateModified":"2026-02-11T13:36:30+00:00","description":"Les premiers mois et les premi\u00e8res ann\u00e9es de la vie d'un b\u00e9b\u00e9 sont essentiels au d\u00e9veloppement du langage. Chaque ann\u00e9e en Ontario, 4 b\u00e9b\u00e9s sur 1000 ont des probl\u00e8mes d'audition.","breadcrumb":{"@id":"https:\/\/www.connectwithus.ca\/infant-hearing-program\/#breadcrumb"},"inLanguage":"fr-FR","potentialAction":[{"@type":"ReadAction","target":["https:\/\/www.connectwithus.ca\/infant-hearing-program\/"]}]},{"@type":"BreadcrumbList","@id":"https:\/\/www.connectwithus.ca\/infant-hearing-program\/#breadcrumb","itemListElement":[{"@type":"ListItem","position":1,"name":"Home","item":"https:\/\/www.connectwithus.ca\/"},{"@type":"ListItem","position":2,"name":"Programme de d\u00e9pistage n\u00e9onatal des troubles auditifs et d\u2019intervention pr\u00e9coce"}]},{"@type":"WebSite","@id":"https:\/\/www.connectwithus.ca\/#website","url":"https:\/\/www.connectwithus.ca\/","name":"Connections Early Years Family Centre","description":"Healthy development of families and their children in Windsor-Essex County.","potentialAction":[{"@type":"SearchAction","target":{"@type":"EntryPoint","urlTemplate":"https:\/\/www.connectwithus.ca\/?s={search_term_string}"},"query-input":{"@type":"PropertyValueSpecification","valueRequired":true,"valueName":"search_term_string"}}],"inLanguage":"fr-FR"}]}},"_links":{"self":[{"href":"https:\/\/www.connectwithus.ca\/fr\/wp-json\/wp\/v2\/pages\/1513","targetHints":{"allow":["GET"]}}],"collection":[{"href":"https:\/\/www.connectwithus.ca\/fr\/wp-json\/wp\/v2\/pages"}],"about":[{"href":"https:\/\/www.connectwithus.ca\/fr\/wp-json\/wp\/v2\/types\/page"}],"author":[{"embeddable":true,"href":"https:\/\/www.connectwithus.ca\/fr\/wp-json\/wp\/v2\/users\/1"}],"replies":[{"embeddable":true,"href":"https:\/\/www.connectwithus.ca\/fr\/wp-json\/wp\/v2\/comments?post=1513"}],"version-history":[{"count":0,"href":"https:\/\/www.connectwithus.ca\/fr\/wp-json\/wp\/v2\/pages\/1513\/revisions"}],"wp:attachment":[{"href":"https:\/\/www.connectwithus.ca\/fr\/wp-json\/wp\/v2\/media?parent=1513"}],"curies":[{"name":"wp","href":"https:\/\/api.w.org\/{rel}","templated":true}]}}