{"id":1512,"date":"2022-05-16T12:45:58","date_gmt":"2022-05-16T16:45:58","guid":{"rendered":"https:\/\/www.connectwithus.ca\/talk-2-me\/formulaire-de-recommandation-en-ligne-t2m\/"},"modified":"2026-02-11T08:36:18","modified_gmt":"2026-02-11T13:36:18","slug":"formulaire-de-recommandation-en-ligne-t2m","status":"publish","type":"page","link":"https:\/\/www.connectwithus.ca\/fr\/talk-2-me\/formulaire-de-recommandation-en-ligne-t2m\/","title":{"rendered":"Formulaire de recommandation en ligne T2M"},"content":{"rendered":"<div class=\"et_pb_section_0 et_pb_section et_section_regular et_block_section preset--group--divi-section--divi-spacing--default\"><div class=\"et_pb_row_0 et_pb_row et_block_row preset--group--divi-row--divi-spacing--default\"><div class=\"et_pb_column_0 et_pb_column et_pb_column_4_4 et-last-child et_block_column et_pb_css_mix_blend_mode_passthrough preset--group--divi-column--divi-spacing--default\"><div class=\"et_pb_text_0 et_pb_text et_pb_bg_layout_light et_pb_module et_block_module preset--group--divi-text--divi-spacing--default preset--group--divi-text--divi-font-body--default preset--module--divi-text--default\"><div class=\"et_pb_text_inner\"><h2 style=\"text-align: left;\"><strong>Formulaire de recommandation en ligne Talk 2 Me<\/strong><\/h2>\n<p><span>En cliquant sur \"J'accepte\" au bas de cette page, vous reconnaissez que votre acc\u00e8s \u00e0 ce site et son utilisation sont r\u00e9gis et vous acceptez, sans limitation ni r\u00e9serve, toutes les conditions contenues dans le pr\u00e9sent document, ainsi que toutes les lois applicables, qu'elles soient f\u00e9d\u00e9rales, provinciales, municipales ou autres, et qu'elles concernent l'existence, l'utilisation, la navigation, l'examen ou la confiance dans les informations, les formulaires ou les recommandations (les \"informations\") sur le site.  <\/span><\/p>\n<p><span>Le Centre de la famille Connections Early Years, ses repr\u00e9sentants, ses dirigeants et ses employ\u00e9s ont d\u00e9ploy\u00e9 des efforts raisonnables pour inclure des renseignements exacts et \u00e0 jour sur le site. Toutefois, le Centre de la famille Connections Early Years ne donne aucune garantie et ne fait aucune d\u00e9claration quant \u00e0 l'exhaustivit\u00e9 ou \u00e0 l'exactitude de ces informations, et le Centre de la famille Connections Early Years ne s'engage pas \u00e0 mettre \u00e0 jour ou \u00e0 corriger les informations qui figurent sur le site.  <\/span><\/p>\n<p><span>Vous utilisez le site ou les informations ou vous vous y fiez \u00e0 vos propres risques. Tout ce qui se trouve sur le site vous est fourni \"en l'\u00e9tat\" sans garantie d'aucune sorte, expresse ou implicite, y compris, mais sans s'y limiter, l'usage particulier.  <\/span><\/p>\n<p><span>En cliquant sur \"J'accepte\" ci-dessous, vous acceptez les termes de cet accord et vous nous envoyez volontairement vos informations afin d'initier une demande d'\u00e9valuation de la parole et du langage. Vous serez automatiquement redirig\u00e9 vers une page web s\u00e9curis\u00e9e qui renforce la confidentialit\u00e9 des donn\u00e9es soumises. Toutefois, le Centre de la petite enfance et de la famille Connections n'assume aucune responsabilit\u00e9 et ne peut \u00eatre tenu responsable des dommages ou des logiciels malveillants qui peuvent infecter ou affecter votre \u00e9quipement informatique ou d'autres biens en raison de votre acc\u00e8s, de votre utilisation, de votre navigation ou de votre confiance dans le site ou de votre t\u00e9l\u00e9chargement de tout mat\u00e9riel, donn\u00e9e, texte, image, vid\u00e9o, audio ou autre information \u00e0 partir du site.  <\/span><\/p>\n<p><span>Le Centre de la famille Connections Early Years ne fait aucune d\u00e9claration et ne donne aucune garantie, expresse ou implicite, quant aux r\u00e9sultats qui seront obtenus par l'utilisation de ces informations ; en outre, le Centre de la famille Connections Early Years ne fait aucune d\u00e9claration et ne donne aucune garantie, expresse ou implicite, quant \u00e0 l'ad\u00e9quation \u00e0 un usage particulier. les informations sont fournies \u00e0 la condition que les personnes qui les re\u00e7oivent ou les examinent d\u00e9terminent elles-m\u00eames si elles conviennent \u00e0 leurs besoins avant de les utiliser. Le centre familial Connections Early Years d\u00e9cline toute responsabilit\u00e9 en cas d'erreur, d'omission ou de retard.  <\/span><\/p>\n<p><span>En outre, le Centre de la petite enfance et de la famille Connections ne sera pas responsable, vis-\u00e0-vis de toute personne ou entit\u00e9 ayant acc\u00e8s aux informations du site ou les utilisant, de toute perte ou de tout dommage de quelque nature que ce soit, direct, indirect, sp\u00e9cial, accessoire ou cons\u00e9cutif, ou de tout pr\u00e9judice aux personnes (y compris la mort), quelle qu'en soit la cause, qu'il r\u00e9sulte d'erreurs, d'omissions, d'un retard, d'une n\u00e9gligence ou autre, qui pourrait \u00eatre occasionn\u00e9 par la fourniture, l'utilisation ou la confiance dans les informations fournies sur le site, ou par l'utilisation que vous en faites, m\u00eame si vous avez \u00e9t\u00e9 inform\u00e9 de la possibilit\u00e9 de tels dommages. Les donn\u00e9es personnelles recueillies sur le formulaire en ligne de demande de services d'orthophonie Talk 2 Me sont requises par le minist\u00e8re des Services \u00e0 l'enfance et \u00e0 la jeunesse pour toute famille recevant des services et des programmes de cet organisme.  <\/span><\/p>\n<p><span>Ces informations restent confidentielles et sont stock\u00e9es dans une base de donn\u00e9es \u00e9lectronique s\u00e9curis\u00e9e.<\/span><\/p>\n<\/div><\/div><div class=\"et_pb_module et_pb_button_module_wrapper et_pb_button_0_wrapper preset--group--divi-button--divi-spacing--default_wrapper preset--module--divi-button--default_wrapper\"><a class=\"et_pb_button_0 et_pb_button et_pb_bg_layout_light et_pb_module et_block_module preset--group--divi-button--divi-spacing--default preset--module--divi-button--default\" href=\"https:\/\/connectwithus.emhware.ca\/external\/referral\/?t=child_youth_referral\" data-icon=\"5\">Je suis d&#039;accord<\/a><\/div><\/div><\/div><\/div>","protected":false},"excerpt":{"rendered":"","protected":false},"author":1,"featured_media":0,"parent":1511,"menu_order":0,"comment_status":"closed","ping_status":"closed","template":"","meta":{"footnotes":""},"class_list":["post-1512","page","type-page","status-publish","hentry"],"yoast_head":"<!-- This site is optimized with the Yoast SEO plugin v27.3 - https:\/\/yoast.com\/product\/yoast-seo-wordpress\/ -->\n<title>Formulaire de recommandation en ligne T2M - Connections Early Years Family Centre<\/title>\n<meta name=\"robots\" content=\"index, follow, max-snippet:-1, max-image-preview:large, max-video-preview:-1\" \/>\n<link rel=\"canonical\" href=\"https:\/\/www.connectwithus.ca\/talk-2-me\/t2m-online-referral-form\/\" \/>\n<meta property=\"og:locale\" content=\"fr_FR\" \/>\n<meta property=\"og:type\" content=\"article\" \/>\n<meta property=\"og:title\" content=\"Formulaire de recommandation en ligne T2M - Connections Early Years Family Centre\" \/>\n<meta property=\"og:url\" content=\"https:\/\/www.connectwithus.ca\/talk-2-me\/t2m-online-referral-form\/\" \/>\n<meta property=\"og:site_name\" content=\"Connections Early Years Family Centre\" \/>\n<meta property=\"article:modified_time\" content=\"2026-02-11T13:36:18+00:00\" \/>\n<meta name=\"twitter:card\" content=\"summary_large_image\" \/>\n<script type=\"application\/ld+json\" class=\"yoast-schema-graph\">{\"@context\":\"https:\\\/\\\/schema.org\",\"@graph\":[{\"@type\":\"WebPage\",\"@id\":\"https:\\\/\\\/www.connectwithus.ca\\\/talk-2-me\\\/t2m-online-referral-form\\\/\",\"url\":\"https:\\\/\\\/www.connectwithus.ca\\\/talk-2-me\\\/t2m-online-referral-form\\\/\",\"name\":\"Formulaire de recommandation en ligne T2M - Connections Early Years Family Centre\",\"isPartOf\":{\"@id\":\"https:\\\/\\\/www.connectwithus.ca\\\/#website\"},\"datePublished\":\"2022-05-16T16:45:58+00:00\",\"dateModified\":\"2026-02-11T13:36:18+00:00\",\"breadcrumb\":{\"@id\":\"https:\\\/\\\/www.connectwithus.ca\\\/talk-2-me\\\/t2m-online-referral-form\\\/#breadcrumb\"},\"inLanguage\":\"fr-FR\",\"potentialAction\":[{\"@type\":\"ReadAction\",\"target\":[\"https:\\\/\\\/www.connectwithus.ca\\\/talk-2-me\\\/t2m-online-referral-form\\\/\"]}]},{\"@type\":\"BreadcrumbList\",\"@id\":\"https:\\\/\\\/www.connectwithus.ca\\\/talk-2-me\\\/t2m-online-referral-form\\\/#breadcrumb\",\"itemListElement\":[{\"@type\":\"ListItem\",\"position\":1,\"name\":\"Home\",\"item\":\"https:\\\/\\\/www.connectwithus.ca\\\/\"},{\"@type\":\"ListItem\",\"position\":2,\"name\":\"Parle-moi\",\"item\":\"https:\\\/\\\/www.connectwithus.ca\\\/talk-2-me\\\/\"},{\"@type\":\"ListItem\",\"position\":3,\"name\":\"Formulaire de recommandation en ligne T2M\"}]},{\"@type\":\"WebSite\",\"@id\":\"https:\\\/\\\/www.connectwithus.ca\\\/#website\",\"url\":\"https:\\\/\\\/www.connectwithus.ca\\\/\",\"name\":\"Connections Early Years Family Centre\",\"description\":\"Healthy development of families and their children in Windsor-Essex County.\",\"potentialAction\":[{\"@type\":\"SearchAction\",\"target\":{\"@type\":\"EntryPoint\",\"urlTemplate\":\"https:\\\/\\\/www.connectwithus.ca\\\/?s={search_term_string}\"},\"query-input\":{\"@type\":\"PropertyValueSpecification\",\"valueRequired\":true,\"valueName\":\"search_term_string\"}}],\"inLanguage\":\"fr-FR\"}]}<\/script>\n<!-- \/ Yoast SEO plugin. -->","yoast_head_json":{"title":"Formulaire de recommandation en ligne T2M - Connections Early Years Family Centre","robots":{"index":"index","follow":"follow","max-snippet":"max-snippet:-1","max-image-preview":"max-image-preview:large","max-video-preview":"max-video-preview:-1"},"canonical":"https:\/\/www.connectwithus.ca\/talk-2-me\/t2m-online-referral-form\/","og_locale":"fr_FR","og_type":"article","og_title":"Formulaire de recommandation en ligne T2M - Connections Early Years Family Centre","og_url":"https:\/\/www.connectwithus.ca\/talk-2-me\/t2m-online-referral-form\/","og_site_name":"Connections Early Years Family Centre","article_modified_time":"2026-02-11T13:36:18+00:00","twitter_card":"summary_large_image","schema":{"@context":"https:\/\/schema.org","@graph":[{"@type":"WebPage","@id":"https:\/\/www.connectwithus.ca\/talk-2-me\/t2m-online-referral-form\/","url":"https:\/\/www.connectwithus.ca\/talk-2-me\/t2m-online-referral-form\/","name":"Formulaire de recommandation en ligne T2M - Connections Early Years Family Centre","isPartOf":{"@id":"https:\/\/www.connectwithus.ca\/#website"},"datePublished":"2022-05-16T16:45:58+00:00","dateModified":"2026-02-11T13:36:18+00:00","breadcrumb":{"@id":"https:\/\/www.connectwithus.ca\/talk-2-me\/t2m-online-referral-form\/#breadcrumb"},"inLanguage":"fr-FR","potentialAction":[{"@type":"ReadAction","target":["https:\/\/www.connectwithus.ca\/talk-2-me\/t2m-online-referral-form\/"]}]},{"@type":"BreadcrumbList","@id":"https:\/\/www.connectwithus.ca\/talk-2-me\/t2m-online-referral-form\/#breadcrumb","itemListElement":[{"@type":"ListItem","position":1,"name":"Home","item":"https:\/\/www.connectwithus.ca\/"},{"@type":"ListItem","position":2,"name":"Parle-moi","item":"https:\/\/www.connectwithus.ca\/talk-2-me\/"},{"@type":"ListItem","position":3,"name":"Formulaire de recommandation en ligne T2M"}]},{"@type":"WebSite","@id":"https:\/\/www.connectwithus.ca\/#website","url":"https:\/\/www.connectwithus.ca\/","name":"Connections Early Years Family Centre","description":"Healthy development of families and their children in Windsor-Essex County.","potentialAction":[{"@type":"SearchAction","target":{"@type":"EntryPoint","urlTemplate":"https:\/\/www.connectwithus.ca\/?s={search_term_string}"},"query-input":{"@type":"PropertyValueSpecification","valueRequired":true,"valueName":"search_term_string"}}],"inLanguage":"fr-FR"}]}},"_links":{"self":[{"href":"https:\/\/www.connectwithus.ca\/fr\/wp-json\/wp\/v2\/pages\/1512","targetHints":{"allow":["GET"]}}],"collection":[{"href":"https:\/\/www.connectwithus.ca\/fr\/wp-json\/wp\/v2\/pages"}],"about":[{"href":"https:\/\/www.connectwithus.ca\/fr\/wp-json\/wp\/v2\/types\/page"}],"author":[{"embeddable":true,"href":"https:\/\/www.connectwithus.ca\/fr\/wp-json\/wp\/v2\/users\/1"}],"replies":[{"embeddable":true,"href":"https:\/\/www.connectwithus.ca\/fr\/wp-json\/wp\/v2\/comments?post=1512"}],"version-history":[{"count":0,"href":"https:\/\/www.connectwithus.ca\/fr\/wp-json\/wp\/v2\/pages\/1512\/revisions"}],"up":[{"embeddable":true,"href":"https:\/\/www.connectwithus.ca\/fr\/wp-json\/wp\/v2\/pages\/1511"}],"wp:attachment":[{"href":"https:\/\/www.connectwithus.ca\/fr\/wp-json\/wp\/v2\/media?parent=1512"}],"curies":[{"name":"wp","href":"https:\/\/api.w.org\/{rel}","templated":true}]}}