{"id":1511,"date":"2022-05-10T11:20:03","date_gmt":"2022-05-10T15:20:03","guid":{"rendered":"https:\/\/www.connectwithus.ca\/talk-2-me\/"},"modified":"2026-02-11T08:36:05","modified_gmt":"2026-02-11T13:36:05","slug":"talk-2-me","status":"publish","type":"page","link":"https:\/\/www.connectwithus.ca\/fr\/talk-2-me\/","title":{"rendered":"Parle-moi"},"content":{"rendered":"<div class=\"et_pb_section_0 et_pb_section et_pb_fullwidth_section et_section_regular et_block_section preset--group--divi-section--divi-spacing--default\"><section class=\"et_pb_fullwidth_header_0 et_pb_fullwidth_header et_pb_bg_layout_light et_pb_text_align_left et_animated et_pb_module et_flex_module preset--group--divi-fullwidth-header--divi-spacing--default preset--group--divi-fullwidth-header--divi-font-body--default preset--module--divi-fullwidth-header--default\"><div class=\"et_pb_fullwidth_header_container left\"><div class=\"header-content-container center\"><div class=\"header-content et_flex_module\"><h2 class=\"et_pb_module_header\">Programmes<\/h2><span class=\"et_pb_fullwidth_header_subhead\">Talk 2 Me<\/span><div class=\"et_pb_header_button_wrapper\"><a class=\"et_pb_button et_pb_more_button et_pb_button_one\" href=\"https:\/\/www.connectwithus.ca\/fr\/talk-2-me\/formulaire-de-recommandation-en-ligne-t2m\/\" data-icon=\"5\">Formulaire de recommandation en ligne<\/a><\/div><\/div><\/div><\/div><div class=\"et_pb_fullwidth_header_overlay\"><\/div><div class=\"et_pb_fullwidth_header_scroll\"><a class=\"scroll-down-container scroll-down-container-tablet scroll-down-container-phone\" href=\"#\"><span class=\"scroll-down et-pb-icon\">;<\/span><span class=\"scroll-down-tablet et-pb-icon\"><\/span><span class=\"scroll-down-phone et-pb-icon\"><\/span><\/a><\/div><\/section><\/div><div class=\"et_pb_section_1 et_pb_section et_section_regular et_block_section preset--group--divi-section--divi-spacing--default\"><div class=\"et_pb_row_0 et_pb_row et_pb_equal_columns et_pb_gutters1 et_block_row et_pb_row_fullwidth preset--group--divi-row--divi-spacing--default\"><div class=\"et_pb_column_0 et_pb_column et_pb_column_1_2 et_block_column et_pb_css_mix_blend_mode_passthrough preset--group--divi-column--divi-spacing--default\"><div class=\"et_pb_cta_0 et_pb_promo et_pb_bg_layout_dark et_pb_module et_block_module preset--group--divi-cta--divi-spacing--default preset--group--divi-cta--divi-font-body--default\"><div class=\"et_pb_promo_description\"><div class=\"et_pb_promo_content\"><p><span>Talk 2 Me fournit des ressources et des programmes pour les enfants ayant des probl\u00e8mes de parole et de langage, de la naissance \u00e0 l'entr\u00e9e \u00e0 l'\u00e9cole. Nous travaillons avec les parents et les soignants pour aider chaque enfant \u00e0 devenir le meilleur communicateur possible.<\/span><\/p>\n<p><span><\/span><\/p>\n<h3>Talk 2 Me peut :<span><\/span><\/h3>\n<ul>\n<li>r\u00e9pondre \u00e0 des questions sur le d\u00e9veloppement de la parole, du langage et de la litt\u00e9ratie \u00e9mergente de votre enfant.<\/li>\n<li>offrent des informations sur le d\u00e9veloppement typique de la parole, du langage et de l'alphab\u00e9tisation \u00e9mergente.<\/li>\n<li>donnent des conseils sur ce que les parents peuvent faire pour aider leur enfant \u00e0 d\u00e9velopper son langage oral et ses capacit\u00e9s de lecture.<\/li>\n<li>proposent des cliniques d'\u00e9valuation locales o\u00f9 vous pouvez rencontrer et consulter un orthophoniste.<\/li>\n<li>proposent des s\u00e9ances d'\u00e9ducation des parents, des th\u00e9rapies de groupe et des s\u00e9ances individuelles d'orthophonie.<\/li>\n<\/ul>\n<p style=\"text-align: center;\"><span style=\"color: #3d3d3d;\"><strong>La participation est gratuite et la recommandation d'un m\u00e9decin n'est pas n\u00e9cessaire.<\/strong><\/span><span style=\"color: #3d3d3d;\"><strong><\/strong><\/span><\/p>\n<p style=\"text-align: center;\"><span style=\"color: #3d3d3d;\"><strong><\/strong><\/span><\/p>\n<\/div><\/div><\/div><div class=\"et_pb_module et_pb_button_module_wrapper et_pb_button_0_wrapper preset--group--divi-button--divi-spacing--default_wrapper preset--module--divi-button--default_wrapper\"><a class=\"et_pb_button_0 et_pb_button et_pb_bg_layout_light et_pb_module et_block_module preset--group--divi-button--divi-spacing--default preset--module--divi-button--default\" href=\"https:\/\/www.connectwithus.ca\/fr\/talk-2-me\/formulaire-de-recommandation-en-ligne-t2m\/\" data-icon=\"5\">Formulaire de recommandation en ligne<\/a><\/div><div class=\"et_pb_text_0 et_pb_text et_pb_bg_layout_light et_pb_module et_block_module et_pb_text_align_center preset--group--divi-text--divi-spacing--default preset--group--divi-text--divi-font-body--default preset--module--divi-text--default\"><div class=\"et_pb_text_inner\"><p><span style=\"font-size: xx-small;\"><strong><span style=\"color: #333333;\">Talk 2 Me est financ\u00e9 par le<\/span><span style=\"color: #ffffff;\"> <a href=\"https:\/\/www.ontario.ca\/page\/preschool-speech-and-language-program\" style=\"color: #ffffff;\">Minist\u00e8re de l'enfance, des services communautaires et des services sociaux<\/a> <\/span><span style=\"color: #333333;\">et offre des services gratuits dans tout le comt\u00e9 de Windsor-Essex.<\/span><\/strong><\/span><\/p>\n<\/div><\/div><\/div><div class=\"et_pb_column_1 et_pb_column et_pb_column_1_2 et-last-child et_block_column et_pb_css_mix_blend_mode_passthrough preset--group--divi-column--divi-spacing--default\"><div class=\"et_pb_text_1 et_pb_text et_pb_bg_layout_light et_pb_module et_block_module et_pb_text_align_center preset--group--divi-text--divi-spacing--default preset--group--divi-text--divi-font-body--default preset--module--divi-text--default\"><div class=\"et_pb_text_inner\"><h2><b>Qu'est-ce que le programme \"Talk 2 Me\" ?  <\/b><b><\/b><\/h2>\n<p><span>Ashleigh DeLisle, orthophoniste, donne un bref aper\u00e7u du programme :<\/span><span><\/span><\/p>\n<p><span><\/span><\/p>\n<p><span><\/span><\/p>\n<\/div><\/div><div class=\"et_pb_video_0 et_pb_video et_pb_module et_block_module preset--group--divi-video--divi-spacing--default\"><div class=\"et_pb_video_box\"><iframe title=\"What is Talk 2 Me? with Ashleigh DeLisle\" width=\"1080\" height=\"608\" src=\"https:\/\/www.youtube.com\/embed\/ud75U29G7uY?feature=oembed\"  allow=\"accelerometer; autoplay; clipboard-write; encrypted-media; gyroscope; picture-in-picture; web-share\" referrerpolicy=\"strict-origin-when-cross-origin\" allowfullscreen><\/iframe><\/div><div class=\"et_pb_video_overlay lazyload\" style=\"background-image:inherit\" data-bg-image=\"url(\/\/i.ytimg.com\/vi\/ud75U29G7uY\/maxresdefault.jpg)\"><div class=\"et_pb_video_overlay_hover\"><a class=\"et_pb_video_play\" href=\"#\"><\/a><\/div><\/div><\/div><\/div><\/div><\/div><div class=\"et_pb_section_2 et_pb_section et_section_regular et_block_section preset--group--divi-section--divi-spacing--default\"><div class=\"et_pb_row_1 et_pb_row et_pb_equal_columns et_block_row preset--group--divi-row--divi-spacing--default\" id=\"eligibility\"><div class=\"et_pb_column_2 et_pb_column et_pb_column_1_3 et_block_column et_pb_css_mix_blend_mode_passthrough preset--group--divi-column--divi-spacing--default\"><div class=\"et_pb_icon_0 et_pb_icon et_pb_module et_block_module preset--group--divi-icon--divi-spacing--default\"><span class=\"et_pb_icon_wrap\"><span class=\"et-pb-icon\">\uf274<\/span><\/span><\/div><div class=\"et_pb_cta_1 et_pb_promo et_pb_bg_layout_light et_pb_module et_block_module preset--group--divi-cta--divi-spacing--default preset--group--divi-cta--divi-font-body--default\"><div class=\"et_pb_promo_description\"><h2 class=\"et_pb_module_header\">Les \u00e9tapes de la parole et du langage<\/h2><div class=\"et_pb_promo_content\"><p><span style=\"font-size: medium;\">Ces \u00e9tapes du d\u00e9veloppement montrent certaines des comp\u00e9tences qui marquent les progr\u00e8s des jeunes enfants lorsqu'ils apprennent \u00e0 communiquer.  <\/span><\/p>\n<\/div><\/div><\/div><div class=\"et_pb_module et_pb_button_module_wrapper et_pb_button_1_wrapper preset--group--divi-button--divi-spacing--default_wrapper preset--module--divi-button--default_wrapper\"><a class=\"et_pb_button_1 et_pb_button et_pb_bg_layout_light et_pb_module et_block_module preset--group--divi-button--divi-spacing--default preset--module--divi-button--default\" href=\"https:\/\/cwustg.wpengine.com\/talk-2-me\/speech-language-milestones\/\" data-icon=\"5\">Les \u00e9tapes de la parole et du langage<\/a><\/div><\/div><div class=\"et_pb_column_3 et_pb_column et_pb_column_1_3 et_block_column et_pb_css_mix_blend_mode_passthrough preset--group--divi-column--divi-spacing--default\"><div class=\"et_pb_icon_1 et_pb_icon et_pb_module et_block_module preset--group--divi-icon--divi-spacing--default\"><span class=\"et_pb_icon_wrap\"><span class=\"et-pb-icon\">\uf518<\/span><\/span><\/div><div class=\"et_pb_cta_2 et_pb_promo et_pb_bg_layout_light et_pb_module et_block_module preset--group--divi-cta--divi-spacing--default preset--group--divi-cta--divi-font-body--default\"><div class=\"et_pb_promo_description\"><h2 class=\"et_pb_module_header\">Ressources sur la parole et le langage<\/h2><div class=\"et_pb_promo_content\"><p><span style=\"font-size: medium;\">Ces ressources peuvent \u00eatre utilis\u00e9es \u00e0 la maison pour aider les jeunes enfants \u00e0 apprendre \u00e0 communiquer.<\/span><\/p>\n<\/div><\/div><\/div><div class=\"et_pb_module et_pb_button_module_wrapper et_pb_button_2_wrapper preset--group--divi-button--divi-spacing--default_wrapper preset--module--divi-button--default_wrapper\"><a class=\"et_pb_button_2 et_pb_button et_pb_bg_layout_light et_pb_module et_block_module preset--group--divi-button--divi-spacing--default preset--module--divi-button--default\" href=\"https:\/\/www.connectwithus.ca\/speech-language-resources\/\" data-icon=\"5\">Ressources sur la parole et le langage<\/a><\/div><\/div><div class=\"et_pb_column_4 et_pb_column et_pb_column_1_3 et-last-child et_block_column et_pb_css_mix_blend_mode_passthrough preset--group--divi-column--divi-spacing--default\"><div class=\"et_pb_icon_2 et_pb_icon et_pb_module et_block_module preset--group--divi-icon--divi-spacing--default\"><span class=\"et_pb_icon_wrap\"><span class=\"et-pb-icon\">\uf059<\/span><\/span><\/div><div class=\"et_pb_cta_3 et_pb_promo et_pb_bg_layout_light et_pb_module et_block_module preset--group--divi-cta--divi-spacing--default preset--group--divi-cta--divi-font-body--default\"><div class=\"et_pb_promo_description\"><h2 class=\"et_pb_module_header\">FAQ sur la parole et le langage<\/h2><div class=\"et_pb_promo_content\"><p><span>De nombreux parents se posent des questions sur le niveau d'apprentissage de la parole de leur enfant. Voici les r\u00e9ponses aux questions les plus courantes que se posent les parents.<\/span><\/p>\n<\/div><\/div><\/div><div class=\"et_pb_module et_pb_button_module_wrapper et_pb_button_3_wrapper preset--group--divi-button--divi-spacing--default_wrapper preset--module--divi-button--default_wrapper\"><a class=\"et_pb_button_3 et_pb_button et_pb_bg_layout_light et_pb_module et_block_module preset--group--divi-button--divi-spacing--default preset--module--divi-button--default\" href=\"https:\/\/cwustg.wpengine.com\/talk-2-me\/speech-language-faq\/\" data-icon=\"5\">FAQ sur la parole et le langage<\/a><\/div><\/div><\/div><\/div><div class=\"et_pb_section_3 et_pb_section et_section_regular et_block_section et_animated preset--group--divi-section--divi-spacing--default\"><div class=\"et_pb_row_2 et_pb_row et_block_row preset--group--divi-row--divi-spacing--default\"><div class=\"et_pb_column_5 et_pb_column et_pb_column_4_4 et-last-child et_block_column et_pb_css_mix_blend_mode_passthrough preset--group--divi-column--divi-spacing--default\"><div class=\"et_pb_text_2 et_pb_text et_pb_bg_layout_light et_pb_module et_block_module et_pb_text_align_center preset--group--divi-text--divi-spacing--default preset--group--divi-text--divi-font-body--default preset--module--divi-text--default\"><div class=\"et_pb_text_inner\" data-et-mv-hidden-tablet=\"true\"><h2><b>QUE FAIRE EN ATTENDANT VOTRE \u00c9VALUATION ?<\/b><\/h2>\n<p><span style=\"font-size: small;\">En attendant votre \u00e9valuation, le personnel de Talk 2 Me a cr\u00e9\u00e9 des vid\u00e9os que vous pouvez utiliser pour soutenir la parole et le langage de votre enfant \u00e0 la maison !<\/span><\/p>\n<\/div><\/div><\/div><\/div><div class=\"et_pb_row_3 et_pb_row et_pb_equal_columns et_block_row preset--group--divi-row--divi-spacing--default\"><div class=\"et_pb_column_6 et_pb_column et_pb_column_1_3 et_block_column et_pb_css_mix_blend_mode_passthrough preset--group--divi-column--divi-spacing--default\"><div class=\"et_pb_video_1 et_pb_video et_pb_module et_block_module preset--group--divi-video--divi-spacing--default\"><div class=\"et_pb_video_box\"><iframe title=\"Using Bubbles to Develop Speech &amp; Language\" width=\"1080\" height=\"608\" src=\"https:\/\/www.youtube.com\/embed\/U0CdlNOE3t0?feature=oembed\"  allow=\"accelerometer; autoplay; clipboard-write; encrypted-media; gyroscope; picture-in-picture; web-share\" referrerpolicy=\"strict-origin-when-cross-origin\" allowfullscreen><\/iframe><\/div><\/div><\/div><div class=\"et_pb_column_7 et_pb_column et_pb_column_1_3 et_block_column et_pb_css_mix_blend_mode_passthrough preset--group--divi-column--divi-spacing--default\"><div class=\"et_pb_video_2 et_pb_video et_pb_module et_block_module preset--group--divi-video--divi-spacing--default\"><div class=\"et_pb_video_box\"><iframe title=\"Using Comments Instead of Questions\" width=\"1080\" height=\"608\" src=\"https:\/\/www.youtube.com\/embed\/C5OaaV_7RTQ?feature=oembed\"  allow=\"accelerometer; autoplay; clipboard-write; encrypted-media; gyroscope; picture-in-picture; web-share\" referrerpolicy=\"strict-origin-when-cross-origin\" allowfullscreen><\/iframe><\/div><\/div><\/div><div class=\"et_pb_column_8 et_pb_column et_pb_column_1_3 et-last-child et_block_column et_pb_css_mix_blend_mode_passthrough preset--group--divi-column--divi-spacing--default\"><div class=\"et_pb_video_3 et_pb_video et_pb_module et_block_module preset--group--divi-video--divi-spacing--default\"><div class=\"et_pb_video_box\"><iframe title=\"I Did It! Using &quot;I&quot; with Your Child\" width=\"1080\" height=\"608\" src=\"https:\/\/www.youtube.com\/embed\/DXg4_nqFrW0?feature=oembed\"  allow=\"accelerometer; autoplay; clipboard-write; encrypted-media; gyroscope; picture-in-picture; web-share\" referrerpolicy=\"strict-origin-when-cross-origin\" allowfullscreen><\/iframe><\/div><\/div><\/div><\/div><div class=\"et_pb_row_4 et_pb_row et_block_row preset--group--divi-row--divi-spacing--default\"><div class=\"et_pb_column_9 et_pb_column et_pb_column_4_4 et-last-child et_block_column et_pb_css_mix_blend_mode_passthrough preset--group--divi-column--divi-spacing--default\"><div class=\"et_pb_module et_pb_button_module_wrapper et_pb_button_4_wrapper preset--group--divi-button--divi-spacing--default_wrapper preset--module--divi-button--default_wrapper\"><a class=\"et_pb_button_4 et_pb_button et_pb_bg_layout_light et_pb_module et_block_module preset--group--divi-button--divi-spacing--default preset--module--divi-button--default\" href=\"https:\/\/www.youtube.com\/watch?v=1Bf7NbDgLHs&#038;list=PLk_2qd6Fu9K3MVFONDlaCKli4WllxGpmI\" data-icon=\"5\">Liste de lecture YouTube Talk 2 Me<\/a><\/div><\/div><\/div><\/div><div class=\"et_pb_section_5 et_pb_section et_section_regular et_block_section preset--group--divi-section--divi-spacing--default\"><div class=\"et_pb_row_7 et_pb_row et_block_row preset--group--divi-row--divi-spacing--default\"><div class=\"et_pb_column_14 et_pb_column et_pb_column_1_2 et_block_column et_pb_css_mix_blend_mode_passthrough preset--group--divi-column--divi-spacing--default\"><div class=\"et_pb_text_7 et_pb_text et_pb_bg_layout_light et_pb_module et_block_module preset--group--divi-text--divi-spacing--default preset--group--divi-text--divi-font-body--default preset--module--divi-text--default\"><div class=\"et_pb_text_inner\"><h2 style=\"text-align: center;\">Partenaires du syst\u00e8me Talk 2 Me :<\/h2>\n<ul>\n<li style=\"text-align: left;\">\n<p>Connections Early Years Family Centre (Agence principale)<span><\/span><\/p>\n<\/li>\n<li style=\"text-align: left;\"><a href=\"https:\/\/jmccentre.ca\/\">Centre pour enfants John McGivney<\/a><\/li>\n<li style=\"text-align: left;\"><a href=\"https:\/\/www.children-first.ca\/\">Les enfants d'abord<\/a><\/li>\n<\/ul>\n<\/div><\/div><\/div><div class=\"et_pb_column_15 et_pb_column et_pb_column_1_2 et-last-child et_block_column et_pb_css_mix_blend_mode_passthrough preset--group--divi-column--divi-spacing--default\"><div class=\"et_pb_text_8 et_pb_text et_pb_bg_layout_light et_pb_module et_block_module preset--group--divi-text--divi-spacing--default preset--group--divi-text--divi-font-body--default preset--module--divi-text--default\"><div class=\"et_pb_text_inner\"><h2 style=\"text-align: center;\"><span>N'attendez pas pour voir !<\/span><\/h2>\n<p style=\"text-align: center;\">Appelez <span style=\"color: #44bcdf;\"><br \/>\n  <strong>519.252.0636<\/strong><br \/>\n<\/span> pour nous recommander d\u00e8s aujourd'hui !<\/p>\n<\/div><\/div><div class=\"et_pb_image_0 et_pb_image et_pb_module et_block_module preset--group--divi-image--divi-spacing--default\"><span class=\"et_pb_image_wrap\"><img decoding=\"async\" data-src=\"https:\/\/www.connectwithus.ca\/wp-content\/uploads\/2022\/10\/Talk-2-Me.jpg\" width=\"734\" height=\"533\" data-srcset=\"https:\/\/www.connectwithus.ca\/wp-content\/uploads\/2022\/10\/Talk-2-Me.jpg 734w, https:\/\/www.connectwithus.ca\/wp-content\/uploads\/2022\/10\/Talk-2-Me-480x349.jpg 480w\" data-sizes=\"(min-width: 0px) and (max-width: 480px) 480px, (min-width: 481px) 734px, 100vw\" class=\"wp-image-1368 lazyload\" title=\"Talk 2 Me\" src=\"data:image\/svg+xml;base64,PHN2ZyB3aWR0aD0iMSIgaGVpZ2h0PSIxIiB4bWxucz0iaHR0cDovL3d3dy53My5vcmcvMjAwMC9zdmciPjwvc3ZnPg==\" style=\"--smush-placeholder-width: 734px; --smush-placeholder-aspect-ratio: 734\/533;\" \/><\/span><\/div><\/div><\/div><\/div>","protected":false},"excerpt":{"rendered":"","protected":false},"author":1,"featured_media":0,"parent":0,"menu_order":0,"comment_status":"closed","ping_status":"closed","template":"","meta":{"footnotes":""},"class_list":["post-1511","page","type-page","status-publish","hentry"],"yoast_head":"<!-- This site is optimized with the Yoast SEO plugin v27.3 - https:\/\/yoast.com\/product\/yoast-seo-wordpress\/ -->\n<title>Parle-moi Programme - Connections Early Years Family Centre<\/title>\n<meta name=\"description\" content=\"Talk 2 Me fournit des ressources et des programmes pour les enfants ayant des probl\u00e8mes de parole et de langage, de la naissance \u00e0 l&#039;entr\u00e9e \u00e0 l&#039;\u00e9cole.\" \/>\n<meta name=\"robots\" content=\"index, follow, max-snippet:-1, max-image-preview:large, max-video-preview:-1\" \/>\n<link rel=\"canonical\" href=\"https:\/\/www.connectwithus.ca\/talk-2-me\/\" \/>\n<meta property=\"og:locale\" content=\"fr_FR\" \/>\n<meta property=\"og:type\" content=\"article\" \/>\n<meta property=\"og:title\" content=\"Parle-moi Programme - Connections Early Years Family Centre\" \/>\n<meta property=\"og:description\" content=\"Talk 2 Me fournit des ressources et des programmes pour les enfants ayant des probl\u00e8mes de parole et de langage, de la naissance \u00e0 l&#039;entr\u00e9e \u00e0 l&#039;\u00e9cole.\" \/>\n<meta property=\"og:url\" content=\"https:\/\/www.connectwithus.ca\/talk-2-me\/\" \/>\n<meta property=\"og:site_name\" content=\"Connections Early Years Family Centre\" \/>\n<meta property=\"article:modified_time\" content=\"2026-02-11T13:36:05+00:00\" \/>\n<meta name=\"twitter:card\" content=\"summary_large_image\" \/>\n<script type=\"application\/ld+json\" class=\"yoast-schema-graph\">{\"@context\":\"https:\\\/\\\/schema.org\",\"@graph\":[{\"@type\":\"WebPage\",\"@id\":\"https:\\\/\\\/www.connectwithus.ca\\\/talk-2-me\\\/\",\"url\":\"https:\\\/\\\/www.connectwithus.ca\\\/talk-2-me\\\/\",\"name\":\"Parle-moi Programme - Connections Early Years Family Centre\",\"isPartOf\":{\"@id\":\"https:\\\/\\\/www.connectwithus.ca\\\/#website\"},\"datePublished\":\"2022-05-10T15:20:03+00:00\",\"dateModified\":\"2026-02-11T13:36:05+00:00\",\"description\":\"Talk 2 Me fournit des ressources et des programmes pour les enfants ayant des probl\u00e8mes de parole et de langage, de la naissance \u00e0 l'entr\u00e9e \u00e0 l'\u00e9cole.\",\"breadcrumb\":{\"@id\":\"https:\\\/\\\/www.connectwithus.ca\\\/talk-2-me\\\/#breadcrumb\"},\"inLanguage\":\"fr-FR\",\"potentialAction\":[{\"@type\":\"ReadAction\",\"target\":[\"https:\\\/\\\/www.connectwithus.ca\\\/talk-2-me\\\/\"]}]},{\"@type\":\"BreadcrumbList\",\"@id\":\"https:\\\/\\\/www.connectwithus.ca\\\/talk-2-me\\\/#breadcrumb\",\"itemListElement\":[{\"@type\":\"ListItem\",\"position\":1,\"name\":\"Home\",\"item\":\"https:\\\/\\\/www.connectwithus.ca\\\/\"},{\"@type\":\"ListItem\",\"position\":2,\"name\":\"Parle-moi\"}]},{\"@type\":\"WebSite\",\"@id\":\"https:\\\/\\\/www.connectwithus.ca\\\/#website\",\"url\":\"https:\\\/\\\/www.connectwithus.ca\\\/\",\"name\":\"Connections Early Years Family Centre\",\"description\":\"Healthy development of families and their children in Windsor-Essex County.\",\"potentialAction\":[{\"@type\":\"SearchAction\",\"target\":{\"@type\":\"EntryPoint\",\"urlTemplate\":\"https:\\\/\\\/www.connectwithus.ca\\\/?s={search_term_string}\"},\"query-input\":{\"@type\":\"PropertyValueSpecification\",\"valueRequired\":true,\"valueName\":\"search_term_string\"}}],\"inLanguage\":\"fr-FR\"}]}<\/script>\n<!-- \/ Yoast SEO plugin. -->","yoast_head_json":{"title":"Parle-moi Programme - Connections Early Years Family Centre","description":"Talk 2 Me fournit des ressources et des programmes pour les enfants ayant des probl\u00e8mes de parole et de langage, de la naissance \u00e0 l'entr\u00e9e \u00e0 l'\u00e9cole.","robots":{"index":"index","follow":"follow","max-snippet":"max-snippet:-1","max-image-preview":"max-image-preview:large","max-video-preview":"max-video-preview:-1"},"canonical":"https:\/\/www.connectwithus.ca\/talk-2-me\/","og_locale":"fr_FR","og_type":"article","og_title":"Parle-moi Programme - Connections Early Years Family Centre","og_description":"Talk 2 Me fournit des ressources et des programmes pour les enfants ayant des probl\u00e8mes de parole et de langage, de la naissance \u00e0 l'entr\u00e9e \u00e0 l'\u00e9cole.","og_url":"https:\/\/www.connectwithus.ca\/talk-2-me\/","og_site_name":"Connections Early Years Family Centre","article_modified_time":"2026-02-11T13:36:05+00:00","twitter_card":"summary_large_image","schema":{"@context":"https:\/\/schema.org","@graph":[{"@type":"WebPage","@id":"https:\/\/www.connectwithus.ca\/talk-2-me\/","url":"https:\/\/www.connectwithus.ca\/talk-2-me\/","name":"Parle-moi Programme - Connections Early Years Family Centre","isPartOf":{"@id":"https:\/\/www.connectwithus.ca\/#website"},"datePublished":"2022-05-10T15:20:03+00:00","dateModified":"2026-02-11T13:36:05+00:00","description":"Talk 2 Me fournit des ressources et des programmes pour les enfants ayant des probl\u00e8mes de parole et de langage, de la naissance \u00e0 l'entr\u00e9e \u00e0 l'\u00e9cole.","breadcrumb":{"@id":"https:\/\/www.connectwithus.ca\/talk-2-me\/#breadcrumb"},"inLanguage":"fr-FR","potentialAction":[{"@type":"ReadAction","target":["https:\/\/www.connectwithus.ca\/talk-2-me\/"]}]},{"@type":"BreadcrumbList","@id":"https:\/\/www.connectwithus.ca\/talk-2-me\/#breadcrumb","itemListElement":[{"@type":"ListItem","position":1,"name":"Home","item":"https:\/\/www.connectwithus.ca\/"},{"@type":"ListItem","position":2,"name":"Parle-moi"}]},{"@type":"WebSite","@id":"https:\/\/www.connectwithus.ca\/#website","url":"https:\/\/www.connectwithus.ca\/","name":"Connections Early Years Family Centre","description":"Healthy development of families and their children in Windsor-Essex County.","potentialAction":[{"@type":"SearchAction","target":{"@type":"EntryPoint","urlTemplate":"https:\/\/www.connectwithus.ca\/?s={search_term_string}"},"query-input":{"@type":"PropertyValueSpecification","valueRequired":true,"valueName":"search_term_string"}}],"inLanguage":"fr-FR"}]}},"_links":{"self":[{"href":"https:\/\/www.connectwithus.ca\/fr\/wp-json\/wp\/v2\/pages\/1511","targetHints":{"allow":["GET"]}}],"collection":[{"href":"https:\/\/www.connectwithus.ca\/fr\/wp-json\/wp\/v2\/pages"}],"about":[{"href":"https:\/\/www.connectwithus.ca\/fr\/wp-json\/wp\/v2\/types\/page"}],"author":[{"embeddable":true,"href":"https:\/\/www.connectwithus.ca\/fr\/wp-json\/wp\/v2\/users\/1"}],"replies":[{"embeddable":true,"href":"https:\/\/www.connectwithus.ca\/fr\/wp-json\/wp\/v2\/comments?post=1511"}],"version-history":[{"count":0,"href":"https:\/\/www.connectwithus.ca\/fr\/wp-json\/wp\/v2\/pages\/1511\/revisions"}],"wp:attachment":[{"href":"https:\/\/www.connectwithus.ca\/fr\/wp-json\/wp\/v2\/media?parent=1511"}],"curies":[{"name":"wp","href":"https:\/\/api.w.org\/{rel}","templated":true}]}}