{"id":1508,"date":"2022-05-10T12:17:01","date_gmt":"2022-05-10T16:17:01","guid":{"rendered":"https:\/\/www.connectwithus.ca\/passez-et-jouez\/"},"modified":"2026-02-11T08:36:08","modified_gmt":"2026-02-11T13:36:08","slug":"passez-et-jouez","status":"publish","type":"page","link":"https:\/\/www.connectwithus.ca\/fr\/centre-pour-lenfance-et-la-famille-earlyon\/passez-et-jouez\/","title":{"rendered":"Passez et jouez"},"content":{"rendered":"<div class=\"et_pb_section_0 et_pb_section et_pb_fullwidth_section et_section_regular et_block_section et_pb_section_parallax section_has_divider et_pb_top_divider preset--group--divi-section--divi-spacing--default\"><div class=\"et_pb_top_inside_divider et-no-transition\"><\/div><span class=\"et-pb-parallax-wrapper\"><span class=\"et-pb-parallax-background et-pb-parallax-background-module--divi-section-0 lazyload\" style=\"background-image:inherit\" data-bg-image=\"url(https:\/\/www.connectwithus.ca\/wp-content\/uploads\/2022\/02\/hdgdgh.jpg)\"><\/span><\/span><section class=\"et_pb_fullwidth_header_0 et_pb_fullwidth_header et_pb_bg_layout_light et_pb_text_align_left et_animated et_pb_module et_flex_module preset--group--divi-fullwidth-header--divi-spacing--default preset--group--divi-fullwidth-header--divi-font-body--default preset--module--divi-fullwidth-header--default\"><div class=\"et_pb_fullwidth_header_container left\"><div class=\"header-content-container center\"><div class=\"header-content et_flex_module\"><h2 class=\"et_pb_module_header\">Centre pour l'enfance et la famille EarlyON<\/h2><span class=\"et_pb_fullwidth_header_subhead\">Passez et jouez<\/span><div class=\"et_pb_header_content_wrapper\"><p><strong>VEUILLEZ NOTER :<\/strong><strong><br \/><\/strong><\/p>\n<div class=\"su-spacer\"><\/div>\n<p><strong>Le Centre EarlyON<\/strong><span> propose actuellement des programmes virtuels uniquement. <\/span><span>Pour plus d'informations ou pour vous pr\u00e9inscrire aux programmes 2021, veuillez appeler le 519.252.9696 ou envoyer un courriel \u00e0 l'adresse suivante <\/span><a href=\"mailto:EON.connections@connectwithus.ca\">EON.connections@connectwithus.ca<\/a><\/p>\n<\/div><div class=\"et_pb_header_button_wrapper\"><a class=\"et_pb_button et_pb_more_button et_pb_button_one\" href=\"\">Calendrier mensuel<\/a><\/div><\/div><\/div><\/div><div class=\"et_pb_fullwidth_header_overlay\"><\/div><div class=\"et_pb_fullwidth_header_scroll\"><\/div><\/section><\/div><div class=\"et_pb_section_1 et_pb_section et_section_regular et_block_section et_pb_section_parallax preset--group--divi-section--divi-spacing--default\"><span class=\"et-pb-parallax-wrapper\"><span class=\"et-pb-parallax-background et-pb-parallax-background-module--divi-section-1 lazyload\" style=\"background-image:inherit\" data-bg-image=\"url(https:\/\/www.connectwithus.ca\/wp-content\/uploads\/2022\/02\/shapes-bg-1.png)\"><\/span><\/span><div class=\"et_pb_row_0 et_pb_row et_block_row preset--group--divi-row--divi-spacing--default\"><div class=\"et_pb_column_0 et_pb_column et_pb_column_1_2 et_block_column et_pb_css_mix_blend_mode_passthrough preset--group--divi-column--divi-spacing--default\"><div class=\"et_pb_text_0 et_pb_text et_pb_bg_layout_light et_pb_module et_block_module preset--group--divi-text--divi-spacing--default preset--group--divi-text--divi-font-body--default preset--module--divi-text--default\"><div class=\"et_pb_text_inner\"><h5>commencez<\/h5>\n<h2>Drop In &amp; Play est un programme GRATUIT !<\/h2>\n<p><i>Rejoignez-nous en ligne pour partager des ressources et des activit\u00e9s avec des familles ayant de jeunes enfants. <\/i><i>Suivez nos pages <a href=\"https:\/\/www.facebook.com\/ConnectionsEYFC\">Facebook<\/a>, <a href=\"https:\/\/www.instagram.com\/connectionseyfc\/\">Instagram<\/a> et <a href=\"https:\/\/twitter.com\/ConnectionsEYFC\">Twitter<\/a> \u00e0 @ConnectionsEYFC et retrouvez-nous aussi sur <a href=\"https:\/\/www.youtube.com\/channel\/UCdJpyBcnhbEdWjJ5tvcma4Q\">YouTube<\/a><span> <\/span>! <\/i> <strong><br \/><\/strong><\/p>\n<div class=\"su-spacer\"><\/div>\n<p><span><strong>La participation \u00e0 l'un de nos programmes est gratuite.<\/strong><\/span><\/p>\n<\/div><\/div><\/div><div class=\"et_pb_column_1 et_pb_column et_pb_column_1_2 et-last-child et_block_column et_pb_css_mix_blend_mode_passthrough preset--group--divi-column--divi-spacing--default\"><div class=\"et_pb_text_1 et_pb_text et_pb_bg_layout_light et_pb_module et_block_module preset--group--divi-text--divi-spacing--default preset--group--divi-text--divi-font-body--default preset--module--divi-text--default\"><div class=\"et_pb_text_inner\"><h2><span>Lors d'une session Drop In and Play, vous et votre enfant pouvez.. :<\/span><\/h2>\n<ul>\n<li>Rencontrer d'autres m\u00e8res, p\u00e8res et soignants.<\/li>\n<li>Socialiser avec d'autres enfants<\/li>\n<li>Participez aux activit\u00e9s de l'heure du cercle<\/li>\n<li>Amusez-vous dans les nombreuses aires de jeux<\/li>\n<li>D\u00e9couvrez de nouveaux jouets et livres<\/li>\n<li>Profitez d'une collation nutritive<\/li>\n<li>Trouver des informations concernant d'autres ressources communautaires<\/li>\n<li>Discuter de l'\u00e9ducation des enfants avec du personnel exp\u00e9riment\u00e9 et d'autres parents<\/li>\n<li>Recevez un calendrier mensuel<\/li>\n<\/ul>\n<p>&nbsp;<\/p>\n<\/div><\/div><\/div><\/div><\/div><div class=\"et_pb_section_2 et_pb_section et_section_regular et_block_section preset--group--divi-section--divi-spacing--default\"><\/div>","protected":false},"excerpt":{"rendered":"","protected":false},"author":1,"featured_media":0,"parent":1516,"menu_order":0,"comment_status":"closed","ping_status":"closed","template":"","meta":{"footnotes":""},"class_list":["post-1508","page","type-page","status-publish","hentry"],"yoast_head":"<!-- This site is optimized with the Yoast SEO plugin v27.3 - https:\/\/yoast.com\/product\/yoast-seo-wordpress\/ -->\n<title>Passez et jouez - Connections Early Years Family Centre<\/title>\n<meta name=\"robots\" content=\"index, follow, max-snippet:-1, max-image-preview:large, max-video-preview:-1\" \/>\n<link rel=\"canonical\" href=\"https:\/\/www.connectwithus.ca\/earlyon-child-and-family-centre\/drop-in-play\/\" \/>\n<meta property=\"og:locale\" content=\"fr_FR\" \/>\n<meta property=\"og:type\" content=\"article\" \/>\n<meta property=\"og:title\" content=\"Passez et jouez - Connections Early Years Family Centre\" \/>\n<meta property=\"og:url\" content=\"https:\/\/www.connectwithus.ca\/earlyon-child-and-family-centre\/drop-in-play\/\" \/>\n<meta property=\"og:site_name\" content=\"Connections Early Years Family Centre\" \/>\n<meta property=\"article:modified_time\" content=\"2026-02-11T13:36:08+00:00\" \/>\n<meta name=\"twitter:card\" content=\"summary_large_image\" \/>\n<script type=\"application\/ld+json\" class=\"yoast-schema-graph\">{\"@context\":\"https:\\\/\\\/schema.org\",\"@graph\":[{\"@type\":\"WebPage\",\"@id\":\"https:\\\/\\\/www.connectwithus.ca\\\/earlyon-child-and-family-centre\\\/drop-in-play\\\/\",\"url\":\"https:\\\/\\\/www.connectwithus.ca\\\/earlyon-child-and-family-centre\\\/drop-in-play\\\/\",\"name\":\"Passez et jouez - Connections Early Years Family Centre\",\"isPartOf\":{\"@id\":\"https:\\\/\\\/www.connectwithus.ca\\\/#website\"},\"datePublished\":\"2022-05-10T16:17:01+00:00\",\"dateModified\":\"2026-02-11T13:36:08+00:00\",\"breadcrumb\":{\"@id\":\"https:\\\/\\\/www.connectwithus.ca\\\/earlyon-child-and-family-centre\\\/drop-in-play\\\/#breadcrumb\"},\"inLanguage\":\"fr-FR\",\"potentialAction\":[{\"@type\":\"ReadAction\",\"target\":[\"https:\\\/\\\/www.connectwithus.ca\\\/earlyon-child-and-family-centre\\\/drop-in-play\\\/\"]}]},{\"@type\":\"BreadcrumbList\",\"@id\":\"https:\\\/\\\/www.connectwithus.ca\\\/earlyon-child-and-family-centre\\\/drop-in-play\\\/#breadcrumb\",\"itemListElement\":[{\"@type\":\"ListItem\",\"position\":1,\"name\":\"Home\",\"item\":\"https:\\\/\\\/www.connectwithus.ca\\\/\"},{\"@type\":\"ListItem\",\"position\":2,\"name\":\"Centre pour l&#8217;enfance et la famille EarlyON\",\"item\":\"https:\\\/\\\/www.connectwithus.ca\\\/earlyon-child-and-family-centre\\\/\"},{\"@type\":\"ListItem\",\"position\":3,\"name\":\"Passez et jouez\"}]},{\"@type\":\"WebSite\",\"@id\":\"https:\\\/\\\/www.connectwithus.ca\\\/#website\",\"url\":\"https:\\\/\\\/www.connectwithus.ca\\\/\",\"name\":\"Connections Early Years Family Centre\",\"description\":\"Healthy development of families and their children in Windsor-Essex County.\",\"potentialAction\":[{\"@type\":\"SearchAction\",\"target\":{\"@type\":\"EntryPoint\",\"urlTemplate\":\"https:\\\/\\\/www.connectwithus.ca\\\/?s={search_term_string}\"},\"query-input\":{\"@type\":\"PropertyValueSpecification\",\"valueRequired\":true,\"valueName\":\"search_term_string\"}}],\"inLanguage\":\"fr-FR\"}]}<\/script>\n<!-- \/ Yoast SEO plugin. -->","yoast_head_json":{"title":"Passez et jouez - Connections Early Years Family Centre","robots":{"index":"index","follow":"follow","max-snippet":"max-snippet:-1","max-image-preview":"max-image-preview:large","max-video-preview":"max-video-preview:-1"},"canonical":"https:\/\/www.connectwithus.ca\/earlyon-child-and-family-centre\/drop-in-play\/","og_locale":"fr_FR","og_type":"article","og_title":"Passez et jouez - Connections Early Years Family Centre","og_url":"https:\/\/www.connectwithus.ca\/earlyon-child-and-family-centre\/drop-in-play\/","og_site_name":"Connections Early Years Family Centre","article_modified_time":"2026-02-11T13:36:08+00:00","twitter_card":"summary_large_image","schema":{"@context":"https:\/\/schema.org","@graph":[{"@type":"WebPage","@id":"https:\/\/www.connectwithus.ca\/earlyon-child-and-family-centre\/drop-in-play\/","url":"https:\/\/www.connectwithus.ca\/earlyon-child-and-family-centre\/drop-in-play\/","name":"Passez et jouez - Connections Early Years Family Centre","isPartOf":{"@id":"https:\/\/www.connectwithus.ca\/#website"},"datePublished":"2022-05-10T16:17:01+00:00","dateModified":"2026-02-11T13:36:08+00:00","breadcrumb":{"@id":"https:\/\/www.connectwithus.ca\/earlyon-child-and-family-centre\/drop-in-play\/#breadcrumb"},"inLanguage":"fr-FR","potentialAction":[{"@type":"ReadAction","target":["https:\/\/www.connectwithus.ca\/earlyon-child-and-family-centre\/drop-in-play\/"]}]},{"@type":"BreadcrumbList","@id":"https:\/\/www.connectwithus.ca\/earlyon-child-and-family-centre\/drop-in-play\/#breadcrumb","itemListElement":[{"@type":"ListItem","position":1,"name":"Home","item":"https:\/\/www.connectwithus.ca\/"},{"@type":"ListItem","position":2,"name":"Centre pour l&#8217;enfance et la famille EarlyON","item":"https:\/\/www.connectwithus.ca\/earlyon-child-and-family-centre\/"},{"@type":"ListItem","position":3,"name":"Passez et jouez"}]},{"@type":"WebSite","@id":"https:\/\/www.connectwithus.ca\/#website","url":"https:\/\/www.connectwithus.ca\/","name":"Connections Early Years Family Centre","description":"Healthy development of families and their children in Windsor-Essex County.","potentialAction":[{"@type":"SearchAction","target":{"@type":"EntryPoint","urlTemplate":"https:\/\/www.connectwithus.ca\/?s={search_term_string}"},"query-input":{"@type":"PropertyValueSpecification","valueRequired":true,"valueName":"search_term_string"}}],"inLanguage":"fr-FR"}]}},"_links":{"self":[{"href":"https:\/\/www.connectwithus.ca\/fr\/wp-json\/wp\/v2\/pages\/1508","targetHints":{"allow":["GET"]}}],"collection":[{"href":"https:\/\/www.connectwithus.ca\/fr\/wp-json\/wp\/v2\/pages"}],"about":[{"href":"https:\/\/www.connectwithus.ca\/fr\/wp-json\/wp\/v2\/types\/page"}],"author":[{"embeddable":true,"href":"https:\/\/www.connectwithus.ca\/fr\/wp-json\/wp\/v2\/users\/1"}],"replies":[{"embeddable":true,"href":"https:\/\/www.connectwithus.ca\/fr\/wp-json\/wp\/v2\/comments?post=1508"}],"version-history":[{"count":0,"href":"https:\/\/www.connectwithus.ca\/fr\/wp-json\/wp\/v2\/pages\/1508\/revisions"}],"up":[{"embeddable":true,"href":"https:\/\/www.connectwithus.ca\/fr\/wp-json\/wp\/v2\/pages\/1516"}],"wp:attachment":[{"href":"https:\/\/www.connectwithus.ca\/fr\/wp-json\/wp\/v2\/media?parent=1508"}],"curies":[{"name":"wp","href":"https:\/\/api.w.org\/{rel}","templated":true}]}}