{"id":1507,"date":"2022-05-25T14:25:51","date_gmt":"2022-05-25T18:25:51","guid":{"rendered":"https:\/\/www.connectwithus.ca\/admissibilite-au-programme\/"},"modified":"2026-02-11T08:36:21","modified_gmt":"2026-02-11T13:36:21","slug":"admissibilite-au-programme","status":"publish","type":"page","link":"https:\/\/www.connectwithus.ca\/fr\/talk-2-me\/admissibilite-au-programme\/","title":{"rendered":"Admissibilit\u00e9 au programme"},"content":{"rendered":"<div class=\"et_pb_section_0 et_pb_section et_pb_fullwidth_section et_section_regular et_block_section et_pb_section_parallax section_has_divider et_pb_top_divider preset--group--divi-section--divi-spacing--default\"><div class=\"et_pb_top_inside_divider et-no-transition\"><\/div><span class=\"et-pb-parallax-wrapper\"><span class=\"et-pb-parallax-background et-pb-parallax-background-module--divi-section-0 lazyload\" style=\"background-image:inherit\" data-bg-image=\"url(https:\/\/www.connectwithus.ca\/wp-content\/uploads\/2022\/05\/talk-2-me.jpg)\"><\/span><\/span><section class=\"et_pb_fullwidth_header_0 et_pb_fullwidth_header et_pb_bg_layout_light et_pb_text_align_left et_animated et_pb_module et_flex_module preset--group--divi-fullwidth-header--divi-spacing--default preset--group--divi-fullwidth-header--divi-font-body--default preset--module--divi-fullwidth-header--default\"><div class=\"et_pb_fullwidth_header_container left\"><div class=\"header-content-container center\"><div class=\"header-content et_flex_module\"><h2 class=\"et_pb_module_header\">parle-moi<\/h2><span class=\"et_pb_fullwidth_header_subhead\">Admissibilit\u00e9 au programme<\/span><div class=\"et_pb_header_content_wrapper\"><p>Les enfants peuvent \u00eatre orient\u00e9s vers le programme pr\u00e9scolaire d'orthophonie Talk 2 Me \u00e0 tout moment jusqu'\u00e0 ce qu'ils commencent la maternelle dans l'un des quatre conseils scolaires financ\u00e9s par les fonds publics. Les services sont gratuits et une recommandation d'un m\u00e9decin n'est pas n\u00e9cessaire.<\/p>\n<p>&nbsp;<\/p>\n<p>Si votre enfant a commenc\u00e9 l'\u00e9cole et a besoin d'un bilan orthophonique, veuillez en parler \u00e0 son enseignant ou au directeur de l'\u00e9cole. Ils seront en mesure de vous fournir des informations sur les services d'orthophonie offerts par le conseil scolaire.<\/p>\n<\/div><div class=\"et_pb_header_button_wrapper\"><a class=\"et_pb_button et_pb_more_button et_pb_button_one\" href=\"https:\/\/cwustg.wpengine.com\/talk-2-me\/t2m-online-referral-form\/\">Formulaire de recommandation T2M<\/a><a class=\"et_pb_button et_pb_more_button et_pb_button_two\" href=\"\">519-252-0636<\/a><\/div><\/div><\/div><\/div><div class=\"et_pb_fullwidth_header_overlay\"><\/div><div class=\"et_pb_fullwidth_header_scroll\"><\/div><\/section><\/div><div class=\"et_pb_section_1 et_pb_section et_section_regular et_block_section et_pb_section_parallax preset--group--divi-section--divi-spacing--default\"><span class=\"et-pb-parallax-wrapper\"><span class=\"et-pb-parallax-background et-pb-parallax-background-module--divi-section-1 lazyload\" style=\"background-image:inherit\" data-bg-image=\"url(https:\/\/www.connectwithus.ca\/wp-content\/uploads\/2022\/02\/shapes-bg-1.png)\"><\/span><\/span><div class=\"et_pb_row_0 et_pb_row et_block_row preset--group--divi-row--divi-spacing--default\"><div class=\"et_pb_column_0 et_pb_column et_pb_column_4_4 et-last-child et_block_column et_pb_css_mix_blend_mode_passthrough preset--group--divi-column--divi-spacing--default\"><div class=\"et_pb_text_0 et_pb_text et_pb_bg_layout_light et_pb_module et_block_module preset--group--divi-text--divi-spacing--default preset--group--divi-text--divi-font-body--default preset--module--divi-text--default\"><div class=\"et_pb_text_inner\"><h5>commencez<\/h5>\n<h2><\/h2>\n<p><span>Si vous vivez dans le comt\u00e9 de Windsor et d'Essex et que vous avez des inqui\u00e9tudes concernant les comp\u00e9tences en mati\u00e8re de parole et de langage de votre enfant, veuillez nous contacter en appelant Talk 2 Me ci-dessous ou en remplissant le formulaire de recommandation.<\/span><\/p>\n<\/div><\/div><\/div><\/div><\/div><div class=\"et_pb_section_2 et_pb_section et_section_regular et_block_section preset--group--divi-section--divi-spacing--default\"><\/div>","protected":false},"excerpt":{"rendered":"","protected":false},"author":1,"featured_media":0,"parent":1511,"menu_order":0,"comment_status":"closed","ping_status":"closed","template":"","meta":{"footnotes":""},"class_list":["post-1507","page","type-page","status-publish","hentry"],"yoast_head":"<!-- This site is optimized with the Yoast SEO plugin v27.3 - https:\/\/yoast.com\/product\/yoast-seo-wordpress\/ -->\n<title>Admissibilit\u00e9 au programme - Connections Early Years Family Centre<\/title>\n<meta name=\"robots\" content=\"index, follow, max-snippet:-1, max-image-preview:large, max-video-preview:-1\" \/>\n<link rel=\"canonical\" href=\"https:\/\/www.connectwithus.ca\/talk-2-me\/program-eligibility\/\" \/>\n<meta property=\"og:locale\" content=\"fr_FR\" \/>\n<meta property=\"og:type\" content=\"article\" \/>\n<meta property=\"og:title\" content=\"Admissibilit\u00e9 au programme - Connections Early Years Family Centre\" \/>\n<meta property=\"og:url\" content=\"https:\/\/www.connectwithus.ca\/talk-2-me\/program-eligibility\/\" \/>\n<meta property=\"og:site_name\" content=\"Connections Early Years Family Centre\" \/>\n<meta property=\"article:modified_time\" content=\"2026-02-11T13:36:21+00:00\" \/>\n<meta name=\"twitter:card\" content=\"summary_large_image\" \/>\n<script type=\"application\/ld+json\" class=\"yoast-schema-graph\">{\"@context\":\"https:\\\/\\\/schema.org\",\"@graph\":[{\"@type\":\"WebPage\",\"@id\":\"https:\\\/\\\/www.connectwithus.ca\\\/talk-2-me\\\/program-eligibility\\\/\",\"url\":\"https:\\\/\\\/www.connectwithus.ca\\\/talk-2-me\\\/program-eligibility\\\/\",\"name\":\"Admissibilit\u00e9 au programme - Connections Early Years Family Centre\",\"isPartOf\":{\"@id\":\"https:\\\/\\\/www.connectwithus.ca\\\/#website\"},\"datePublished\":\"2022-05-25T18:25:51+00:00\",\"dateModified\":\"2026-02-11T13:36:21+00:00\",\"breadcrumb\":{\"@id\":\"https:\\\/\\\/www.connectwithus.ca\\\/talk-2-me\\\/program-eligibility\\\/#breadcrumb\"},\"inLanguage\":\"fr-FR\",\"potentialAction\":[{\"@type\":\"ReadAction\",\"target\":[\"https:\\\/\\\/www.connectwithus.ca\\\/talk-2-me\\\/program-eligibility\\\/\"]}]},{\"@type\":\"BreadcrumbList\",\"@id\":\"https:\\\/\\\/www.connectwithus.ca\\\/talk-2-me\\\/program-eligibility\\\/#breadcrumb\",\"itemListElement\":[{\"@type\":\"ListItem\",\"position\":1,\"name\":\"Home\",\"item\":\"https:\\\/\\\/www.connectwithus.ca\\\/\"},{\"@type\":\"ListItem\",\"position\":2,\"name\":\"Parle-moi\",\"item\":\"https:\\\/\\\/www.connectwithus.ca\\\/talk-2-me\\\/\"},{\"@type\":\"ListItem\",\"position\":3,\"name\":\"Admissibilit\u00e9 au programme\"}]},{\"@type\":\"WebSite\",\"@id\":\"https:\\\/\\\/www.connectwithus.ca\\\/#website\",\"url\":\"https:\\\/\\\/www.connectwithus.ca\\\/\",\"name\":\"Connections Early Years Family Centre\",\"description\":\"Healthy development of families and their children in Windsor-Essex County.\",\"potentialAction\":[{\"@type\":\"SearchAction\",\"target\":{\"@type\":\"EntryPoint\",\"urlTemplate\":\"https:\\\/\\\/www.connectwithus.ca\\\/?s={search_term_string}\"},\"query-input\":{\"@type\":\"PropertyValueSpecification\",\"valueRequired\":true,\"valueName\":\"search_term_string\"}}],\"inLanguage\":\"fr-FR\"}]}<\/script>\n<!-- \/ Yoast SEO plugin. -->","yoast_head_json":{"title":"Admissibilit\u00e9 au programme - Connections Early Years Family Centre","robots":{"index":"index","follow":"follow","max-snippet":"max-snippet:-1","max-image-preview":"max-image-preview:large","max-video-preview":"max-video-preview:-1"},"canonical":"https:\/\/www.connectwithus.ca\/talk-2-me\/program-eligibility\/","og_locale":"fr_FR","og_type":"article","og_title":"Admissibilit\u00e9 au programme - Connections Early Years Family Centre","og_url":"https:\/\/www.connectwithus.ca\/talk-2-me\/program-eligibility\/","og_site_name":"Connections Early Years Family Centre","article_modified_time":"2026-02-11T13:36:21+00:00","twitter_card":"summary_large_image","schema":{"@context":"https:\/\/schema.org","@graph":[{"@type":"WebPage","@id":"https:\/\/www.connectwithus.ca\/talk-2-me\/program-eligibility\/","url":"https:\/\/www.connectwithus.ca\/talk-2-me\/program-eligibility\/","name":"Admissibilit\u00e9 au programme - Connections Early Years Family Centre","isPartOf":{"@id":"https:\/\/www.connectwithus.ca\/#website"},"datePublished":"2022-05-25T18:25:51+00:00","dateModified":"2026-02-11T13:36:21+00:00","breadcrumb":{"@id":"https:\/\/www.connectwithus.ca\/talk-2-me\/program-eligibility\/#breadcrumb"},"inLanguage":"fr-FR","potentialAction":[{"@type":"ReadAction","target":["https:\/\/www.connectwithus.ca\/talk-2-me\/program-eligibility\/"]}]},{"@type":"BreadcrumbList","@id":"https:\/\/www.connectwithus.ca\/talk-2-me\/program-eligibility\/#breadcrumb","itemListElement":[{"@type":"ListItem","position":1,"name":"Home","item":"https:\/\/www.connectwithus.ca\/"},{"@type":"ListItem","position":2,"name":"Parle-moi","item":"https:\/\/www.connectwithus.ca\/talk-2-me\/"},{"@type":"ListItem","position":3,"name":"Admissibilit\u00e9 au programme"}]},{"@type":"WebSite","@id":"https:\/\/www.connectwithus.ca\/#website","url":"https:\/\/www.connectwithus.ca\/","name":"Connections Early Years Family Centre","description":"Healthy development of families and their children in Windsor-Essex County.","potentialAction":[{"@type":"SearchAction","target":{"@type":"EntryPoint","urlTemplate":"https:\/\/www.connectwithus.ca\/?s={search_term_string}"},"query-input":{"@type":"PropertyValueSpecification","valueRequired":true,"valueName":"search_term_string"}}],"inLanguage":"fr-FR"}]}},"_links":{"self":[{"href":"https:\/\/www.connectwithus.ca\/fr\/wp-json\/wp\/v2\/pages\/1507","targetHints":{"allow":["GET"]}}],"collection":[{"href":"https:\/\/www.connectwithus.ca\/fr\/wp-json\/wp\/v2\/pages"}],"about":[{"href":"https:\/\/www.connectwithus.ca\/fr\/wp-json\/wp\/v2\/types\/page"}],"author":[{"embeddable":true,"href":"https:\/\/www.connectwithus.ca\/fr\/wp-json\/wp\/v2\/users\/1"}],"replies":[{"embeddable":true,"href":"https:\/\/www.connectwithus.ca\/fr\/wp-json\/wp\/v2\/comments?post=1507"}],"version-history":[{"count":0,"href":"https:\/\/www.connectwithus.ca\/fr\/wp-json\/wp\/v2\/pages\/1507\/revisions"}],"up":[{"embeddable":true,"href":"https:\/\/www.connectwithus.ca\/fr\/wp-json\/wp\/v2\/pages\/1511"}],"wp:attachment":[{"href":"https:\/\/www.connectwithus.ca\/fr\/wp-json\/wp\/v2\/media?parent=1507"}],"curies":[{"name":"wp","href":"https:\/\/api.w.org\/{rel}","templated":true}]}}